{"id":10132,"date":"2021-09-23T10:12:34","date_gmt":"2021-09-23T08:12:34","guid":{"rendered":"https:\/\/www.unidroit.org\/?page_id=10132"},"modified":"2022-03-15T11:42:58","modified_gmt":"2022-03-15T10:42:58","slug":"declarations-classees-par-article","status":"publish","type":"page","link":"https:\/\/www.unidroit.org\/fr\/instruments\/garanties-internationales\/protocole-aeronautique\/depositaire\/declarations-classees-par-article\/","title":{"rendered":"D\u00e9clarations class\u00e9es par article"},"content":{"rendered":"<div class=\"wpb-content-wrapper\"><p>[vc_row][vc_column css=&#8221;.vc_custom_1490017614850{margin-bottom: 30px !important;}&#8221;][vc_custom_heading text=&#8221;D\u00c9CLARATIONS&#8221; font_container=&#8221;tag:h1|text_align:left&#8221; use_theme_fonts=&#8221;yes&#8221; css=&#8221;.vc_custom_1643375096669{margin-top: 0px !important;margin-bottom: 20px !important;}&#8221;][vc_custom_heading text=&#8221;D\u00c9CLARATIONS DEPOS\u00c9ES EN VERTU DU PROTOCOLE \u00c0 LA CONVENTION PORTANT SUR LES QUESTIONS SP\u00c9CIFIQUES AUX MAT\u00c9RIELS D\u2019\u00c9QUIPEMENT A\u00c9RONAUTIQUES CLASS\u00c9S PAR ARTICLE&#8221; font_container=&#8221;tag:h4|text_align:left&#8221; use_theme_fonts=&#8221;yes&#8221;][\/vc_column][\/vc_row][vc_row css=&#8221;.vc_custom_1622455036974{background-color: #f2f2f2 !important;}&#8221;][vc_column css=&#8221;.vc_custom_1490017614850{margin-bottom: 30px !important;}&#8221;][vc_column_text css=&#8221;.vc_custom_1643375165649{padding-right: 35px !important;padding-left: 35px !important;background-color: #f2f2f2 !important;}&#8221;]<\/p>\n<p style=\"text-align: justify;\">Au cours de la mise au point de la Convention relative aux garanties internationales portant sur des mat\u00e9riels d\u2019\u00e9quipement mobiles et du Protocole portant sur les questions sp\u00e9cifiques aux mat\u00e9riels d\u2019\u00e9quipement a\u00e9ronautiques \u00e0 la Convention relative aux garanties internationales portant sur des mat\u00e9riels d\u2019\u00e9quipement mobiles, il est apparu que certaines de ses dispositions (par exemple, des dispositions autorisant l\u2019exercice de recours extra-judiciaires) pouvaient \u00eatre en contradiction avec des principes inh\u00e9rents \u00e0 certains syst\u00e8mes juridiques. Afin de rendre les avantages de la Convention et du Protocole a\u00e9ronautique largement accessibles, la Convention et le Protocole a\u00e9ronautique offrent aux Etats contractants l\u2019occasion, dans le cadre des articles pr\u00e9voyant la possibilit\u00e9 de faire des d\u00e9clarations, de faire des choix \u00e0 l\u2019\u00e9gard de ces articles.<\/p>\n<p><a href=\"https:\/\/www.unidroit.org\/wp-content\/uploads\/2022\/03\/decs-matrix-rolling-up-Kuwait-March-2022.pdf\"><strong>Matrice des d\u00e9clarations<\/strong><\/a><\/p>\n<p>Textes des d\u00e9clarations d\u00e9pos\u00e9es en vertu du Protocole a\u00e9ronautique class\u00e9s par article:[\/vc_column_text][vc_row_inner][vc_column_inner width=&#8221;1\/4&#8243;][vc_btn title=&#8221;Article XIX(1)&#8221; style=&#8221;custom&#8221; custom_background=&#8221;#004054&#8243; custom_text=&#8221;#ffffff&#8221; shape=&#8221;square&#8221; link=&#8221;url:https%3A%2F%2Fwww.unidroit.org%2Ffr%2Finstruments%2Fgaranties-internationales%2Fprotocole-aeronautique%2Fdepositaire%2Fdeclarations-classees-par-article%2Farticle-xix1%2F&#8221;][vc_btn title=&#8221;Article XXVII(2)&#8221; style=&#8221;custom&#8221; custom_background=&#8221;#004054&#8243; custom_text=&#8221;#ffffff&#8221; shape=&#8221;square&#8221; link=&#8221;url:https%3A%2F%2Fwww.unidroit.org%2Ffr%2Finstruments%2Fgaranties-internationales%2Fprotocole-aeronautique%2Fdepositaire%2Fdeclarations-classees-par-article%2Farticle-xxvii2%2F&#8221;][\/vc_column_inner][vc_column_inner width=&#8221;1\/4&#8243;][vc_btn title=&#8221;Article XXIX&#8221; style=&#8221;custom&#8221; custom_background=&#8221;#004054&#8243; custom_text=&#8221;#ffffff&#8221; shape=&#8221;square&#8221; link=&#8221;url:https%3A%2F%2Fwww.unidroit.org%2Ffr%2Finstruments%2Fgaranties-internationales%2Fprotocole-aeronautique%2Fdepositaire%2Fdeclarations-classees-par-article%2Farticle-xxix%2F&#8221;][vc_btn title=&#8221;Article XXX(1)&#8221; style=&#8221;custom&#8221; custom_background=&#8221;#004054&#8243; custom_text=&#8221;#ffffff&#8221; shape=&#8221;square&#8221; link=&#8221;url:https%3A%2F%2Fwww.unidroit.org%2Ffr%2Finstruments%2Fgaranties-internationales%2Fprotocole-aeronautique%2Fdepositaire%2Fdeclarations-classees-par-article%2Farticle-xxx1%2F&#8221;][\/vc_column_inner][vc_column_inner width=&#8221;1\/4&#8243;][vc_btn title=&#8221;Article XXX(2)&#8221; style=&#8221;custom&#8221; custom_background=&#8221;#004054&#8243; custom_text=&#8221;#ffffff&#8221; shape=&#8221;square&#8221; link=&#8221;url:https%3A%2F%2Fwww.unidroit.org%2Ffr%2Finstruments%2Fgaranties-internationales%2Fprotocole-aeronautique%2Fdepositaire%2Fdeclarations-classees-par-article%2Farticle-xxx2%2F&#8221;][vc_btn title=&#8221;Article XXX(3)&#8221; style=&#8221;custom&#8221; custom_background=&#8221;#004054&#8243; custom_text=&#8221;#ffffff&#8221; shape=&#8221;square&#8221; link=&#8221;url:https%3A%2F%2Fwww.unidroit.org%2Ffr%2Finstruments%2Fgaranties-internationales%2Fprotocole-aeronautique%2Fdepositaire%2Fdeclarations-classees-par-article%2Farticle-xxx3%2F&#8221;][\/vc_column_inner][vc_column_inner width=&#8221;1\/4&#8243;][vc_btn title=&#8221;Article XXX(5)&#8221; style=&#8221;custom&#8221; custom_background=&#8221;#004054&#8243; custom_text=&#8221;#ffffff&#8221; shape=&#8221;square&#8221; link=&#8221;url:https%3A%2F%2Fwww.unidroit.org%2Ffr%2Finstruments%2Fgaranties-internationales%2Fprotocole-aeronautique%2Fdepositaire%2Fdeclarations-classees-par-article%2Farticle-xxx5%2F&#8221;][\/vc_column_inner][\/vc_row_inner][\/vc_column][\/vc_row][vc_row][vc_column][vc_empty_space height=&#8221;10px&#8221;][\/vc_column][\/vc_row]<\/p>\n<\/div>","protected":false},"excerpt":{"rendered":"<p>[vc_row][vc_column css=&#8221;.vc_custom_1490017614850{margin-bottom: 30px !important;}&#8221;][vc_custom_heading text=&#8221;D\u00c9CLARATIONS&#8221; font_container=&#8221;tag:h1|text_align:left&#8221; use_theme_fonts=&#8221;yes&#8221; css=&#8221;.vc_custom_1643375096669{margin-top: 0px !important;margin-bottom: 20px !important;}&#8221;][vc_custom_heading text=&#8221;D\u00c9CLARATIONS DEPOS\u00c9ES EN VERTU DU PROTOCOLE \u00c0 LA CONVENTION PORTANT SUR LES QUESTIONS SP\u00c9CIFIQUES AUX MAT\u00c9RIELS D\u2019\u00c9QUIPEMENT A\u00c9RONAUTIQUES CLASS\u00c9S PAR ARTICLE&#8221; font_container=&#8221;tag:h4|text_align:left&#8221; use_theme_fonts=&#8221;yes&#8221;][\/vc_column][\/vc_row][vc_row css=&#8221;.vc_custom_1622455036974{background-color: #f2f2f2 !important;}&#8221;][vc_column css=&#8221;.vc_custom_1490017614850{margin-bottom: 30px !important;}&#8221;][vc_column_text css=&#8221;.vc_custom_1643375165649{padding-right: 35px !important;padding-left: 35px&nbsp;<a href=\"https:\/\/www.unidroit.org\/fr\/instruments\/garanties-internationales\/protocole-aeronautique\/depositaire\/declarations-classees-par-article\/\">&hellip;<\/a><\/p>\n","protected":false},"author":20,"featured_media":0,"parent":7396,"menu_order":0,"comment_status":"closed","ping_status":"closed","template":"","meta":{"ep_exclude_from_search":false,"footnotes":""},"class_list":["post-10132","page","type-page","status-publish","format-standard","hentry","odd"],"_links":{"self":[{"href":"https:\/\/www.unidroit.org\/fr\/wp-json\/wp\/v2\/pages\/10132","targetHints":{"allow":["GET"]}}],"collection":[{"href":"https:\/\/www.unidroit.org\/fr\/wp-json\/wp\/v2\/pages"}],"about":[{"href":"https:\/\/www.unidroit.org\/fr\/wp-json\/wp\/v2\/types\/page"}],"author":[{"embeddable":true,"href":"https:\/\/www.unidroit.org\/fr\/wp-json\/wp\/v2\/users\/20"}],"replies":[{"embeddable":true,"href":"https:\/\/www.unidroit.org\/fr\/wp-json\/wp\/v2\/comments?post=10132"}],"version-history":[{"count":0,"href":"https:\/\/www.unidroit.org\/fr\/wp-json\/wp\/v2\/pages\/10132\/revisions"}],"up":[{"embeddable":true,"href":"https:\/\/www.unidroit.org\/fr\/wp-json\/wp\/v2\/pages\/7396"}],"wp:attachment":[{"href":"https:\/\/www.unidroit.org\/fr\/wp-json\/wp\/v2\/media?parent=10132"}],"curies":[{"name":"wp","href":"https:\/\/api.w.org\/{rel}","templated":true}]}}