{"id":10161,"date":"2021-09-23T14:49:55","date_gmt":"2021-09-23T12:49:55","guid":{"rendered":"https:\/\/www.unidroit.org\/?page_id=10161"},"modified":"2023-01-25T14:14:45","modified_gmt":"2023-01-25T13:14:45","slug":"declarations-deposees-en-vertu-du-protocole-de-luxembourg","status":"publish","type":"page","link":"https:\/\/www.unidroit.org\/fr\/instruments\/garanties-internationales\/protocole-ferroviaire\/depositaire\/declarations-deposees-en-vertu-du-protocole-de-luxembourg\/","title":{"rendered":"D\u00c9CLARATIONS DEPOS\u00c9ES EN VERTU DU PROTOCOLE DE LUXEMBOURG"},"content":{"rendered":"<div class=\"wpb-content-wrapper\"><p>[vc_row][vc_column css=&#8221;.vc_custom_1490017614850{margin-bottom: 30px !important;}&#8221;][vc_custom_heading text=&#8221;D\u00c9CLARATIONS&#8221; font_container=&#8221;tag:h1|text_align:left&#8221; use_theme_fonts=&#8221;yes&#8221; css=&#8221;.vc_custom_1674636571747{margin-top: 0px !important;margin-bottom: 20px !important;}&#8221;][vc_custom_heading text=&#8221;D\u00c9CLARATIONS DEPOS\u00c9ES EN VERTU DU PROTOCOLE DE LUXEMBOURG&#8221; font_container=&#8221;tag:h4|text_align:left&#8221; use_theme_fonts=&#8221;yes&#8221;][\/vc_column][\/vc_row][vc_row css=&#8221;.vc_custom_1622455036974{background-color: #f2f2f2 !important;}&#8221;][vc_column css=&#8221;.vc_custom_1490017614850{margin-bottom: 30px !important;}&#8221;][vc_column_text css=&#8221;.vc_custom_1632401556556{padding-right: 35px !important;padding-left: 35px !important;background-color: #f2f2f2 !important;}&#8221;]Textes des d\u00e9clarations d\u00e9pos\u00e9es en vertu du Protocole de Luxembourg class\u00e9s par article:[\/vc_column_text][\/vc_column][\/vc_row][vc_row css=&#8221;.vc_custom_1674636144841{background-color: #f2f2f2 !important;}&#8221;][vc_column width=&#8221;1\/4&#8243;][vc_btn title=&#8221;Article XIII&#8221; style=&#8221;custom&#8221; custom_background=&#8221;#004054&#8243; custom_text=&#8221;#ffffff&#8221; shape=&#8221;square&#8221; align=&#8221;right&#8221; link=&#8221;url:https%3A%2F%2Fwww.unidroit.org%2Ffr%2Finstruments%2Fgaranties-internationales%2Fprotocole-ferroviaire%2Fdepositaire%2Fdeclarations-deposees-en-vertu-du-protocole-de-luxembourg%2Farticle-xiii%2F&#8221;][vc_btn title=&#8221;Article XXV&#8221; style=&#8221;custom&#8221; custom_background=&#8221;#004054&#8243; custom_text=&#8221;#ffffff&#8221; shape=&#8221;square&#8221; align=&#8221;right&#8221; link=&#8221;url:https%3A%2F%2Fwww.unidroit.org%2Ffr%2Finstruments%2Fgaranties-internationales%2Fprotocole-ferroviaire%2Fdepositaire%2Fdeclarations-deposees-en-vertu-du-protocole-de-luxembourg%2Farticle-xxv%2F&#8221;][vc_empty_space height=&#8221;10px&#8221;][\/vc_column][vc_column width=&#8221;1\/4&#8243;][vc_btn title=&#8221;Article XIV&#8221; style=&#8221;custom&#8221; custom_background=&#8221;#004054&#8243; custom_text=&#8221;#ffffff&#8221; shape=&#8221;square&#8221; align=&#8221;right&#8221; link=&#8221;url:https%3A%2F%2Fwww.unidroit.org%2Ffr%2Finstruments%2Fgaranties-internationales%2Fprotocole-ferroviaire%2Fdepositaire%2Fdeclarations-deposees-en-vertu-du-protocole-de-luxembourg%2Farticle-xiv%2F&#8221;][vc_btn title=&#8221;Article XXVI&#8221; style=&#8221;custom&#8221; custom_background=&#8221;#004054&#8243; custom_text=&#8221;#ffffff&#8221; shape=&#8221;square&#8221; align=&#8221;right&#8221; link=&#8221;url:https%3A%2F%2Fwww.unidroit.org%2Ffr%2Finstruments%2Fgaranties-internationales%2Fprotocole-ferroviaire%2Fdepositaire%2Fdeclarations-deposees-en-vertu-du-protocole-de-luxembourg%2Farticle-xxvi%2F&#8221;][\/vc_column][vc_column width=&#8221;1\/4&#8243;][vc_btn title=&#8221;Article XXII&#8221; style=&#8221;custom&#8221; custom_background=&#8221;#004054&#8243; custom_text=&#8221;#ffffff&#8221; shape=&#8221;square&#8221; align=&#8221;right&#8221; link=&#8221;url:https%3A%2F%2Fwww.unidroit.org%2Ffr%2Finstruments%2Fgaranties-internationales%2Fprotocole-ferroviaire%2Fdepositaire%2Fdeclarations-deposees-en-vertu-du-protocole-de-luxembourg%2Farticle-xxii%2F&#8221;][vc_btn title=&#8221;Article XXVII&#8221; style=&#8221;custom&#8221; custom_background=&#8221;#004054&#8243; custom_text=&#8221;#ffffff&#8221; shape=&#8221;square&#8221; align=&#8221;right&#8221; link=&#8221;url:https%3A%2F%2Fwww.unidroit.org%2Ffr%2Finstruments%2Fgaranties-internationales%2Fprotocole-ferroviaire%2Fdepositaire%2Fdeclarations-deposees-en-vertu-du-protocole-de-luxembourg%2Farticle-xxvii%2F&#8221;][\/vc_column][vc_column width=&#8221;1\/4&#8243;][vc_btn title=&#8221;Article XXIV&#8221; style=&#8221;custom&#8221; custom_background=&#8221;#004054&#8243; custom_text=&#8221;#ffffff&#8221; shape=&#8221;square&#8221; align=&#8221;right&#8221; link=&#8221;url:https%3A%2F%2Fwww.unidroit.org%2Ffr%2Finstruments%2Fgaranties-internationales%2Fprotocole-ferroviaire%2Fdepositaire%2Fdeclarations-deposees-en-vertu-du-protocole-de-luxembourg%2Farticle-xxiv%2F&#8221;][\/vc_column][\/vc_row]<\/p>\n<\/div>","protected":false},"excerpt":{"rendered":"<p>[vc_row][vc_column css=&#8221;.vc_custom_1490017614850{margin-bottom: 30px !important;}&#8221;][vc_custom_heading text=&#8221;D\u00c9CLARATIONS&#8221; font_container=&#8221;tag:h1|text_align:left&#8221; use_theme_fonts=&#8221;yes&#8221; css=&#8221;.vc_custom_1674636571747{margin-top: 0px !important;margin-bottom: 20px !important;}&#8221;][vc_custom_heading text=&#8221;D\u00c9CLARATIONS DEPOS\u00c9ES EN VERTU DU PROTOCOLE DE LUXEMBOURG&#8221; font_container=&#8221;tag:h4|text_align:left&#8221; use_theme_fonts=&#8221;yes&#8221;][\/vc_column][\/vc_row][vc_row css=&#8221;.vc_custom_1622455036974{background-color: #f2f2f2 !important;}&#8221;][vc_column css=&#8221;.vc_custom_1490017614850{margin-bottom: 30px !important;}&#8221;][vc_column_text css=&#8221;.vc_custom_1632401556556{padding-right: 35px !important;padding-left: 35px !important;background-color: #f2f2f2 !important;}&#8221;]Textes des d\u00e9clarations d\u00e9pos\u00e9es en vertu du Protocole de Luxembourg class\u00e9s&nbsp;<a href=\"https:\/\/www.unidroit.org\/fr\/instruments\/garanties-internationales\/protocole-ferroviaire\/depositaire\/declarations-deposees-en-vertu-du-protocole-de-luxembourg\/\">&hellip;<\/a><\/p>\n","protected":false},"author":20,"featured_media":0,"parent":7673,"menu_order":0,"comment_status":"closed","ping_status":"closed","template":"","meta":{"ep_exclude_from_search":false,"footnotes":""},"class_list":["post-10161","page","type-page","status-publish","format-standard","hentry","odd"],"_links":{"self":[{"href":"https:\/\/www.unidroit.org\/fr\/wp-json\/wp\/v2\/pages\/10161","targetHints":{"allow":["GET"]}}],"collection":[{"href":"https:\/\/www.unidroit.org\/fr\/wp-json\/wp\/v2\/pages"}],"about":[{"href":"https:\/\/www.unidroit.org\/fr\/wp-json\/wp\/v2\/types\/page"}],"author":[{"embeddable":true,"href":"https:\/\/www.unidroit.org\/fr\/wp-json\/wp\/v2\/users\/20"}],"replies":[{"embeddable":true,"href":"https:\/\/www.unidroit.org\/fr\/wp-json\/wp\/v2\/comments?post=10161"}],"version-history":[{"count":0,"href":"https:\/\/www.unidroit.org\/fr\/wp-json\/wp\/v2\/pages\/10161\/revisions"}],"up":[{"embeddable":true,"href":"https:\/\/www.unidroit.org\/fr\/wp-json\/wp\/v2\/pages\/7673"}],"wp:attachment":[{"href":"https:\/\/www.unidroit.org\/fr\/wp-json\/wp\/v2\/media?parent=10161"}],"curies":[{"name":"wp","href":"https:\/\/api.w.org\/{rel}","templated":true}]}}