{"id":10574,"date":"2021-10-13T15:25:15","date_gmt":"2021-10-13T13:25:15","guid":{"rendered":"https:\/\/www.unidroit.org\/?page_id=10574"},"modified":"2021-10-14T13:07:54","modified_gmt":"2021-10-14T11:07:54","slug":"travaux-preparatoires","status":"publish","type":"page","link":"https:\/\/www.unidroit.org\/fr\/instruments\/agriculture\/cita\/travaux-preparatoires\/","title":{"rendered":"Travaux pr\u00e9paratoires"},"content":{"rendered":"<div class=\"wpb-content-wrapper\"><p>[vc_row][vc_column][\/vc_column][\/vc_row][vc_row][vc_column][vc_custom_heading text=&#8221;TRAVAUX PR\u00c9PARATOIRES&#8221; font_container=&#8221;tag:h1|text_align:left&#8221; use_theme_fonts=&#8221;yes&#8221;][vc_custom_heading text=&#8221;Guide juridique sur les contrats d\u2019investissement en terres agricoles (CITA)&#8221; font_container=&#8221;tag:h4|text_align:left&#8221; use_theme_fonts=&#8221;yes&#8221;][vc_column_text][\/vc_column_text][\/vc_column][\/vc_row][vc_row][vc_column][\/vc_column][\/vc_row][vc_row css=&#8221;.vc_custom_1634111156978{background-color: #f2f2f2 !important;}&#8221;][vc_column][vc_column_text]<\/p>\n<p style=\"text-align: justify;\">Le Groupe de travail sur les contrats d\u2019investissement en terres agricoles s\u2019est r\u00e9uni \u00e0 quatre reprises. Les r\u00e9sum\u00e9s de chaque r\u00e9union ainsi que la documentation connexe figurent ci-dessous.<\/p>\n<p style=\"text-align: justify;\"><strong>La premi\u00e8re r\u00e9union du Groupe de travail<\/strong>\u00a0s\u2019est tenue au si\u00e8ge d\u2019UNIDROIT du 3 et 5 mai 2017, visant \u00e0 obtenir les contributions d\u2019experts pour mieux d\u00e9finir les grands axes des travaux, notamment en ce qui concerne la port\u00e9e \u00e9ventuelle de l\u2019instrument, permettant ainsi \u00e0 la fois d\u2019organiser des travaux futurs et de consulter un groupe plus large d\u2019experts et de parties prenantes. Le Groupe de travail a discut\u00e9, en particulier, des questions suivantes:<\/p>\n<ul style=\"text-align: justify;\">\n<li>UNIDROIT et les travaux qu\u2019il a effectu\u00e9s en mati\u00e8re de droit priv\u00e9 et d\u00e9veloppement agricole;<\/li>\n<li>des consid\u00e9rations g\u00e9n\u00e9rales en vue des travaux sur les contrats d\u2019investissement en terres agricoles, en particulier concernant le concept de tels contrats; la coh\u00e9rence du travail au regard des initiatives existantes, y compris les Directives volontaires pour une gouvernance responsable des r\u00e9gimes fonciers applicables aux terres, aux p\u00eaches et aux for\u00eats dans le contexte de la s\u00e9curit\u00e9 alimentaire nationale) (VGGT) et des Principes pour l\u2019investissement responsable dans l\u2019agriculture et les syst\u00e8mes alimentaires (les \u201cPrincipes RAI\u201d du CSA); La coop\u00e9ration avec les agences de d\u00e9veloppement agricole des Nations Unies, les organisations non gouvernementales, la soci\u00e9t\u00e9 civile, le secteur priv\u00e9 et d\u2019autres parties prenantes; et l\u2019objectif et le public cible du futur instrument;<\/li>\n<li>l\u2019examen de la structure du futur instrument et l\u2019identification des questions \u00e0 traiter, y compris la port\u00e9e, le contenu et la forme de l\u2019instrument; et<\/li>\n<li>l\u2019organisation des travaux futurs.<\/li>\n<\/ul>\n<p style=\"text-align: justify;\">Documents de la premi\u00e8re r\u00e9union (en anglais seulement):<\/p>\n<ul style=\"text-align: justify;\">\n<li><a href=\"https:\/\/www.unidroit.org\/english\/documents\/2017\/study80b\/wg\/s-80b-inf01-rev-e.pdf\">Inf. 1 rev.<\/a> \u00a0 \u00a0 \u00a0 \u00a0\u00a0 Draft annotated agenda<\/li>\n<li><a href=\"https:\/\/www.unidroit.org\/english\/documents\/2017\/study80b\/wg\/s-80b-01rev-e.pdf\">Doc. 1 rev.<\/a> \u00a0 \u00a0 \u00a0\u00a0 Preparation of an international instrument on agricultural land<br \/>\ninvestment contracts: A preliminary outline of issues<\/li>\n<li><a href=\"https:\/\/www.unidroit.org\/english\/documents\/2017\/study80b\/wg\/s-80b-02-e.pdf\">Doc. 2<\/a> \u00a0 Report on the first meeting<\/li>\n<\/ul>\n<p style=\"text-align: justify;\"><strong>La deuxi\u00e8me r\u00e9union du Groupe de travail<\/strong>\u00a0sur les contrats d\u2019investissement en terres agricoles s\u2019est tenue au si\u00e8ge d\u2019UNIDROIT \u00e0 Rome du 13 au 15 septembre 2017. Le Groupe de travail a discut\u00e9 des d\u00e9veloppements r\u00e9cents et de questions g\u00e9n\u00e9rales relatives au projet, en particulier sa port\u00e9e et le public cibl\u00e9 par le futur instrument et sa conformit\u00e9 avec des initiatives existantes (par exemple, exemple les principes VGGT et les \u201cPrincipes RAI\u201d du CSA). Il a \u00e9galement examin\u00e9 en d\u00e9tail le projet de plan du futur instrument, propos\u00e9 des r\u00e9visions et des contributions pr\u00e9liminaires \u00e0 la r\u00e9daction de certains chapitres. Enfin, il a discut\u00e9 de l\u2019organisation des travaux futurs, comme d\u2019\u00e9ventuels \u00e9v\u00e9nements et autres moyens pour sensibiliser au futur instrument, en consultant les parties prenantes et sollicitant leur contribution.<\/p>\n<p style=\"text-align: justify;\">Documents de la deuxi\u00e8me r\u00e9union (en anglais seulement):<\/p>\n<ul style=\"text-align: justify;\">\n<li><a href=\"https:\/\/www.unidroit.org\/english\/documents\/2017\/study80b\/wg02\/s-80b-wg02-inf01-rev-e.pdf\">WG2 Inf. 1 rev.<\/a> \u00a0\u00a0 Draft annotated agenda<\/li>\n<li><a href=\"https:\/\/www.unidroit.org\/english\/documents\/2018\/study80b\/s-80b-03-e.pdf\">Doc. 3<\/a> \u00a0 \u00a0 \u00a0 \u00a0 \u00a0 \u00a0 \u00a0\u00a0\u00a0 Report on the second meeting<\/li>\n<\/ul>\n<p style=\"text-align: justify;\"><strong>La troisi\u00e8me r\u00e9union du Groupe de travail<\/strong>\u00a0sur les contrats d\u2019investissement en terres agricoles a eu lieu au si\u00e8ge\u00a0 d\u2019UNIDROIT \u00e0 Rome du 25 au 27 avril 2018. Le Groupe de travail a discut\u00e9, en premier lieu, des d\u00e9veloppements r\u00e9cents du projet, notamment de la pr\u00e9sentation des travaux par le Secr\u00e9tariat lors de la Conf\u00e9rence annuelle de la Banque mondiale sur la terre et la pauvret\u00e9 (Washington, 19-23 mars 2018) et a trait\u00e9 de consid\u00e9rations g\u00e9n\u00e9rales (port\u00e9e et th\u00e8mes principaux). Le Groupe de travail a ensuite approfondi les projets de chapitres et les th\u00e8mes inscrits dans le projet de plan en cours d\u2019\u00e9laboration du futur instrument sur les contrats d\u2019investissement en terres agricoles. Il a examin\u00e9, dans ce cadre, divers points qui faciliteraient les r\u00e9visions (terminologie \u00e0 employer; orientations \u00e0 proposer; niveau d\u2019approfondissement des d\u00e9tails ; r\u00e9f\u00e9rences \u00e0 d\u2019autres sources et instruments). Enfin, le Groupe de travail a discut\u00e9 des prochaines \u00e9tapes (r\u00e9daction restante et r\u00e9visions, engagement et consultations des parties prenantes en vue de contributions pour la r\u00e9daction et calendrier futur) et a d\u00e9cid\u00e9 que la quatri\u00e8me r\u00e9union du Groupe se tiendrait au si\u00e8ge d\u2019UNIDROIT \u00e0 Rome du 9 au 11 octobre 2018.<\/p>\n<p style=\"text-align: justify;\">Documents de la troisi\u00e8me r\u00e9union (an anglais seulement):<\/p>\n<ul style=\"text-align: justify;\">\n<li><a href=\"https:\/\/www.unidroit.org\/english\/documents\/2018\/study80b\/wg03\/s-80b-wg03-inf01-e.pdf\">WG3 Inf. 1 rev.<\/a> \u00a0 \u00a0 \u00a0 Draft annotated agenda<\/li>\n<li><a href=\"https:\/\/www.unidroit.org\/english\/documents\/2018\/study80b\/s-80b-04-e.pdf\">Doc. 4<\/a> Report on the third meeting<\/li>\n<\/ul>\n<p style=\"text-align: justify;\"><strong>La quatri\u00e8me r\u00e9union du Groupe de travail<\/strong>\u00a0sur les contrats d\u2019investissement en terres agricoles a eu lieu au si\u00e8ge d\u2019UNIDROIT \u00e0 Rome du 9 au 11 octobre 2018. Le Groupe de travail a discut\u00e9, tout d\u2019abord, des d\u00e9veloppements r\u00e9cents du projet, notamment de la pr\u00e9sentation des travaux dans le cadre de la session intitul\u00e9e \u201cSustainable Investment in Agriculture\u201d (Rome, le 8 octobre 2018) lors de la Conf\u00e9rence annuelle de l\u2019IBA et du prochain \u00e9v\u00e9nement parall\u00e8le \u201cImproving Agricultural Investment Contracts and the Contracting Process\u201d (Rome, le 18 octobre 2018) qui se tiendra lors de la 45<sup>\u00e8me<\/sup>\u00a0session pl\u00e9ni\u00e8re du Comit\u00e9 de la s\u00e9curit\u00e9 alimentaire mondiale. Le Groupe de travail a ensuite examin\u00e9 les projets de tous les chapitres du futur Guide l\u00e9gislatif sur les contrats d\u2019investissements en terres agricoles, qui devraient \u00eatre regroup\u00e9s en un projet complet et achev\u00e9 dans sa substance d\u2019ici fin 2018. Enfin, le Groupe de travail a discut\u00e9 des prochaines \u00e9tapes, y compris l\u2019organisation de consultations de grande ampleur sur le projet de Guide, pour int\u00e9grer les commentaires re\u00e7us et pouvoir ainsi le finaliser.<\/p>\n<p style=\"text-align: justify;\">Documents de la quatri\u00e8me r\u00e9union (en anglais seulement):<\/p>\n<ul style=\"text-align: justify;\">\n<li><a href=\"https:\/\/www.unidroit.org\/english\/documents\/2018\/study80b\/wg04\/s-80b-wg04-inf01-rev02-e.pdf\">WG4 Inf. 1 rev. 2<\/a> \u00a0 \u00a0 \u00a0 Draft annotated agenda<\/li>\n<li><a href=\"https:\/\/www.unidroit.org\/english\/documents\/2018\/study80b\/wg04\/s-80b-wg04-05-e.pdf\">Doc. 5<\/a> \u00a0 \u00a0 \u00a0\u00a0 \u00a0\u00a0\u00a0\u00a0\u00a0\u00a0\u00a0\u00a0\u00a0\u00a0\u00a0\u00a0\u00a0\u00a0 Report on the fourth meeting<\/li>\n<\/ul>\n<p style=\"text-align: justify;\">En outre, le Secr\u00e9tariat d\u2019UNIDROIT a tenu, avec la FAO et le FIDA,\u00a0<strong>deux r\u00e9unions informelles et un \u00e9v\u00e9nement parall\u00e8le avec la participation d\u2019experts et de parties prenantes int\u00e9ress\u00e9es<\/strong>\u00a0lors des 43<sup>\u00e8me<\/sup>\u00a0(Rome, 17-21 octobre 2016), 44<sup>\u00e8me<\/sup>\u00a0(Rome, 9-13 octobre 2017) et 45<sup>\u00e8me<\/sup>\u00a0(Rome, 15-19 octobre 2018) sessions pl\u00e9ni\u00e8res du Comit\u00e9 de la s\u00e9curit\u00e9 alimentaire mondiale (CSA) pour mieux faire conna\u00eetre le projet et solliciter des commentaires.<\/p>\n<p style=\"text-align: justify;\">Au cours de\u00a0<strong>la premi\u00e8re r\u00e9union informelle<\/strong>, tenue le 20 octobre 2016, les participants ont examin\u00e9 la port\u00e9e, le contenu et la forme du futur instrument sur les contrats d\u2019investissement en terres agricoles (voir le\u00a0<a href=\"https:\/\/www.unidroit.org\/english\/documents\/2016\/study80b\/s-80b-inf-e.pdf\">projet d\u2019ordre du jour<\/a>). Les commentaires re\u00e7us pendant la r\u00e9union ont \u00e9t\u00e9 pris en compte pour la formation du Groupe de travail et ont \u00e9t\u00e9 communiqu\u00e9s au Groupe une fois constitu\u00e9 pour sa premi\u00e8re r\u00e9union (Rome, 3-5 mai 2017).<\/p>\n<p style=\"text-align: justify;\">Au cours de\u00a0<strong>la deuxi\u00e8me r\u00e9union informelle<\/strong>, tenue le 11 octobre 2017, les participants ont examin\u00e9 et comment\u00e9 les grandes lignes du projet en cours (voir le\u00a0<a href=\"https:\/\/www.unidroit.org\/english\/news\/2017\/171011-agric-land-inv-contracts-fao\/agenda-e.pdf\">projet d\u2019ordre du jour<\/a>). Les commentaires re\u00e7us au cours de la r\u00e9union ont \u00e9t\u00e9 communiqu\u00e9s au Groupe de travail pour examen lors de la pr\u00e9paration des projets de chapitres qui ont fait l\u2019objet de la troisi\u00e8me r\u00e9union du Groupe de travail (Rome, 25-27 avril 2018).<\/p>\n<p style=\"text-align: justify;\">Le 18 octobre 2018, s\u2019est tenu l\u2019\u00e9v\u00e8nement parall\u00e8le du Comit\u00e9 de la s\u00e9curit\u00e9 alimentaire mondiale avec des experts, des parties prenantes int\u00e9ress\u00e9es et des participants. La r\u00e9union \u00abImproving Agricultural Investment Contracts and the Contracting Process\u00bb a \u00e9t\u00e9 anim\u00e9e par le Secr\u00e9taire G\u00e9n\u00e9ral d\u2019UNIDROIT, M. Ignacio Tirado, et a r\u00e9uni un groupe impressionnant d\u2019experts, comprenant Mme Margret Vidar (FAO), M. Charles Forrest (FIDA), M. Lorenzo Cotula (IIED), M. Brian Baldwin (CSA\/M\u00e9canisme du secteur priv\u00e9) et Mme Ilaria Bottigliero (IDLO) (voir la\u00a0<a href=\"https:\/\/www.unidroit.org\/english\/news\/2018\/181018-alic-cfs45-rome\/flyer-e.pdf\">pr\u00e9sentation\u00a0<\/a>en anglais seulement)). Le Groupe a examin\u00e9 le futur Guide l\u00e9gislatif d\u2019UNIDROIT sur les contrats d\u2019investissement en terres agricoles, trait\u00e9 certaines des questions cl\u00e9s et des garanties \u00e9nonc\u00e9es dans ce Guide et demand\u00e9 aux participants de les soumettre \u00e0 l\u2019examen du Groupe de travail.<\/p>\n<p style=\"text-align: justify;\">Consultations sur le projet de Guide (\u201cALIC Zero Draft\u201d)\u00a0: \u00e0 sa quatri\u00e8me r\u00e9union (Rome, 9-11 octobre 2018), le Groupe de travail est convenu que le projet r\u00e9vis\u00e9 de Guide (\u201d ALIC Zero Draft \u201c) devrait \u00eatre soumis \u00e0 des consultations \u00e9largies destin\u00e9es \u00e0 faire connaitre le Guide et \u00e0 solliciter l\u2019avis des parties prenantes pour garantir un produit de haute qualit\u00e9 r\u00e9pondant utilement aux besoins et conforme aux meilleures pratiques \u00e9tablies. Cette d\u00e9marche a \u00e9t\u00e9 approuv\u00e9e par le Conseil de Direction d\u2019UNIDROIT lors de sa 98<sup>\u00e8me<\/sup>\u00a0session (Rome, 8-10 mai 2019).<\/p>\n<p style=\"text-align: justify;\">Les consultations ont compt\u00e9 de nombreuses activit\u00e9s.<\/p>\n<ul style=\"text-align: justify;\">\n<li>Consultations en ligne. Du 1er juin au 31 octobre 2019, l\u2019ALIC Zero Draft a \u00e9t\u00e9 mis \u00e0 disposition pour commentaires et observations dans le cadre d\u2019une consultation en ligne sur le site Internet d\u2019UNIDROIT, ainsi que sur d\u2019autres plateformes en ligne importantes, notamment le Forum global sur la s\u00e9curit\u00e9 alimentaire et la nutrition (Forum FSN) de la FAO, le LandPortal.org et le site Internet d\u2019Afronomics Law. Les r\u00e9seaux sociaux d\u2019UNIDROIT, de la FAO et du FIDA, comme Facebook, LinkedIn, Twitter, ont \u00e9galement recueillis les commentaires. Pour plus d\u2019informations, voir\u00a0<a href=\"https:\/\/www.unidroit.org\/english\/documents\/2020\/study80b\/s-80b-10-e.pdf\">Online Consultations Report<\/a>(en anglais).<\/li>\n<li>Consultations r\u00e9gionales. Gr\u00e2ce \u00e0 la g\u00e9n\u00e9reuse \u201cmicro-subvention\u201d du FIDA, trois \u00e9v\u00e9nements de consultation r\u00e9gionaux se sont tenus au niveau mondial en collaboration avec le FIDA et la FAO.<\/li>\n<\/ul>\n<ol style=\"text-align: justify;\">\n<li><strong>Atelier de Beijing.<\/strong>Le premier \u00e9v\u00e9nement \u2013 qui s\u2019est tenu \u00e0 Beijing (Chine) le 9 juillet 2019 \u00e0 la University of International Business and Economics (UIBE) \u2013 a r\u00e9uni des repr\u00e9sentants gouvernementaux, des universitaires, des experts juridiques, des organisations internationales et des acteurs du secteur priv\u00e9 pour examiner les questions cl\u00e9s abord\u00e9es par le futur Guide juridique. Pour plus d\u2019informations, voir le\u00a0<a href=\"https:\/\/www.unidroit.org\/english\/documents\/2019\/study80b\/s-80b-07-e.pdf\">Beijing Consultation Report<\/a>\u00a0(en anglais).<\/li>\n<li><strong>Atelier de S\u00e3o Paulo.<\/strong>Le deuxi\u00e8me \u00e9v\u00e9nement \u2013 qui s\u2019est tenu \u00e0 S\u00e3o Paulo (Br\u00e9sil) le 9 ao\u00fbt 2019 \u00e0 l\u2019Universit\u00e9 de S\u00e3o Paulo (USP) \u2013 a r\u00e9uni 40 participants des pays d\u2019Am\u00e9rique latine, notamment du Br\u00e9sil, du Chili, d\u2019Argentine, de Bolivie, du Guatemala, du Mexique, du Paraguay et de l\u2019Uruguay ainsi que des acteurs du secteur priv\u00e9 comme la Brazilian Rural Society. Pour plus d\u2019informations, voir le\u00a0<a href=\"https:\/\/www.unidroit.org\/english\/documents\/2019\/study80b\/s-80b-08-e.pdf\">S\u00e3o Paulo Consultation Report<\/a>\u00a0(en anglais).<\/li>\n<li><strong>Atelier de Nairobi.<\/strong>Le troisi\u00e8me \u00e9v\u00e9nement \u2013 qui s\u2019est tenu \u00e0 Nairobi (Kenya) le 23 octobre 2019 \u00e0 la Facult\u00e9 de droit de l\u2019Universit\u00e9 Strathmore \u2013 a r\u00e9uni plus de 40 experts d\u2019\u00e9tats africains, au nombre desquels le Kenya, l\u2019Ethiopie, le Nigeria, l\u2019Ouganda, la Tanzanie, l\u2019Afrique du sud et le Soudan ainsi que des juristes d\u2019organisations internationales comme le Programme pour l\u2019environnement des Nations Unies. Pour plus d\u2019informations, voir le\u00a0<a href=\"https:\/\/www.unidroit.org\/english\/documents\/2019\/study80b\/s-80b-09-e.pdf\">Nairobi Consultation Report<\/a>\u00a0(en anglais).<\/li>\n<\/ol>\n<p style=\"text-align: justify;\">Les principales recommandations recueillies au cours de toutes les consultations ont \u00e9t\u00e9 r\u00e9sum\u00e9es et class\u00e9es selon les questions soulev\u00e9es et r\u00e9parties dans les chapitres du Guide susceptibles d\u2019\u00eatre les plus pertinents. Pour plus d\u2019informations, voir le\u00a0<a href=\"https:\/\/www.unidroit.org\/english\/documents\/2020\/study80b\/s-80b-11-e.pdf\">Consolidated Report<\/a>\u00a0(en anglais).<\/p>\n<p style=\"text-align: justify;\"><strong>R\u00e9union du Comit\u00e9 de r\u00e9daction:<\/strong>\u00a0sur la base des observations et des commentaires recueillis au cours du processus de consultation sur l\u2019ALIC Zero Draft, le Secr\u00e9tariat d\u2019UNIDROIT a organis\u00e9, en coordination avec la FAO et le FIDA, une r\u00e9union du Comit\u00e9 de r\u00e9daction \u00e0 Rome les 2 et 3 mars 2020 (voir\u00a0<a href=\"https:\/\/www.unidroit.org\/english\/documents\/2020\/study80b\/dc\/s-80b-dc-inf01-e.pdf\">annotated agenda<\/a>\u00a0en anglais). Le Secr\u00e9tariat a donn\u00e9 un bref aper\u00e7u des r\u00e9sultats des consultations et a fait le point sur les prochaines \u00e9tapes de finalisation du Guide ALIC. Les membres du Comit\u00e9 de r\u00e9daction, notamment les experts du Groupe de travail ALIC, ont examin\u00e9 chaque commentaire et recommandation, chapitre par chapitre et ont d\u00e9cid\u00e9 comment les diff\u00e9rents chapitres de l\u2019ALIC Zero Draft devraient \u00eatre adapt\u00e9s en cons\u00e9quence. En vue de la finalisation du futur Guide juridique, un certain nombre de questions ont \u00e9t\u00e9 discut\u00e9es, notamment a) la terminologie; b) la formulation des orientations; c) le niveau d\u2019approfondissement appropri\u00e9; d) les r\u00e9f\u00e9rences \u00e0 d\u2019autres instruments et sources; et e) les r\u00e9visions de nature r\u00e9dactionnelle dans un souci de clart\u00e9 et de facilit\u00e9 d\u2019utilisation.<\/p>\n<p style=\"text-align: justify;\">\u00a0\u00a0<a href=\"https:\/\/www.unidroit.org\/spanish\/documents\/2019\/study80b\/190601-alic-zero-draft-s.pdf\">Traducci\u00f3n en espa\u00f1ol de partes seleccionadas del \u201cALIC Zero Draft\u201d<\/a> \u2013 proyecto de Gu\u00eda Jur\u00eddica sobre los contratos de inversi\u00f3n en tierras agr\u00edcolas (Contenido, Prefacio, Introducci\u00f3n, Anexo 1 con Lista de cuestiones centrales)<\/p>\n<p style=\"text-align: justify;\"><strong>Adoption du Guide CITA<\/strong>: en septembre 2020, le Conseil de Direction d\u2019UNIDROIT a approuv\u00e9 le Guide juridique sur les contrats d\u2019investissement en terres agricoles, sous r\u00e9serve d\u2019\u00e9ventuels ajustements mineurs au cours du processus menant \u00e0 l\u2019approbation par les organisations partenaires.<\/p>\n<p style=\"text-align: justify;\">Pour toute question relative \u00e0 ce projet, veuillez contacter M. Carlo Di Nicola (<a href=\"mailto:c.dinicola@unidroit.org\">c.dinicola@unidroit.org<\/a>) ou Mme Priscila Andrade (<a href=\"mailto:p.andrade@unidroit.org\">p.andrade@unidroit.org<\/a>).<\/p>\n<p>[\/vc_column_text][\/vc_column][\/vc_row]<\/p>\n<\/div>","protected":false},"excerpt":{"rendered":"<p>[vc_row][vc_column][\/vc_column][\/vc_row][vc_row][vc_column][vc_custom_heading text=&#8221;TRAVAUX PR\u00c9PARATOIRES&#8221; font_container=&#8221;tag:h1|text_align:left&#8221; use_theme_fonts=&#8221;yes&#8221;][vc_custom_heading text=&#8221;Guide juridique sur les contrats d\u2019investissement en terres agricoles (CITA)&#8221; font_container=&#8221;tag:h4|text_align:left&#8221; use_theme_fonts=&#8221;yes&#8221;][vc_column_text][\/vc_column_text][\/vc_column][\/vc_row][vc_row][vc_column][\/vc_column][\/vc_row][vc_row css=&#8221;.vc_custom_1634111156978{background-color: #f2f2f2 !important;}&#8221;][vc_column][vc_column_text] Le Groupe de travail sur les contrats d\u2019investissement en terres agricoles s\u2019est r\u00e9uni \u00e0 quatre reprises. Les r\u00e9sum\u00e9s de chaque r\u00e9union ainsi que la documentation&nbsp;<a href=\"https:\/\/www.unidroit.org\/fr\/instruments\/agriculture\/cita\/travaux-preparatoires\/\">&hellip;<\/a><\/p>\n","protected":false},"author":19,"featured_media":0,"parent":10589,"menu_order":0,"comment_status":"closed","ping_status":"closed","template":"","meta":{"ep_exclude_from_search":false,"footnotes":""},"class_list":["post-10574","page","type-page","status-publish","format-standard","hentry","odd"],"_links":{"self":[{"href":"https:\/\/www.unidroit.org\/fr\/wp-json\/wp\/v2\/pages\/10574","targetHints":{"allow":["GET"]}}],"collection":[{"href":"https:\/\/www.unidroit.org\/fr\/wp-json\/wp\/v2\/pages"}],"about":[{"href":"https:\/\/www.unidroit.org\/fr\/wp-json\/wp\/v2\/types\/page"}],"author":[{"embeddable":true,"href":"https:\/\/www.unidroit.org\/fr\/wp-json\/wp\/v2\/users\/19"}],"replies":[{"embeddable":true,"href":"https:\/\/www.unidroit.org\/fr\/wp-json\/wp\/v2\/comments?post=10574"}],"version-history":[{"count":0,"href":"https:\/\/www.unidroit.org\/fr\/wp-json\/wp\/v2\/pages\/10574\/revisions"}],"up":[{"embeddable":true,"href":"https:\/\/www.unidroit.org\/fr\/wp-json\/wp\/v2\/pages\/10589"}],"wp:attachment":[{"href":"https:\/\/www.unidroit.org\/fr\/wp-json\/wp\/v2\/media?parent=10574"}],"curies":[{"name":"wp","href":"https:\/\/api.w.org\/{rel}","templated":true}]}}