{"id":10643,"date":"2021-10-14T18:36:08","date_gmt":"2021-10-14T16:36:08","guid":{"rendered":"https:\/\/www.unidroit.org\/?page_id=10643"},"modified":"2021-12-23T16:03:25","modified_gmt":"2021-12-23T15:03:25","slug":"commission-des-finances-92eme-session","status":"publish","type":"page","link":"https:\/\/www.unidroit.org\/fr\/reunions\/commission-des-finances\/commission-des-finances-92eme-session\/","title":{"rendered":"Commission des Finances 92\u00e8me session"},"content":{"rendered":"<div class=\"wpb-content-wrapper\"><p>[vc_row][vc_column css=&#8221;.vc_custom_1490017614850{margin-bottom: 30px !important;}&#8221;][vc_custom_heading text=&#8221;92\u00e8me session<br \/>\n(Rome, 4 november 2021)&#8221; font_container=&#8221;tag:h1|text_align:left&#8221; use_theme_fonts=&#8221;yes&#8221; css=&#8221;.vc_custom_1634226696393{margin-top: 0px !important;margin-bottom: 20px !important;}&#8221;][vc_column_text css=&#8221;.vc_custom_1640271845597{padding-top: 35px !important;padding-right: 35px !important;padding-bottom: 35px !important;padding-left: 35px !important;background-color: #f2f2f2 !important;}&#8221;]<\/p>\n<p style=\"text-align: center;\"><strong>Documents <\/strong><\/p>\n<ul>\n<li><a href=\"https:\/\/www.unidroit.org\/wp-content\/uploads\/2021\/12\/CF929-Rapport.pdf\">Rapport (C.F. (92) 9)<\/a><\/li>\n<\/ul>\n<p style=\"text-align: center;\">*\u00a0\u00a0\u00a0\u00a0 * \u00a0 \u00a0 *<\/p>\n<ol>\n<li>Ouverture de la session<\/li>\n<\/ol>\n<p>&nbsp;<\/p>\n<ol start=\"2\">\n<li>Adoption de l\u2019ordre du jour (<a href=\"https:\/\/www.unidroit.org\/wp-content\/uploads\/2021\/10\/CF921-rev.-Ordre-du-jour-provisoire-annote.pdf\">C.F. (92) 1 r\u00e9v. <\/a>)<\/li>\n<\/ol>\n<p>&nbsp;<\/p>\n<ol start=\"3\">\n<li>Modifications d\u00e9finitives du Budget et des Comptes pour l\u2019exercice financier 2020 (<a href=\"https:\/\/www.unidroit.org\/wp-content\/uploads\/2021\/10\/CF922-Modifications-definitives-au-Budget-2020.pdf\">C.F. (92) 2 <\/a> et Comptes 2020)<\/li>\n<\/ol>\n<p>&nbsp;<\/p>\n<ol start=\"4\">\n<li>Ajustements au Budget de l\u2019exercice financier 2021 (<a href=\"https:\/\/www.unidroit.org\/wp-content\/uploads\/2021\/12\/CF923-Ajustements-au-Budget-de-lexercice-financier-2021-2.pdf\">C.F. (92) 3<\/a> )<\/li>\n<\/ol>\n<p>&nbsp;<\/p>\n<ol start=\"5\">\n<li>Informations sur les contributions extra-budg\u00e9taires re\u00e7ues en 2021 et sur leur utilisation pour les activit\u00e9s et projets de l\u2019Institut (<a href=\"https:\/\/www.unidroit.org\/wp-content\/uploads\/2021\/10\/CF924-rev-Contributions-extrabudgetaires.pdf\">C.F. (92)4 r\u00e9v. <\/a>)<\/li>\n<\/ol>\n<p>&nbsp;<\/p>\n<ol start=\"6\">\n<li>Arri\u00e9r\u00e9s de contributions des \u00c9tats membres (<a href=\"https:\/\/www.unidroit.org\/wp-content\/uploads\/2021\/10\/CF925-Arrieres-contributions.pdf\">C.F. (92) 5 <\/a>)<\/li>\n<\/ol>\n<p>&nbsp;<\/p>\n<ol start=\"7\">\n<li>Projet de Budget 2021 et observations soumises par les \u00c9tats membres (<a href=\"https:\/\/www.unidroit.org\/wp-content\/uploads\/2021\/10\/CF926-Projet-Budget-2022-Obs-MS.pdf\">C.F. (92) 6<\/a>)<\/li>\n<\/ol>\n<p>&nbsp;<\/p>\n<ol start=\"8\">\n<li>Mise \u00e0 jour sur r\u00e9mun\u00e9ration et le syst\u00e8me des retraites appliqu\u00e9 au personnel d\u2019UNIDROIT (<a href=\"https:\/\/www.unidroit.org\/wp-content\/uploads\/2021\/10\/CF927-Rapport-du-SG-sur-remuneration-et-systeme-des-pensions-site-Internet.pdf\">C.F. (92) 7 <\/a>)<\/li>\n<\/ol>\n<p>&nbsp;<\/p>\n<ol start=\"9\">\n<li>Mise \u00e0 jour sur la mise en \u0153uvre de la politique en mati\u00e8re de protection des personnes qui signalent des manquements (lanceurs d\u2019alerte) et de lutte contre les repr\u00e9sailles (<a href=\"https:\/\/www.unidroit.org\/wp-content\/uploads\/2021\/10\/CF928-Politique-en-matiere-de-protection-des-lanceurs-dalerte-et-de-lutte-contre-les-represailles.pdf\">C.F. (92) 8 <\/a>)<\/li>\n<\/ol>\n<p>&nbsp;<\/p>\n<ol>\n<li style=\"list-style-type: none;\">\n<ol start=\"10\">\n<li>\u00a0Divers<\/li>\n<\/ol>\n<\/li>\n<\/ol>\n<p>[\/vc_column_text][\/vc_column][\/vc_row]<\/p>\n<\/div>","protected":false},"excerpt":{"rendered":"<p>[vc_row][vc_column css=&#8221;.vc_custom_1490017614850{margin-bottom: 30px !important;}&#8221;][vc_custom_heading text=&#8221;92\u00e8me session (Rome, 4 november 2021)&#8221; font_container=&#8221;tag:h1|text_align:left&#8221; use_theme_fonts=&#8221;yes&#8221; css=&#8221;.vc_custom_1634226696393{margin-top: 0px !important;margin-bottom: 20px !important;}&#8221;][vc_column_text css=&#8221;.vc_custom_1640271845597{padding-top: 35px !important;padding-right: 35px !important;padding-bottom: 35px !important;padding-left: 35px !important;background-color: #f2f2f2 !important;}&#8221;] Documents Rapport (C.F. (92) 9) *\u00a0\u00a0\u00a0\u00a0 * \u00a0 \u00a0 * Ouverture de la session &nbsp; Adoption de&nbsp;<a href=\"https:\/\/www.unidroit.org\/fr\/reunions\/commission-des-finances\/commission-des-finances-92eme-session\/\">&hellip;<\/a><\/p>\n","protected":false},"author":8,"featured_media":0,"parent":5015,"menu_order":0,"comment_status":"closed","ping_status":"closed","template":"","meta":{"ep_exclude_from_search":false,"footnotes":""},"class_list":["post-10643","page","type-page","status-publish","format-standard","hentry","odd"],"_links":{"self":[{"href":"https:\/\/www.unidroit.org\/fr\/wp-json\/wp\/v2\/pages\/10643","targetHints":{"allow":["GET"]}}],"collection":[{"href":"https:\/\/www.unidroit.org\/fr\/wp-json\/wp\/v2\/pages"}],"about":[{"href":"https:\/\/www.unidroit.org\/fr\/wp-json\/wp\/v2\/types\/page"}],"author":[{"embeddable":true,"href":"https:\/\/www.unidroit.org\/fr\/wp-json\/wp\/v2\/users\/8"}],"replies":[{"embeddable":true,"href":"https:\/\/www.unidroit.org\/fr\/wp-json\/wp\/v2\/comments?post=10643"}],"version-history":[{"count":0,"href":"https:\/\/www.unidroit.org\/fr\/wp-json\/wp\/v2\/pages\/10643\/revisions"}],"up":[{"embeddable":true,"href":"https:\/\/www.unidroit.org\/fr\/wp-json\/wp\/v2\/pages\/5015"}],"wp:attachment":[{"href":"https:\/\/www.unidroit.org\/fr\/wp-json\/wp\/v2\/media?parent=10643"}],"curies":[{"name":"wp","href":"https:\/\/api.w.org\/{rel}","templated":true}]}}