{"id":10971,"date":"2021-10-29T16:06:46","date_gmt":"2021-10-29T14:06:46","guid":{"rendered":"https:\/\/www.unidroit.org\/?page_id=10971"},"modified":"2021-12-21T17:26:07","modified_gmt":"2021-12-21T16:26:07","slug":"80eme-session-rome-9-decembre-2021","status":"publish","type":"page","link":"https:\/\/www.unidroit.org\/fr\/reunions\/assemblee-generale\/80eme-session-rome-9-decembre-2021\/","title":{"rendered":"80\u00c8ME SESSION (ROME, 9 D\u00c9CEMBRE 2021)"},"content":{"rendered":"<div class=\"wpb-content-wrapper\"><p>[vc_row][vc_column css=&#8221;.vc_custom_1490017614850{margin-bottom: 30px !important;}&#8221;][vc_custom_heading text=&#8221;80\u00e8me Session<br \/>\n(Rome, 9 d\u00e9cembre 2021)&#8221; font_container=&#8221;tag:h1|text_align:left&#8221; use_theme_fonts=&#8221;yes&#8221; css=&#8221;.vc_custom_1635516306229{margin-top: 0px !important;margin-bottom: 20px !important;}&#8221;][vc_column_text css=&#8221;.vc_custom_1640103996604{padding-top: 35px !important;padding-right: 35px !important;padding-bottom: 35px !important;padding-left: 35px !important;background-color: #f2f2f2 !important;}&#8221;]<\/p>\n<p style=\"text-align: center;\"><strong>Documents <\/strong><strong><br \/>\n<\/strong><\/p>\n<p>&nbsp;<\/p>\n<ul style=\"list-style-type: circle;\">\n<li>Rapport (<a href=\"https:\/\/www.unidroit.org\/wp-content\/uploads\/2021\/12\/A.G.-80-10-Rapport.pdf\">A.G. (80)10<\/a>)<\/li>\n<\/ul>\n<p style=\"text-align: center;\">* \u00a0 \u00a0 \u00a0\u00a0\u00a0\u00a0 * \u00a0 \u00a0 \u00a0\u00a0\u00a0\u00a0 *<\/p>\n<ol>\n<li>Ouverture de la session par le Secr\u00e9taire G\u00e9n\u00e9ral d\u2019UNIDROIT et par le Pr\u00e9sident de l\u2019Assembl\u00e9e G\u00e9n\u00e9rale pour l\u2019ann\u00e9e 2020-2021<\/li>\n<li>Nomination du Pr\u00e9sident de l\u2019Assembl\u00e9e G\u00e9n\u00e9rale pour l\u2019ann\u00e9e 2021-2022<\/li>\n<li>Adoption de l\u2019ordre du jour (<a href=\"https:\/\/www.unidroit.org\/wp-content\/uploads\/2021\/12\/AG801-rev.-Ordre-du-jour-prov.-annote.pdf\">A.G. (80) 1 r\u00e9v.<\/a>)<\/li>\n<li>Expos\u00e9 sur l\u2019activit\u00e9 de l\u2019Organisation en 2021 (<a href=\"https:\/\/www.unidroit.org\/wp-content\/uploads\/2021\/11\/A.G.-80-2-Activite-de-lOrganisation-en-2021.pdf\">A.G. (80) 2<\/a>)<\/li>\n<li>Modifications au Programme de travail de l\u2019Organisation pour la p\u00e9riode triennale 2020 \u2013 2022 (<a href=\"https:\/\/www.unidroit.org\/wp-content\/uploads\/2021\/11\/A.G.-80-3-Modifications-au-Programme-de-travail-2020-2022.pdf\">A.G. (80) 3<\/a>)<\/li>\n<li>Modifications d\u00e9finitives du Budget et approbation des Comptes pour l\u2019exercice financier 2020 (<a href=\"https:\/\/www.unidroit.org\/wp-content\/uploads\/2021\/11\/A.G.-80-4-Modifications-definitives-au-Budget-2020.pdf\">A.G. (80) 4<\/a>)<\/li>\n<li>Ajustements au Budget de l\u2019exercice financier 2021 (<a href=\"https:\/\/www.unidroit.org\/wp-content\/uploads\/2021\/11\/A.G.-80-5-Ajustements-au-Budget-de-lexercice-financier-2021.pdf\">A.G. (80) 5<\/a>)<\/li>\n<li>Arri\u00e9r\u00e9s de contributions des \u00c9tats membres (<a href=\"https:\/\/www.unidroit.org\/wp-content\/uploads\/2021\/11\/A.G.-80-6-Arrieres-contributions.pdf\">A.G. (80) 6<\/a>)<\/li>\n<li>Approbation du projet de Budget pour 2022 et observations soumises par les \u00c9tats membres (<a href=\"https:\/\/www.unidroit.org\/wp-content\/uploads\/2021\/11\/A.G.-80-7-Approbation-Projet-Budget-2022-Obs-MS.pdf\">A.G. (80) 7<\/a>)<\/li>\n<li>Mise \u00e0 jour des nouveaux syst\u00e8mes de r\u00e9mun\u00e9ration et de s\u00e9curit\u00e9 sociale appliqu\u00e9s au personnel d\u2019UNIDROIT (<a href=\"https:\/\/www.unidroit.org\/wp-content\/uploads\/2021\/11\/A.G.-80-8-Mise-a-jour-sur-la-remuneration-et-systeme-des-pensions-site-Internet.pdf\">A.G. (80) 8<\/a>)<\/li>\n<li>Mise \u00e0 jour sur la mise en \u0153uvre de la politique en mati\u00e8re de protection des personnes qui signalent des manquements (lanceurs d\u2019alerte) et de lutte contre les repr\u00e9sailles (<a href=\"https:\/\/www.unidroit.org\/wp-content\/uploads\/2021\/11\/A.G.-80-9-Politique-en-matiere-de-protection-des-lanceurs-dalerte-et-de-lutte-contre-les-represailles.pdf\">A.G.\u00a0(80)\u00a09<\/a>)<\/li>\n<li>Divers<\/li>\n<\/ol>\n<p>[\/vc_column_text][\/vc_column][\/vc_row]<\/p>\n<\/div>","protected":false},"excerpt":{"rendered":"<p>[vc_row][vc_column css=&#8221;.vc_custom_1490017614850{margin-bottom: 30px !important;}&#8221;][vc_custom_heading text=&#8221;80\u00e8me Session (Rome, 9 d\u00e9cembre 2021)&#8221; font_container=&#8221;tag:h1|text_align:left&#8221; use_theme_fonts=&#8221;yes&#8221; css=&#8221;.vc_custom_1635516306229{margin-top: 0px !important;margin-bottom: 20px !important;}&#8221;][vc_column_text css=&#8221;.vc_custom_1640103996604{padding-top: 35px !important;padding-right: 35px !important;padding-bottom: 35px !important;padding-left: 35px !important;background-color: #f2f2f2 !important;}&#8221;] Documents &nbsp; Rapport (A.G. (80)10) * \u00a0 \u00a0 \u00a0\u00a0\u00a0\u00a0 * \u00a0 \u00a0 \u00a0\u00a0\u00a0\u00a0 * Ouverture de la&nbsp;<a href=\"https:\/\/www.unidroit.org\/fr\/reunions\/assemblee-generale\/80eme-session-rome-9-decembre-2021\/\">&hellip;<\/a><\/p>\n","protected":false},"author":19,"featured_media":0,"parent":4888,"menu_order":0,"comment_status":"closed","ping_status":"closed","template":"","meta":{"ep_exclude_from_search":false,"footnotes":""},"class_list":["post-10971","page","type-page","status-publish","format-standard","hentry","odd"],"_links":{"self":[{"href":"https:\/\/www.unidroit.org\/fr\/wp-json\/wp\/v2\/pages\/10971","targetHints":{"allow":["GET"]}}],"collection":[{"href":"https:\/\/www.unidroit.org\/fr\/wp-json\/wp\/v2\/pages"}],"about":[{"href":"https:\/\/www.unidroit.org\/fr\/wp-json\/wp\/v2\/types\/page"}],"author":[{"embeddable":true,"href":"https:\/\/www.unidroit.org\/fr\/wp-json\/wp\/v2\/users\/19"}],"replies":[{"embeddable":true,"href":"https:\/\/www.unidroit.org\/fr\/wp-json\/wp\/v2\/comments?post=10971"}],"version-history":[{"count":0,"href":"https:\/\/www.unidroit.org\/fr\/wp-json\/wp\/v2\/pages\/10971\/revisions"}],"up":[{"embeddable":true,"href":"https:\/\/www.unidroit.org\/fr\/wp-json\/wp\/v2\/pages\/4888"}],"wp:attachment":[{"href":"https:\/\/www.unidroit.org\/fr\/wp-json\/wp\/v2\/media?parent=10971"}],"curies":[{"name":"wp","href":"https:\/\/api.w.org\/{rel}","templated":true}]}}