{"id":11926,"date":"2021-12-23T11:49:19","date_gmt":"2021-12-23T10:49:19","guid":{"rendered":"https:\/\/www.unidroit.org\/?page_id=11926"},"modified":"2022-08-05T13:07:37","modified_gmt":"2022-08-05T11:07:37","slug":"d-canada","status":"publish","type":"page","link":"https:\/\/www.unidroit.org\/fr\/instruments\/garanties-internationales\/protocole-aeronautique\/etat\/d-canada\/","title":{"rendered":"D &#8211; Canada"},"content":{"rendered":"<div class=\"wpb-content-wrapper\"><p>[vc_row][vc_column css=&#8221;.vc_custom_1490017614850{margin-bottom: 30px !important;}&#8221;][vc_custom_heading text=&#8221;D&#8221; font_container=&#8221;tag:h1|text_align:left&#8221; use_theme_fonts=&#8221;yes&#8221; css=&#8221;.vc_custom_1625938548065{margin-top: 0px !important;margin-bottom: 20px !important;}&#8221;][vc_custom_heading text=&#8221;D\u00c9CLARATIONS D\u00c9POS\u00c9ES PAR LE CANADA EN VERTU PROTOCOLE A\u00c9RONAUTIQUE AU MOMENT DU D\u00c9P\u00d4T DE SON INSTRUMENT DE RATIFICATION ET D\u00c9CLARATIONS SUBS\u00c9QUENTES&#8221; font_container=&#8221;tag:h4|text_align:left&#8221; use_theme_fonts=&#8221;yes&#8221;][\/vc_column][\/vc_row][vc_row css=&#8221;.vc_custom_1622455036974{background-color: #f2f2f2 !important;}&#8221;][vc_column css=&#8221;.vc_custom_1490017614850{margin-bottom: 30px !important;}&#8221;][vc_column_text]<\/p>\n<p style=\"text-align: center;\"><strong>D\u00c9CLARATIONS<br \/>\n<\/strong><strong>D\u00c9POS\u00c9ES PAR LE CANADA EN VERTU PROTOCOLE A\u00c9RONAUTIQUE AU MOMENT DU D\u00c9P\u00d4T DE SON INSTRUMENT DE RATIFICATION ET D\u00c9CLARATIONS SUBS\u00c9QUENTES<\/strong><\/p>\n<p>&nbsp;<\/p>\n<p>&nbsp;<\/p>\n<p style=\"text-align: justify;\">Le gouvernement du Canada d\u00e9clare \u00e9galement, en vertu de l&#8217;article XXIX du Protocole, que le Protocole s&#8217;applique aux provinces et territoires suivants: l&#8217;Alberta, la Colombie-Britannique, le Manitoba, la Nouvelle-\u00c9cosse, le Nunavut, l&#8217;Ontario, le Qu\u00e9bec, la Saskatchewan, Terre-Neuve-et-Labrador et les Territoires du Nord-Ouest.<\/p>\n<p style=\"text-align: justify;\">Le gouvernement du Canada d\u00e9clare \u00e9galement, en vertu de l&#8217;article XXIX du Protocole, qu\u2019en plus de s\u2019appliquer aux provinces et territoires de l&#8217;Alberta, de la Colombie-Britannique, du Manitoba, de Terre-Neuve-et-Labrador, des Territoires du Nord-Ouest, de la Nouvelle-\u00c9cosse, du Nunavut, de l&#8217;Ontario, du Qu\u00e9bec, et de la Saskatchewan, et, le Protocole s\u2019applique \u00e0 l\u2019Ile-du-Prince-Edouard et au Yukon. *<\/p>\n<p style=\"text-align: justify;\"><span style=\"color: #c20e0e;\">* [Le 28 mars 2014, le Gouvernement du Canada a notifi\u00e9 \u00e0 Unidroit, conform\u00e9ment \u00e0 l\u2019article XXXIII(1) du Protocole, la pr\u00e9sente d\u00e9claration subs\u00e9quente qui, conform\u00e9ment \u00e0 l\u2019article XXXIII(2) du Protocole, a pris effet le 1er octobre 2014.<\/span><\/p>\n<p>&nbsp;<\/p>\n<p style=\"text-align: justify;\">Le gouvernement du Canada d\u00e9clare \u00e9galement, en vertu de l&#8217;article XXIX du Protocole, qu\u2019en plus de s\u2019appliquer aux provinces et territoires de l&#8217;Alberta, de la Colombie-Britannique, de l\u2019Ile-du-Prince-Edouard, du Manitoba, de la Nouvelle-\u00c9cosse, du Nunavut, de l&#8217;Ontario, du Qu\u00e9bec, de la Saskatchewan, de Terre-Neuve-et-Labrador, des Territoires du Nord-Ouest et du Yukon, le Protocole s&#8217;applique au Nouveau-Brunswick. **<\/p>\n<p><span style=\"color: #c20e0e;\">** [Le 23 d\u00e9cembre 2015, le gouvernement du Canada a notifi\u00e9 \u00e0 Unidroit, conform\u00e9ment \u00e0 l\u2019article XXXIII(1) du Protocole, la pr\u00e9sente d\u00e9claration subs\u00e9quente qui, conform\u00e9ment \u00e0 l\u2019article XXXIII(2) du Protocole, a pris effet le 1er juillet 2016]<\/span><\/p>\n<p>&nbsp;<\/p>\n<p style=\"text-align: justify;\">Le gouvernement du Canada d\u00e9clare \u00e9galement, en vertu de l&#8217;article XXX du Protocole, qu\u2019il applique l&#8217;article VIII du Protocole.<\/p>\n<p style=\"text-align: justify;\">Le gouvernement du Canada d\u00e9clare \u00e9galement, en vertu de l&#8217;article XXX du Protocole, qu&#8217;il applique les paragraphes 3, 4 et 5 de l&#8217;article X du Protocole.<\/p>\n<p style=\"text-align: justify;\">Le gouvernement du Canada d\u00e9clare \u00e9galement, en vertu de l&#8217;article XXX du Protocole, se conformer au paragraphe 6 de l&#8217;article X dans la mani\u00e8re pr\u00e9vue par la loi de mise en \u0153uvre du Canada.<\/p>\n<p style=\"text-align: justify;\">Le gouvernement du Canada d\u00e9clare \u00e9galement, en vertu de l&#8217;article XXX du Protocole, qu&#8217;il applique la Variante A de l&#8217;article XI du Protocole dans son int\u00e9gralit\u00e9 \u00e0 tous les types de proc\u00e9dures d&#8217;insolvabilit\u00e9 et tous les \u00e9v\u00e9nements li\u00e9s \u00e0 l&#8217;insolvabilit\u00e9 et que le d\u00e9lai d&#8217;attente aux fins du paragraphe 3 de l&#8217;article XI de cette Variante est de soixante (60) jours civils.<\/p>\n<p style=\"text-align: justify;\">Le gouvernement du Canada d\u00e9clare \u00e9galement, en vertu de l&#8217;article XXX du Protocole, qu&#8217;il applique l&#8217;article XII du Protocole.<\/p>\n<p style=\"text-align: justify;\">Le gouvernement du Canada d\u00e9clare \u00e9galement, en vertu de l&#8217;article XXX du Protocole, qu&#8217;il applique l&#8217;article XIII du Protocole.<\/p>\n<p>&nbsp;<\/p>\n<p style=\"text-align: center;\">*<\/p>\n<p style=\"text-align: center;\">*\u00a0\u00a0\u00a0\u00a0 *<\/p>\n<p style=\"text-align: center;\"><a href=\"https:\/\/www.unidroit.org\/fr\/instruments\/garanties-internationales\/convention-du-cap\/etats-parties\/d-canada-ct\/\">D\u00e9clarations d\u00e9pos\u00e9es par le Canada en vertu de la Convention du Cap<\/a><\/p>\n<p>\u00a0[\/vc_column_text][\/vc_column][\/vc_row][vc_row][vc_column][vc_empty_space height=&#8221;10px&#8221;][\/vc_column][\/vc_row]<\/p>\n<\/div>","protected":false},"excerpt":{"rendered":"<p>[vc_row][vc_column css=&#8221;.vc_custom_1490017614850{margin-bottom: 30px !important;}&#8221;][vc_custom_heading text=&#8221;D&#8221; font_container=&#8221;tag:h1|text_align:left&#8221; use_theme_fonts=&#8221;yes&#8221; css=&#8221;.vc_custom_1625938548065{margin-top: 0px !important;margin-bottom: 20px !important;}&#8221;][vc_custom_heading text=&#8221;D\u00c9CLARATIONS D\u00c9POS\u00c9ES PAR LE CANADA EN VERTU PROTOCOLE A\u00c9RONAUTIQUE AU MOMENT DU D\u00c9P\u00d4T DE SON INSTRUMENT DE RATIFICATION ET D\u00c9CLARATIONS SUBS\u00c9QUENTES&#8221; font_container=&#8221;tag:h4|text_align:left&#8221; use_theme_fonts=&#8221;yes&#8221;][\/vc_column][\/vc_row][vc_row css=&#8221;.vc_custom_1622455036974{background-color: #f2f2f2 !important;}&#8221;][vc_column css=&#8221;.vc_custom_1490017614850{margin-bottom: 30px !important;}&#8221;][vc_column_text] D\u00c9CLARATIONS D\u00c9POS\u00c9ES PAR LE&nbsp;<a href=\"https:\/\/www.unidroit.org\/fr\/instruments\/garanties-internationales\/protocole-aeronautique\/etat\/d-canada\/\">&hellip;<\/a><\/p>\n","protected":false},"author":20,"featured_media":0,"parent":7387,"menu_order":0,"comment_status":"closed","ping_status":"closed","template":"","meta":{"ep_exclude_from_search":false,"footnotes":""},"class_list":["post-11926","page","type-page","status-publish","format-standard","hentry","odd"],"_links":{"self":[{"href":"https:\/\/www.unidroit.org\/fr\/wp-json\/wp\/v2\/pages\/11926","targetHints":{"allow":["GET"]}}],"collection":[{"href":"https:\/\/www.unidroit.org\/fr\/wp-json\/wp\/v2\/pages"}],"about":[{"href":"https:\/\/www.unidroit.org\/fr\/wp-json\/wp\/v2\/types\/page"}],"author":[{"embeddable":true,"href":"https:\/\/www.unidroit.org\/fr\/wp-json\/wp\/v2\/users\/20"}],"replies":[{"embeddable":true,"href":"https:\/\/www.unidroit.org\/fr\/wp-json\/wp\/v2\/comments?post=11926"}],"version-history":[{"count":0,"href":"https:\/\/www.unidroit.org\/fr\/wp-json\/wp\/v2\/pages\/11926\/revisions"}],"up":[{"embeddable":true,"href":"https:\/\/www.unidroit.org\/fr\/wp-json\/wp\/v2\/pages\/7387"}],"wp:attachment":[{"href":"https:\/\/www.unidroit.org\/fr\/wp-json\/wp\/v2\/media?parent=11926"}],"curies":[{"name":"wp","href":"https:\/\/api.w.org\/{rel}","templated":true}]}}