{"id":12600,"date":"2022-02-10T16:09:33","date_gmt":"2022-02-10T15:09:33","guid":{"rendered":"https:\/\/www.unidroit.org\/?page_id=12600"},"modified":"2022-02-11T10:08:49","modified_gmt":"2022-02-11T09:08:49","slug":"d-cameroun-ct","status":"publish","type":"page","link":"https:\/\/www.unidroit.org\/fr\/instruments\/garanties-internationales\/convention-du-cap\/etats-parties\/d-cameroun-ct\/","title":{"rendered":"D &#8211; Cameroun ct"},"content":{"rendered":"<div class=\"wpb-content-wrapper\"><p style=\"text-align: center;\">[vc_row][vc_column css=&#8221;.vc_custom_1490017614850{margin-bottom: 30px !important;}&#8221;][vc_custom_heading text=&#8221;D&#8221; font_container=&#8221;tag:h1|text_align:left&#8221; use_theme_fonts=&#8221;yes&#8221; css=&#8221;.vc_custom_1625938548065{margin-top: 0px !important;margin-bottom: 20px !important;}&#8221;][vc_custom_heading text=&#8221;D\u00c9CLARATIONS D\u00c9POS\u00c9ES PAR LE GOUVERNEMENT DE LA R\u00c9PUBLIQUE DU CAMEROUN EN VERTU DE LA CONVENTION DU CAP LORS DU D\u00c9P\u00d4T DE SON INSTRUMENT D&#8217;ADH\u00c9SION<br \/>\n&#8221; font_container=&#8221;tag:h4|text_align:left&#8221; use_theme_fonts=&#8221;yes&#8221;][\/vc_column][\/vc_row][vc_row css=&#8221;.vc_custom_1622455036974{background-color: #f2f2f2 !important;}&#8221;][vc_column css=&#8221;.vc_custom_1490017614850{margin-bottom: 30px !important;}&#8221;][vc_column_text]<strong>D\u00c9CLARATIONS D\u00c9POS\u00c9ES PAR LE GOUVERNEMENT DE LA R\u00c9PUBLIQUE DU CAMEROUN EN VERTU DE LA CONVENTION DU CAP LORS DU D\u00c9P\u00d4T DE SON INSTRUMENT D&#8217;ADH\u00c9SION<\/strong><\/p>\n<p>&nbsp;<\/p>\n<p>&nbsp;<\/p>\n<p>La R\u00e9publique du Cameroun d\u00e9clare que les cat\u00e9gories suivantes de droits ou garanties non conventionnels\u00a0;<\/p>\n<p style=\"padding-left: 40px;\">(a)\u00a0 les droits de r\u00e9tention au b\u00e9n\u00e9fice des salari\u00e9s en vertu des privil\u00e8ges dont disposent les salaires dus par un employeur au moment de l\u2019inex\u00e9cution de ses obligations aux termes d\u2019un contrat de financement ou de bail portant sur un bien\u00a0;<\/p>\n<p style=\"padding-left: 40px;\">(b)\u00a0 les droits de r\u00e9tention au b\u00e9n\u00e9fice des r\u00e9parateurs dans la mesure de la valeur des r\u00e9parations faites ou autres services fournis et de la valeur ajout\u00e9e \u00e0 ce bien,<\/p>\n<p>ont priorit\u00e9 en vertu des lois de cet Etat sur une garantie portant sur le bien, \u00e9quivalente \u00e0 celle du titulaire d\u2019une garantie portant sur le bien, \u00e9quivalente \u00e0 celle du titulaire d\u2019une garantie internationale inscrite et qui primeront une garantie internationale inscrite, que ce soit ou non dans le cadre d\u2019une proc\u00e9dure d\u2019insolvabilit\u00e9.<\/p>\n<p>&nbsp;<\/p>\n<p>La R\u00e9publique du Cameroun d\u00e9clare les droits ou garanties non conventionnels suivants\u00a0:<\/p>\n<p style=\"padding-left: 40px;\">(a)\u00a0 les droits d\u00e9coulant de la saisie du bien a\u00e9ronautique en ex\u00e9cution partielle ou int\u00e9grale d\u2019un jugement de condamnation\u00a0;<\/p>\n<p style=\"padding-left: 40px;\">(b)\u00a0 les droits au b\u00e9n\u00e9fice d\u2019une entit\u00e9 \u00e9tatique en vertu des privil\u00e8ges fiscaux ou d\u2019autres redevances impay\u00e9es de tout genre (qui ne font pas l\u2019objet de la d\u00e9claration faite en vertu de l\u2019article 39(1)(a) de la Convention\u00a0; et,<\/p>\n<p style=\"padding-left: 40px;\">(c)\u00a0\u00a0 toute autre cat\u00e9gorie de droits ou de garanties non conventionnels qui ne fait pas l\u2019objet de la d\u00e9claration faite en vertu de l\u2019article 39(1)(a) de la Convention,<\/p>\n<p>seront susceptibles d\u2019inscriptions au Registre international comme si ces droits ou garanties \u00e9taient des garanties internationales, et seront d\u00e8s lors trait\u00e9s comme telles.<\/p>\n<p>&nbsp;<\/p>\n<p>La R\u00e9publique du Cameroun d\u00e9clare que la Convention s\u2019applique \u00e0 toutes ses unit\u00e9s territoriales.<\/p>\n<p>&nbsp;<\/p>\n<p>La R\u00e9publique du Cameroun d\u00e9clare que les tribunaux civils comp\u00e9tents en vertu de la l\u00e9gislation camerounaise en mati\u00e8re d\u2019organisation judiciaire, sont comp\u00e9tents aux fins de l\u2019application de l\u2019article premier et du chapitre XII de la Convention.<\/p>\n<p>&nbsp;<\/p>\n<p style=\"text-align: justify;\">La R\u00e9publique du Cameroun d\u00e9clare que les mesures ouvertes au cr\u00e9ancier en vertu de la Convention peuvent \u00eatre exerc\u00e9es sans intervention ou toute action du tribunal, sauf dans le cas des mesures o\u00f9 l\u2019intervention du tribunal est express\u00e9ment pr\u00e9vue par les dispositions de ladite Convention.<\/p>\n<p>[\/vc_column_text][\/vc_column][\/vc_row][vc_row][vc_column][vc_empty_space height=&#8221;10px&#8221;][\/vc_column][\/vc_row]<\/p>\n<\/div>","protected":false},"excerpt":{"rendered":"<p>[vc_row][vc_column css=&#8221;.vc_custom_1490017614850{margin-bottom: 30px !important;}&#8221;][vc_custom_heading text=&#8221;D&#8221; font_container=&#8221;tag:h1|text_align:left&#8221; use_theme_fonts=&#8221;yes&#8221; css=&#8221;.vc_custom_1625938548065{margin-top: 0px !important;margin-bottom: 20px !important;}&#8221;][vc_custom_heading text=&#8221;D\u00c9CLARATIONS D\u00c9POS\u00c9ES PAR LE GOUVERNEMENT DE LA R\u00c9PUBLIQUE DU CAMEROUN EN VERTU DE LA CONVENTION DU CAP LORS DU D\u00c9P\u00d4T DE SON INSTRUMENT D&#8217;ADH\u00c9SION &#8221; font_container=&#8221;tag:h4|text_align:left&#8221; use_theme_fonts=&#8221;yes&#8221;][\/vc_column][\/vc_row][vc_row css=&#8221;.vc_custom_1622455036974{background-color: #f2f2f2 !important;}&#8221;][vc_column css=&#8221;.vc_custom_1490017614850{margin-bottom: 30px !important;}&#8221;][vc_column_text]D\u00c9CLARATIONS&nbsp;<a href=\"https:\/\/www.unidroit.org\/fr\/instruments\/garanties-internationales\/convention-du-cap\/etats-parties\/d-cameroun-ct\/\">&hellip;<\/a><\/p>\n","protected":false},"author":19,"featured_media":0,"parent":6564,"menu_order":0,"comment_status":"closed","ping_status":"closed","template":"","meta":{"ep_exclude_from_search":false,"footnotes":""},"class_list":["post-12600","page","type-page","status-publish","format-standard","hentry","odd"],"_links":{"self":[{"href":"https:\/\/www.unidroit.org\/fr\/wp-json\/wp\/v2\/pages\/12600","targetHints":{"allow":["GET"]}}],"collection":[{"href":"https:\/\/www.unidroit.org\/fr\/wp-json\/wp\/v2\/pages"}],"about":[{"href":"https:\/\/www.unidroit.org\/fr\/wp-json\/wp\/v2\/types\/page"}],"author":[{"embeddable":true,"href":"https:\/\/www.unidroit.org\/fr\/wp-json\/wp\/v2\/users\/19"}],"replies":[{"embeddable":true,"href":"https:\/\/www.unidroit.org\/fr\/wp-json\/wp\/v2\/comments?post=12600"}],"version-history":[{"count":0,"href":"https:\/\/www.unidroit.org\/fr\/wp-json\/wp\/v2\/pages\/12600\/revisions"}],"up":[{"embeddable":true,"href":"https:\/\/www.unidroit.org\/fr\/wp-json\/wp\/v2\/pages\/6564"}],"wp:attachment":[{"href":"https:\/\/www.unidroit.org\/fr\/wp-json\/wp\/v2\/media?parent=12600"}],"curies":[{"name":"wp","href":"https:\/\/api.w.org\/{rel}","templated":true}]}}