{"id":12620,"date":"2022-02-10T16:53:03","date_gmt":"2022-02-10T15:53:03","guid":{"rendered":"https:\/\/www.unidroit.org\/?page_id=12620"},"modified":"2022-02-11T10:11:32","modified_gmt":"2022-02-11T09:11:32","slug":"d-congo-ct","status":"publish","type":"page","link":"https:\/\/www.unidroit.org\/fr\/instruments\/garanties-internationales\/convention-du-cap\/etats-parties\/d-congo-ct\/","title":{"rendered":"D &#8211; Congo ct"},"content":{"rendered":"<div class=\"wpb-content-wrapper\"><p>[vc_row][vc_column css=&#8221;.vc_custom_1490017614850{margin-bottom: 30px !important;}&#8221;][vc_custom_heading text=&#8221;D&#8221; font_container=&#8221;tag:h1|text_align:left&#8221; use_theme_fonts=&#8221;yes&#8221; css=&#8221;.vc_custom_1625938548065{margin-top: 0px !important;margin-bottom: 20px !important;}&#8221;][vc_custom_heading text=&#8221;D\u00c9CLARATIONS D\u00c9POS\u00c9ES PAR LE GOUVERNEMENT DE LA R\u00c9PUBLIQUE DU CONGO EN VERTU DE LA CONVENTION DU CAP&#8221; font_container=&#8221;tag:h4|text_align:left&#8221; use_theme_fonts=&#8221;yes&#8221;][\/vc_column][\/vc_row][vc_row css=&#8221;.vc_custom_1622455036974{background-color: #f2f2f2 !important;}&#8221;][vc_column css=&#8221;.vc_custom_1490017614850{margin-bottom: 30px !important;}&#8221;][vc_column_text]<\/p>\n<p style=\"text-align: center;\"><strong>D\u00c9CLARATIONS<\/strong><\/p>\n<p style=\"text-align: center;\"><strong>D\u00c9POS\u00c9ES PAR LE GOUVERNEMENT DE LA R\u00c9PUBLIQUE DU CONGO<\/strong><\/p>\n<p style=\"text-align: center;\"><strong>EN VERTU DE LA CONVENTION DU CAP<\/strong><\/p>\n<p style=\"text-align: center;\"><strong>Le 13 mars 2013<\/strong><\/p>\n<p>&nbsp;<\/p>\n<p style=\"text-align: justify;\">La R\u00e9publique du Congo d\u00e9clare que les cat\u00e9gories suivantes de droits ou garanties non conventionnels;<\/p>\n<p style=\"padding-left: 40px; text-align: justify;\">a. Les droits de r\u00e9tention au b\u00e9n\u00e9fice des salari\u00e9s en vertu des privil\u00e8ges dont disposent les salaires dus par un employeur au moment de l\u2019inex\u00e9cution de ses obligations aux termes d\u2019un contrat de financement ou de bail portant sur un bien;<\/p>\n<p style=\"padding-left: 40px; text-align: justify;\">b. Les droits de r\u00e9tention au b\u00e9n\u00e9fice des r\u00e9parateurs dans la mesure de la valeur des r\u00e9parations faites ou autres services fournis et de la valeur ajout\u00e9e \u00e0 ce bien,<\/p>\n<p style=\"text-align: justify;\">ont priorit\u00e9 en vertu des lois de cet Etat sur une garantie portant sur le bien, \u00e9quivalente \u00e0 celle du titulaire d\u2019une garantie portant sur le bien, \u00e9quivalente \u00e0 celle du titulaire d\u2019une garantie internationale inscrite et qui primeront une garantie internationale inscrite, que ce soit ou non dans le cadre d\u2019une proc\u00e9dure d\u2019insolvabilit\u00e9.<\/p>\n<p style=\"text-align: justify;\">La R\u00e9publique du Congo d\u00e9clare les droits ou garanties non conventionnels suivants:<\/p>\n<p style=\"padding-left: 40px; text-align: justify;\">a. Les droits d\u00e9coulant de la saisie du bien a\u00e9ronautique en ex\u00e9cution partielle ou int\u00e9grale d\u2019un jugement de condamnation;<\/p>\n<p style=\"padding-left: 40px; text-align: justify;\">b. Les droits au b\u00e9n\u00e9fice d\u2019une entit\u00e9 \u00e9tatique en vertu des privil\u00e8ges fiscaux ou d\u2019autres redevances impay\u00e9es de tout genre (qui ne font pas l\u2019objet de la D\u00e9claration faite en vertu de l\u2019article 39(1)(a) de la convention; et,<\/p>\n<p style=\"padding-left: 40px; text-align: justify;\">c. Toute autre cat\u00e9gorie de droits ou de garanties non conventionnels qui ne fait pas l\u2019objet de la d\u00e9claration faite en vertu de l\u2019article 39(1)(a) de la convention,<\/p>\n<p style=\"text-align: justify;\">peuvent \u00eatre inscrits au Registre international comme si ces droits ou garanties \u00e9taient des garanties internationales, et seront d\u00e8s lors trait\u00e9s comme telles.<\/p>\n<p style=\"text-align: justify;\">La R\u00e9publique du Congo d\u00e9clare que la convention s\u2019applique \u00e0 toutes ses unit\u00e9s territoriales.<\/p>\n<p style=\"text-align: justify;\">La R\u00e9publique du Congo d\u00e9clare que rien dans la Convention ne porte atteinte \u00e0 son droit ou celui de toute entit\u00e9 \u00e9tatique, toute organisation internationale ou de tout autre fournisseur priv\u00e9 de services publics de saisir ou de retenir un bien en vertu des lois de cet Etat pour le paiement des redevances qui lui sont dues et qui sont directement li\u00e9es aux services fournis \u00a0concernant ce bien ou un autre bien.<\/p>\n<p style=\"text-align: justify;\">La R\u00e9publique du Congo d\u00e9clare que les tribunaux congolais sont comp\u00e9tents aux fins de l\u2019application de l\u2019article premier et du Chapitre XII de la Convention.<\/p>\n<p style=\"text-align: justify;\">La R\u00e9publique du Congo d\u00e9clare que les mesures ouvertes au cr\u00e9ancier en vertu de la Convention peuvent \u00eatre exerc\u00e9es sans aucune intervention ou toute action du tribunal, sauf dans le cas des mesures o\u00f9 l\u2019intervention du tribunal est express\u00e9ment pr\u00e9vue par les dispositions de ladite Convention.<\/p>\n<p>&nbsp;<\/p>\n<p>[\/vc_column_text][\/vc_column][\/vc_row][vc_row][vc_column][vc_empty_space height=&#8221;10px&#8221;][\/vc_column][\/vc_row]<\/p>\n<p>&nbsp;<\/p>\n<p style=\"text-align: justify;\">\n<\/div>","protected":false},"excerpt":{"rendered":"<p>[vc_row][vc_column css=&#8221;.vc_custom_1490017614850{margin-bottom: 30px !important;}&#8221;][vc_custom_heading text=&#8221;D&#8221; font_container=&#8221;tag:h1|text_align:left&#8221; use_theme_fonts=&#8221;yes&#8221; css=&#8221;.vc_custom_1625938548065{margin-top: 0px !important;margin-bottom: 20px !important;}&#8221;][vc_custom_heading text=&#8221;D\u00c9CLARATIONS D\u00c9POS\u00c9ES PAR LE GOUVERNEMENT DE LA R\u00c9PUBLIQUE DU CONGO EN VERTU DE LA CONVENTION DU CAP&#8221; font_container=&#8221;tag:h4|text_align:left&#8221; use_theme_fonts=&#8221;yes&#8221;][\/vc_column][\/vc_row][vc_row css=&#8221;.vc_custom_1622455036974{background-color: #f2f2f2 !important;}&#8221;][vc_column css=&#8221;.vc_custom_1490017614850{margin-bottom: 30px !important;}&#8221;][vc_column_text] D\u00c9CLARATIONS D\u00c9POS\u00c9ES PAR LE GOUVERNEMENT DE LA R\u00c9PUBLIQUE&nbsp;<a href=\"https:\/\/www.unidroit.org\/fr\/instruments\/garanties-internationales\/convention-du-cap\/etats-parties\/d-congo-ct\/\">&hellip;<\/a><\/p>\n","protected":false},"author":19,"featured_media":0,"parent":6564,"menu_order":0,"comment_status":"closed","ping_status":"closed","template":"","meta":{"ep_exclude_from_search":false,"footnotes":""},"class_list":["post-12620","page","type-page","status-publish","format-standard","hentry","odd"],"_links":{"self":[{"href":"https:\/\/www.unidroit.org\/fr\/wp-json\/wp\/v2\/pages\/12620","targetHints":{"allow":["GET"]}}],"collection":[{"href":"https:\/\/www.unidroit.org\/fr\/wp-json\/wp\/v2\/pages"}],"about":[{"href":"https:\/\/www.unidroit.org\/fr\/wp-json\/wp\/v2\/types\/page"}],"author":[{"embeddable":true,"href":"https:\/\/www.unidroit.org\/fr\/wp-json\/wp\/v2\/users\/19"}],"replies":[{"embeddable":true,"href":"https:\/\/www.unidroit.org\/fr\/wp-json\/wp\/v2\/comments?post=12620"}],"version-history":[{"count":0,"href":"https:\/\/www.unidroit.org\/fr\/wp-json\/wp\/v2\/pages\/12620\/revisions"}],"up":[{"embeddable":true,"href":"https:\/\/www.unidroit.org\/fr\/wp-json\/wp\/v2\/pages\/6564"}],"wp:attachment":[{"href":"https:\/\/www.unidroit.org\/fr\/wp-json\/wp\/v2\/media?parent=12620"}],"curies":[{"name":"wp","href":"https:\/\/api.w.org\/{rel}","templated":true}]}}