{"id":12632,"date":"2022-02-10T17:10:25","date_gmt":"2022-02-10T16:10:25","guid":{"rendered":"https:\/\/www.unidroit.org\/?page_id=12632"},"modified":"2022-08-05T13:20:06","modified_gmt":"2022-08-05T11:20:06","slug":"d-madagascar-ct","status":"publish","type":"page","link":"https:\/\/www.unidroit.org\/fr\/instruments\/garanties-internationales\/convention-du-cap\/etats-parties\/d-madagascar-ct\/","title":{"rendered":"D &#8211; Madagascar ct"},"content":{"rendered":"<div class=\"wpb-content-wrapper\"><p align=\"center\">[vc_row][vc_column css=&#8221;.vc_custom_1490017614850{margin-bottom: 30px !important;}&#8221;][vc_custom_heading text=&#8221;D&#8221; font_container=&#8221;tag:h1|text_align:left&#8221; use_theme_fonts=&#8221;yes&#8221; css=&#8221;.vc_custom_1625938548065{margin-top: 0px !important;margin-bottom: 20px !important;}&#8221;][vc_custom_heading text=&#8221;D\u00c9CLARATIONS D\u00c9POS\u00c9ES PAR LA R\u00c9PUBLIQUE DE MADAGASCAR EN VERTU DE LA CONVENTION DU CAP LORS DU D\u00c9P\u00d4T DE SON INSTRUMENT D&#8217;ADH\u00c9SION<br \/>\n&#8221; font_container=&#8221;tag:h4|text_align:left&#8221; use_theme_fonts=&#8221;yes&#8221;][\/vc_column][\/vc_row][vc_row css=&#8221;.vc_custom_1622455036974{background-color: #f2f2f2 !important;}&#8221;][vc_column css=&#8221;.vc_custom_1490017614850{margin-bottom: 30px !important;}&#8221;][vc_column_text]<\/p>\n<p style=\"text-align: center;\" align=\"center\"><strong>D\u00c9CLARATIONS D\u00c9POS\u00c9ES PAR LA R\u00c9PUBLIQUE DE MADAGASCAR EN VERTU DE LA CONVENTION DU CAP LORS DU D\u00c9P\u00d4T DE SON INSTRUMENT D&#8217;ADH\u00c9SION<\/strong><\/p>\n<p class=\"Default\" style=\"text-align: center;\" align=\"center\"><strong><span lang=\"FR\" style=\"font-size: 11.0pt;\">\u00a0<\/span><\/strong><\/p>\n<p>&nbsp;<\/p>\n<p style=\"text-align: justify;\"><strong>Formulaire n\u00b0 1 (D\u00e9claration particuli\u00e8re opt-in en vertu de l\u2019article 39(1) (a))<\/strong><\/p>\n<p style=\"text-align: justify;\">La R\u00e9publique de Madagascar d\u00e9clare que les cat\u00e9gories suivantes de droits ou garanties non conventionnels :<\/p>\n<p style=\"padding-left: 40px; text-align: justify;\">a. les droits de r\u00e9tention au b\u00e9n\u00e9fice des salari\u00e9s en vertu des privil\u00e8ges dont disposent les salaires dus par un employeur au moment de l\u2019inex\u00e9cution de ses obligations aux termes d\u2019un contrat de financement ou de bail portant sur un bien ;<\/p>\n<p style=\"padding-left: 40px; text-align: justify;\">b. les droits, taxes et redevances impay\u00e9s dus \u00e0 une entit\u00e9 \u00e9tatique et ses d\u00e9membrements ;<\/p>\n<p style=\"padding-left: 40px; text-align: justify;\">c. les droits de r\u00e9tention au b\u00e9n\u00e9fice des r\u00e9parateurs dans la mesure de la valeur des r\u00e9parations faites ou autres services fournis et de la valeur ajout\u00e9s \u00e0 ce bien,<\/p>\n<p style=\"text-align: justify;\">ont priorit\u00e9 en vertu des lois de cet Etat sur une garantie portant sur le bien \u00e9quivalent \u00e0 celle du titulaire d\u2019une garantie internationale qui primerait une garantie internationale inscrite, que ce soit ou non en cas de proc\u00e9dure d\u2019insolvabilit\u00e9.<\/p>\n<p>&nbsp;<\/p>\n<p style=\"text-align: justify;\"><strong> Formulaire n\u00b0 4 (D\u00e9claration g\u00e9n\u00e9rale opt-in en vertu de l\u2019article 39 (1) (b))<\/strong><\/p>\n<p style=\"text-align: justify;\">La R\u00e9publique de Madagascar d\u00e9clare qu\u2019aucune disposition de la Convention ne porte atteinte \u00e0 son droit, \u00e0 celui d\u2019une entit\u00e9 \u00e9tatique, d\u2019une organisation intergouvernementale ou d\u2019un autre fournisseur priv\u00e9 de services publics de saisir ou de retenir un bien en vertu des lois de cet Etat pour le paiement des redevances qui lui sont dues et qui sont directement li\u00e9es aux services fournis concernant ce bien ou un autre bien.<\/p>\n<p>&nbsp;<\/p>\n<p style=\"text-align: justify;\"><strong> Formulaire n\u00b0 6 (D\u00e9claration opt-in en vertu de l\u2019article 40)<\/strong><\/p>\n<p style=\"text-align: justify;\">La R\u00e9publique de Madagascar d\u00e9clare que les droits ou garanties non conventionnels d\u00e9coulant de la saisie du bien a\u00e9ronautique en ex\u00e9cution partielle ou int\u00e9grale d\u2019un jugement de condamnation, peuvent \u00eatre inscrits en vertu de la pr\u00e9sente Convention comme si ces droits ou garanties \u00e9taient des garanties internationales, et seront d\u00e8s lors trait\u00e9s comme telles.<\/p>\n<p>&nbsp;<\/p>\n<p style=\"text-align: justify;\"><strong> Formulaire n\u00b0 11 (D\u00e9claration en vertu de l\u2019article 53)<\/strong><\/p>\n<p style=\"text-align: justify;\">La R\u00e9publique de Madagascar d\u00e9clare que les Cours et Tribunaux malgaches sont comp\u00e9tents aux fins de l\u2019application de l\u2019article premier et du Chapitre XII de la Convention.<\/p>\n<p>&nbsp;<\/p>\n<p style=\"text-align: justify;\"><strong> Formulaire n\u00b0 13 (D\u00e9claration obligatoire en vertu de l\u2019article 54 (2))<\/strong><\/p>\n<p style=\"text-align: justify;\">La R\u00e9publique de Madagascar d\u00e9clare que les mesures ouvertes au cr\u00e9ancier en vertu de la Convention peuvent \u00eatre exerc\u00e9es sans aucune intervention ou action de la cour ou du tribunal, sauf dans le cas des mesures o\u00f9 l\u2019intervention de la cour ou du tribunal est express\u00e9ment pr\u00e9vue par les dispositions de la Convention.<\/p>\n<p>&nbsp;<\/p>\n<p style=\"text-align: center;\">*<\/p>\n<p style=\"text-align: center;\">*\u00a0\u00a0\u00a0\u00a0 *<\/p>\n<p style=\"text-align: center;\"><a href=\"https:\/\/www.unidroit.org\/fr\/instruments\/garanties-internationales\/protocole-aeronautique\/etat\/d-madagascar\/\">D\u00e9clarations d\u00e9pos\u00e9es par la R\u00e9publique de Madagascar en vertu du Protocole a\u00e9ronautique<\/a><\/p>\n<p>&nbsp;<\/p>\n<p>[\/vc_column_text][\/vc_column][\/vc_row][vc_row][vc_column][vc_empty_space height=&#8221;10px&#8221;][\/vc_column][\/vc_row]<\/p>\n<p>&nbsp;<\/p>\n<p>&nbsp;<\/p>\n<p>&nbsp;<\/p>\n<\/div>","protected":false},"excerpt":{"rendered":"<p>[vc_row][vc_column css=&#8221;.vc_custom_1490017614850{margin-bottom: 30px !important;}&#8221;][vc_custom_heading text=&#8221;D&#8221; font_container=&#8221;tag:h1|text_align:left&#8221; use_theme_fonts=&#8221;yes&#8221; css=&#8221;.vc_custom_1625938548065{margin-top: 0px !important;margin-bottom: 20px !important;}&#8221;][vc_custom_heading text=&#8221;D\u00c9CLARATIONS D\u00c9POS\u00c9ES PAR LA R\u00c9PUBLIQUE DE MADAGASCAR EN VERTU DE LA CONVENTION DU CAP LORS DU D\u00c9P\u00d4T DE SON INSTRUMENT D&#8217;ADH\u00c9SION &#8221; font_container=&#8221;tag:h4|text_align:left&#8221; use_theme_fonts=&#8221;yes&#8221;][\/vc_column][\/vc_row][vc_row css=&#8221;.vc_custom_1622455036974{background-color: #f2f2f2 !important;}&#8221;][vc_column css=&#8221;.vc_custom_1490017614850{margin-bottom: 30px !important;}&#8221;][vc_column_text] D\u00c9CLARATIONS D\u00c9POS\u00c9ES PAR&nbsp;<a href=\"https:\/\/www.unidroit.org\/fr\/instruments\/garanties-internationales\/convention-du-cap\/etats-parties\/d-madagascar-ct\/\">&hellip;<\/a><\/p>\n","protected":false},"author":19,"featured_media":0,"parent":6564,"menu_order":0,"comment_status":"closed","ping_status":"closed","template":"","meta":{"ep_exclude_from_search":false,"footnotes":""},"class_list":["post-12632","page","type-page","status-publish","format-standard","hentry","odd"],"_links":{"self":[{"href":"https:\/\/www.unidroit.org\/fr\/wp-json\/wp\/v2\/pages\/12632","targetHints":{"allow":["GET"]}}],"collection":[{"href":"https:\/\/www.unidroit.org\/fr\/wp-json\/wp\/v2\/pages"}],"about":[{"href":"https:\/\/www.unidroit.org\/fr\/wp-json\/wp\/v2\/types\/page"}],"author":[{"embeddable":true,"href":"https:\/\/www.unidroit.org\/fr\/wp-json\/wp\/v2\/users\/19"}],"replies":[{"embeddable":true,"href":"https:\/\/www.unidroit.org\/fr\/wp-json\/wp\/v2\/comments?post=12632"}],"version-history":[{"count":0,"href":"https:\/\/www.unidroit.org\/fr\/wp-json\/wp\/v2\/pages\/12632\/revisions"}],"up":[{"embeddable":true,"href":"https:\/\/www.unidroit.org\/fr\/wp-json\/wp\/v2\/pages\/6564"}],"wp:attachment":[{"href":"https:\/\/www.unidroit.org\/fr\/wp-json\/wp\/v2\/media?parent=12632"}],"curies":[{"name":"wp","href":"https:\/\/api.w.org\/{rel}","templated":true}]}}