{"id":12638,"date":"2022-02-10T17:22:55","date_gmt":"2022-02-10T16:22:55","guid":{"rendered":"https:\/\/www.unidroit.org\/?page_id=12638"},"modified":"2022-08-05T13:28:16","modified_gmt":"2022-08-05T11:28:16","slug":"d-senegal-ct","status":"publish","type":"page","link":"https:\/\/www.unidroit.org\/fr\/instruments\/garanties-internationales\/convention-du-cap\/etats-parties\/d-senegal-ct\/","title":{"rendered":"D &#8211; S\u00e9n\u00e9gal ct"},"content":{"rendered":"<div class=\"wpb-content-wrapper\"><p>[vc_row][vc_column css=&#8221;.vc_custom_1490017614850{margin-bottom: 30px !important;}&#8221;][vc_custom_heading text=&#8221;D&#8221; font_container=&#8221;tag:h1|text_align:left&#8221; use_theme_fonts=&#8221;yes&#8221; css=&#8221;.vc_custom_1625938548065{margin-top: 0px !important;margin-bottom: 20px !important;}&#8221;][vc_custom_heading text=&#8221;D\u00c9CLARATIONS D\u00c9POS\u00c9ES PAR LE GOUVERNEMENT DE LA R\u00c9PUBLIQUE DU S\u00c9N\u00c9GAL EN VERTU DE LA CONVENTION DU CAP AU MOMENT DU D\u00c9P\u00d4T DE SON INSTRUMENT DE RATIFICATION&#8221; font_container=&#8221;tag:h4|text_align:left&#8221; use_theme_fonts=&#8221;yes&#8221;][\/vc_column][\/vc_row][vc_row css=&#8221;.vc_custom_1622455036974{background-color: #f2f2f2 !important;}&#8221;][vc_column css=&#8221;.vc_custom_1490017614850{margin-bottom: 30px !important;}&#8221;][vc_column_text]<\/p>\n<p style=\"text-align: center;\"><strong>D\u00c9CLARATIONS<\/strong><\/p>\n<p style=\"text-align: center;\"><strong>D\u00c9POS\u00c9ES PAR LE GOUVERNEMENT DE LA R\u00c9PUBLIQUE DU S\u00c9N\u00c9GAL EN VERTU DE LA CONVENTION DU CAP AU MOMENT DU D\u00c9P\u00d4T DE SON INSTRUMENT DE RATIFICATION<\/strong><\/p>\n<p>&nbsp;<\/p>\n<p>&nbsp;<\/p>\n<p style=\"text-align: justify;\"><strong><em>Formulaire n<\/em><\/strong><strong><em>\u00ba<\/em><\/strong><strong><em>1 (d<\/em><\/strong><strong><em>\u00e9<\/em><\/strong><strong><em>claration particuli<\/em><\/strong><strong><em>\u00e8<\/em><\/strong><strong><em>re opt-in en vertu de l\u2019article 39(1)(a))<\/em><\/strong><\/p>\n<p style=\"text-align: justify;\">La R\u00e9publique du S\u00e9n\u00e9gal d\u00e9clare que les cat\u00e9gories suivantes de droits ou garanties non conventionnels;<\/p>\n<p style=\"text-align: justify; padding-left: 40px;\">(a)\u00a0\u00a0\u00a0\u00a0\u00a0\u00a0\u00a0\u00a0 les droits de r\u00e9tention au b\u00e9n\u00e9fice des salari\u00e9s en vertu des privil\u00e8ges dont disposent les salaires dus par un employeur au moment de l\u2019inex\u00e9cution de ses obligations aux termes d\u2019un contrat de financement ou de bail portant sur un bien;<\/p>\n<p style=\"text-align: justify; padding-left: 40px;\">(b)\u00a0\u00a0\u00a0\u00a0\u00a0\u00a0\u00a0\u00a0 les droits de r\u00e9tention au b\u00e9n\u00e9fice des r\u00e9parateurs dans la mesure de la valeur des r\u00e9parations faites ou autres services fournis et de la valeur ajout\u00e9e \u00e0 ce bien \u2013<\/p>\n<p style=\"text-align: justify;\">ont priorit\u00e9 en vertu des lois de cet Etat sur une garantie portant sur le bien \u00e9quivalente \u00e0 celle du titulaire d\u2019une garantie internationale inscrite et qui primeront une garantie internationale inscrite, que ce soit ou non dans le cadre d\u2019une proc\u00e9dure d\u2019insolvabilit\u00e9.<\/p>\n<p>&nbsp;<\/p>\n<p><strong><em>Formulaire n<\/em><\/strong><strong><em>\u00ba4<\/em><\/strong><strong><em> (d<\/em><\/strong><strong><em>\u00e9<\/em><\/strong><strong><em>claration g<\/em><\/strong><strong><em>\u00e9<\/em><\/strong><strong><em>n<\/em><\/strong><strong><em>\u00e9<\/em><\/strong><strong><em>rale opt-in en vertu de l\u2019article 39(1)(b))<\/em><\/strong><\/p>\n<p style=\"text-align: justify;\">La R\u00e9publique du S\u00e9n\u00e9gal d\u00e9clare que rien dans la Convention ne porte atteinte \u00e0 son droit ou celui de toute entit\u00e9 \u00e9tatique, toute Organisation intergouvernementale ou de tout autre fournisseur priv\u00e9 de services publics de saisir ou de retenir un bien en vertu des lois de cet Etat pour le paiement des redevances qui lui sont dues et qui sont directement li\u00e9es aux services fournis concernant ce bien ou un autre bien.<\/p>\n<p>&nbsp;<\/p>\n<p><strong><em>Formulaire n<\/em><\/strong><strong><em>\u00ba6<\/em><\/strong><strong><em> (d<\/em><\/strong><strong><em>\u00e9<\/em><\/strong><strong><em>claration opt-in en vertu de l\u2019article 40)<\/em><\/strong><\/p>\n<p style=\"text-align: justify;\">La R\u00e9publique du S\u00e9n\u00e9gal d\u00e9clare que les droits ou garanties non conventionnels suivants:<\/p>\n<p style=\"padding-left: 40px;\">a. les droits d\u00e9coulant de la saisie du bien a\u00e9ronautique en ex\u00e9cution partielle ou int\u00e9grale d\u2019un jugement de condamnation, et<\/p>\n<p style=\"padding-left: 40px;\">b. les droits au b\u00e9n\u00e9fice d\u2019une entit\u00e9 \u00e9tatique en vertu des privil\u00e8ges fiscaux ou d\u2019autres redevances impay\u00e9es<\/p>\n<p style=\"text-align: justify;\">peuvent \u00eatre inscrits au Registre international comme si ces droits ou garanties \u00e9taient des garanties internationales, et seront d\u00e8s lors trait\u00e9s comme telles.<\/p>\n<p>&nbsp;<\/p>\n<p><strong><em>Formulaire n<\/em><\/strong><strong><em>\u00ba10<\/em><\/strong><strong><em> (d<\/em><\/strong><strong><em>\u00e9<\/em><\/strong><strong><em>claration g<\/em><\/strong><strong><em>\u00e9<\/em><\/strong><strong><em>n<\/em><\/strong><strong><em>\u00e9<\/em><\/strong><strong><em>rale en vertu de l\u2019article 52)<\/em><\/strong><\/p>\n<p style=\"text-align: justify;\">La R\u00e9publique du S\u00e9n\u00e9gal d\u00e9clare que la Convention s\u2019applique \u00e0 toutes ses unit\u00e9s territoriales.<\/p>\n<p>&nbsp;<\/p>\n<p><strong><em>Formulaire n<\/em><\/strong><strong><em>\u00ba11<\/em><\/strong><strong><em> (d<\/em><\/strong><strong><em>\u00e9<\/em><\/strong><strong><em>claration en vertu de l\u2019article 53)<\/em><\/strong><\/p>\n<p style=\"text-align: justify;\">La R\u00e9publique du S\u00e9n\u00e9gal d\u00e9clare que les tribunaux s\u00e9n\u00e9galais sont comp\u00e9tents aux fins de l\u2019application de l\u2019article premier et du Chapitre XII de la Convention.<\/p>\n<p>&nbsp;<\/p>\n<p><strong><em>Formulaire n<\/em><\/strong><strong><em>\u00ba13<\/em><\/strong><strong><em> (d<\/em><\/strong><strong><em>\u00e9<\/em><\/strong><strong><em>claration obligatoire en vertu de l\u2019article 54(2)<\/em><\/strong><\/p>\n<p style=\"text-align: justify;\">La R\u00e9publique du S\u00e9n\u00e9gal d\u00e9clare que les mesures ouvertes au cr\u00e9ancier en vertu de la Convention peuvent \u00eatre exerc\u00e9es sans aucune intervention ou toute action du tribunal, sauf dans le cas des mesures o\u00f9 l\u2019intervention du tribunal est express\u00e9ment pr\u00e9vue par les dispositions de ladite Convention.<\/p>\n<p>&nbsp;<\/p>\n<p style=\"text-align: center;\">*<\/p>\n<p style=\"text-align: center;\">*\u00a0\u00a0\u00a0\u00a0 *<\/p>\n<p style=\"text-align: center;\"><a href=\"https:\/\/www.unidroit.org\/fr\/instruments\/garanties-internationales\/protocole-aeronautique\/etat\/d-senegal\/\">D\u00e9clarations d\u00e9pos\u00e9es par la R\u00e9publique du S\u00e9n\u00e9gal en vertu du Protocole a\u00e9ronautique<\/a><\/p>\n<p>&nbsp;<\/p>\n<p>[\/vc_column_text][\/vc_column][\/vc_row][vc_row][vc_column][vc_empty_space height=&#8221;10px&#8221;][\/vc_column][\/vc_row]<\/p>\n<\/div>","protected":false},"excerpt":{"rendered":"<p>[vc_row][vc_column css=&#8221;.vc_custom_1490017614850{margin-bottom: 30px !important;}&#8221;][vc_custom_heading text=&#8221;D&#8221; font_container=&#8221;tag:h1|text_align:left&#8221; use_theme_fonts=&#8221;yes&#8221; css=&#8221;.vc_custom_1625938548065{margin-top: 0px !important;margin-bottom: 20px !important;}&#8221;][vc_custom_heading text=&#8221;D\u00c9CLARATIONS D\u00c9POS\u00c9ES PAR LE GOUVERNEMENT DE LA R\u00c9PUBLIQUE DU S\u00c9N\u00c9GAL EN VERTU DE LA CONVENTION DU CAP AU MOMENT DU D\u00c9P\u00d4T DE SON INSTRUMENT DE RATIFICATION&#8221; font_container=&#8221;tag:h4|text_align:left&#8221; use_theme_fonts=&#8221;yes&#8221;][\/vc_column][\/vc_row][vc_row css=&#8221;.vc_custom_1622455036974{background-color: #f2f2f2 !important;}&#8221;][vc_column css=&#8221;.vc_custom_1490017614850{margin-bottom: 30px&nbsp;<a href=\"https:\/\/www.unidroit.org\/fr\/instruments\/garanties-internationales\/convention-du-cap\/etats-parties\/d-senegal-ct\/\">&hellip;<\/a><\/p>\n","protected":false},"author":19,"featured_media":0,"parent":6564,"menu_order":0,"comment_status":"closed","ping_status":"closed","template":"","meta":{"ep_exclude_from_search":false,"footnotes":""},"class_list":["post-12638","page","type-page","status-publish","format-standard","hentry","odd"],"_links":{"self":[{"href":"https:\/\/www.unidroit.org\/fr\/wp-json\/wp\/v2\/pages\/12638","targetHints":{"allow":["GET"]}}],"collection":[{"href":"https:\/\/www.unidroit.org\/fr\/wp-json\/wp\/v2\/pages"}],"about":[{"href":"https:\/\/www.unidroit.org\/fr\/wp-json\/wp\/v2\/types\/page"}],"author":[{"embeddable":true,"href":"https:\/\/www.unidroit.org\/fr\/wp-json\/wp\/v2\/users\/19"}],"replies":[{"embeddable":true,"href":"https:\/\/www.unidroit.org\/fr\/wp-json\/wp\/v2\/comments?post=12638"}],"version-history":[{"count":0,"href":"https:\/\/www.unidroit.org\/fr\/wp-json\/wp\/v2\/pages\/12638\/revisions"}],"up":[{"embeddable":true,"href":"https:\/\/www.unidroit.org\/fr\/wp-json\/wp\/v2\/pages\/6564"}],"wp:attachment":[{"href":"https:\/\/www.unidroit.org\/fr\/wp-json\/wp\/v2\/media?parent=12638"}],"curies":[{"name":"wp","href":"https:\/\/api.w.org\/{rel}","templated":true}]}}