{"id":12642,"date":"2022-02-10T17:31:55","date_gmt":"2022-02-10T16:31:55","guid":{"rendered":"https:\/\/www.unidroit.org\/?page_id=12642"},"modified":"2022-08-05T13:38:40","modified_gmt":"2022-08-05T11:38:40","slug":"d-togo-ct","status":"publish","type":"page","link":"https:\/\/www.unidroit.org\/fr\/instruments\/garanties-internationales\/convention-du-cap\/etats-parties\/d-togo-ct\/","title":{"rendered":"D &#8211; Togo ct"},"content":{"rendered":"<div class=\"wpb-content-wrapper\"><p>[vc_row][vc_column css=&#8221;.vc_custom_1490017614850{margin-bottom: 30px !important;}&#8221;][vc_custom_heading text=&#8221;D&#8221; font_container=&#8221;tag:h1|text_align:left&#8221; use_theme_fonts=&#8221;yes&#8221; css=&#8221;.vc_custom_1625938548065{margin-top: 0px !important;margin-bottom: 20px !important;}&#8221;][vc_custom_heading text=&#8221;D\u00c9CLARATIONS SUBS\u00c9QUENTES D\u00c9POS\u00c9ES PAR LE GOUVERNEMENT DE LA R\u00c9PUBLIQUE TOGOLAISE<br \/>\n&#8221; font_container=&#8221;tag:h4|text_align:left&#8221; use_theme_fonts=&#8221;yes&#8221;][\/vc_column][\/vc_row][vc_row css=&#8221;.vc_custom_1622455036974{background-color: #f2f2f2 !important;}&#8221;][vc_column css=&#8221;.vc_custom_1490017614850{margin-bottom: 30px !important;}&#8221;][vc_column_text]<\/p>\n<p style=\"text-align: center;\"><strong>D\u00c9CLARATIONS SUBS\u00c9QUENTES<br \/>\n<\/strong><strong>D\u00c9POS\u00c9ES PAR LE GOUVERNEMENT DE LA R\u00c9PUBLIQUE TOGOLAISE<br \/>\nle 26 septembre 2011*<br \/>\n<\/strong><\/p>\n<p>&nbsp;<\/p>\n<p style=\"text-align: justify; padding-left: 40px;\"><span style=\"color: #c20e0e;\">* Le 26 septembre 2011, la R\u00e9publique togolaise a notifi\u00e9 \u00e0 Unidroit, conform\u00e9ment \u00e0 l\u2019article\u00a057(1) de la Convention, les d\u00e9clarations subs\u00e9quentes qui suivent. Conform\u00e9ment \u00e0 l\u2019article\u00a057(2) de la Convention, ces d\u00e9clarations subs\u00e9quentes prendront effet le 1er avril 2012.<\/span><\/p>\n<p>&nbsp;<\/p>\n<p style=\"text-align: justify;\"><strong>1 \u2013 Au titre de l\u2019article 39\u20131\u2013a)<\/strong><\/p>\n<p style=\"text-align: justify;\">La R\u00e9publique Togolaise d\u00e9clare que les cat\u00e9gories suivantes de droits ou garanties non conventionnels:<\/p>\n<p style=\"padding-left: 40px;\">a) Les cr\u00e9ances de salaires au profit des employ\u00e9s des Compagnies A\u00e9riennes r\u00e9sultant d\u2019un contrat de travail;<\/p>\n<p style=\"padding-left: 40px;\">b) Les redevances fiscales et autres taxes dues au titre de l\u2019exploitation de l\u2019a\u00e9ronef, ainsi qu\u2019au titre de son immobilisation du fait de la d\u00e9faillance de l\u2019exploitant ou du propri\u00e9taire suivant les prescriptions d\u2019un contrat de financement ou de location d\u2019a\u00e9ronefs;<\/p>\n<p style=\"padding-left: 40px;\">c) Cr\u00e9ances des r\u00e9parateurs de l\u2019a\u00e9ronef en leur possession jusqu\u2019\u00e0 concurrence des sommes dues au titre de leurs prestations;<\/p>\n<p style=\"text-align: justify;\">Ont priorit\u00e9 en vertu de ses lois sur les garanties portant sur un bien a\u00e9ronautique \u00e9quivalant \u00e0 celles du titulaire d\u2019une garantie internationale et primeront une garantie internationale inscrite, que ce soit ou non en cas de proc\u00e9dure d\u2019insolvabilit\u00e9.<\/p>\n<p>&nbsp;<\/p>\n<p style=\"text-align: justify;\"><strong>39\u20131b<\/strong><\/p>\n<p style=\"text-align: justify;\">La R\u00e9publique Togolaise d\u00e9clare qu\u2019aucune disposition de la convention ne porte atteinte ni \u00e0 son droit en tant qu\u2019entit\u00e9 \u00e9tatique, ni \u00e0 celui d\u2019une quelconque organisation intergouvernementale ni encore \u00e0 celui d\u2019un fournisseur priv\u00e9 de services publics de saisir ou retenir un a\u00e9ronef en vertu des lois en vigueur sur son territoire pour le paiement des redevances dues \u00e0 cette entit\u00e9, cette organisation ou ce fournisseur et se rapportant directement aux services fournis par lui\/elle relativement \u00e0 cet a\u00e9ronef ou tout autre.<\/p>\n<p>&nbsp;<\/p>\n<p style=\"text-align: justify;\"><strong>Article 40 <\/strong><\/p>\n<p style=\"text-align: justify;\">La R\u00e9publique Togolaise d\u00e9clare que les droits et garanties non conventionnels\u00a0 suivants:<\/p>\n<p style=\"padding-left: 40px;\">a) Les droits d\u00e9coulant de la saisie du bien a\u00e9ronautique en ex\u00e9cution partielle ou int\u00e9grale d\u2019un jugement de condamnation;<\/p>\n<p style=\"padding-left: 40px;\">b) Les droits au b\u00e9n\u00e9fice d\u2019une entit\u00e9 \u00e9tatique en vertu des privil\u00e8ges fiscaux ou d\u2019autres redevances impay\u00e9es de tout genre (qui ne font pas l\u2019objet de la d\u00e9claration faite en vertu de l\u2019article 39 (1) (a) de la convention); et,<\/p>\n<p style=\"padding-left: 40px;\">c) Toute autre cat\u00e9gorie de droits ou de garanties non conventionnels qui ne font pas l\u2019objet de la d\u00e9claration faite en vertu de l\u2019article 39 (1) (a) de la convention seront susceptibles d\u2019inscription au Registre International comme si ces droits ou garanties \u00e9taient des garanties internationales, et seront d\u00e8s lors trait\u00e9es comme telles;<\/p>\n<p style=\"text-align: justify;\">Sont enregistrables en vertu de la convention en ce qui concerne toute cat\u00e9gorie d\u2019a\u00e9ronef tout comme si les droits ou int\u00e9r\u00eats \u00e9taient des garanties internationales et seront r\u00e9glement\u00e9s en cons\u00e9quence.<\/p>\n<p>&nbsp;<\/p>\n<p style=\"text-align: justify;\"><strong>Au titre de l\u2019article 53<\/strong><\/p>\n<p style=\"text-align: justify;\">La R\u00e9publique Togolaise d\u00e9clare que les Tribunaux Togolais sont comp\u00e9tents pour conna\u00eetre de l\u2019application de l\u2019article premier et du chapitre XII de la pr\u00e9sente convention.<\/p>\n<p>&nbsp;<\/p>\n<p style=\"text-align: justify;\"><strong><u>Article 54\u20132 <\/u><\/strong><\/p>\n<p style=\"text-align: justify;\">La R\u00e9publique Togolaise d\u00e9clare que les mesures ouvertes au cr\u00e9ancier en vertu de la convention seront\u00a0 exerc\u00e9es \u00e0 chaque fois que n\u00e9cessaire\u00a0 sans aucune intervention ou action du Tribunal, sauf dans le cas des mesures o\u00f9 l\u2019intervention du Tribunal est express\u00e9ment pr\u00e9vue par les dispositions de ladite convention.<\/p>\n<p>&nbsp;<\/p>\n<p style=\"text-align: center;\">*<\/p>\n<p style=\"text-align: center;\">*\u00a0\u00a0\u00a0\u00a0 *<\/p>\n<p style=\"text-align: center;\"><a href=\"https:\/\/www.unidroit.org\/fr\/instruments\/garanties-internationales\/protocole-aeronautique\/etat\/d-togo\/\">D\u00e9clarations d\u00e9pos\u00e9es par la R\u00e9publique Togolaise en vertu du Protocole a\u00e9ronautique<\/a><\/p>\n<p style=\"text-align: justify;\">[\/vc_column_text][\/vc_column][\/vc_row][vc_row][vc_column][vc_empty_space height=&#8221;10px&#8221;][\/vc_column][\/vc_row]<\/p>\n<p>&nbsp;<\/p>\n<\/div>","protected":false},"excerpt":{"rendered":"<p>[vc_row][vc_column css=&#8221;.vc_custom_1490017614850{margin-bottom: 30px !important;}&#8221;][vc_custom_heading text=&#8221;D&#8221; font_container=&#8221;tag:h1|text_align:left&#8221; use_theme_fonts=&#8221;yes&#8221; css=&#8221;.vc_custom_1625938548065{margin-top: 0px !important;margin-bottom: 20px !important;}&#8221;][vc_custom_heading text=&#8221;D\u00c9CLARATIONS SUBS\u00c9QUENTES D\u00c9POS\u00c9ES PAR LE GOUVERNEMENT DE LA R\u00c9PUBLIQUE TOGOLAISE &#8221; font_container=&#8221;tag:h4|text_align:left&#8221; use_theme_fonts=&#8221;yes&#8221;][\/vc_column][\/vc_row][vc_row css=&#8221;.vc_custom_1622455036974{background-color: #f2f2f2 !important;}&#8221;][vc_column css=&#8221;.vc_custom_1490017614850{margin-bottom: 30px !important;}&#8221;][vc_column_text] D\u00c9CLARATIONS SUBS\u00c9QUENTES D\u00c9POS\u00c9ES PAR LE GOUVERNEMENT DE LA R\u00c9PUBLIQUE TOGOLAISE le 26 septembre 2011*&nbsp;<a href=\"https:\/\/www.unidroit.org\/fr\/instruments\/garanties-internationales\/convention-du-cap\/etats-parties\/d-togo-ct\/\">&hellip;<\/a><\/p>\n","protected":false},"author":19,"featured_media":0,"parent":6564,"menu_order":0,"comment_status":"closed","ping_status":"closed","template":"","meta":{"ep_exclude_from_search":false,"footnotes":""},"class_list":["post-12642","page","type-page","status-publish","format-standard","hentry","odd"],"_links":{"self":[{"href":"https:\/\/www.unidroit.org\/fr\/wp-json\/wp\/v2\/pages\/12642","targetHints":{"allow":["GET"]}}],"collection":[{"href":"https:\/\/www.unidroit.org\/fr\/wp-json\/wp\/v2\/pages"}],"about":[{"href":"https:\/\/www.unidroit.org\/fr\/wp-json\/wp\/v2\/types\/page"}],"author":[{"embeddable":true,"href":"https:\/\/www.unidroit.org\/fr\/wp-json\/wp\/v2\/users\/19"}],"replies":[{"embeddable":true,"href":"https:\/\/www.unidroit.org\/fr\/wp-json\/wp\/v2\/comments?post=12642"}],"version-history":[{"count":0,"href":"https:\/\/www.unidroit.org\/fr\/wp-json\/wp\/v2\/pages\/12642\/revisions"}],"up":[{"embeddable":true,"href":"https:\/\/www.unidroit.org\/fr\/wp-json\/wp\/v2\/pages\/6564"}],"wp:attachment":[{"href":"https:\/\/www.unidroit.org\/fr\/wp-json\/wp\/v2\/media?parent=12642"}],"curies":[{"name":"wp","href":"https:\/\/api.w.org\/{rel}","templated":true}]}}