{"id":12650,"date":"2022-02-11T10:03:42","date_gmt":"2022-02-11T09:03:42","guid":{"rendered":"https:\/\/www.unidroit.org\/?page_id=12650"},"modified":"2024-07-08T14:43:34","modified_gmt":"2024-07-08T12:43:34","slug":"d-union-europeenne-ct","status":"publish","type":"page","link":"https:\/\/www.unidroit.org\/fr\/instruments\/garanties-internationales\/convention-du-cap\/etats-parties\/d-union-europeenne-ct\/","title":{"rendered":"D &#8211; Union europ\u00e9enne ct"},"content":{"rendered":"<div class=\"wpb-content-wrapper\"><p>[vc_row][vc_column css=&#8221;.vc_custom_1490017614850{margin-bottom: 30px !important;}&#8221;][vc_custom_heading text=&#8221;D&#8221; font_container=&#8221;tag:h1|text_align:left&#8221; use_theme_fonts=&#8221;yes&#8221; css=&#8221;.vc_custom_1625938548065{margin-top: 0px !important;margin-bottom: 20px !important;}&#8221;][vc_custom_heading text=&#8221;D\u00c9CLARATIONS D\u00c9POS\u00c9ES PAR L\u2019UNION EUROP\u00c9ENNE EN VERTU DE LA CONVENTION DU CAP AU MOMENT DU D\u00c9P\u00d4T DE SON INSTRUMENT D\u2019ADH\u00c9SION &#8221; font_container=&#8221;tag:h4|text_align:left&#8221; use_theme_fonts=&#8221;yes&#8221;][\/vc_column][\/vc_row][vc_row css=&#8221;.vc_custom_1622455036974{background-color: #f2f2f2 !important;}&#8221;][vc_column css=&#8221;.vc_custom_1490017614850{margin-bottom: 30px !important;}&#8221;][vc_column_text]<\/p>\n<p style=\"text-align: center;\"><strong>D\u00c9CLARATIONS<br \/>\nD\u00c9POS\u00c9ES PAR L\u2019UNION EUROP\u00c9ENNE EN VERTU DE LA CONVENTION DU CAP AU MOMENT DU D\u00c9P\u00d4T DE SON INSTRUMENT D\u2019ADH\u00c9SION<\/strong><\/p>\n<p>&nbsp;<\/p>\n<p style=\"text-align: justify;\"><strong>I. D\u00e9claration pr\u00e9sent\u00e9e en vertu de l\u2019article 48, paragraphe 2, concernant la comp\u00e9tence de la Communaut\u00e9 europ\u00e9enne sur les mati\u00e8res r\u00e9gies par la convention relative aux garanties internationales portant sur des mat\u00e9riels d\u2019\u00e9quipement mobiles (\u201cla convention du Cap\u201d) pour lesquelles les \u00c9tats membres lui ont d\u00e9l\u00e9gu\u00e9 leur comp\u00e9tence<\/strong><\/p>\n<p style=\"text-align: justify;\">1. La convention du Cap dispose \u00e0 son article 48 que les organisations r\u00e9gionales d\u2019int\u00e9gration \u00e9conomique constitu\u00e9es par des \u00c9tats souverains et ayant comp\u00e9tence sur certaines mati\u00e8res r\u00e9gies par ladite convention peuvent y adh\u00e9rer, sous r\u00e9serve de proc\u00e9der \u00e0 la d\u00e9claration pr\u00e9vue au paragraphe 2 dudit article. La Communaut\u00e9 a d\u00e9cid\u00e9 d\u2019adh\u00e9rer \u00e0 la convention du Cap et proc\u00e8de par cons\u00e9quent \u00e0 cette d\u00e9claration.<\/p>\n<p style=\"text-align: justify;\">2. Les membres actuels de la Communaut\u00e9 sont le Royaume de Belgique, la R\u00e9publique de Bulgarie, la R\u00e9publique tch\u00e8que, le Royaume de Danemark, la R\u00e9publique f\u00e9d\u00e9rale d\u2019Allemagne, la R\u00e9publique d\u2019Estonie, l\u2019Irlande, la R\u00e9publique hell\u00e9nique, le Royaume d\u2019Espagne, la R\u00e9publique fran\u00e7aise, la R\u00e9publique italienne, la R\u00e9publique de Chypre, la R\u00e9publique de Lettonie, la R\u00e9publique de Lituanie, le Grand-Duch\u00e9 de Luxembourg, la R\u00e9publique de Hongrie, la R\u00e9publique de Malte, le Royaume des Pays-Bas, la R\u00e9publique d\u2019Autriche, la R\u00e9publique de Pologne, la R\u00e9publique portugaise, la Roumanie, la R\u00e9publique de Slov\u00e9nie, la R\u00e9publique slovaque, la R\u00e9publique de Finlande, le Royaume de Su\u00e8de ansi que le Royaume-Uni de Grande-Bretagne et d\u2019Irlande du Nord.<\/p>\n<p style=\"text-align: justify;\">3. Toutefois, la pr\u00e9sente d\u00e9claration ne s\u2019applique pas au Royaume de Danemark, conform\u00e9ment aux articles 1 er et 2 du protocole sur la position du Danemark annexe au trait\u00e9 sur l\u2019Union europ\u00e9enne et au trait\u00e9 instituant la Communaut\u00e9 europ\u00e9enne.<\/p>\n<p style=\"text-align: justify;\">4. La pr\u00e9sente d\u00e9claration n\u2019est pas applicable aux territoires des \u00c9tats membres auxquels le trait\u00e9 instituant la Communaut\u00e9 europ\u00e9enne ne s\u2019applique pas et ne pr\u00e9juge pas des mesures ou positions qui pourraient \u00eatre adopt\u00e9es en vertu de la convention du Cap par les \u00c9tats membres concern\u00e9s au nom et dans l\u2019int\u00e9r\u00eat de ces territoires.<\/p>\n<p style=\"text-align: justify;\">5. Les \u00c9tats membres de la Communaut\u00e9 europ\u00e9enne ont d\u00e9l\u00e9gu\u00e9 leur comp\u00e9tence \u00e0 la Communaut\u00e9 pour les mati\u00e8res affectant le r\u00e8glement (CE) n\u00b0 44\/2001 du Conseil du 22 d\u00e9cembre 2000 concernant la comp\u00e9tence judicaire, la reconnaissance et l\u2019ex\u00e9cution des d\u00e9cisions en mati\u00e8re civile et commerciale1, le r\u00e8glement (CE) n\u00b0 1346\/2000 du Conseil du 29 mai 2000 relatif aux proc\u00e9dures d\u2019insolvabilit\u00e92 et le r\u00e8glement (CE) n\u00b0 593\/2008 du Parlement europ\u00e9en et du Conseil du 17 juin 2008 sur la loi applicable aux obligations contractuelles (Rome I)3.<\/p>\n<p style=\"text-align: justify;\">6. Au moment de l\u2019adh\u00e9sion \u00e0 la convention du Cap, la Communaut\u00e9 ne fera aucune des d\u00e9clarations autoris\u00e9es par les articles vis\u00e9s \u00e0 l\u2019article 56 de ladite convention, \u00e0 l\u2019exception d\u2019une d\u00e9claration relative \u00e0 l\u2019article 55. Les \u00c9tats membres conservent leurs comp\u00e9tences en ce qui concerne les r\u00e8gles de droit mat\u00e9riel en mati\u00e8re d\u2019insolvabilit\u00e9.<\/p>\n<p style=\"text-align: justify;\">7. L\u2019exercice des comp\u00e9tences que les \u00c9tats membres ont d\u00e9l\u00e9gu\u00e9es \u00e0 la Communaut\u00e9 en vertu du trait\u00e9 instituant la Communaut\u00e9 europ\u00e9enne est, par nature, susceptible d\u2019\u00e9voluer en permanence. Dans le cadre dudit trait\u00e9, les institutions comp\u00e9tentes peuvent prendre des d\u00e9cisions qui d\u00e9terminent l\u2019\u00e9tendue des comp\u00e9tences de la Communaut\u00e9. Cette derni\u00e8re se r\u00e9serve d\u00e8s lors le droit de modifier la pr\u00e9sente d\u00e9claration en cons\u00e9quence, sans que cela constitue une condition pr\u00e9alable \u00e0 l\u2019exercice de ses comp\u00e9tences en ce qui concerne les mati\u00e8res r\u00e9gies par la convention du Cap.<\/p>\n<p>_____________________<\/p>\n<p><sup>1<\/sup>\u00a0OJ L 12, 16.1.2001, p. 1.<\/p>\n<p><sup>2<\/sup>\u00a0OJ L 160, 30.6.2000, p. 1.<\/p>\n<p><sup>3<\/sup> OJ L 177, 4.7.2008, p. 6<\/p>\n<p>&nbsp;<\/p>\n<p style=\"text-align: justify;\">\u201cI.\u00a0\u00a0\u00a0\u00a0\u00a0 <strong>D\u00e9claration de la Communaut\u00e9 europ\u00e9enne en vertu de l\u2019article 55 de la convention relative aux garanties internationales portant sur des mat\u00e9riels d\u2019\u00e9quipement mobiles (\u201cla convention du Cap\u201d).<\/strong><\/p>\n<p style=\"text-align: justify;\">En vertu de l&#8217;article 55 de la convention du Cap, lorsque le d\u00e9biteur est domicili\u00e9 sur le territoire d\u2019un \u00c9tat membre de la Communaut\u00e9, les \u00c9tats membres li\u00e9s par le r\u00e8glement (CE) n\u00b0 44\/2001 du Conseil du 22 d\u00e9cembre 2000 concernant la comp\u00e9tence judiciaire, la reconnaissance et l&#8217;ex\u00e9cution des d\u00e9cisions en mati\u00e8re civile et commerciale<sup>1<\/sup><a href=\"#_ftn1\" name=\"_ftnref1\"><\/a> n\u2019appliqueront les articles 13 et 43 de la convention du Cap pour l&#8217;octroi de mesures provisoires que conform\u00e9ment \u00e0 l&#8217;article 31 du r\u00e8glement n\u00b0 44\/2001, tel qu\u2019interpr\u00e9t\u00e9 par la Cour de Justice des Communaut\u00e9s europ\u00e9ennes dans le cadre de l\u2019article 24 de la convention de Bruxelles du 27 septembre 1968 concernant la comp\u00e9tence judiciaire et l\u2019ex\u00e9cution des d\u00e9cisions en mati\u00e8re civile et commerciale<sup>2<\/sup>.\u201d<\/p>\n<p>_______________________<\/p>\n<p>1\u00a0OJ L 12, 16.1.2001, p. 1.<\/p>\n<p>2 OJ L 299, 31.12.1972, p. 32.<\/p>\n<p>&nbsp;<\/p>\n<p style=\"text-align: center;\">*<\/p>\n<p style=\"text-align: center;\">*\u00a0\u00a0\u00a0\u00a0 *<\/p>\n<p style=\"text-align: center;\"><a href=\"https:\/\/www.unidroit.org\/fr\/instruments\/garanties-internationales\/protocole-aeronautique\/etat\/d-union-europeenne\/\">D\u00e9clarations d\u00e9pos\u00e9es par l&#8217;Union Europ\u00e9enne en vertu du Protocole a\u00e9ronautique<\/a><\/p>\n<p>[\/vc_column_text][\/vc_column][\/vc_row][vc_row][vc_column][vc_empty_space height=&#8221;10px&#8221;][\/vc_column][\/vc_row]<\/p>\n<\/div>","protected":false},"excerpt":{"rendered":"<p>[vc_row][vc_column css=&#8221;.vc_custom_1490017614850{margin-bottom: 30px !important;}&#8221;][vc_custom_heading text=&#8221;D&#8221; font_container=&#8221;tag:h1|text_align:left&#8221; use_theme_fonts=&#8221;yes&#8221; css=&#8221;.vc_custom_1625938548065{margin-top: 0px !important;margin-bottom: 20px !important;}&#8221;][vc_custom_heading text=&#8221;D\u00c9CLARATIONS D\u00c9POS\u00c9ES PAR L\u2019UNION EUROP\u00c9ENNE EN VERTU DE LA CONVENTION DU CAP AU MOMENT DU D\u00c9P\u00d4T DE SON INSTRUMENT D\u2019ADH\u00c9SION &#8221; font_container=&#8221;tag:h4|text_align:left&#8221; use_theme_fonts=&#8221;yes&#8221;][\/vc_column][\/vc_row][vc_row css=&#8221;.vc_custom_1622455036974{background-color: #f2f2f2 !important;}&#8221;][vc_column css=&#8221;.vc_custom_1490017614850{margin-bottom: 30px !important;}&#8221;][vc_column_text] D\u00c9CLARATIONS D\u00c9POS\u00c9ES PAR L\u2019UNION&nbsp;<a href=\"https:\/\/www.unidroit.org\/fr\/instruments\/garanties-internationales\/convention-du-cap\/etats-parties\/d-union-europeenne-ct\/\">&hellip;<\/a><\/p>\n","protected":false},"author":19,"featured_media":0,"parent":6564,"menu_order":0,"comment_status":"closed","ping_status":"closed","template":"","meta":{"ep_exclude_from_search":false,"footnotes":""},"class_list":["post-12650","page","type-page","status-publish","format-standard","hentry","odd"],"_links":{"self":[{"href":"https:\/\/www.unidroit.org\/fr\/wp-json\/wp\/v2\/pages\/12650","targetHints":{"allow":["GET"]}}],"collection":[{"href":"https:\/\/www.unidroit.org\/fr\/wp-json\/wp\/v2\/pages"}],"about":[{"href":"https:\/\/www.unidroit.org\/fr\/wp-json\/wp\/v2\/types\/page"}],"author":[{"embeddable":true,"href":"https:\/\/www.unidroit.org\/fr\/wp-json\/wp\/v2\/users\/19"}],"replies":[{"embeddable":true,"href":"https:\/\/www.unidroit.org\/fr\/wp-json\/wp\/v2\/comments?post=12650"}],"version-history":[{"count":0,"href":"https:\/\/www.unidroit.org\/fr\/wp-json\/wp\/v2\/pages\/12650\/revisions"}],"up":[{"embeddable":true,"href":"https:\/\/www.unidroit.org\/fr\/wp-json\/wp\/v2\/pages\/6564"}],"wp:attachment":[{"href":"https:\/\/www.unidroit.org\/fr\/wp-json\/wp\/v2\/media?parent=12650"}],"curies":[{"name":"wp","href":"https:\/\/api.w.org\/{rel}","templated":true}]}}