{"id":12679,"date":"2022-02-11T12:35:56","date_gmt":"2022-02-11T11:35:56","guid":{"rendered":"https:\/\/www.unidroit.org\/?page_id=12679"},"modified":"2022-08-05T13:18:41","modified_gmt":"2022-08-05T11:18:41","slug":"d-madagascar","status":"publish","type":"page","link":"https:\/\/www.unidroit.org\/fr\/instruments\/garanties-internationales\/protocole-aeronautique\/etat\/d-madagascar\/","title":{"rendered":"D &#8211; Madagascar"},"content":{"rendered":"<div class=\"wpb-content-wrapper\"><p>[vc_row][vc_column css=&#8221;.vc_custom_1490017614850{margin-bottom: 30px !important;}&#8221;][vc_custom_heading text=&#8221;D&#8221; font_container=&#8221;tag:h1|text_align:left&#8221; use_theme_fonts=&#8221;yes&#8221; css=&#8221;.vc_custom_1625938548065{margin-top: 0px !important;margin-bottom: 20px !important;}&#8221;][vc_custom_heading text=&#8221;D\u00c9CLARATIONS D\u00c9POS\u00c9ES PAR LA R\u00c9PUBLIQUE DE MADAGASCAR EN VERTU DU PROTOCOLE A\u00c9RONAUTIQUE AU MOMENT DU D\u00c9P\u00d4T DE SON INSTRUMENT D\u2019ADH\u00c9SION&#8221; font_container=&#8221;tag:h4|text_align:left&#8221; use_theme_fonts=&#8221;yes&#8221;][\/vc_column][\/vc_row][vc_row css=&#8221;.vc_custom_1622455036974{background-color: #f2f2f2 !important;}&#8221;][vc_column css=&#8221;.vc_custom_1490017614850{margin-bottom: 30px !important;}&#8221;][vc_column_text]<\/p>\n<p style=\"text-align: center;\"><strong>D\u00c9CLARATIONS D\u00c9POS\u00c9ES PAR LA R\u00c9PUBLIQUE DE MADAGASCAR EN VERTU DU PROTOCOLE A\u00c9RONAUTIQUE AU MOMENT DU D\u00c9P\u00d4T DE SON INSTRUMENT D\u2019ADH\u00c9SION<\/strong><\/p>\n<p>&nbsp;<\/p>\n<p>&nbsp;<\/p>\n<p style=\"text-align: justify;\"><strong><em>1. Formulaire n\u00b0 19 (D\u00e9claration opt-in en vertu de l\u2019article XXX (1) se rapportant \u00e0 l\u2019article VIII)<\/em><\/strong><\/p>\n<p style=\"text-align: justify;\">La R\u00e9publique de Madagascar d\u00e9clare qu\u2019il appliquera l\u2019article VIII.<\/p>\n<p>&nbsp;<\/p>\n<p style=\"text-align: justify;\"><strong><em>2. Formulaire n\u00b0 21 (D\u00e9claration opt-in en vertu de l\u2019article XXX (2) se rapportant \u00e0 l\u2019article X et pr\u00e9voyant l\u2019application int\u00e9grale de cet article)<\/em><\/strong><\/p>\n<p style=\"text-align: justify;\">La R\u00e9publique de Madagascar d\u00e9clare qu\u2019elle appliquera l\u2019article X dans son int\u00e9gralit\u00e9 \u00e0 l\u2019exclusion du paragraphe (5) de cet article et que le nombre de jours ouvrables \u00e0 compter dans l\u2019expression \u00ab bref d\u00e9lai \u00bb de l\u2019article X (2) relatif aux mesures ouvertes au cr\u00e9ancier pr\u00e9vues aux articles 13 (1) (a), (b) et (c) de la convention (conservation du bien a\u00e9ronautique et de sa valeur, la mise en possession, le contr\u00f4le et la garde du bien ; et l\u2019immobilisation du bien) est de dix (10) jours civils au maximum et, relatif aux mesures pr\u00e9vues aux articles 13 (1) (d) et (e) de la Convention (le bail ou \u00e0 l\u2019exception des cas aux alin\u00e9as a) et c) de l\u2019article 13 (1), la gestion du bien et les revenus du bien a\u00e9ronautique) ainsi que la vente et l\u2019attribution des produits de la vente est de trente (30 ) jours civils au maximum.<\/p>\n<p>&nbsp;<\/p>\n<p style=\"text-align: justify;\"><strong><em>3. Formulaire n\u00b0 23 (D\u00e9claration g\u00e9n\u00e9rale opt-in en vertu de l\u2019article XXX (3) se rapportant \u00e0 l\u2019article XI et pr\u00e9voyant l\u2019application de la Variante A dans son int\u00e9gralit\u00e9 \u00e0 toutes les cat\u00e9gories de proc\u00e9dures d\u2019insolvabilit\u00e9)<\/em><\/strong><\/p>\n<p style=\"text-align: justify;\">La R\u00e9publique de Madagascar d\u00e9clare qu\u2019elle appliquera l\u2019article XI dans sa Variante A dans son int\u00e9gralit\u00e9 \u00e0 toutes les cat\u00e9gories de proc\u00e9dures d\u2019insolvabilit\u00e9 et que la p\u00e9riode d\u2019attente aux fins de l\u2019article XI (3) de cette variante est de soixante (60) jours civils.<\/p>\n<p>&nbsp;<\/p>\n<p style=\"text-align: justify;\"><strong><em>4. Formulaire n\u00b0 26 (D\u00e9claration opt-in en vertu de l\u2019article XXX (1) se rapportant \u00e0 l\u2019article XII)<\/em><\/strong><\/p>\n<p style=\"text-align: justify;\">La R\u00e9publique de Madagascar d\u00e9clare qu\u2019elle appliquera l\u2019article XII.<\/p>\n<p>&nbsp;<\/p>\n<p style=\"text-align: justify;\"><strong><em>5. Formulaire n\u00b0 27 (D\u00e9claration opt-in en vertu de l\u2019article XXX (1) se rapportant \u00e0 l\u2019article XIII)<\/em><\/strong><\/p>\n<p style=\"text-align: justify;\">La R\u00e9publique de Madagascar d\u00e9clare qu\u2019elle appliquera l\u2019article XIII.<\/p>\n<p>&nbsp;<\/p>\n<p style=\"text-align: center;\">*<\/p>\n<p style=\"text-align: center;\">*\u00a0\u00a0\u00a0\u00a0 *<\/p>\n<p style=\"text-align: center;\"><a href=\"https:\/\/www.unidroit.org\/fr\/instruments\/garanties-internationales\/convention-du-cap\/etats-parties\/d-madagascar-ct\/\">D\u00e9clarations d\u00e9pos\u00e9es par la R\u00e9publique de Madagascar en vertu de la Convention du Cap<\/a><\/p>\n<p>&nbsp;<\/p>\n<p>[\/vc_column_text][\/vc_column][\/vc_row][vc_row][vc_column][vc_empty_space height=&#8221;10px&#8221;][\/vc_column][\/vc_row]<\/p>\n<\/div>","protected":false},"excerpt":{"rendered":"<p>[vc_row][vc_column css=&#8221;.vc_custom_1490017614850{margin-bottom: 30px !important;}&#8221;][vc_custom_heading text=&#8221;D&#8221; font_container=&#8221;tag:h1|text_align:left&#8221; use_theme_fonts=&#8221;yes&#8221; css=&#8221;.vc_custom_1625938548065{margin-top: 0px !important;margin-bottom: 20px !important;}&#8221;][vc_custom_heading text=&#8221;D\u00c9CLARATIONS D\u00c9POS\u00c9ES PAR LA R\u00c9PUBLIQUE DE MADAGASCAR EN VERTU DU PROTOCOLE A\u00c9RONAUTIQUE AU MOMENT DU D\u00c9P\u00d4T DE SON INSTRUMENT D\u2019ADH\u00c9SION&#8221; font_container=&#8221;tag:h4|text_align:left&#8221; use_theme_fonts=&#8221;yes&#8221;][\/vc_column][\/vc_row][vc_row css=&#8221;.vc_custom_1622455036974{background-color: #f2f2f2 !important;}&#8221;][vc_column css=&#8221;.vc_custom_1490017614850{margin-bottom: 30px !important;}&#8221;][vc_column_text] D\u00c9CLARATIONS D\u00c9POS\u00c9ES PAR LA R\u00c9PUBLIQUE&nbsp;<a href=\"https:\/\/www.unidroit.org\/fr\/instruments\/garanties-internationales\/protocole-aeronautique\/etat\/d-madagascar\/\">&hellip;<\/a><\/p>\n","protected":false},"author":19,"featured_media":0,"parent":7387,"menu_order":0,"comment_status":"closed","ping_status":"closed","template":"","meta":{"ep_exclude_from_search":false,"footnotes":""},"class_list":["post-12679","page","type-page","status-publish","format-standard","hentry","odd"],"_links":{"self":[{"href":"https:\/\/www.unidroit.org\/fr\/wp-json\/wp\/v2\/pages\/12679","targetHints":{"allow":["GET"]}}],"collection":[{"href":"https:\/\/www.unidroit.org\/fr\/wp-json\/wp\/v2\/pages"}],"about":[{"href":"https:\/\/www.unidroit.org\/fr\/wp-json\/wp\/v2\/types\/page"}],"author":[{"embeddable":true,"href":"https:\/\/www.unidroit.org\/fr\/wp-json\/wp\/v2\/users\/19"}],"replies":[{"embeddable":true,"href":"https:\/\/www.unidroit.org\/fr\/wp-json\/wp\/v2\/comments?post=12679"}],"version-history":[{"count":0,"href":"https:\/\/www.unidroit.org\/fr\/wp-json\/wp\/v2\/pages\/12679\/revisions"}],"up":[{"embeddable":true,"href":"https:\/\/www.unidroit.org\/fr\/wp-json\/wp\/v2\/pages\/7387"}],"wp:attachment":[{"href":"https:\/\/www.unidroit.org\/fr\/wp-json\/wp\/v2\/media?parent=12679"}],"curies":[{"name":"wp","href":"https:\/\/api.w.org\/{rel}","templated":true}]}}