{"id":12691,"date":"2022-02-11T13:01:41","date_gmt":"2022-02-11T12:01:41","guid":{"rendered":"https:\/\/www.unidroit.org\/?page_id=12691"},"modified":"2022-08-05T13:37:04","modified_gmt":"2022-08-05T11:37:04","slug":"d-togo","status":"publish","type":"page","link":"https:\/\/www.unidroit.org\/fr\/instruments\/garanties-internationales\/protocole-aeronautique\/etat\/d-togo\/","title":{"rendered":"D &#8211; Togo"},"content":{"rendered":"<div class=\"wpb-content-wrapper\"><p>[vc_row][vc_column css=&#8221;.vc_custom_1490017614850{margin-bottom: 30px !important;}&#8221;][vc_custom_heading text=&#8221;D&#8221; font_container=&#8221;tag:h1|text_align:left&#8221; use_theme_fonts=&#8221;yes&#8221; css=&#8221;.vc_custom_1625938548065{margin-top: 0px !important;margin-bottom: 20px !important;}&#8221;][vc_custom_heading text=&#8221;D\u00c9CLARATIONS D\u00c9POS\u00c9ES PAR LE GOUVERNEMENT DU LA R\u00c9PUBLIQUE TOGOLAISE EN VERTU DU PROTOCOLE A\u00c9RONAUTIQUE AU MOMENT DU D\u00c9P\u00d4T DE SON INSTRUMENT D\u2019ADH\u00c9SION&#8221; font_container=&#8221;tag:h4|text_align:left&#8221; use_theme_fonts=&#8221;yes&#8221;][\/vc_column][\/vc_row][vc_row css=&#8221;.vc_custom_1622455036974{background-color: #f2f2f2 !important;}&#8221;][vc_column css=&#8221;.vc_custom_1490017614850{margin-bottom: 30px !important;}&#8221;][vc_column_text]<\/p>\n<p style=\"text-align: center;\"><strong>D\u00c9CLARATIONS D\u00c9POS\u00c9ES PAR LE GOUVERNEMENT DU LA R\u00c9PUBLIQUE TOGOLAISE EN VERTU DU PROTOCOLE A\u00c9RONAUTIQUE AU MOMENT DU D\u00c9P\u00d4T DE SON INSTRUMENT D\u2019ADH\u00c9SION<\/strong><\/p>\n<p>&nbsp;<\/p>\n<p style=\"text-align: justify;\"><strong><em>Au titre de l\u2019article XXX-1 <\/em><\/strong><\/p>\n<p style=\"text-align: justify;\">La R\u00e9publique Togolaise d\u00e9clare qu\u2019elle appliquera les articles VIII, XII et XIII du protocole.<\/p>\n<p>&nbsp;<\/p>\n<p style=\"text-align: justify;\"><strong><em>Au titre de l\u2019article XXX\u20132 <\/em><\/strong><\/p>\n<p style=\"text-align: justify;\">La R\u00e9publique Togolaise d\u00e9clare qu\u2019elle appliquera l\u2019article X du protocole dans son int\u00e9gralit\u00e9.<\/p>\n<p style=\"text-align: justify;\">Le d\u00e9lai de mise en \u0153uvre des dispositions de l\u2019article X du protocole, lorsque n\u00e9cessaire ne devra en aucune mani\u00e8re exc\u00e9der \u00e0 compter de l\u2019introduction de la demande :<\/p>\n<p style=\"padding-left: 40px; text-align: justify;\">a) Dix (10) jours ouvrables pour les recours vis\u00e9s \u00e0 l\u2019article 13 (1) (a), (b) et (c) de la convention (la pr\u00e9servation de l\u2019a\u00e9ronef et de sa valeur, sa mise en possession, son contr\u00f4le, sa garde et son immobilisation);<\/p>\n<p style=\"padding-left: 40px; text-align: justify;\">b) Trente (30) jours ouvrables pour les recours pr\u00e9vus \u00e0 l\u2019article 13 (1) (d) et (e) de la Convention (la location ou \u00e0 l\u2019exception des cas vis\u00e9s aux alin\u00e9as a) \u00e0 c), la gestion de l\u2019a\u00e9ronef et les revenus, ainsi que la vente et l\u2019attribution des produits de la vente).<\/p>\n<p>&nbsp;<\/p>\n<p style=\"text-align: justify;\"><em><strong>Au titre de l\u2019article XXX-3<\/strong><\/em><\/p>\n<p style=\"text-align: justify;\">La R\u00e9publique Togolaise d\u00e9clare qu\u2019elle appliquera int\u00e9gralement l\u2019article XI du protocole dans sa variante A.<\/p>\n<p style=\"text-align: justify;\">Elle sera mise en \u0153uvre dans le cadre des proc\u00e9dures d\u2019insolvabilit\u00e9 et la p\u00e9riode d\u2019attente pr\u00e9vue par l\u2019article XI (3) ne d\u00e9passera nullement trente (30) jours ouvrables.<\/p>\n<p>&nbsp;<\/p>\n<p style=\"text-align: center;\">*<\/p>\n<p style=\"text-align: center;\">*\u00a0\u00a0\u00a0\u00a0 *<\/p>\n<p style=\"text-align: center;\"><a href=\"https:\/\/www.unidroit.org\/fr\/instruments\/garanties-internationales\/convention-du-cap\/etats-parties\/d-togo-ct\/\">D\u00e9clarations d\u00e9pos\u00e9es par la R\u00e9publique Togolaise en vertu de la Convention du Cap<\/a><\/p>\n<p>&nbsp;<\/p>\n<p>[\/vc_column_text][\/vc_column][\/vc_row][vc_row][vc_column][vc_empty_space height=&#8221;10px&#8221;][\/vc_column][\/vc_row]<\/p>\n<p>&nbsp;<\/p>\n<\/div>","protected":false},"excerpt":{"rendered":"<p>[vc_row][vc_column css=&#8221;.vc_custom_1490017614850{margin-bottom: 30px !important;}&#8221;][vc_custom_heading text=&#8221;D&#8221; font_container=&#8221;tag:h1|text_align:left&#8221; use_theme_fonts=&#8221;yes&#8221; css=&#8221;.vc_custom_1625938548065{margin-top: 0px !important;margin-bottom: 20px !important;}&#8221;][vc_custom_heading text=&#8221;D\u00c9CLARATIONS D\u00c9POS\u00c9ES PAR LE GOUVERNEMENT DU LA R\u00c9PUBLIQUE TOGOLAISE EN VERTU DU PROTOCOLE A\u00c9RONAUTIQUE AU MOMENT DU D\u00c9P\u00d4T DE SON INSTRUMENT D\u2019ADH\u00c9SION&#8221; font_container=&#8221;tag:h4|text_align:left&#8221; use_theme_fonts=&#8221;yes&#8221;][\/vc_column][\/vc_row][vc_row css=&#8221;.vc_custom_1622455036974{background-color: #f2f2f2 !important;}&#8221;][vc_column css=&#8221;.vc_custom_1490017614850{margin-bottom: 30px !important;}&#8221;][vc_column_text] D\u00c9CLARATIONS D\u00c9POS\u00c9ES PAR&nbsp;<a href=\"https:\/\/www.unidroit.org\/fr\/instruments\/garanties-internationales\/protocole-aeronautique\/etat\/d-togo\/\">&hellip;<\/a><\/p>\n","protected":false},"author":19,"featured_media":0,"parent":7387,"menu_order":0,"comment_status":"closed","ping_status":"closed","template":"","meta":{"ep_exclude_from_search":false,"footnotes":""},"class_list":["post-12691","page","type-page","status-publish","format-standard","hentry","odd"],"_links":{"self":[{"href":"https:\/\/www.unidroit.org\/fr\/wp-json\/wp\/v2\/pages\/12691","targetHints":{"allow":["GET"]}}],"collection":[{"href":"https:\/\/www.unidroit.org\/fr\/wp-json\/wp\/v2\/pages"}],"about":[{"href":"https:\/\/www.unidroit.org\/fr\/wp-json\/wp\/v2\/types\/page"}],"author":[{"embeddable":true,"href":"https:\/\/www.unidroit.org\/fr\/wp-json\/wp\/v2\/users\/19"}],"replies":[{"embeddable":true,"href":"https:\/\/www.unidroit.org\/fr\/wp-json\/wp\/v2\/comments?post=12691"}],"version-history":[{"count":0,"href":"https:\/\/www.unidroit.org\/fr\/wp-json\/wp\/v2\/pages\/12691\/revisions"}],"up":[{"embeddable":true,"href":"https:\/\/www.unidroit.org\/fr\/wp-json\/wp\/v2\/pages\/7387"}],"wp:attachment":[{"href":"https:\/\/www.unidroit.org\/fr\/wp-json\/wp\/v2\/media?parent=12691"}],"curies":[{"name":"wp","href":"https:\/\/api.w.org\/{rel}","templated":true}]}}