{"id":13485,"date":"2022-03-04T12:47:15","date_gmt":"2022-03-04T11:47:15","guid":{"rendered":"https:\/\/www.unidroit.org\/?page_id=13485"},"modified":"2022-03-22T10:04:33","modified_gmt":"2022-03-22T09:04:33","slug":"protocole-spatial-traductions","status":"publish","type":"page","link":"https:\/\/www.unidroit.org\/fr\/instruments\/garanties-internationales\/protocole-spatial\/protocole-spatial-traductions\/","title":{"rendered":"Protocole spatial &#8211; Traductions"},"content":{"rendered":"<div class=\"wpb-content-wrapper\"><p>[vc_row][vc_column][vc_custom_heading text=&#8221;PROTOCOLE SPATIAL \u2013 TRADUCTIONS&#8221; use_theme_fonts=&#8221;yes&#8221;][vc_column_text]<\/p>\n<p style=\"text-align: justify;\">Les traductions suivantes du Protocole spatial sont disponibles et sont pr\u00e9sent\u00e9es ici \u00e0 titre d&#8217;information uniquement. Le contenu de ces traductions rel\u00e8ve de la seule responsabilit\u00e9 de leur(s) auteur(s) et UNIDROIT d\u00e9cline toute responsabilit\u00e9 quant \u00e0 leur exactitude.<\/p>\n<p>[\/vc_column_text][\/vc_column][\/vc_row][vc_row][vc_column][vc_empty_space height=&#8221;15px&#8221;][\/vc_column][\/vc_row][vc_row css=&#8221;.vc_custom_1646236988287{background-color: #f2f2f2 !important;}&#8221;][vc_column width=&#8221;1\/4&#8243;][vc_btn title=&#8221;DOWNLOAD&#8221; style=&#8221;custom&#8221; custom_background=&#8221;#004054&#8243; custom_text=&#8221;#ffffff&#8221; shape=&#8221;square&#8221; align=&#8221;center&#8221; link=&#8221;url:https%3A%2F%2Fwww.unidroit.org%2Fwp-content%2Fuploads%2F2021%2F07%2FSpace-Protocol_Arabic.pdf&#8221;][\/vc_column][vc_column width=&#8221;3\/4&#8243;][vc_custom_heading text=&#8221;Arabe&#8221; font_container=&#8221;tag:h3|text_align:left&#8221; use_theme_fonts=&#8221;yes&#8221;][vc_column_text]<span style=\"font-size: 10pt;\">(Traduction non officielle pr\u00e9par\u00e9e par l\u2019Union internationale des t\u00e9l\u00e9communications (UIT))<\/span>[\/vc_column_text][\/vc_column][\/vc_row][vc_row css=&#8221;.vc_custom_1646236988287{background-color: #f2f2f2 !important;}&#8221;][vc_column width=&#8221;1\/4&#8243;][vc_btn title=&#8221;DOWNLOAD&#8221; style=&#8221;custom&#8221; custom_background=&#8221;#004054&#8243; custom_text=&#8221;#ffffff&#8221; shape=&#8221;square&#8221; align=&#8221;center&#8221; link=&#8221;url:https%3A%2F%2Fwww.unidroit.org%2Fwp-content%2Fuploads%2F2021%2F07%2FSpace-Protocol_Chinese.pdf&#8221;][\/vc_column][vc_column width=&#8221;3\/4&#8243;][vc_custom_heading text=&#8221;Chinois&#8221; font_container=&#8221;tag:h3|text_align:left&#8221; use_theme_fonts=&#8221;yes&#8221;][vc_column_text]<span style=\"font-size: 10pt;\">(Traduction non officielle pr\u00e9par\u00e9e par l\u2019Union internationale des t\u00e9l\u00e9communications (UIT))<\/span>[\/vc_column_text][\/vc_column][\/vc_row][vc_row css=&#8221;.vc_custom_1646236988287{background-color: #f2f2f2 !important;}&#8221;][vc_column width=&#8221;1\/4&#8243;][vc_btn title=&#8221;DOWNLOAD&#8221; style=&#8221;custom&#8221; custom_background=&#8221;#004054&#8243; custom_text=&#8221;#ffffff&#8221; shape=&#8221;square&#8221; align=&#8221;center&#8221; link=&#8221;url:https%3A%2F%2Fwww.unidroit.org%2Fwp-content%2Fuploads%2F2021%2F07%2FSpace-Protocol_Spanish.pdf&#8221;][\/vc_column][vc_column width=&#8221;3\/4&#8243;][vc_custom_heading text=&#8221;Espagnol&#8221; font_container=&#8221;tag:h3|text_align:left&#8221; use_theme_fonts=&#8221;yes&#8221;][vc_column_text]<span style=\"font-size: 10pt;\">(Traduction non officielle pr\u00e9par\u00e9e par l\u2019Union internationale des t\u00e9l\u00e9communications (UIT))<\/span>[\/vc_column_text][\/vc_column][\/vc_row][vc_row css=&#8221;.vc_custom_1646236988287{background-color: #f2f2f2 !important;}&#8221;][vc_column width=&#8221;1\/4&#8243;][vc_btn title=&#8221;DOWNLOAD&#8221; style=&#8221;custom&#8221; custom_background=&#8221;#004054&#8243; custom_text=&#8221;#ffffff&#8221; shape=&#8221;square&#8221; align=&#8221;center&#8221; link=&#8221;url:https%3A%2F%2Fwww.unidroit.org%2Fwp-content%2Fuploads%2F2021%2F07%2FSpace-Protocol_Japanese.pdf&#8221;][\/vc_column][vc_column width=&#8221;3\/4&#8243;][vc_custom_heading text=&#8221;Japonais&#8221; font_container=&#8221;tag:h3|text_align:left&#8221; use_theme_fonts=&#8221;yes&#8221;][vc_column_text][\/vc_column_text][\/vc_column][\/vc_row][vc_row css=&#8221;.vc_custom_1646236988287{background-color: #f2f2f2 !important;}&#8221;][vc_column width=&#8221;1\/4&#8243;][vc_btn title=&#8221;DOWNLOAD&#8221; style=&#8221;custom&#8221; custom_background=&#8221;#004054&#8243; custom_text=&#8221;#ffffff&#8221; shape=&#8221;square&#8221; align=&#8221;center&#8221; link=&#8221;url:https%3A%2F%2Fwww.unidroit.org%2Fwp-content%2Fuploads%2F2021%2F07%2FSpace-Protocol_Russian.pdf&#8221;][\/vc_column][vc_column width=&#8221;3\/4&#8243;][vc_custom_heading text=&#8221;Russe&#8221; font_container=&#8221;tag:h3|text_align:left&#8221; use_theme_fonts=&#8221;yes&#8221;][vc_column_text]<span style=\"font-size: 10pt;\">(Traduction non officielle pr\u00e9par\u00e9e par l\u2019Union internationale des t\u00e9l\u00e9communications (UIT))<\/span>[\/vc_column_text][\/vc_column][\/vc_row]<\/p>\n<\/div>","protected":false},"excerpt":{"rendered":"<p>[vc_row][vc_column][vc_custom_heading text=&#8221;PROTOCOLE SPATIAL \u2013 TRADUCTIONS&#8221; use_theme_fonts=&#8221;yes&#8221;][vc_column_text] Les traductions suivantes du Protocole spatial sont disponibles et sont pr\u00e9sent\u00e9es ici \u00e0 titre d&#8217;information uniquement. Le contenu de ces traductions rel\u00e8ve de la seule responsabilit\u00e9 de leur(s) auteur(s) et UNIDROIT d\u00e9cline toute responsabilit\u00e9 quant \u00e0 leur exactitude. [\/vc_column_text][\/vc_column][\/vc_row][vc_row][vc_column][vc_empty_space&nbsp;<a href=\"https:\/\/www.unidroit.org\/fr\/instruments\/garanties-internationales\/protocole-spatial\/protocole-spatial-traductions\/\">&hellip;<\/a><\/p>\n","protected":false},"author":19,"featured_media":0,"parent":8415,"menu_order":0,"comment_status":"closed","ping_status":"closed","template":"","meta":{"ep_exclude_from_search":false,"footnotes":""},"class_list":["post-13485","page","type-page","status-publish","format-standard","hentry","odd"],"_links":{"self":[{"href":"https:\/\/www.unidroit.org\/fr\/wp-json\/wp\/v2\/pages\/13485","targetHints":{"allow":["GET"]}}],"collection":[{"href":"https:\/\/www.unidroit.org\/fr\/wp-json\/wp\/v2\/pages"}],"about":[{"href":"https:\/\/www.unidroit.org\/fr\/wp-json\/wp\/v2\/types\/page"}],"author":[{"embeddable":true,"href":"https:\/\/www.unidroit.org\/fr\/wp-json\/wp\/v2\/users\/19"}],"replies":[{"embeddable":true,"href":"https:\/\/www.unidroit.org\/fr\/wp-json\/wp\/v2\/comments?post=13485"}],"version-history":[{"count":0,"href":"https:\/\/www.unidroit.org\/fr\/wp-json\/wp\/v2\/pages\/13485\/revisions"}],"up":[{"embeddable":true,"href":"https:\/\/www.unidroit.org\/fr\/wp-json\/wp\/v2\/pages\/8415"}],"wp:attachment":[{"href":"https:\/\/www.unidroit.org\/fr\/wp-json\/wp\/v2\/media?parent=13485"}],"curies":[{"name":"wp","href":"https:\/\/api.w.org\/{rel}","templated":true}]}}