{"id":14951,"date":"2021-09-10T10:51:05","date_gmt":"2021-09-10T08:51:05","guid":{"rendered":"https:\/\/www.unidroit.org\/?page_id=14951"},"modified":"2022-05-30T15:46:46","modified_gmt":"2022-05-30T13:46:46","slug":"100eme-session-b-rome-22-24-septembre-2021-2-3","status":"publish","type":"page","link":"https:\/\/www.unidroit.org\/fr\/reunions\/conseil-de-direction-3\/100eme-session-b-rome-22-24-septembre-2021-2-3\/","title":{"rendered":"100\u00c8ME SESSION (B) (ROME, 22-24 SEPTEMBRE 2021)"},"content":{"rendered":"<div class=\"wpb-content-wrapper\"><p>[vc_row][vc_column css=&#8221;.vc_custom_1490017614850{margin-bottom: 30px !important;}&#8221;][vc_custom_heading text=&#8221;100\u00e8me Session (B)<br \/>\n(Rome, 22-24 septembre 2021)&#8221; font_container=&#8221;tag:h1|text_align:left&#8221; use_theme_fonts=&#8221;yes&#8221; css=&#8221;.vc_custom_1634204248666{margin-top: 0px !important;margin-bottom: 20px !important;}&#8221;][vc_column_text css=&#8221;.vc_custom_1640337031316{padding-top: 35px !important;padding-right: 35px !important;padding-bottom: 35px !important;padding-left: 35px !important;background-color: #f2f2f2 !important;}&#8221;]<\/p>\n<p style=\"text-align: center;\"><strong>Documents<\/strong><\/p>\n<p>&nbsp;<\/p>\n<ul>\n<li>Conclusions sommaires (<a href=\"https:\/\/www.unidroit.org\/wp-content\/uploads\/2021\/10\/C.D.-100-B-Misc.-2-Conclusions-sommaires.pdf\">C.D. (100) B. Misc. 2<\/a>)<\/li>\n<li>Rapport (<a href=\"https:\/\/www.unidroit.org\/wp-content\/uploads\/2021\/12\/cd-100b-24f.pdf\">C.D. (100) B. 24<\/a>)<\/li>\n<li><\/li>\n<\/ul>\n<p>&nbsp;<\/p>\n<p style=\"text-align: center;\">***<\/p>\n<p>Ordre des travaux provisoire (<a href=\"https:\/\/www.unidroit.org\/wp-content\/uploads\/2021\/09\/C.D.100BMisc.1rev.-OdT.pdf\">C.D. (100) B. Misc. 1 r\u00e9v.<\/a>)<\/p>\n<p>1. Adoption de l\u2019ordre du jour annot\u00e9 (<a href=\"https:\/\/www.unidroit.org\/wp-content\/uploads\/2021\/09\/C.D.100B.1rev-odj.pdf\">C.D. (100) B.1 r\u00e9v.<\/a>)<\/p>\n<p>&nbsp;<\/p>\n<p>2. Nomination du premier et du deuxi\u00e8me Vice-Pr\u00e9sidents du Conseil de Direction\u00a0<a href=\"https:\/\/www.unidroit.org\/wp-content\/uploads\/2021\/09\/C.D.100B.1revagenda.pdf\">(C.D. (100) B.1 r\u00e9v)<\/a><\/p>\n<p>&nbsp;<\/p>\n<p>3. Rapports<\/p>\n<p>a) Rapport annuel 2020\u00a0<a href=\"https:\/\/www.unidroit.org\/french\/governments\/councildocuments\/2021session\/cd-100-b\/cd-100-b-02-f.pdf\">(C.D. (100) B.2)<\/a><br \/>\nb) Rapport de la Fondation d\u2019UNIDROIT\u00a0<a href=\"https:\/\/www.unidroit.org\/french\/governments\/councildocuments\/2021session\/cd-100-b\/cd-100-b-03-f.pdf\">(C.D. (100) B.3)<\/a><\/p>\n<p>&nbsp;<\/p>\n<p>4. Mise \u00e0 jour et d\u00e9termination de la port\u00e9e de certains projets inscrits au Programme de<br \/>\ntravail 2020 &#8211; 2022:<\/p>\n<p>a) Insolvabilit\u00e9 bancaire\u00a0<a href=\"https:\/\/www.unidroit.org\/french\/governments\/councildocuments\/2021session\/cd-100-b\/cd-100-b-04-f.pdf\">(C.D. (100) B.4)<\/a><br \/>\nb) Structure juridique des entreprises agricoles\u00a0<a href=\"https:\/\/www.unidroit.org\/french\/governments\/councildocuments\/2021session\/cd-100-b\/cd-100-b-05-f.pdf\">(C.D. (100) B.5)<\/a><\/p>\n<p>&nbsp;<\/p>\n<p>5. Loi type sur l\u2019affacturage\u00a0<a href=\"https:\/\/www.unidroit.org\/french\/governments\/councildocuments\/2021session\/cd-100-b\/cd-100-b-06-f.pdf\">(C.D. (100) B.6)<\/a><\/p>\n<p>&nbsp;<\/p>\n<p>6. Loi type sur les r\u00e9c\u00e9piss\u00e9s d\u2019entrep\u00f4t\u00a0<a href=\"https:\/\/www.unidroit.org\/french\/governments\/councildocuments\/2021session\/cd-100-b\/cd-100-b-07-f.pdf\">(C.D. (100) B.7)<\/a><\/p>\n<p>&nbsp;<\/p>\n<p>7. Meilleures pratiques pour des proc\u00e9dures d\u2019ex\u00e9cution efficaces\u00a0<a href=\"https:\/\/www.unidroit.org\/french\/governments\/councildocuments\/2021session\/cd-100-b\/cd-100-b-08-f.pdf\">(C.D. (100) B.8)<\/a><\/p>\n<p>&nbsp;<\/p>\n<p>8. Actifs num\u00e9riques et droit priv\u00e9\u00a0<a href=\"https:\/\/www.unidroit.org\/french\/governments\/councildocuments\/2021session\/cd-100-b\/cd-100-b-09-f.pdf\">(C.D. (100) B.9)<\/a><\/p>\n<p>&nbsp;<\/p>\n<p>9. Garanties internationales portant sur des mat\u00e9riels d\u2019\u00e9quipement mobiles:<\/p>\n<p>a) Activit\u00e9s extraordinaires sur la Convention du Cap et le Protocole a\u00e9ronautique<br \/>\n(pr\u00e9sentation orale)<br \/>\nb) \u00c9tat de mise en oeuvre du Protocole ferroviaire de Luxembourg et du Protocole spatial<br \/>\n<a href=\"https:\/\/www.unidroit.org\/french\/governments\/councildocuments\/2021session\/cd-100-b\/cd-100-b-10-f.pdf\">(C.D. (100) B.10)<\/a><br \/>\nc) \u00c9tat de mise en oeuvre du Protocole portant sur les questions sp\u00e9cifiques aux mat\u00e9riels<br \/>\nd\u2019\u00e9quipement miniers, agricoles et de construction (Protocole MAC)\u00a0<a href=\"https:\/\/www.unidroit.org\/french\/governments\/councildocuments\/2021session\/cd-100-b\/cd-100-b-11-f.pdf\">(C.D. (100) B.11)<\/a><br \/>\nd) Candidature d\u2019UNIDROIT aux fonctions d\u2019Autorit\u00e9 de surveillance du Registre international<br \/>\n\u00e9tabli en vertu du Protocole MAC\u00a0<a href=\"https:\/\/www.unidroit.org\/french\/governments\/councildocuments\/2021session\/cd-100-b\/cd-100-b-12-f.pdf\">(C.D. (100) B.12)<\/a><\/p>\n<p>&nbsp;<\/p>\n<p>10. Principes relatifs aux contrats de r\u00e9assurance<a href=\"https:\/\/www.unidroit.org\/french\/governments\/councildocuments\/2021session\/cd-100-b\/cd-100-b-13-f.pdf\">\u00a0(C.D. (100) B.13)<\/a><\/p>\n<p>&nbsp;<\/p>\n<p>11. Mise \u00e0 jour sur la publication du Guide juridique sur les contrats d\u2019investissement en terres<br \/>\nagricoles (Guide CITA) (C.D. (100) B.14) (restreint aux seuls membres du Conseil de Direction)<\/p>\n<p>&nbsp;<\/p>\n<p>12. Protection internationale des biens culturels\u00a0<a href=\"https:\/\/www.unidroit.org\/french\/governments\/councildocuments\/2021session\/cd-100-b\/cd-100-b-15-f.pdf\">(C.D. (100) B.15)<\/a><\/p>\n<p>&nbsp;<\/p>\n<p>13. Les instruments d\u2019UNIDROIT et la pand\u00e9mie du COVID-19\u00a0<a href=\"https:\/\/www.unidroit.org\/french\/governments\/councildocuments\/2021session\/cd-100-b\/cd-100-b-16-f.pdf\">(C.D. (100) B.16)<\/a><\/p>\n<p>&nbsp;<\/p>\n<p>14. Promotion des instruments d\u2019UNIDROIT\u00a0<a href=\"https:\/\/www.unidroit.org\/french\/governments\/councildocuments\/2021session\/cd-100-b\/cd-100-b-17-f.pdf\">(C.D. (100) B.17)<\/a><\/p>\n<p>&nbsp;<\/p>\n<p>15. Biblioth\u00e8que d\u2019UNIDROIT et activit\u00e9s de recherche\u00a0<a href=\"https:\/\/www.unidroit.org\/french\/governments\/councildocuments\/2021session\/cd-100-b\/cd-100-b-18-f.pdf\">(C.D. (100) B.18)<\/a><\/p>\n<p>&nbsp;<\/p>\n<p>16. Ressources et politique d\u2019information d\u2019UNIDROIT\u00a0<a href=\"https:\/\/www.unidroit.org\/wp-content\/uploads\/2022\/05\/C.D.-100-B.19-Ressources-et-politique-dinformation.pdf\">(C.D. (100) B.19)<\/a><\/p>\n<p>&nbsp;<\/p>\n<p>17. Proposition par le Secr\u00e9taire G\u00e9n\u00e9ral d\u2019une nouvelle proc\u00e9dure de nomination des<br \/>\nCorrespondants (2022 &#8211; 2025)\u00a0<a href=\"https:\/\/www.unidroit.org\/french\/governments\/councildocuments\/2021session\/cd-100-b\/cd-100-b-20-f.pdf\">(C.D. (100) B.20)<\/a><\/p>\n<p>&nbsp;<\/p>\n<p>18. Politique relative aux lanceurs d\u2019alerte et aux repr\u00e9sailles\u00a0<a href=\"https:\/\/www.unidroit.org\/french\/governments\/councildocuments\/2021session\/cd-100-b\/cd-100-b-21-f.pdf\">(C.D. (100) B.21)<\/a><\/p>\n<p>&nbsp;<\/p>\n<p>19. Acad\u00e9mie d\u2019UNIDROIT (<a href=\"https:\/\/www.unidroit.org\/wp-content\/uploads\/2021\/09\/C.D.100B.22FR.pdf\">C.D. (100) B.22<\/a>)<\/p>\n<p>&nbsp;<\/p>\n<p>20. Nouveau site Internet d\u2019UNIDROIT\u00a0<a href=\"https:\/\/www.unidroit.org\/french\/governments\/councildocuments\/2021session\/cd-100-b\/cd-100-b-23-f.pdf\">(C.D. (100) B.23)<\/a><\/p>\n<p>&nbsp;<\/p>\n<p>21. Date et lieu de la 101\u00e8me session du Conseil de Direction<\/p>\n<p>&nbsp;<\/p>\n<p>22. \u00c9v\u00e9nement de cl\u00f4ture \u2013 le vendredi 24 septembre<\/p>\n<p>&nbsp;<\/p>\n<p><a href=\"https:\/\/www.unidroit.org\/fr\/event\/launch-of-the-guide-on-best-practices-for-electronic-collateral-registries-24-september-2021-rome-zoom\/\">Lancement du Guide des meilleures pratiques pour les registres de garanties \u00e9lectroniques<\/a><\/p>\n<p>&nbsp;<\/p>\n<p><a href=\"https:\/\/www.unidroit.org\/fr\/event\/lancement-du-guide-juridique-sur-les-contrats-dinvestissement-en-terres-agricoles-guide-juridique-cita\/\">Lancement du Guide juridique sur les contrats d\u2019investissement en terres agricoles (Guide CITA)<\/a>[\/vc_column_text][\/vc_column][\/vc_row]<\/p>\n<\/div>","protected":false},"excerpt":{"rendered":"<p>[vc_row][vc_column css=&#8221;.vc_custom_1490017614850{margin-bottom: 30px !important;}&#8221;][vc_custom_heading text=&#8221;100\u00e8me Session (B) (Rome, 22-24 septembre 2021)&#8221; font_container=&#8221;tag:h1|text_align:left&#8221; use_theme_fonts=&#8221;yes&#8221; css=&#8221;.vc_custom_1634204248666{margin-top: 0px !important;margin-bottom: 20px !important;}&#8221;][vc_column_text css=&#8221;.vc_custom_1640337031316{padding-top: 35px !important;padding-right: 35px !important;padding-bottom: 35px !important;padding-left: 35px !important;background-color: #f2f2f2 !important;}&#8221;] Documents &nbsp; Conclusions sommaires (C.D. (100) B. Misc. 2) Rapport (C.D. (100) B. 24) &nbsp; ***&nbsp;<a href=\"https:\/\/www.unidroit.org\/fr\/reunions\/conseil-de-direction-3\/100eme-session-b-rome-22-24-septembre-2021-2-3\/\">&hellip;<\/a><\/p>\n","protected":false},"author":8,"featured_media":0,"parent":4954,"menu_order":0,"comment_status":"closed","ping_status":"closed","template":"","meta":{"ep_exclude_from_search":false,"footnotes":""},"class_list":["post-14951","page","type-page","status-publish","format-standard","hentry","odd"],"_links":{"self":[{"href":"https:\/\/www.unidroit.org\/fr\/wp-json\/wp\/v2\/pages\/14951","targetHints":{"allow":["GET"]}}],"collection":[{"href":"https:\/\/www.unidroit.org\/fr\/wp-json\/wp\/v2\/pages"}],"about":[{"href":"https:\/\/www.unidroit.org\/fr\/wp-json\/wp\/v2\/types\/page"}],"author":[{"embeddable":true,"href":"https:\/\/www.unidroit.org\/fr\/wp-json\/wp\/v2\/users\/8"}],"replies":[{"embeddable":true,"href":"https:\/\/www.unidroit.org\/fr\/wp-json\/wp\/v2\/comments?post=14951"}],"version-history":[{"count":0,"href":"https:\/\/www.unidroit.org\/fr\/wp-json\/wp\/v2\/pages\/14951\/revisions"}],"up":[{"embeddable":true,"href":"https:\/\/www.unidroit.org\/fr\/wp-json\/wp\/v2\/pages\/4954"}],"wp:attachment":[{"href":"https:\/\/www.unidroit.org\/fr\/wp-json\/wp\/v2\/media?parent=14951"}],"curies":[{"name":"wp","href":"https:\/\/api.w.org\/{rel}","templated":true}]}}