{"id":14967,"date":"2021-09-10T10:51:05","date_gmt":"2021-09-10T08:51:05","guid":{"rendered":"https:\/\/www.unidroit.org\/?page_id=14967"},"modified":"2022-09-27T16:20:08","modified_gmt":"2022-09-27T14:20:08","slug":"101eme-session-rome-8-10-juin-2022","status":"publish","type":"page","link":"https:\/\/www.unidroit.org\/fr\/reunions\/conseil-de-direction-2-2\/101eme-session-rome-8-10-juin-2022\/","title":{"rendered":"101\u00e8me session (Rome, 8 &#8211; 10 juin 2022)"},"content":{"rendered":"<div class=\"wpb-content-wrapper\"><p>[vc_row][vc_column css=&#8221;.vc_custom_1490017614850{margin-bottom: 30px !important;}&#8221;][vc_custom_heading text=&#8221;101<sup>\u00e8me<\/sup> Session<br \/>\n(Rome, 8-10 juin 2022)&#8221; font_container=&#8221;tag:h1|text_align:left&#8221; use_theme_fonts=&#8221;yes&#8221; css=&#8221;.vc_custom_1630592725293{margin-top: 0px !important;margin-bottom: 20px !important;}&#8221;][vc_column_text css=&#8221;.vc_custom_1640336893304{padding-top: 35px !important;padding-right: 35px !important;padding-bottom: 35px !important;padding-left: 35px !important;background-color: #f2f2f2 !important;}&#8221;]<\/p>\n<p style=\"text-align: center;\"><strong>Documents<\/strong><\/p>\n<ul>\n<li>Conclusions sommaires (<a href=\"https:\/\/www.unidroit.org\/wp-content\/uploads\/2022\/08\/C.D.-101-Misc.-2-rev.-Conclusions-sommaires.pdf\">C.D. (101) Misc. 2 r\u00e9v.<\/a>)<\/li>\n<li>Rapport (<a href=\"https:\/\/www.unidroit.org\/wp-content\/uploads\/2022\/09\/C.D.-101-21-Rapport-du-Conseil-de-Direction_07.09.22.pdf\">C.D. (101) 21<\/a>)<\/li>\n<\/ul>\n<p style=\"text-align: center;\">***<\/p>\n<p>1.\u00a0\u00a0\u00a0\u00a0\u00a0\u00a0\u00a0\u00a0\u00a0\u00a0\u00a0 Adoption du projet d\u2019ordre du jour annot\u00e9 (<a href=\"https:\/\/www.unidroit.org\/wp-content\/uploads\/2022\/06\/C.D.-101-1-rev.-4-Projet-dordre-du-jour-annote-1.pdf\">C.D. (101) 1 r\u00e9v. 4<\/a>)<\/p>\n<p>&nbsp;<\/p>\n<p>2.\u00a0 \u00a0 \u00a0 \u00a0 \u00a0 Nomination des Premier et Deuxi\u00e8me Vice-Pr\u00e9sidents du Conseil de Direction (<a href=\"https:\/\/www.unidroit.org\/wp-content\/uploads\/2022\/06\/C.D.-101-1-rev.-4-Projet-dordre-du-jour-annote-1.pdf\">C.D. (101) 1 r\u00e9v. 4<\/a>)<\/p>\n<p>&nbsp;<\/p>\n<p>3.\u00a0 \u00a0 \u00a0 \u00a0 \u00a0 Rapports<\/p>\n<p style=\"padding-left: 40px;\">a)\u00a0\u00a0\u00a0\u00a0\u00a0\u00a0\u00a0\u00a0 Rapport annuel 2021 (<a href=\"https:\/\/www.unidroit.org\/wp-content\/uploads\/2022\/06\/C.D.-101-2-Rapport-annuel-2021.pdf\">C.D. (101) 2<\/a>)<\/p>\n<p style=\"padding-left: 40px;\">b)\u00a0\u00a0\u00a0\u00a0\u00a0\u00a0\u00a0\u00a0 Rapport de la Fondation d\u2019UNIDROIT (<a href=\"https:\/\/www.unidroit.org\/wp-content\/uploads\/2022\/05\/C.D.-101-3-Rapport-Fondation-dUNIDROIT.pdf\">C.D. (101) 3<\/a>)<\/p>\n<p>&nbsp;<\/p>\n<p>4.\u00a0 \u00a0 \u00a0 \u00a0 \u00a0 Propositions pour le nouveau Programme de travail pour la p\u00e9riode triennale 2023-2025 (<a href=\"https:\/\/www.unidroit.org\/wp-content\/uploads\/2022\/09\/C.D.-101-4-Propositions-nouveau-Programme-de-travail-2023-2025.pdf\">C.D. (101)4<\/a>)<\/p>\n<p>&nbsp;<\/p>\n<p>5.\u00a0 \u00a0 \u00a0 \u00a0 \u00a0Activit\u00e9s l\u00e9gislatives en cours<\/p>\n<p style=\"padding-left: 40px;\">a)\u00a0\u00a0\u00a0\u00a0\u00a0\u00a0\u00a0\u00a0 Loi type sur l\u2019affacturage (<a href=\"https:\/\/www.unidroit.org\/wp-content\/uploads\/2022\/05\/C.D.-101-5-Loi-type-sur-laffacturage-site-Internet.pdf\">C.D. (101) 5<\/a>)<\/p>\n<p style=\"padding-left: 40px;\">b)\u00a0\u00a0\u00a0\u00a0\u00a0\u00a0\u00a0\u00a0 Meilleures pratiques pour des proc\u00e9dures d\u2019ex\u00e9cution efficaces (<a href=\"https:\/\/www.unidroit.org\/wp-content\/uploads\/2022\/05\/C.D.-101-6-Meilleures-pratiques-pour-des-procedures-dexecution-efficaces.pdf\">C.D. (101) 6<\/a>)<\/p>\n<p style=\"padding-left: 40px;\">c)\u00a0\u00a0\u00a0\u00a0\u00a0\u00a0\u00a0\u00a0 Actifs num\u00e9riques et droit priv\u00e9 (<a href=\"https:\/\/www.unidroit.org\/wp-content\/uploads\/2022\/05\/C.D.-101-7-Actifs-numeriques-et-droit-prive-site-Internet.pdf\">C.D. (101) 7<\/a>)<\/p>\n<p style=\"padding-left: 40px;\">d)\u00a0\u00a0\u00a0\u00a0\u00a0\u00a0\u00a0\u00a0 Loi type sur les r\u00e9c\u00e9piss\u00e9s d\u2019entrep\u00f4t (<a href=\"https:\/\/www.unidroit.org\/wp-content\/uploads\/2022\/05\/C.D.-101-8-Loi-type-sur-les-recepisses-dentrepot.pdf\">C.D. (101) 8<\/a>)<\/p>\n<p style=\"padding-left: 40px;\">e)\u00a0\u00a0\u00a0\u00a0\u00a0\u00a0\u00a0\u00a0 Insolvabilit\u00e9 bancaire (<a href=\"https:\/\/www.unidroit.org\/wp-content\/uploads\/2022\/05\/C.D.-101-9-Insolvabilite-bancaire.pdf\">C.D. (101) 9<\/a>)<\/p>\n<p style=\"padding-left: 40px;\">f)\u00a0\u00a0\u00a0\u00a0\u00a0\u00a0\u00a0\u00a0\u00a0 Structure juridique des entreprises agricoles (<a href=\"https:\/\/www.unidroit.org\/wp-content\/uploads\/2022\/05\/C.D.-101-10-Structure-juridique-des-entreprises-agricoles.pdf\">C.D. (101) 10<\/a>)<\/p>\n<p style=\"padding-left: 40px;\">g)\u00a0\u00a0\u00a0\u00a0\u00a0\u00a0\u00a0\u00a0 Principes relatifs aux contrats de r\u00e9assurance (<a href=\"https:\/\/www.unidroit.org\/wp-content\/uploads\/2022\/05\/C.D.-101-11-Contrats-de-reassurance-.pdf\">C.D. (101) 11<\/a>)<\/p>\n<p style=\"padding-left: 40px;\">h)\u00a0\u00a0\u00a0\u00a0\u00a0\u00a0\u00a0\u00a0 Collections d\u2019art priv\u00e9es (<a href=\"https:\/\/www.unidroit.org\/wp-content\/uploads\/2022\/05\/C.D.-101-12-Les-collections-dart-privees.pdf\">C.D. (101) 12<\/a>)<\/p>\n<p>&nbsp;<\/p>\n<p>6.\u00a0\u00a0\u00a0\u00a0\u00a0\u00a0\u00a0\u00a0\u00a0\u00a0\u00a0 Garanties internationales portant sur des mat\u00e9riels d\u2019\u00e9quipement mobiles<\/p>\n<p style=\"padding-left: 40px;\">a)\u00a0\u00a0\u00a0\u00a0\u00a0\u00a0\u00a0\u00a0 \u00c9tat de mise en \u0153uvre de la Convention du Cap et du Protocole a\u00e9ronautique<\/p>\n<p style=\"padding-left: 40px;\">b)\u00a0\u00a0\u00a0\u00a0\u00a0\u00a0\u00a0\u00a0 \u00c9tat de mise en \u0153uvre du Protocole ferroviaire de Luxembourg et du Protocole spatial (<a href=\"https:\/\/www.unidroit.org\/wp-content\/uploads\/2022\/05\/C.D.-101-13-Etat-de-mise-en-oeuvre-Protocoles-ferroviaire-et-spatial.pdf\">C.D. (101) 13<\/a>)<\/p>\n<p style=\"padding-left: 40px;\">c)\u00a0\u00a0\u00a0\u00a0\u00a0\u00a0\u00a0\u00a0 \u00c9tat de mise en \u0153uvre du Protocole portant sur les questions sp\u00e9cifiques aux mat\u00e9riels d\u2019\u00e9quipement miniers, agricoles et de construction (Protocole MAC) (<a href=\"https:\/\/www.unidroit.org\/wp-content\/uploads\/2022\/05\/C.D.-101-14-Etat-de-mise-en-oeuvre-du-Protocole-MAC.pdf\">C.D. (101) 14<\/a>)<\/p>\n<p style=\"padding-left: 40px;\">d)\u00a0\u00a0\u00a0\u00a0\u00a0\u00a0\u00a0 Nomination d\u2019une Autorit\u00e9 de surveillance pour le Registre du Protocole MAC (<a href=\"https:\/\/www.unidroit.org\/wp-content\/uploads\/2022\/05\/C.D.-101-15-Nomination-dune-Autorite-de-surveillance-pour-le-Registre-du-Protocole-MAC.pdf\">C.D. (101) 15<\/a>)<\/p>\n<p>&nbsp;<\/p>\n<p>7.\u00a0\u00a0\u00a0\u00a0\u00a0\u00a0\u00a0\u00a0\u00a0\u00a0\u00a0 Protection internationale des biens culturels: \u00c9tat de mise en \u0153uvre de la Convention d\u2019UNIDROIT de 1995 (<a href=\"https:\/\/www.unidroit.org\/wp-content\/uploads\/2022\/05\/C.D.-101-16-Protection-internationale-des-biens-culturels-1.pdf\">C.D.\u00a0(101) 16<\/a>)<\/p>\n<p>&nbsp;<\/p>\n<p>8.\u00a0\u00a0\u00a0\u00a0\u00a0\u00a0\u00a0\u00a0\u00a0\u00a0\u00a0 Correspondants d\u2019UNIDROIT (<a href=\"https:\/\/www.unidroit.org\/wp-content\/uploads\/2022\/06\/C.D.-10117-rev.-2-Correspondants.pdf\">C.D. (101) 17 r\u00e9v. 2<\/a>)<\/p>\n<p>&nbsp;<\/p>\n<p>9.\u00a0\u00a0\u00a0\u00a0\u00a0\u00a0\u00a0\u00a0\u00a0\u00a0\u00a0 Acad\u00e9mie d\u2019UNIDROIT (<a href=\"https:\/\/www.unidroit.org\/wp-content\/uploads\/2022\/05\/C.D.-101-18-Academie-dUNIDROIT.pdf\">C.D. (101) 18<\/a>)<\/p>\n<p style=\"padding-left: 40px;\">a)\u00a0\u00a0\u00a0\u00a0\u00a0\u00a0\u00a0\u00a0 Projets acad\u00e9miques d\u2019UNIDROIT<\/p>\n<p style=\"padding-left: 40px;\">b)\u00a0\u00a0\u00a0\u00a0\u00a0\u00a0\u00a0\u00a0 Instituts acad\u00e9miques<\/p>\n<p style=\"padding-left: 40px;\">c)\u00a0\u00a0\u00a0\u00a0\u00a0\u00a0\u00a0\u00a0 Universit\u00e9 internationale d\u2019\u00e9t\u00e9 d\u2019UNIDROIT<\/p>\n<p style=\"padding-left: 40px;\">d)\u00a0\u00a0\u00a0\u00a0\u00a0\u00a0\u00a0\u00a0 Programmes des Chaires d\u2019UNIDROIT<\/p>\n<p style=\"padding-left: 40px;\">e)\u00a0\u00a0\u00a0\u00a0\u00a0\u00a0\u00a0\u00a0 Biblioth\u00e8que d\u2019UNIDROIT et activit\u00e9s de recherche<\/p>\n<p style=\"padding-left: 40px;\">f)\u00a0\u00a0\u00a0\u00a0\u00a0\u00a0\u00a0\u00a0\u00a0 Coop\u00e9ration avec des institutions acad\u00e9miques<\/p>\n<p style=\"padding-left: 40px;\">g)\u00a0\u00a0\u00a0\u00a0\u00a0\u00a0\u00a0\u00a0 Publications d\u2019UNIDROIT<\/p>\n<p>&nbsp;<\/p>\n<p>10.\u00a0\u00a0\u00a0\u00a0\u00a0\u00a0\u00a0\u00a0 Strat\u00e9gie de communication et diffusion sur les r\u00e9seaux sociaux (<a href=\"https:\/\/www.unidroit.org\/wp-content\/uploads\/2022\/05\/C.D.-101-19-Strategie-de-communication-et-diffusion-sur-les-reseaux-sociaux.pdf\">C.D. (101) 19<\/a>)<\/p>\n<p>&nbsp;<\/p>\n<p>11.\u00a0\u00a0\u00a0\u00a0\u00a0\u00a0\u00a0\u00a0 Questions administratives: pr\u00e9paration du projet de Budget pour l\u2019exercice financier 2023 (<a href=\"https:\/\/www.unidroit.org\/wp-content\/uploads\/2022\/05\/C.D.-101-20-Elaboration-du-projet-de-Budget-pour-2023.pdf\">C.D. (101) 20<\/a>)<\/p>\n<p>&nbsp;<\/p>\n<p>12.\u00a0\u00a0\u00a0\u00a0\u00a0\u00a0\u00a0\u00a0 Date et lieu de la 102<sup>\u00e8me<\/sup> session du Conseil de Direction (<a href=\"https:\/\/www.unidroit.org\/wp-content\/uploads\/2022\/06\/C.D.-101-1-rev.-4-Projet-dordre-du-jour-annote-1.pdf\">C.D. (101) 1 r\u00e9v. 4<\/a>)<\/p>\n<p>&nbsp;<\/p>\n<p>13.\u00a0\u00a0\u00a0\u00a0\u00a0\u00a0\u00a0\u00a0 Divers<\/p>\n<p>&nbsp;<\/p>\n<p>14.\u00a0 \u00a0 \u00a0 \u00a0 \u00a0 <span class=\"fontstyle0\">Lancement de la cinqui\u00e8me \u00e9dition <\/span><span class=\"fontstyle2\">du \u2019<em>Official Commentary on the Convention on International Interests in Mobile Equipment and Protocol thereto on Matters Specific to Aircraft Equipment<\/em>\u2019 [\/vc_column_text][\/vc_column][\/vc_row]<br \/>\n<\/span><\/p>\n<\/div>","protected":false},"excerpt":{"rendered":"<p>[vc_row][vc_column css=&#8221;.vc_custom_1490017614850{margin-bottom: 30px !important;}&#8221;][vc_custom_heading text=&#8221;101\u00e8me Session (Rome, 8-10 juin 2022)&#8221; font_container=&#8221;tag:h1|text_align:left&#8221; use_theme_fonts=&#8221;yes&#8221; css=&#8221;.vc_custom_1630592725293{margin-top: 0px !important;margin-bottom: 20px !important;}&#8221;][vc_column_text css=&#8221;.vc_custom_1640336893304{padding-top: 35px !important;padding-right: 35px !important;padding-bottom: 35px !important;padding-left: 35px !important;background-color: #f2f2f2 !important;}&#8221;] Documents Conclusions sommaires (C.D. (101) Misc. 2 r\u00e9v.) Rapport (C.D. (101) 21) *** 1.\u00a0\u00a0\u00a0\u00a0\u00a0\u00a0\u00a0\u00a0\u00a0\u00a0\u00a0 Adoption du projet&nbsp;<a href=\"https:\/\/www.unidroit.org\/fr\/reunions\/conseil-de-direction-2-2\/101eme-session-rome-8-10-juin-2022\/\">&hellip;<\/a><\/p>\n","protected":false},"author":8,"featured_media":0,"parent":4954,"menu_order":0,"comment_status":"closed","ping_status":"closed","template":"","meta":{"ep_exclude_from_search":false,"footnotes":""},"class_list":["post-14967","page","type-page","status-publish","format-standard","hentry","odd"],"_links":{"self":[{"href":"https:\/\/www.unidroit.org\/fr\/wp-json\/wp\/v2\/pages\/14967","targetHints":{"allow":["GET"]}}],"collection":[{"href":"https:\/\/www.unidroit.org\/fr\/wp-json\/wp\/v2\/pages"}],"about":[{"href":"https:\/\/www.unidroit.org\/fr\/wp-json\/wp\/v2\/types\/page"}],"author":[{"embeddable":true,"href":"https:\/\/www.unidroit.org\/fr\/wp-json\/wp\/v2\/users\/8"}],"replies":[{"embeddable":true,"href":"https:\/\/www.unidroit.org\/fr\/wp-json\/wp\/v2\/comments?post=14967"}],"version-history":[{"count":0,"href":"https:\/\/www.unidroit.org\/fr\/wp-json\/wp\/v2\/pages\/14967\/revisions"}],"up":[{"embeddable":true,"href":"https:\/\/www.unidroit.org\/fr\/wp-json\/wp\/v2\/pages\/4954"}],"wp:attachment":[{"href":"https:\/\/www.unidroit.org\/fr\/wp-json\/wp\/v2\/media?parent=14967"}],"curies":[{"name":"wp","href":"https:\/\/api.w.org\/{rel}","templated":true}]}}