{"id":15091,"date":"2021-07-21T19:11:16","date_gmt":"2021-07-21T17:11:16","guid":{"rendered":"https:\/\/www.unidroit.org\/?page_id=15091"},"modified":"2026-04-15T17:41:25","modified_gmt":"2026-04-15T15:41:25","slug":"secretariat-2","status":"publish","type":"page","link":"https:\/\/www.unidroit.org\/fr\/presentation-dunidroit\/secretariat-2\/","title":{"rendered":"Secr\u00e9tariat"},"content":{"rendered":"<div class=\"wpb-content-wrapper\"><p>[vc_row][vc_column css=&#8221;.vc_custom_1490017614850{margin-bottom: 30px !important;}&#8221;][vc_custom_heading text=&#8221;SECR\u00c9TARIAT&#8221; font_container=&#8221;tag:h1|text_align:left&#8221; use_theme_fonts=&#8221;yes&#8221; css=&#8221;.vc_custom_1626894715796{margin-top: 0px !important;margin-bottom: 20px !important;}&#8221;][vc_column_text css=&#8221;.vc_custom_1776267837509{padding-top: 35px !important;padding-right: 35px !important;padding-bottom: 35px !important;padding-left: 35px !important;background-color: #f2f2f2 !important;}&#8221;]<strong>PERSONNEL PROFESSIONNEL<\/strong><\/p>\n<p>&nbsp;<\/p>\n<p><strong>Secr\u00e9taire G\u00e9n\u00e9ral<br \/>\n<\/strong><\/p>\n<p>Professeur Ignacio TIRADO<\/p>\n<p>&nbsp;<\/p>\n<p><strong>Secr\u00e9taire G\u00e9n\u00e9rale adjointe<br \/>\n<\/strong><\/p>\n<p>Professeure Anna VENEZIANO<\/p>\n<p>&nbsp;<\/p>\n<p><strong>Juriste principale &amp; D\u00e9positaire des trait\u00e9s<\/strong><\/p>\n<p>Mme Marina SCHNEIDER<\/p>\n<p>&nbsp;<\/p>\n<p><strong>Juriste principale\u00a0<\/strong><br \/>\nProfesseure Meiling Huang (en d\u00e9tachement)<\/p>\n<p>&nbsp;<\/p>\n<p><strong>Fonctionnaire senior<\/strong><\/p>\n<p>M. William BRYDIE-WATSON<\/p>\n<p>Mr Junwoo KIM (en d\u00e9tachement)<\/p>\n<p>M. Rocco PALMA (en d\u00e9tachement)<\/p>\n<p>Mme Myrte THIJSSEN<\/p>\n<p>&nbsp;<\/p>\n<p><strong>Fonctionnaires<br \/>\n<\/strong><\/p>\n<p>Mme Priscila PEREIRA DE ANDRADE<\/p>\n<p>Mme Giulia PREVITI<\/p>\n<p>Mme Philine WEHLING<\/p>\n<p>Mme Zoe CHUNG (en d\u00e9tachement)<\/p>\n<p>Mme \u00a0Phoebe SUEN (en d\u00e9tachement)<\/p>\n<p>&nbsp;<\/p>\n<p><strong>Consultants<\/strong><\/p>\n<p>Professeur Michael Joachim BONELL<\/p>\n<p>Mme Kateryna BOVSUNOVSKA<\/p>\n<p>Mme Alexandra DELORME<\/p>\n<p>Mme Theodora KOSTOULA<\/p>\n<p>Mme Lena PETERS<\/p>\n<p>&nbsp;<\/p>\n<p><strong>Programme Jeunes experts associ\u00e9s (JEA\/JPO) <\/strong><\/p>\n<p>Mme LIU Qianqian (en d\u00e9tachement)<\/p>\n<p>&nbsp;<\/p>\n<p>&nbsp;<\/p>\n<p><strong>SERVICES G\u00c9N\u00c9RAUX<\/strong><\/p>\n<p>&nbsp;<\/p>\n<p><strong>Tr\u00e9sorier<\/strong><\/p>\n<p>M. Paolo AVERSA<\/p>\n<p><strong>\u00a0<\/strong><\/p>\n<p><strong>Biblioth\u00e8que<\/strong><\/p>\n<p>Mme Alexandra LOGUE (Biblioth\u00e9caire)<\/p>\n<p>Mme Patricia LEMAIRE (Assistante)<\/p>\n<p>&nbsp;<\/p>\n<p><strong>Secr\u00e9tariat<\/strong><\/p>\n<p>Mme Audrey CHAUNAC (Secr\u00e9taire)<\/p>\n<p>Mme Isabelle DUBOIS (Secr\u00e9taire)<\/p>\n<p>Mme Catherine HIGH (Secr\u00e9taire)<\/p>\n<p>Mme Valentina VIGAN\u00d2 (Secr\u00e9taire)<\/p>\n<p><strong>\u00a0<\/strong><\/p>\n<p><strong>Administrateur technologie de l&#8217;information<br \/>\n<\/strong><\/p>\n<p>M. Stefano MUSCATELLO<\/p>\n<p>&nbsp;<\/p>\n<p><strong>Coordinatrice du programme de stages et de bourses<\/strong><\/p>\n<p>Mme Laura TIKANVAARA<\/p>\n<p>&nbsp;<\/p>\n<p><strong>Assistants administratifs<br \/>\n<\/strong><\/p>\n<p>M. Alfredo PANNONI<\/p>\n<p>M. Daniele SALLUSTRI[\/vc_column_text][\/vc_column][\/vc_row]<\/p>\n<\/div>","protected":false},"excerpt":{"rendered":"<p>[vc_row][vc_column css=&#8221;.vc_custom_1490017614850{margin-bottom: 30px !important;}&#8221;][vc_custom_heading text=&#8221;SECR\u00c9TARIAT&#8221; font_container=&#8221;tag:h1|text_align:left&#8221; use_theme_fonts=&#8221;yes&#8221; css=&#8221;.vc_custom_1626894715796{margin-top: 0px !important;margin-bottom: 20px !important;}&#8221;][vc_column_text css=&#8221;.vc_custom_1776267837509{padding-top: 35px !important;padding-right: 35px !important;padding-bottom: 35px !important;padding-left: 35px !important;background-color: #f2f2f2 !important;}&#8221;]PERSONNEL PROFESSIONNEL &nbsp; Secr\u00e9taire G\u00e9n\u00e9ral Professeur Ignacio TIRADO &nbsp; Secr\u00e9taire G\u00e9n\u00e9rale adjointe Professeure Anna VENEZIANO &nbsp; Juriste principale &amp; D\u00e9positaire des trait\u00e9s Mme&nbsp;<a href=\"https:\/\/www.unidroit.org\/fr\/presentation-dunidroit\/secretariat-2\/\">&hellip;<\/a><\/p>\n","protected":false},"author":8,"featured_media":0,"parent":4822,"menu_order":0,"comment_status":"closed","ping_status":"closed","template":"","meta":{"ep_exclude_from_search":false,"footnotes":""},"class_list":["post-15091","page","type-page","status-publish","format-link","hentry","post_format-post-format-link","odd"],"_links":{"self":[{"href":"https:\/\/www.unidroit.org\/fr\/wp-json\/wp\/v2\/pages\/15091","targetHints":{"allow":["GET"]}}],"collection":[{"href":"https:\/\/www.unidroit.org\/fr\/wp-json\/wp\/v2\/pages"}],"about":[{"href":"https:\/\/www.unidroit.org\/fr\/wp-json\/wp\/v2\/types\/page"}],"author":[{"embeddable":true,"href":"https:\/\/www.unidroit.org\/fr\/wp-json\/wp\/v2\/users\/8"}],"replies":[{"embeddable":true,"href":"https:\/\/www.unidroit.org\/fr\/wp-json\/wp\/v2\/comments?post=15091"}],"version-history":[{"count":11,"href":"https:\/\/www.unidroit.org\/fr\/wp-json\/wp\/v2\/pages\/15091\/revisions"}],"predecessor-version":[{"id":40060,"href":"https:\/\/www.unidroit.org\/fr\/wp-json\/wp\/v2\/pages\/15091\/revisions\/40060"}],"up":[{"embeddable":true,"href":"https:\/\/www.unidroit.org\/fr\/wp-json\/wp\/v2\/pages\/4822"}],"wp:attachment":[{"href":"https:\/\/www.unidroit.org\/fr\/wp-json\/wp\/v2\/media?parent=15091"}],"curies":[{"name":"wp","href":"https:\/\/api.w.org\/{rel}","templated":true}]}}