{"id":15227,"date":"2021-10-14T18:36:08","date_gmt":"2021-10-14T16:36:08","guid":{"rendered":"https:\/\/www.unidroit.org\/?page_id=15227"},"modified":"2022-07-20T11:37:08","modified_gmt":"2022-07-20T09:37:08","slug":"commission-des-finances-93eme-session","status":"publish","type":"page","link":"https:\/\/www.unidroit.org\/fr\/reunions\/commission-des-finances\/commission-des-finances-93eme-session\/","title":{"rendered":"Commission des Finances 93\u00e8me session"},"content":{"rendered":"<div class=\"wpb-content-wrapper\"><p>[vc_row][vc_column css=&#8221;.vc_custom_1490017614850{margin-bottom: 30px !important;}&#8221;][vc_custom_heading text=&#8221;93\u00e8me session<br \/>\n(Rome, 25 mai 2022)&#8221; font_container=&#8221;tag:h1|text_align:left&#8221; use_theme_fonts=&#8221;yes&#8221; css=&#8221;.vc_custom_1653402392129{margin-top: 0px !important;margin-bottom: 20px !important;}&#8221;][vc_column_text css=&#8221;.vc_custom_1658309872348{padding-top: 35px !important;padding-right: 35px !important;padding-bottom: 35px !important;padding-left: 35px !important;background-color: #f2f2f2 !important;}&#8221;]<\/p>\n<p style=\"text-align: center;\"><strong>Documents <\/strong><\/p>\n<ul>\n<li>Rapport (<a href=\"https:\/\/www.unidroit.org\/wp-content\/uploads\/2022\/07\/FC936-Rapport-REDIGE-POUR-LE-SITE-INTERNET.pdf\">F.C. (93) 6<\/a>)<\/li>\n<\/ul>\n<p style=\"text-align: center;\">***<\/p>\n<p>1. Adoption de l\u2019ordre du jour (<a href=\"https:\/\/www.unidroit.org\/wp-content\/uploads\/2022\/05\/FC931-Ordre-du-jour-annote.pdf\">F.C. (93) 1<\/a>)<\/p>\n<p>2. Projet de Budget 2023 \u2013 Premi\u00e8res estimations (<a href=\"https:\/\/www.unidroit.org\/wp-content\/uploads\/2022\/05\/FC932-Premieres-estimations-pour-2023.pdf\">F.C. (93)\u00a02<\/a>)<\/p>\n<p>3. Premier examen des Comptes pour l\u2019exercice financier 2021 (<a href=\"https:\/\/www.unidroit.org\/wp-content\/uploads\/2022\/05\/FC933-Premier-examen-des-Comptes-2021.pdf\">F.C. (93)\u00a03<\/a>)<\/p>\n<p>4. Actualisation sur la mise en \u0153uvre des nouveaux syst\u00e8mes de r\u00e9mun\u00e9ration et de s\u00e9curit\u00e9 sociale appliqu\u00e9s au personnel d\u2019Unidroit (<a href=\"https:\/\/www.unidroit.org\/wp-content\/uploads\/2022\/05\/FC934-Rapport-CAF-1.pdf\">F.C. (93) 4<\/a>)<\/p>\n<p>5. Mise \u00e0 jour concernant la durabilit\u00e9 \u00e0 long terme de la structure de r\u00e9mun\u00e9ration<\/p>\n<p>6. Divers[\/vc_column_text][\/vc_column][\/vc_row]<\/p>\n<\/div>","protected":false},"excerpt":{"rendered":"<p>[vc_row][vc_column css=&#8221;.vc_custom_1490017614850{margin-bottom: 30px !important;}&#8221;][vc_custom_heading text=&#8221;93\u00e8me session (Rome, 25 mai 2022)&#8221; font_container=&#8221;tag:h1|text_align:left&#8221; use_theme_fonts=&#8221;yes&#8221; css=&#8221;.vc_custom_1653402392129{margin-top: 0px !important;margin-bottom: 20px !important;}&#8221;][vc_column_text css=&#8221;.vc_custom_1658309872348{padding-top: 35px !important;padding-right: 35px !important;padding-bottom: 35px !important;padding-left: 35px !important;background-color: #f2f2f2 !important;}&#8221;] Documents Rapport (F.C. (93) 6) *** 1. Adoption de l\u2019ordre du jour (F.C. (93) 1) 2. Projet&nbsp;<a href=\"https:\/\/www.unidroit.org\/fr\/reunions\/commission-des-finances\/commission-des-finances-93eme-session\/\">&hellip;<\/a><\/p>\n","protected":false},"author":8,"featured_media":0,"parent":5015,"menu_order":0,"comment_status":"closed","ping_status":"closed","template":"","meta":{"ep_exclude_from_search":false,"footnotes":""},"class_list":["post-15227","page","type-page","status-publish","format-standard","hentry","odd"],"_links":{"self":[{"href":"https:\/\/www.unidroit.org\/fr\/wp-json\/wp\/v2\/pages\/15227","targetHints":{"allow":["GET"]}}],"collection":[{"href":"https:\/\/www.unidroit.org\/fr\/wp-json\/wp\/v2\/pages"}],"about":[{"href":"https:\/\/www.unidroit.org\/fr\/wp-json\/wp\/v2\/types\/page"}],"author":[{"embeddable":true,"href":"https:\/\/www.unidroit.org\/fr\/wp-json\/wp\/v2\/users\/8"}],"replies":[{"embeddable":true,"href":"https:\/\/www.unidroit.org\/fr\/wp-json\/wp\/v2\/comments?post=15227"}],"version-history":[{"count":0,"href":"https:\/\/www.unidroit.org\/fr\/wp-json\/wp\/v2\/pages\/15227\/revisions"}],"up":[{"embeddable":true,"href":"https:\/\/www.unidroit.org\/fr\/wp-json\/wp\/v2\/pages\/5015"}],"wp:attachment":[{"href":"https:\/\/www.unidroit.org\/fr\/wp-json\/wp\/v2\/media?parent=15227"}],"curies":[{"name":"wp","href":"https:\/\/api.w.org\/{rel}","templated":true}]}}