{"id":15720,"date":"2022-06-07T18:37:17","date_gmt":"2022-06-07T16:37:17","guid":{"rendered":"https:\/\/www.unidroit.org\/?page_id=15720"},"modified":"2022-06-09T08:49:28","modified_gmt":"2022-06-09T06:49:28","slug":"programmes-de-chaires-dunidroit","status":"publish","type":"page","link":"https:\/\/www.unidroit.org\/fr\/academie-dunidroit\/programmes-de-chaires-dunidroit\/","title":{"rendered":"Programmes de chaires d&#8217;UNIDROIT"},"content":{"rendered":"<div class=\"wpb-content-wrapper\"><p>[vc_row][vc_column][vc_single_image image=&#8221;15807&#8243; img_size=&#8221;full&#8221;][\/vc_column][\/vc_row][vc_row][vc_column][vc_column_text]<\/p>\n<p style=\"text-align: justify;\">Les programmes de chaires conjointes d\u2019UNIDROIT font partie d\u2019une nouvelle approche que le Secr\u00e9tariat a adopt\u00e9e pour renforcer les connaissances techniques et l\u2019expertise dans certains domaines du Programme de travail de l\u2019Institut. Gr\u00e2ce \u00e0 la nomination d\u2019experts pour des p\u00e9riodes d\u2019un an ou plus, en fonction des termes de r\u00e9f\u00e9rence sp\u00e9cifiques de la Chaire, l\u2019Institut re\u00e7oit des conseils hautement sp\u00e9cialis\u00e9s sans avoir besoin de recourir \u00e0 des experts externes, dont le temps libre est souvent limit\u00e9. Cela ajoute de la capacit\u00e9 et de la stabilit\u00e9 aux effectifs du Secr\u00e9tariat. Pour ce qui est de la premi\u00e8re exp\u00e9rience, cette approche s\u2019est av\u00e9r\u00e9e particuli\u00e8rement utile dans les phases exploratoires de nos projets, lorsque peu ou pas d\u2019experts externes sont impliqu\u00e9s.<\/p>\n<p style=\"text-align: justify;\">Cr\u00e9\u00e9s dans le but d\u2019apporter un soutien au personnel d\u2019UNIDROIT durant les phases des projets au cours desquelles la recherche joue un r\u00f4le d\u00e9terminant, et de renforcer les partenariats avec les parties prenantes concern\u00e9es, les r\u00e9sultats des Programmes de Chaires devraient alimenter la production acad\u00e9mique et de projets de l\u2019Institut.<\/p>\n<p>[\/vc_column_text][\/vc_column][\/vc_row][vc_row][vc_column][vc_tta_accordion active_section=&#8221;non-existing number&#8221; collapsible_all=&#8221;true&#8221;][vc_tta_section title=&#8221;Le Programme de la Chaire UNIDROIT-Banque d\u2019Italie&#8221; tab_id=&#8221;1652110412125-ecb76619-e154&#8243;][vc_column_text]<\/p>\n<p style=\"text-align: justify;\"><img loading=\"lazy\" decoding=\"async\" class=\"size-medium wp-image-15722 alignleft\" src=\"https:\/\/www.unidroit.org\/wp-content\/uploads\/2022\/06\/BankItaly-300x278.png\" alt=\"\" width=\"300\" height=\"278\" \/>Le Programme de la Chaire UNIDROIT &#8211; Banque d\u2019Italie a consolid\u00e9 la coop\u00e9ration existante entre UNIDROIT, la Banque d\u2019Italie et l\u2019IVASS (le superviseur italien des march\u00e9s de l\u2019assurance et de la r\u00e9assurance) et a d\u00e9j\u00e0 contribu\u00e9 \u00e0 des recherches conjointes, \u00e0 la formation et \u00e0 la diffusion de sujets d\u2019int\u00e9r\u00eat commun.<\/p>\n<p style=\"text-align: justify;\">Dans le cadre de ce programme, le Secr\u00e9tariat d&#8217;UNIDROIT a lanc\u00e9 <a href=\"https:\/\/www.unidroit.org\/wp-content\/uploads\/2022\/05\/Announcement-UNIDROIT-BI-Chair-.pdf\">un appel \u00e0 candidatures<\/a> en janvier 2021.<\/p>\n<p style=\"text-align: justify;\">En raison des retards caus\u00e9s par la pand\u00e9mie, la premi\u00e8re Chaire UNIDROIT &#8211; Banque d&#8217;Italie a \u00e9t\u00e9 attribu\u00e9e \u00e0 M. Hossein Nabilou en mai 2021 (Professeur adjoint de droit et de finance \u00e0 l\u2019universit\u00e9 d\u2019Amsterdam) pour travailler dans les domaines suivants: i) les actifs num\u00e9riques et le droit priv\u00e9; ii) la conception et l\u2019analyse de proc\u00e9dures sp\u00e9cifiques pour traiter les institutions financi\u00e8res en difficult\u00e9, avec une attention particuli\u00e8re aux banques non syst\u00e9miques. Ces deux sujets font tous partie de projets en cours inscrits au Programme de travail 2020-2022 d\u2019UNIDROIT et constituent des domaines d\u2019int\u00e9r\u00eat naturel pour la Banque d\u2019Italie et\/ou l\u2019IVASS.<\/p>\n<p style=\"text-align: justify;\">Pendant son s\u00e9jour \u00e0 UNIDROIT, le Professeur Nabilou a contribu\u00e9 au d\u00e9veloppement de deux projets en cours (<a href=\"https:\/\/www.unidroit.org\/fr\/travaux-en-cours\/insolvabilite-bancaire\/\">insolvabilit\u00e9 bancaire<\/a> et <a href=\"https:\/\/www.unidroit.org\/fr\/travaux-en-cours\/actifs-numeriques\/\">actifs num\u00e9riques et droit priv\u00e9<\/a>), a pr\u00e9par\u00e9 deux documents et a particip\u00e9 \u00e0 un certain nombre d\u2019\u00e9v\u00e9nements.<\/p>\n<ul>\n<li style=\"text-align: justify;\">Le premier article intitul\u00e9 \u201cProbabilistic settlement finality in Proof-of-Work Blockchains: Legal Considerations\u201d combine la litt\u00e9rature sur la r\u00e9glementation financi\u00e8re (en particulier, le droit des paiements et les infrastructures des march\u00e9s financiers), le droit des technologies (syst\u00e8mes distribu\u00e9s et blockchains), et le droit priv\u00e9 (en particulier, le droit des contrats, le droit commercial et le droit des biens). Un court r\u00e9sum\u00e9 de l\u2019article a \u00e9galement \u00e9t\u00e9 publi\u00e9 sur l\u2019Oxford Business Law Blog.<\/li>\n<li style=\"text-align: justify;\">Le deuxi\u00e8me article, intitul\u00e9 \u201cThe law and macroeconomics of custody and asset segregation rules: Defining the future of crypto-banking\u201d couvre le principe de garde et la mani\u00e8re dont il peut fa\u00e7onner l\u2019avenir des crypto-monnaies et de la finance d\u00e9centralis\u00e9e (DeFi). Ce document est \u00e9troitement li\u00e9 au projet sur les actifs num\u00e9riques et le droit priv\u00e9, et en particulier aux travaux men\u00e9s par le sous-groupe sur la garde. Un court r\u00e9sum\u00e9 du document a \u00e9galement \u00e9t\u00e9 publi\u00e9 dans Oxford Business Law Blog.<\/li>\n<\/ul>\n<p style=\"text-align: justify;\">Le Secr\u00e9tariat a pr\u00e9par\u00e9, suite \u00e0 des contacts avec le service juridique de la Banque d\u2019Italie, une demande officielle de renouvellement de la subvention qui sera soumise et devrait \u00eatre approuv\u00e9e au cours de l\u2019\u00e9t\u00e9 2022.<\/p>\n<p>Sous r\u00e9serve de l\u2019approbation de la Banque d\u2019Italie, une nouvelle personne ressource pourrait donc rejoindre l\u2019Institut pour un an, \u00e0 partir de l\u2019automne 2022.[\/vc_column_text][\/vc_tta_section][vc_tta_section title=&#8221;Le Programme de la Chaire UNIDROIT &#8211; Minist\u00e8re italien des Affaires \u00e9trang\u00e8res et de la Coop\u00e9ration internationale&#8221; tab_id=&#8221;1652110412141-848b7f1b-9cad&#8221;][vc_column_text]<\/p>\n<p style=\"text-align: justify;\"><img loading=\"lazy\" decoding=\"async\" class=\"aligncenter wp-image-15724 size-medium\" src=\"https:\/\/www.unidroit.org\/wp-content\/uploads\/2022\/06\/MAECI-300x145.png\" alt=\"\" width=\"300\" height=\"145\" \/>En janvier 2022, UNIDROIT a re\u00e7u une subvention du Minist\u00e8re italien des Affaires \u00e9trang\u00e8res et de la Coop\u00e9ration internationale (MAECI) pour cr\u00e9er un Programme de Chaire dans le domaine du droit priv\u00e9 et du d\u00e9veloppement durable. Ce nouveau programme vise globalement \u00e0 impliquer un professeur\/chercheur senior ou \u00e0 mi-carri\u00e8re dans le d\u00e9veloppement du projet UNIDROIT\/FAO\/FIDA sur la Structure juridique des entreprises agricoles (SJEA). Le candidat doit assister le Secr\u00e9tariat dans la recherche comparative et la collecte de donn\u00e9es, ainsi que dans l\u2019analyse de la parit\u00e9 des sexes dans les diff\u00e9rentes formes de collaboration des entreprises agricoles prises en consid\u00e9ration dans le projet SJEA.<\/p>\n<p style=\"text-align: justify;\">En outre, il coop\u00e9rera avec le Secr\u00e9tariat d\u2019UNIDROIT dans le cadre d\u2019activit\u00e9s visant \u00e0 la mise en \u0153uvre d\u2019autres guides juridiques d\u00e9j\u00e0 \u00e9labor\u00e9s par Unidroit dans le domaine du droit priv\u00e9 et du d\u00e9veloppement agricole (par exemple, celui sur l\u2019Agriculture contractuelle et sur les Contrats d\u2019investissement en terres agricoles).<\/p>\n<p style=\"text-align: justify;\">Le d\u00e9tenteur de la Chaire UNIDROIT\/MAECI doit \u00eatre un juriste affirm\u00e9 dans le domaine du droit priv\u00e9 compar\u00e9 (par exemple, \u00eatre d\u00e9j\u00e0 en possession d\u2019un doctorat de recherche ou avoir plus de cinq ans d\u2019exp\u00e9rience). Id\u00e9alement, il devrait avoir de l\u2019exp\u00e9rience en mati\u00e8re de droit des contrats, des soci\u00e9t\u00e9s et de l\u2019agriculture et \u00eatre sensibilis\u00e9 aux d\u00e9fis auxquels sont confront\u00e9s les petits exploitants et les petites et moyennes entreprises agricoles pour acc\u00e9der aux march\u00e9s, \u00e0 la technologie et aux ressources financi\u00e8res.<\/p>\n<p style=\"text-align: justify;\">La pr\u00e9f\u00e9rence sera accord\u00e9e aux candidates originaires de pays en d\u00e9veloppement, de pr\u00e9f\u00e9rence du continent africain \u00e9tant donn\u00e9 les d\u00e9fis qui persistent dans un certain nombre de ces pays pour l\u2019acc\u00e8s des femmes aux entreprises agricoles.<\/p>\n<p>[\/vc_column_text][\/vc_tta_section][\/vc_tta_accordion][\/vc_column][\/vc_row]<\/p>\n<\/div>","protected":false},"excerpt":{"rendered":"<p>[vc_row][vc_column][vc_single_image image=&#8221;15807&#8243; img_size=&#8221;full&#8221;][\/vc_column][\/vc_row][vc_row][vc_column][vc_column_text] Les programmes de chaires conjointes d\u2019UNIDROIT font partie d\u2019une nouvelle approche que le Secr\u00e9tariat a adopt\u00e9e pour renforcer les connaissances techniques et l\u2019expertise dans certains domaines du Programme de travail de l\u2019Institut. Gr\u00e2ce \u00e0 la nomination d\u2019experts pour des p\u00e9riodes d\u2019un an&nbsp;<a href=\"https:\/\/www.unidroit.org\/fr\/academie-dunidroit\/programmes-de-chaires-dunidroit\/\">&hellip;<\/a><\/p>\n","protected":false},"author":19,"featured_media":0,"parent":15709,"menu_order":0,"comment_status":"closed","ping_status":"closed","template":"","meta":{"ep_exclude_from_search":false,"footnotes":""},"class_list":["post-15720","page","type-page","status-publish","format-standard","hentry","odd"],"_links":{"self":[{"href":"https:\/\/www.unidroit.org\/fr\/wp-json\/wp\/v2\/pages\/15720","targetHints":{"allow":["GET"]}}],"collection":[{"href":"https:\/\/www.unidroit.org\/fr\/wp-json\/wp\/v2\/pages"}],"about":[{"href":"https:\/\/www.unidroit.org\/fr\/wp-json\/wp\/v2\/types\/page"}],"author":[{"embeddable":true,"href":"https:\/\/www.unidroit.org\/fr\/wp-json\/wp\/v2\/users\/19"}],"replies":[{"embeddable":true,"href":"https:\/\/www.unidroit.org\/fr\/wp-json\/wp\/v2\/comments?post=15720"}],"version-history":[{"count":0,"href":"https:\/\/www.unidroit.org\/fr\/wp-json\/wp\/v2\/pages\/15720\/revisions"}],"up":[{"embeddable":true,"href":"https:\/\/www.unidroit.org\/fr\/wp-json\/wp\/v2\/pages\/15709"}],"wp:attachment":[{"href":"https:\/\/www.unidroit.org\/fr\/wp-json\/wp\/v2\/media?parent=15720"}],"curies":[{"name":"wp","href":"https:\/\/api.w.org\/{rel}","templated":true}]}}