{"id":16180,"date":"2022-07-15T17:54:45","date_gmt":"2022-07-15T15:54:45","guid":{"rendered":"https:\/\/www.unidroit.org\/?page_id=16180"},"modified":"2022-07-15T17:54:47","modified_gmt":"2022-07-15T15:54:47","slug":"14-2","status":"publish","type":"page","link":"https:\/\/www.unidroit.org\/fr\/instruments\/biens-culturels\/convention-de-1995\/etat\/14-2\/","title":{"rendered":"14"},"content":{"rendered":"<div class=\"wpb-content-wrapper\"><p>[vc_row][vc_column css=&#8221;.vc_custom_1490017614850{margin-bottom: 30px !important;}&#8221;][vc_custom_heading text=&#8221;14&#8243; font_container=&#8221;tag:h1|text_align:left&#8221; use_theme_fonts=&#8221;yes&#8221; css=&#8221;.vc_custom_1625852927149{margin-top: 0px !important;margin-bottom: 20px !important;}&#8221;][vc_custom_heading text=&#8221;CONVENTION D\u2019UNIDROIT SUR LES BIENS CULTURELS VOL\u00c9S OU ILLICITEMENT EXPORT\u00c9S&#8221; font_container=&#8221;tag:h4|text_align:left&#8221; use_theme_fonts=&#8221;yes&#8221;][\/vc_column][\/vc_row][vc_row css=&#8221;.vc_custom_1622455036974{background-color: #f2f2f2 !important;}&#8221;][vc_column css=&#8221;.vc_custom_1490017614850{margin-bottom: 30px !important;}&#8221;][vc_column_text]<\/p>\n<p style=\"text-align: center;\"><span style=\"font-size: 12pt;\"><strong>D\u00e9clarations faites par les \u00c9tats au moment de la ratification \/ adh\u00e9sion<\/strong><\/span><\/p>\n<p style=\"text-align: center;\"><strong>en vertu de l\u2019article 14<\/strong><\/p>\n<p>&nbsp;<\/p>\n<p style=\"text-align: justify;\"><strong>Danemark<\/strong><\/p>\n<p style=\"text-align: justify;\">La Convention ne s\u2019applique pas au Groenland et dans les \u00eeles F\u00e9ro\u00e9.<\/p>\n<p style=\"text-align: justify;\">\n<p style=\"text-align: justify;\"><strong>Norv\u00e8ge<\/strong><\/p>\n<p style=\"text-align: justify;\">Conform\u00e9ment \u00e0 l\u2019article 14, la Convention s\u2019applique sur le territoire du Royaume de Norv\u00e8ge et de ses d\u00e9pendances.<\/p>\n<p style=\"text-align: justify;\">\n<p>[\/vc_column_text][\/vc_column][\/vc_row][vc_row][vc_column][vc_empty_space height=&#8221;10px&#8221;][\/vc_column][\/vc_row]<\/p>\n<\/div>","protected":false},"excerpt":{"rendered":"<p>[vc_row][vc_column css=&#8221;.vc_custom_1490017614850{margin-bottom: 30px !important;}&#8221;][vc_custom_heading text=&#8221;14&#8243; font_container=&#8221;tag:h1|text_align:left&#8221; use_theme_fonts=&#8221;yes&#8221; css=&#8221;.vc_custom_1625852927149{margin-top: 0px !important;margin-bottom: 20px !important;}&#8221;][vc_custom_heading text=&#8221;CONVENTION D\u2019UNIDROIT SUR LES BIENS CULTURELS VOL\u00c9S OU ILLICITEMENT EXPORT\u00c9S&#8221; font_container=&#8221;tag:h4|text_align:left&#8221; use_theme_fonts=&#8221;yes&#8221;][\/vc_column][\/vc_row][vc_row css=&#8221;.vc_custom_1622455036974{background-color: #f2f2f2 !important;}&#8221;][vc_column css=&#8221;.vc_custom_1490017614850{margin-bottom: 30px !important;}&#8221;][vc_column_text] D\u00e9clarations faites par les \u00c9tats au moment de la ratification \/ adh\u00e9sion en vertu de&nbsp;<a href=\"https:\/\/www.unidroit.org\/fr\/instruments\/biens-culturels\/convention-de-1995\/etat\/14-2\/\">&hellip;<\/a><\/p>\n","protected":false},"author":19,"featured_media":0,"parent":5623,"menu_order":0,"comment_status":"closed","ping_status":"closed","template":"","meta":{"ep_exclude_from_search":false,"footnotes":""},"class_list":["post-16180","page","type-page","status-publish","format-standard","hentry","odd"],"_links":{"self":[{"href":"https:\/\/www.unidroit.org\/fr\/wp-json\/wp\/v2\/pages\/16180","targetHints":{"allow":["GET"]}}],"collection":[{"href":"https:\/\/www.unidroit.org\/fr\/wp-json\/wp\/v2\/pages"}],"about":[{"href":"https:\/\/www.unidroit.org\/fr\/wp-json\/wp\/v2\/types\/page"}],"author":[{"embeddable":true,"href":"https:\/\/www.unidroit.org\/fr\/wp-json\/wp\/v2\/users\/19"}],"replies":[{"embeddable":true,"href":"https:\/\/www.unidroit.org\/fr\/wp-json\/wp\/v2\/comments?post=16180"}],"version-history":[{"count":0,"href":"https:\/\/www.unidroit.org\/fr\/wp-json\/wp\/v2\/pages\/16180\/revisions"}],"up":[{"embeddable":true,"href":"https:\/\/www.unidroit.org\/fr\/wp-json\/wp\/v2\/pages\/5623"}],"wp:attachment":[{"href":"https:\/\/www.unidroit.org\/fr\/wp-json\/wp\/v2\/media?parent=16180"}],"curies":[{"name":"wp","href":"https:\/\/api.w.org\/{rel}","templated":true}]}}