{"id":16475,"date":"2022-07-28T10:52:25","date_gmt":"2022-07-28T08:52:25","guid":{"rendered":"https:\/\/www.unidroit.org\/instruments\/affacturage\/model-law-online-consultation\/"},"modified":"2022-10-03T16:41:00","modified_gmt":"2022-10-03T14:41:00","slug":"consultation-en-ligne-sur-la-loi-type-sur-laffacturage","status":"publish","type":"page","link":"https:\/\/www.unidroit.org\/fr\/instruments\/affacturage\/convention\/consultation-en-ligne-sur-la-loi-type-sur-laffacturage\/","title":{"rendered":"CONSULTATION EN LIGNE SUR LA LOI TYPE SUR L\u2019AFFACTURAGE"},"content":{"rendered":"<div class=\"wpb-content-wrapper\"><p>[vc_row][vc_column][vc_column_text]<\/p>\n<p style=\"text-align: center;\"><span style=\"font-size: 24pt;\"><strong>CONSULTATION EN LIGNE SUR LA LOI TYPE SUR L\u2019AFFACTURAGE<\/strong><\/span><\/p>\n<p>[\/vc_column_text][vc_column_text]<\/p>\n<table style=\"border-collapse: collapse; width: 100%;\">\n<tbody>\n<tr>\n<td style=\"width: 34.3408%;\">\n<h2 class=\"tribe-events-single-event-title summary entry-title\"><span style=\"font-size: 18pt;\">S\u00e9ance de questions-r\u00e9ponses (en anglais) sur la Loi type d\u2019UNIDROIT sur l\u2019affacturage<\/span><\/h2>\n<div class=\"tribe-events-schedule updated published tribe-clearfix\">\n<h3><span class=\"tribe-event-date-start\">12 octobre @ 15:45<\/span><\/h3>\n<\/div>\n<div id=\"post-17165\" class=\"post-17165 tribe_events type-tribe_events status-publish format-standard hentry tribe_events_cat-evenements tribe_events_cat-factoring-fr cat_evenements cat_factoring-fr odd\">\n<div class=\"tribe-events-single-event-description tribe-events-content entry-content description\">\n<p style=\"text-align: justify;\">Dans le cadre de la\u00a0<strong><a href=\"https:\/\/www.unidroit.org\/fr\/instruments\/affacturage\/convention\/consultation-en-ligne-sur-la-loi-type-sur-laffacturage\/\">consultation en ligne sur le projet de Loi type sur l\u2019affacturage (MLF)<\/a><\/strong>, UNIDROIT organisera le mercredi 12 octobre 2022 une session virtuelle de questions-r\u00e9ponses (Q&amp;R) en anglais. Celle-ci sera l\u2019occasion pour les parties prenantes de discuter du projet de Loi type sur l\u2019affacturage avant la cl\u00f4ture de la consultation le 21 octobre. Pour vous inscrire, veuillez envoyer un courriel \u00e0\u00a0<strong><a href=\"mailto:MLFconsultation@unidroit.org\">MLFconsultation@unidroit.org<\/a><\/strong>.<\/p>\n<\/div>\n<\/div>\n<\/td>\n<td style=\"width: 65.6592%;\">\u00a0<img loading=\"lazy\" decoding=\"async\" class=\"\" src=\"https:\/\/www.unidroit.org\/wp-content\/uploads\/2022\/10\/Unidroit-MLF-Virtual-QA.png\" alt=\"\" width=\"546\" height=\"773\" \/><\/td>\n<\/tr>\n<\/tbody>\n<\/table>\n<p>[\/vc_column_text][\/vc_column][\/vc_row][vc_row][vc_column][vc_column_text]<\/p>\n<p style=\"text-align: center;\"><span style=\"font-size: 18pt;\"><strong>Le document de consultation sur le projet de Loi type sur l\u2019affacturage peut \u00eatre t\u00e9l\u00e9charg\u00e9 <a href=\"https:\/\/www.unidroit.org\/wp-content\/uploads\/2022\/08\/Study-LVIII-A-draft-Model-Law-on-Factoring-consultation-document-29-July-1.pdf\"><span style=\"color: #0000ff;\">ici<\/span><\/a> (en anglais).<\/strong><\/span><\/p>\n<p>&nbsp;<\/p>\n<p>L\u2019Institut international pour l\u2019unification du droit priv\u00e9 (UNIDROIT) m\u00e8ne une consultation en ligne sur le projet de Loi type sur l\u2019affacturage.<\/p>\n<p>&nbsp;<\/p>\n<p>La consultation en ligne se d\u00e9roulera pendant 12 semaines, du <strong>29 juillet au 21 octobre 2022<\/strong>.<\/p>\n<p>&nbsp;<\/p>\n<p>L\u2019objectif de la consultation est de:<\/p>\n<ol style=\"list-style-type: lower-roman;\">\n<li>Faire conna\u00eetre l\u2019instrument.<\/li>\n<li>S\u2019assurer que l\u2019instrument est bien adapt\u00e9 \u00e0 une application dans diff\u00e9rents contextes, y compris dans les juridictions de droit civil et de <em>common law<\/em> ainsi que dans les \u00e9conomies en d\u00e9veloppement, les march\u00e9s \u00e9mergents et les \u00e9conomies d\u00e9velopp\u00e9es.<\/li>\n<li>Solliciter les commentaires des parties pratiquant l\u2019affacturage pour savoir si l\u2019instrument aborde suffisamment les questions qui se posent dans les cadres juridiques existants et s\u2019il am\u00e9liorera les accords d\u2019affacturage dans les \u00c9tats qui appliquent la Loi type.<\/li>\n<li>Solliciter des commentaires sur la r\u00e9daction de l\u2019instrument lui-m\u00eame.<\/li>\n<\/ol>\n<p>&nbsp;<\/p>\n<p>La consultation publique comporte trois aspects:<\/p>\n<ol style=\"list-style-type: lower-roman;\">\n<li>Le lancement de cette page Internet sur le site d\u2019UNIDROIT permettant aux parties int\u00e9ress\u00e9es d\u2019acc\u00e9der au projet de Loi type sur l\u2019affacturage et facilitant la soumission de commentaires.<\/li>\n<li>La diffusion du projet de Loi type sur l\u2019affacturage directement aux parties int\u00e9ress\u00e9es.<\/li>\n<li>L\u2019organisation d\u2019un ou plusieurs \u00e9v\u00e9nements de consultation pour discuter du contenu du projet d\u2019instrument avec les parties int\u00e9ress\u00e9es.<\/li>\n<\/ol>\n<p>&nbsp;<\/p>\n<p><span style=\"font-size: 18pt;\">Le document de consultation (qui comprend le projet de Loi type sur l\u2019affacturage lui-m\u00eame) est disponible (en anglais seulement) au lien suivant: <a href=\"https:\/\/www.unidroit.org\/wp-content\/uploads\/2022\/08\/Study-LVIII-A-draft-Model-Law-on-Factoring-consultation-document-29-July-1.pdf\">https:\/\/www.unidroit.org\/wp-content\/uploads\/2022\/08\/Study-LVIII-A-draft-Model-Law-on-Factoring-consultation-document-29-July-1.pdf<\/a><\/span><\/p>\n<p>&nbsp;<\/p>\n<p><span style=\"font-size: 18pt;\"><strong>Les commentaires sur le projet de Loi type sur l\u2019affacturage doivent \u00eatre soumis au Secr\u00e9tariat d\u2019UNIDROIT \u00e0 l\u2019adresse <\/strong><strong><a href=\"mailto:MLFconsultation@unidroit.org\">MLFconsultation@unidroit.org<\/a><\/strong><strong> avant le 21 octobre 2022.<\/strong><\/span>[\/vc_column_text][\/vc_column][\/vc_row]<\/p>\n<\/div>","protected":false},"excerpt":{"rendered":"<p>[vc_row][vc_column][vc_column_text] CONSULTATION EN LIGNE SUR LA LOI TYPE SUR L\u2019AFFACTURAGE [\/vc_column_text][vc_column_text] S\u00e9ance de questions-r\u00e9ponses (en anglais) sur la Loi type d\u2019UNIDROIT sur l\u2019affacturage 12 octobre @ 15:45 Dans le cadre de la\u00a0consultation en ligne sur le projet de Loi type sur l\u2019affacturage (MLF), UNIDROIT organisera&nbsp;<a href=\"https:\/\/www.unidroit.org\/fr\/instruments\/affacturage\/convention\/consultation-en-ligne-sur-la-loi-type-sur-laffacturage\/\">&hellip;<\/a><\/p>\n","protected":false},"author":20,"featured_media":0,"parent":5488,"menu_order":0,"comment_status":"closed","ping_status":"closed","template":"","meta":{"ep_exclude_from_search":false,"footnotes":""},"class_list":["post-16475","page","type-page","status-publish","format-standard","hentry","odd"],"_links":{"self":[{"href":"https:\/\/www.unidroit.org\/fr\/wp-json\/wp\/v2\/pages\/16475","targetHints":{"allow":["GET"]}}],"collection":[{"href":"https:\/\/www.unidroit.org\/fr\/wp-json\/wp\/v2\/pages"}],"about":[{"href":"https:\/\/www.unidroit.org\/fr\/wp-json\/wp\/v2\/types\/page"}],"author":[{"embeddable":true,"href":"https:\/\/www.unidroit.org\/fr\/wp-json\/wp\/v2\/users\/20"}],"replies":[{"embeddable":true,"href":"https:\/\/www.unidroit.org\/fr\/wp-json\/wp\/v2\/comments?post=16475"}],"version-history":[{"count":0,"href":"https:\/\/www.unidroit.org\/fr\/wp-json\/wp\/v2\/pages\/16475\/revisions"}],"up":[{"embeddable":true,"href":"https:\/\/www.unidroit.org\/fr\/wp-json\/wp\/v2\/pages\/5488"}],"wp:attachment":[{"href":"https:\/\/www.unidroit.org\/fr\/wp-json\/wp\/v2\/media?parent=16475"}],"curies":[{"name":"wp","href":"https:\/\/api.w.org\/{rel}","templated":true}]}}