{"id":16988,"date":"2022-09-05T13:03:53","date_gmt":"2022-09-05T11:03:53","guid":{"rendered":"https:\/\/www.unidroit.org\/?page_id=16988"},"modified":"2022-09-05T13:06:55","modified_gmt":"2022-09-05T11:06:55","slug":"conference-diplomatique-pour-ladoption-dune-convention-sur-les-regles-de-droit-materiel-applicables-aux-titres-intermedies-document-de-la-session-finale-geneve-5-9-octobre-2009","status":"publish","type":"page","link":"https:\/\/www.unidroit.org\/fr\/instruments\/marches-financiers\/convention-de-geneve\/conference-diplomatique-pour-ladoption-dune-convention-sur-les-regles-de-droit-materiel-applicables-aux-titres-intermedies-document-de-la-session-finale-geneve-5-9-octobre-2009\/","title":{"rendered":"Conf\u00e9rence diplomatique pour l&#8217;adoption d&#8217;une Convention sur les r\u00e8gles de droit mat\u00e9riel applicables aux titres interm\u00e9di\u00e9s &#8211; Document de la Session finale (Gen\u00e8ve, 5 &#8211; 9 octobre 2009)"},"content":{"rendered":"<p style=\"text-align: center;\"><strong> Conf\u00e9rence diplomatique pour l&#8217;adoption d&#8217;une Convention sur les r\u00e8gles de droit mat\u00e9riel applicables aux titres interm\u00e9di\u00e9s <\/strong><\/p>\n<p style=\"text-align: center;\"><strong>Documents de la Session finale (Gen\u00e8ve, 5 &#8211; 9 octobre 2009)<\/strong><\/p>\n<p>&nbsp;<\/p>\n<p>&nbsp;<\/p>\n<ul>\n<li><a href=\"https:\/\/www.unidroit.org\/french\/conventions\/2009intermediatedsecurities\/conference\/conferencedocuments2009\/conf11-2-001-f.pdf\">UNIDROIT\u00a02009 &#8211; Conf. 11\/2 &#8211; Doc. 1<\/a>\u00a0\u00a0Ordre du jour provisoire annot\u00e9<\/li>\n<li><a href=\"https:\/\/www.unidroit.org\/french\/conventions\/2009intermediatedsecurities\/conference\/conferencedocuments2009\/conf11-2-002-f.pdf\">UNIDROIT\u00a02009 &#8211; CONF. 11\/2 &#8211; Doc. 2<\/a>\u00a0\u00a0R\u00e8glement int\u00e9rieur provisoire<\/li>\n<li><a href=\"https:\/\/www.unidroit.org\/french\/conventions\/2009intermediatedsecurities\/conference\/conferencedocuments2009\/conf11-2-003-f.pdf\">UNIDROIT\u00a02009 &#8211; CONF. 11\/2 &#8211; Doc. 3<\/a>\u00a0\u00a0Acte final de la premi\u00e8re session de la Conf\u00e9rence diplomatique pour l&#8217;adoption d&#8217;une Convention sur les r\u00e8gles de droit mat\u00e9riel applicables aux titres interm\u00e9di\u00e9s, tenue sous les auspices de l&#8217;Institut international pour l&#8217;unification du droit priv\u00e9 \u00e0 Gen\u00e8ve du 1er\u00a0au 12 septembre 2008<\/li>\n<li><a href=\"https:\/\/www.unidroit.org\/french\/conventions\/2009intermediatedsecurities\/conference\/conferencedocuments2009\/conf11-2-004-f.pdf\">UNIDROIT\u00a02009 &#8211; CONF. 11\/2 &#8211; Doc. 4<\/a>\u00a0\u00a0Projet de Convention sur les r\u00e8gles de droit mat\u00e9riel applicables aux titres interm\u00e9di\u00e9s<\/li>\n<li>UNIDROIT\u00a02009 &#8211; CONF. 11\/2 &#8211; Doc. 5\u00a0Projet de Commentaire officiel sur le Projet de Convention sur les r\u00e8gles de droit mat\u00e9riel applicables aux titres interm\u00e9di\u00e9s<\/li>\n<li><a href=\"https:\/\/www.unidroit.org\/french\/conventions\/2009intermediatedsecurities\/conference\/conferencedocuments2009\/conf11-2-006-f.pdf\">UNIDROIT\u00a02009 &#8211; CONF. 11\/2 &#8211; Doc. 6<\/a>\u00a0\u00a0Memorandum concernant des suggestions de r\u00e9vision du texte du projet de Convention (soumis par les Editeurs du projet de Commentaire officiel)<\/li>\n<li><a href=\"https:\/\/www.unidroit.org\/french\/conventions\/2009intermediatedsecurities\/conference\/conferencedocuments2009\/conf11-2-006corr-f.pdf\">UNIDROIT\u00a02009 &#8211; CONF. 11\/2 &#8211; Doc. 6 Corr.<\/a>\u00a0\u00a0Memorandum concernant des suggestions de r\u00e9vision du texte des dispositions relatives \u00e0 l&#8217;insolvabilit\u00e9 du projet de Convention (soumis par les Editeurs du projet de Commentaire officiel)<\/li>\n<li><a href=\"https:\/\/www.unidroit.org\/french\/conventions\/2009intermediatedsecurities\/conference\/conferencedocuments2009\/conf11-2-007-f.pdf\">UNIDROIT\u00a02009 &#8211; CONF. 11\/2 &#8211; Doc. 7<\/a>\u00a0\u00a0Observations (pr\u00e9sent\u00e9es par EuropeanIssuers)<\/li>\n<li><a href=\"https:\/\/www.unidroit.org\/french\/conventions\/2009intermediatedsecurities\/conference\/conferencedocuments2009\/conf11-2-008-f.pdf\">UNIDROIT\u00a02009 &#8211; CONF. 11\/2 &#8211; Doc. 8<\/a>\u00a0\u00a0Observations (pr\u00e9sent\u00e9es par le Gouvernement de la France) [modifi\u00e9 le 9.9.09 en raison d\u2019une erreur mat\u00e9rielle dans le titre du paragraphe 3.1 du document]<\/li>\n<li><a href=\"https:\/\/www.unidroit.org\/french\/conventions\/2009intermediatedsecurities\/conference\/conferencedocuments2009\/conf11-2-009-f.pdf\">UNIDROIT\u00a02009 &#8211; CONF. 11\/2 &#8211; Doc. 9<\/a>\u00a0\u00a0Observations (pr\u00e9sent\u00e9es par le Gouvernement de l&#8217;Espagne)<\/li>\n<li><a href=\"https:\/\/www.unidroit.org\/french\/conventions\/2009intermediatedsecurities\/conference\/conferencedocuments2009\/conf11-2-010-f.pdf\">UNIDROIT\u00a02009 &#8211; CONF. 11\/2 &#8211; Doc. 10<\/a>\u00a0\u00a0Observations (pr\u00e9sent\u00e9es par le Gouvernement du Royaume-Uni)<\/li>\n<li><a href=\"https:\/\/www.unidroit.org\/french\/conventions\/2009intermediatedsecurities\/conference\/conferencedocuments2009\/conf11-2-011-f.pdf\">UNIDROIT\u00a02009 &#8211; CONF. 11\/2 &#8211; Doc. 11<\/a>\u00a0\u00a0Observations (pr\u00e9sent\u00e9es par le Gouvernement de la R\u00e9publique f\u00e9d\u00e9rale d&#8217;Allemagne)<\/li>\n<li><a href=\"https:\/\/www.unidroit.org\/french\/conventions\/2009intermediatedsecurities\/conference\/conferencedocuments2009\/conf11-2-012-f.pdf\">UNIDROIT\u00a02009 &#8211; CONF. 11\/2 &#8211; Doc. 12<\/a>\u00a0\u00a0Observations (pr\u00e9sent\u00e9es par le Gouvernement du Luxembourg)<\/li>\n<li><a href=\"https:\/\/www.unidroit.org\/french\/conventions\/2009intermediatedsecurities\/conference\/conferencedocuments2009\/conf11-2-013-f.pdf\">UNIDROIT\u00a02009 &#8211; CONF. 11\/2 &#8211; Doc. 13<\/a>\u00a0\u00a0Observations (pr\u00e9sent\u00e9es par le Gouvernement de la Pologne)<\/li>\n<li><a href=\"https:\/\/www.unidroit.org\/french\/conventions\/2009intermediatedsecurities\/conference\/conferencedocuments2009\/conf11-2-014-f.pdf\">UNIDROIT\u00a02009 &#8211; CONF. 11\/ &#8211; Doc. 14<\/a>\u00a0\u00a0Observations (pr\u00e9sent\u00e9es par la F\u00e9d\u00e9ration bancaire de l&#8217;Union europ\u00e9enne)<\/li>\n<li><a href=\"https:\/\/www.unidroit.org\/french\/conventions\/2009intermediatedsecurities\/conference\/conferencedocuments2009\/conf11-2-015-f.pdf\">UNIDROIT\u00a02009 &#8211; CONF. 11\/2 &#8211; Doc. 15<\/a>\u00a0\u00a0Observations (pr\u00e9sent\u00e9es par la CNUDCI)<\/li>\n<li><a href=\"https:\/\/www.unidroit.org\/french\/conventions\/2009intermediatedsecurities\/conference\/conferencedocuments2009\/conf11-2-015add-f.pdf\">UNIDROIT\u00a02009 &#8211; CONF. 11\/2 &#8211; Doc. 15 Add.<\/a>\u00a0\u00a0Observations (pr\u00e9sent\u00e9es par la CNUDCI)<\/li>\n<li><a href=\"https:\/\/www.unidroit.org\/french\/conventions\/2009intermediatedsecurities\/conference\/conferencedocuments2009\/conf11-2-016-f.pdf\">UNIDROIT\u00a02009 &#8211; CONF. 11\/2 &#8211; Doc. 16<\/a>\u00a0\u00a0Observations (pr\u00e9sent\u00e9es par le Gouvernement de l&#8217;Italie)<\/li>\n<li><a href=\"https:\/\/www.unidroit.org\/french\/conventions\/2009intermediatedsecurities\/conference\/conferencedocuments2009\/conf11-2-017-f.pdf\">UNIDROIT\u00a02009 &#8211; CONF. 11\/2 &#8211; Doc. 17<\/a>\u00a0\u00a0Observations (pr\u00e9sent\u00e9es par le Gouvernement de la R\u00e9publique f\u00e9d\u00e9rative du Br\u00e9sil)<\/li>\n<li><a href=\"https:\/\/www.unidroit.org\/french\/conventions\/2009intermediatedsecurities\/conference\/conferencedocuments2009\/conf11-2-018-f.pdf\">UNIDROIT\u00a02009 &#8211; CONF. 11\/2 &#8211; Doc. 18<\/a>\u00a0\u00a0Observations (pr\u00e9sent\u00e9es par la Commission europ\u00e9enne)<\/li>\n<li><a href=\"https:\/\/www.unidroit.org\/french\/conventions\/2009intermediatedsecurities\/conference\/conferencedocuments2009\/conf11-2-019-f.pdf\">UNIDROIT\u00a02009 &#8211; CONF. 11\/2 &#8211; Doc. 19<\/a>\u00a0\u00a0Observations (pr\u00e9sent\u00e9es par le Gouvernement de l&#8217;Autriche)<\/li>\n<li><a href=\"https:\/\/www.unidroit.org\/french\/conventions\/2009intermediatedsecurities\/conference\/conferencedocuments2009\/conf11-2-020-f.pdf\">UNIDROIT\u00a02009 &#8211; CONF. 11\/2 &#8211; Doc. 20<\/a>\u00a0\u00a0Observations (pr\u00e9sent\u00e9es par le Gouvernement du Nig\u00e9ria)<\/li>\n<li><a href=\"https:\/\/www.unidroit.org\/french\/conventions\/2009intermediatedsecurities\/conference\/conferencedocuments2009\/conf11-2-021-f.pdf\">UNIDROIT\u00a02009 &#8211; CONF. 11\/2 &#8211; Doc. 21<\/a>\u00a0\u00a0Observations (pr\u00e9sent\u00e9es par le Secr\u00e9tariat d&#8217;UNIDROIT)<\/li>\n<li><a href=\"https:\/\/www.unidroit.org\/french\/conventions\/2009intermediatedsecurities\/conference\/conferencedocuments2009\/conf11-2-022-f.pdf\">UNIDROIT\u00a02009 &#8211; CONF. 11\/2 &#8211; Doc. 22<\/a>\u00a0\u00a0Rapport de la r\u00e9union du Comit\u00e9 de filtrage (Rome, 18 et 19 septembre 2009)<\/li>\n<li><a href=\"https:\/\/www.unidroit.org\/french\/conventions\/2009intermediatedsecurities\/conference\/conferencedocuments2009\/conf11-2-023-f.pdf\">UNIDROIT\u00a02009 &#8211; CONF. 11\/2 &#8211; Doc. 23<\/a>\u00a0\u00a0Observations (pr\u00e9sent\u00e9es par le Gouvernement des Etats-Unis d&#8217;Am\u00e9rique)<\/li>\n<li><a href=\"https:\/\/www.unidroit.org\/french\/conventions\/2009intermediatedsecurities\/conference\/conferencedocuments2009\/conf11-2-024-f.pdf\">UNIDROIT\u00a02009 &#8211; CONF. 11\/2 &#8211; Doc. 24<\/a>\u00a0\u00a0Observations (pr\u00e9sent\u00e9es par le Gouvernement de la R\u00e9publique f\u00e9d\u00e9rale d&#8217;Allemagne)<\/li>\n<li><a href=\"https:\/\/www.unidroit.org\/french\/conventions\/2009intermediatedsecurities\/conference\/conferencedocuments2009\/conf11-2-025-f.pdf\">UNIDROIT\u00a02009 &#8211; CONF. 11\/2 &#8211; Doc. 25<\/a>\u00a0\u00a0Propositions relatives au Pr\u00e9ambule, aux articles 10, 15, 24(1) et 28(1) et (2) (pr\u00e9sent\u00e9es par les Etats membres de la Communaut\u00e9 europ\u00e9enne, la Communaut\u00e9 europ\u00e9enne ell-m\u00eame, et appuy\u00e9es par la Banque centrale europ\u00e9enne)<\/li>\n<li><a href=\"https:\/\/www.unidroit.org\/french\/conventions\/2009intermediatedsecurities\/conference\/conferencedocuments2009\/conf11-2-026-f.pdf\">UNIDROIT\u00a02009 &#8211; CONF. 11\/2 &#8211; Doc. 26<\/a>\u00a0\u00a0Proposition concernant les articles 8 et 29 (pr\u00e9sent\u00e9e par EuropeanIssuers et l&#8217;Association of Global Custodians)<\/li>\n<li><a href=\"https:\/\/www.unidroit.org\/french\/conventions\/2009intermediatedsecurities\/conference\/conferencedocuments2009\/conf11-2-027-f.pdf\">UNIDROIT\u00a02009 &#8211; CONF. 11\/2 &#8211; Doc. 27<\/a>\u00a0\u00a0Sommaire des d\u00e9cisions prises le 5 octobre 2009<\/li>\n<li><a href=\"https:\/\/www.unidroit.org\/english\/conventions\/2009intermediatedsecurities\/conference\/conferencedocuments2009\/conf11-2-028-e.pdf\">UNIDROIT\u00a02009 &#8211; CONF. 11\/2 &#8211; Doc. 28<\/a>\u00a0\u00a0Comments on Article 29(2) (submitted by the Association of Global Custodians) [en anglais seulement]<\/li>\n<li><a href=\"https:\/\/www.unidroit.org\/french\/conventions\/2009intermediatedsecurities\/conference\/conferencedocuments2009\/conf11-2-029-f.pdf\">UNIDROIT\u00a02009 &#8211; CONF. 11\/2 &#8211; Doc. 29<\/a>\u00a0\u00a0Sommaire des d\u00e9cisions prises le 6 octobre 2009<\/li>\n<li><a href=\"https:\/\/www.unidroit.org\/french\/conventions\/2009intermediatedsecurities\/conference\/conferencedocuments2009\/conf11-2-030-f.pdf\">UNIDROIT\u00a02009 &#8211; CONF. 11\/2 &#8211; Doc. 30<\/a>\u00a0\u00a0Esquisse des modifications propos\u00e9es par le Groupe de travail informel sur l&#8217;insolvabilit\u00e9 (sous la pr\u00e9sidence de la Suisse)<\/li>\n<li><a href=\"https:\/\/www.unidroit.org\/french\/conventions\/2009intermediatedsecurities\/conference\/conferencedocuments2009\/conf11-2-031-f.pdf\">UNIDROIT\u00a02009 &#8211; CONF. 11\/2 &#8211; Doc. 31<\/a>\u00a0\u00a0Rapport int\u00e9rimaire du Comit\u00e9 des dispositions finales (pr\u00e9sent\u00e9 par le Pr\u00e9sident du Comit\u00e9 des dispositions finales)<\/li>\n<li><a href=\"https:\/\/www.unidroit.org\/french\/conventions\/2009intermediatedsecurities\/conference\/conferencedocuments2009\/conf11-2-032-f.pdf\">UNIDROIT\u00a02009 &#8211; CONF. 11\/2 &#8211; Doc. 32<\/a>\u00a0\u00a0Sommaire des d\u00e9cisions prises le 7 octobre 2009<\/li>\n<li><a href=\"https:\/\/www.unidroit.org\/french\/conventions\/2009intermediatedsecurities\/conference\/conferencedocuments2009\/conf11-2-033corr-f.pdf\">UNIDROIT\u00a02009 &#8211; CONF. 11\/2 &#8211; Doc. 33 Corr.<\/a>\u00a0\u00a0Projet d&#8217;Acte Final<\/li>\n<li><a href=\"https:\/\/www.unidroit.org\/french\/conventions\/2009intermediatedsecurities\/conference\/conferencedocuments2009\/conf11-2-034-f.pdf\">UNIDROIT\u00a02009 &#8211; CONF. 11\/2 &#8211; Doc. 34<\/a>\u00a0\u00a0Rapport du Comit\u00e9 de r\u00e9daction (pr\u00e9sent\u00e9 par le Pr\u00e9sident du Comit\u00e9 de r\u00e9daction)<\/li>\n<li><a href=\"https:\/\/www.unidroit.org\/french\/conventions\/2009intermediatedsecurities\/conference\/conferencedocuments2009\/conf11-2-035-f.pdf\">UNIDROIT\u00a02009 &#8211; CONF. 11\/2 &#8211; Doc. 35<\/a>\u00a0\u00a0Rapport du Comit\u00e9 des dispositions finales (pr\u00e9sent\u00e9 par le Pr\u00e9sident du Comit\u00e9 des dispositions finales)<\/li>\n<li><a href=\"https:\/\/www.unidroit.org\/french\/conventions\/2009intermediatedsecurities\/conference\/conferencedocuments2009\/conf11-2-036-f.pdf\">UNIDROIT\u00a02009 &#8211; CONF. 11\/2 &#8211; Doc. 36<\/a>\u00a0\u00a0R\u00e9solution XX (pr\u00e9sent\u00e9e par les gouvernements du Japon et des Etats-Unis d&#8217;Am\u00e9rique)<\/li>\n<li><a href=\"https:\/\/www.unidroit.org\/french\/conventions\/2009intermediatedsecurities\/conference\/conferencedocuments2009\/conf11-2-036rev-f.pdf\">UNIDROIT\u00a02009 &#8211; CONF. 11\/2 &#8211; Doc. 36 R\u00e9v.<\/a>\u00a0\u00a0R\u00e9solution XX (pr\u00e9sent\u00e9e par les gouvernements du Japon et des Etats-Unis d&#8217;Am\u00e9rique)<\/li>\n<li><a href=\"https:\/\/www.unidroit.org\/french\/conventions\/2009intermediatedsecurities\/conference\/conferencedocuments2009\/conf11-2-037corr-f.pdf\">UNIDROIT\u00a02009 &#8211; CONF. 11\/2 &#8211; Doc. 37 Corr.<\/a>\u00a0\u00a0Rapport du Comit\u00e9 de v\u00e9rification des pouvoirs \u00e0 la Conf\u00e9rence (pr\u00e9sent\u00e9 par le Pr\u00e9sident du Comit\u00e9 de v\u00e9rification des pouvoirs)<\/li>\n<li><a href=\"https:\/\/www.unidroit.org\/french\/conventions\/2009intermediatedsecurities\/conference\/conferencedocuments2009\/conf11-2-038-f.pdf\">UNIDROIT\u00a02009 &#8211; CONF. 11\/2 &#8211; Doc. 38<\/a>\u00a0\u00a0Projet de R\u00e9solution relative aux activit\u00e9s de soutien et de promotion de l&#8217;entr\u00e9e en vigueur et de la mise en oeuvre de la Convention (pr\u00e9sent\u00e9 par les d\u00e9l\u00e9gations de l&#8217;Afrique du Sud, du Br\u00e9sil, du Camroun, de l&#8217;Egypte, du Nigeria et des Etats-Unis d&#8217;Am\u00e9rique)<\/li>\n<li><a href=\"https:\/\/www.unidroit.org\/french\/conventions\/2009intermediatedsecurities\/conference\/conferencedocuments2009\/conf11-2-039-f.pdf\">UNIDROIT\u00a02009 &#8211; CONF. 11\/2 &#8211; Doc. 39<\/a>\u00a0\u00a0Sommaire des d\u00e9cisions prises le 8 octobre 2009<\/li>\n<li><a href=\"https:\/\/www.unidroit.org\/french\/conventions\/2009intermediatedsecurities\/conference\/conferencedocuments2009\/conf11-2-040-f.pdf\">UNIDROIT\u00a02009 &#8211; CONF. 11\/2 &#8211; Doc. 40<\/a>\u00a0\u00a0Rapport de la Commission pl\u00e9ni\u00e8re \u00e0 la Conf\u00e9rence (pr\u00e9sent\u00e9 par le Pr\u00e9sident de la Commission pl\u00e9ni\u00e8re)<\/li>\n<li><a href=\"https:\/\/www.unidroit.org\/french\/conventions\/2009intermediatedsecurities\/conference\/conferencedocuments2009\/conf11-2-041-f.pdf\">UNIDROIT\u00a02009 &#8211; CONF. 11\/2 &#8211; Doc. 41<\/a>\u00a0\u00a0Acte Final<\/li>\n<li><a href=\"https:\/\/www.unidroit.org\/french\/conventions\/2009intermediatedsecurities\/conference\/conferencedocuments2009\/conf11-2-042-f.pdf\">UNIDROIT\u00a02009 &#8211; CONF. 11\/2 &#8211; Doc. 42<\/a>\u00a0\u00a0Convention d&#8217;UNIDROIT\u00a0sur les r\u00e8gles mat\u00e9rielles relatives aux titres interm\u00e9di\u00e9s<\/li>\n<li><a href=\"https:\/\/www.unidroit.org\/french\/conventions\/2009intermediatedsecurities\/conference\/conferencedocuments2009\/conf11-2-043-f.pdf\">UNIDROIT\u00a02009 &#8211; CONF. 11\/2 &#8211; Doc. 43<\/a>\u00a0\u00a0Sommaire des d\u00e9cisions prises le 9 octobre 2009<\/li>\n<\/ul>\n<p>&nbsp;<\/p>\n<p>&nbsp;<\/p>\n<p>&nbsp;<\/p>\n<p>&nbsp;<\/p>\n","protected":false},"excerpt":{"rendered":"<p>Conf\u00e9rence diplomatique pour l&#8217;adoption d&#8217;une Convention sur les r\u00e8gles de droit mat\u00e9riel applicables aux titres interm\u00e9di\u00e9s Documents de la Session finale (Gen\u00e8ve, 5 &#8211; 9 octobre 2009) &nbsp; &nbsp; UNIDROIT\u00a02009 &#8211; Conf. 11\/2 &#8211; Doc. 1\u00a0\u00a0Ordre du jour provisoire annot\u00e9 UNIDROIT\u00a02009 &#8211; CONF. 11\/2 &#8211;&nbsp;<a href=\"https:\/\/www.unidroit.org\/fr\/instruments\/marches-financiers\/convention-de-geneve\/conference-diplomatique-pour-ladoption-dune-convention-sur-les-regles-de-droit-materiel-applicables-aux-titres-intermedies-document-de-la-session-finale-geneve-5-9-octobre-2009\/\">&hellip;<\/a><\/p>\n","protected":false},"author":20,"featured_media":0,"parent":6156,"menu_order":0,"comment_status":"closed","ping_status":"closed","template":"","meta":{"ep_exclude_from_search":false,"footnotes":""},"class_list":["post-16988","page","type-page","status-publish","format-standard","hentry","odd"],"_links":{"self":[{"href":"https:\/\/www.unidroit.org\/fr\/wp-json\/wp\/v2\/pages\/16988","targetHints":{"allow":["GET"]}}],"collection":[{"href":"https:\/\/www.unidroit.org\/fr\/wp-json\/wp\/v2\/pages"}],"about":[{"href":"https:\/\/www.unidroit.org\/fr\/wp-json\/wp\/v2\/types\/page"}],"author":[{"embeddable":true,"href":"https:\/\/www.unidroit.org\/fr\/wp-json\/wp\/v2\/users\/20"}],"replies":[{"embeddable":true,"href":"https:\/\/www.unidroit.org\/fr\/wp-json\/wp\/v2\/comments?post=16988"}],"version-history":[{"count":0,"href":"https:\/\/www.unidroit.org\/fr\/wp-json\/wp\/v2\/pages\/16988\/revisions"}],"up":[{"embeddable":true,"href":"https:\/\/www.unidroit.org\/fr\/wp-json\/wp\/v2\/pages\/6156"}],"wp:attachment":[{"href":"https:\/\/www.unidroit.org\/fr\/wp-json\/wp\/v2\/media?parent=16988"}],"curies":[{"name":"wp","href":"https:\/\/api.w.org\/{rel}","templated":true}]}}