{"id":17250,"date":"2021-10-14T18:36:08","date_gmt":"2021-10-14T16:36:08","guid":{"rendered":"https:\/\/www.unidroit.org\/?page_id=17250"},"modified":"2022-10-11T09:08:51","modified_gmt":"2022-10-11T07:08:51","slug":"commission-des-finances-94eme-session","status":"publish","type":"page","link":"https:\/\/www.unidroit.org\/fr\/reunions\/commission-des-finances\/commission-des-finances-94eme-session\/","title":{"rendered":"Commission des Finances 94\u00e8me session"},"content":{"rendered":"<div class=\"wpb-content-wrapper\"><p>[vc_row][vc_column css=&#8221;.vc_custom_1490017614850{margin-bottom: 30px !important;}&#8221;][vc_custom_heading text=&#8221;94\u00e8me session<br \/>\n(Rome, 20 octobre 2022)&#8221; font_container=&#8221;tag:h1|text_align:left&#8221; use_theme_fonts=&#8221;yes&#8221; css=&#8221;.vc_custom_1665154048684{margin-top: 0px !important;margin-bottom: 20px !important;}&#8221;][vc_column_text css=&#8221;.vc_custom_1665472124218{padding-top: 35px !important;padding-right: 35px !important;padding-bottom: 35px !important;padding-left: 35px !important;background-color: #f2f2f2 !important;}&#8221;]<\/p>\n<p style=\"text-align: center;\"><strong>Documents <\/strong><\/p>\n<p>1.\u00a0\u00a0 Ouverture de la session<\/p>\n<p>&nbsp;<\/p>\n<p>2.\u00a0\u00a0 Adoption de l\u2019ordre du jour (<a href=\"https:\/\/www.unidroit.org\/wp-content\/uploads\/2022\/10\/CF941-Ordre-du-jour-provisoire-annote.pdf\">C.F. (94) 1<\/a>)<\/p>\n<p>&nbsp;<\/p>\n<p>3.\u00a0\u00a0 Modifications d\u00e9finitives du Budget et des Comptes pour l\u2019exercice financier 2021 (C.F. (94) 2 et Comptes 2021)<\/p>\n<p>&nbsp;<\/p>\n<p>4.\u00a0\u00a0 Ajustements au Budget de l\u2019exercice financier 2022 (C.F. (94) 3)<\/p>\n<p>&nbsp;<\/p>\n<p>5.\u00a0\u00a0 Informations sur les contributions extra-budg\u00e9taires re\u00e7ues en 2022 et sur leur utilisation pour les activit\u00e9s et projets de l\u2019Institut (C.F. (94) 4)<\/p>\n<p>&nbsp;<\/p>\n<p>6.\u00a0\u00a0 Arri\u00e9r\u00e9s de contributions des \u00c9tats membres (C.F. (94) 5)<\/p>\n<p>&nbsp;<\/p>\n<p>7.\u00a0\u00a0 Projet de Budget 2023 et observations soumises par les \u00c9tats membres (C.F. (94) 6)<\/p>\n<p>&nbsp;<\/p>\n<p>8.\u00a0\u00a0 Mise \u00e0 jour sur le syst\u00e8me des retraites appliqu\u00e9 au personnel d\u2019UNIDROIT (C.F. (94) 7)<\/p>\n<p>&nbsp;<\/p>\n<p>9.\u00a0\u00a0 Divers<\/p>\n<p>[\/vc_column_text][\/vc_column][\/vc_row]<\/p>\n<\/div>","protected":false},"excerpt":{"rendered":"<p>[vc_row][vc_column css=&#8221;.vc_custom_1490017614850{margin-bottom: 30px !important;}&#8221;][vc_custom_heading text=&#8221;94\u00e8me session (Rome, 20 octobre 2022)&#8221; font_container=&#8221;tag:h1|text_align:left&#8221; use_theme_fonts=&#8221;yes&#8221; css=&#8221;.vc_custom_1665154048684{margin-top: 0px !important;margin-bottom: 20px !important;}&#8221;][vc_column_text css=&#8221;.vc_custom_1665472124218{padding-top: 35px !important;padding-right: 35px !important;padding-bottom: 35px !important;padding-left: 35px !important;background-color: #f2f2f2 !important;}&#8221;] Documents 1.\u00a0\u00a0 Ouverture de la session &nbsp; 2.\u00a0\u00a0 Adoption de l\u2019ordre du jour (C.F. (94) 1) &nbsp;&nbsp;<a href=\"https:\/\/www.unidroit.org\/fr\/reunions\/commission-des-finances\/commission-des-finances-94eme-session\/\">&hellip;<\/a><\/p>\n","protected":false},"author":19,"featured_media":0,"parent":5015,"menu_order":0,"comment_status":"closed","ping_status":"closed","template":"","meta":{"ep_exclude_from_search":false,"footnotes":""},"class_list":["post-17250","page","type-page","status-publish","format-standard","hentry","odd"],"_links":{"self":[{"href":"https:\/\/www.unidroit.org\/fr\/wp-json\/wp\/v2\/pages\/17250","targetHints":{"allow":["GET"]}}],"collection":[{"href":"https:\/\/www.unidroit.org\/fr\/wp-json\/wp\/v2\/pages"}],"about":[{"href":"https:\/\/www.unidroit.org\/fr\/wp-json\/wp\/v2\/types\/page"}],"author":[{"embeddable":true,"href":"https:\/\/www.unidroit.org\/fr\/wp-json\/wp\/v2\/users\/19"}],"replies":[{"embeddable":true,"href":"https:\/\/www.unidroit.org\/fr\/wp-json\/wp\/v2\/comments?post=17250"}],"version-history":[{"count":0,"href":"https:\/\/www.unidroit.org\/fr\/wp-json\/wp\/v2\/pages\/17250\/revisions"}],"up":[{"embeddable":true,"href":"https:\/\/www.unidroit.org\/fr\/wp-json\/wp\/v2\/pages\/5015"}],"wp:attachment":[{"href":"https:\/\/www.unidroit.org\/fr\/wp-json\/wp\/v2\/media?parent=17250"}],"curies":[{"name":"wp","href":"https:\/\/api.w.org\/{rel}","templated":true}]}}