{"id":17812,"date":"2021-07-27T07:58:00","date_gmt":"2021-07-27T05:58:00","guid":{"rendered":"https:\/\/www.unidroit.org\/?page_id=17812"},"modified":"2023-02-13T11:45:23","modified_gmt":"2023-02-13T10:45:23","slug":"81eme-session-rome-15-decembre-2022","status":"publish","type":"page","link":"https:\/\/www.unidroit.org\/fr\/reunions\/assemblee-generale\/81eme-session-rome-15-decembre-2022\/","title":{"rendered":"81\u00e8me SESSION (ROME, 15 D\u00c9CEMBRE 2022)"},"content":{"rendered":"<div class=\"wpb-content-wrapper\"><p>[vc_row][vc_column css=&#8221;.vc_custom_1490017614850{margin-bottom: 30px !important;}&#8221;][vc_custom_heading text=&#8221;81\u00c8ME SESSION (ROME, 15 D\u00c9CEMBRE 2022)&#8221; font_container=&#8221;tag:h1|text_align:left&#8221; use_theme_fonts=&#8221;yes&#8221; css=&#8221;.vc_custom_1666950333691{margin-top: 0px !important;margin-bottom: 20px !important;}&#8221;][vc_column_text css=&#8221;.vc_custom_1676285118100{padding-top: 35px !important;padding-right: 35px !important;padding-bottom: 35px !important;padding-left: 35px !important;background-color: #f2f2f2 !important;}&#8221;]<\/p>\n<p style=\"text-align: center;\"><span style=\"font-size: 14pt;\"><strong>Documents<\/strong><\/span><\/p>\n<ul>\n<li><a href=\"https:\/\/www.unidroit.org\/wp-content\/uploads\/2023\/02\/A.G.-81-9-Rapport.pdf\">Rapport (A.G. (81) 9)<\/a><\/li>\n<\/ul>\n<p style=\"text-align: center;\">*\u00a0 \u00a0 \u00a0*\u00a0 \u00a0 \u00a0*<\/p>\n<p style=\"text-align: justify;\">1. Ouverture de la session par le Secr\u00e9taire G\u00e9n\u00e9ral d\u2019UNIDROIT et par le Pr\u00e9sident de l\u2019Assembl\u00e9e G\u00e9n\u00e9rale pour l\u2019ann\u00e9e 2021-2022<\/p>\n<p style=\"text-align: justify;\">2. Nomination du Pr\u00e9sident de l\u2019Assembl\u00e9e G\u00e9n\u00e9rale pour l\u2019ann\u00e9e 2022-2023<\/p>\n<p style=\"text-align: justify;\">3. Adoption de l\u2019ordre du jour (<a href=\"https:\/\/www.unidroit.org\/wp-content\/uploads\/2022\/11\/AG811-Ordre-du-jour-prov.-annote.pdf\">A.G. (81) 1<\/a>)<\/p>\n<p style=\"text-align: justify;\">4. Expos\u00e9 sur l\u2019activit\u00e9 de l\u2019Organisation en 2021 (<a href=\"https:\/\/www.unidroit.org\/wp-content\/uploads\/2022\/11\/A.G.-81-2-Activite-de-lOrganisation-en-2022.pdf\">A.G. (81) 2<\/a>)<\/p>\n<p style=\"text-align: justify;\">5. Adoption du Programme de travail de l\u2019Organisation pour la p\u00e9riode triennale 2023 \u2013 2025 (<a href=\"https:\/\/www.unidroit.org\/wp-content\/uploads\/2022\/11\/A.G.-81-3-Adoption-du-Programme-de-travail-2023-2025-FINAL.pdf\">A.G. (81) 3<\/a>)<\/p>\n<p style=\"text-align: justify;\">6. Modifications d\u00e9finitives du Budget et approbation des Comptes pour l\u2019exercice financier 2022 (<a href=\"https:\/\/www.unidroit.org\/wp-content\/uploads\/2022\/11\/A.G.-81-4-Modifications-definitives-au-Budget-2021.pdf\">A.G. (81) 4<\/a>)<\/p>\n<p style=\"text-align: justify;\">7. Ajustements au Budget de l\u2019exercice financier 2022 (<a href=\"https:\/\/www.unidroit.org\/wp-content\/uploads\/2022\/11\/A.G.-81-5-Ajustements-au-Budget-de-lexercice-financier-2022.pdf\">A.G. (81) 5<\/a>)<\/p>\n<p style=\"text-align: justify;\">8. Arri\u00e9r\u00e9s de contributions des \u00c9tats membres (<a href=\"https:\/\/www.unidroit.org\/wp-content\/uploads\/2022\/11\/A.G.-81-6-rev.-Arrieres-de-contributions-des-Etats-membres.pdf\">A.G. (81) 6 r\u00e9v.<\/a>)<\/p>\n<p style=\"text-align: justify;\">9. Approbation du projet de Budget pour 2023 et observations soumises par les \u00c9tats membres (<a href=\"https:\/\/www.unidroit.org\/wp-content\/uploads\/2022\/11\/A.G.-81-7-Approbation-Projet-Budget-2023-Obs-MS.pdf\">A.G. (81) 7<\/a>)<\/p>\n<p style=\"text-align: justify;\">10. Mise \u00e0 jour sur le nouveau syst\u00e8me de s\u00e9curit\u00e9 sociale appliqu\u00e9 au personnel d\u2019UNIDROIT (<a href=\"https:\/\/www.unidroit.org\/wp-content\/uploads\/2022\/11\/A.G.-81-8-Mise-a-jour-du-nouveau-sys-secu-soc-applique-au-personnel-INTERNET.pdf\">A.G. (81) 8<\/a>)<\/p>\n<p style=\"text-align: justify;\">11. Divers.<\/p>\n<p>[\/vc_column_text][\/vc_column][\/vc_row]<\/p>\n<\/div>","protected":false},"excerpt":{"rendered":"<p>[vc_row][vc_column css=&#8221;.vc_custom_1490017614850{margin-bottom: 30px !important;}&#8221;][vc_custom_heading text=&#8221;81\u00c8ME SESSION (ROME, 15 D\u00c9CEMBRE 2022)&#8221; font_container=&#8221;tag:h1|text_align:left&#8221; use_theme_fonts=&#8221;yes&#8221; css=&#8221;.vc_custom_1666950333691{margin-top: 0px !important;margin-bottom: 20px !important;}&#8221;][vc_column_text css=&#8221;.vc_custom_1676285118100{padding-top: 35px !important;padding-right: 35px !important;padding-bottom: 35px !important;padding-left: 35px !important;background-color: #f2f2f2 !important;}&#8221;] Documents Rapport (A.G. (81) 9) *\u00a0 \u00a0 \u00a0*\u00a0 \u00a0 \u00a0* 1. Ouverture de la session par le&nbsp;<a href=\"https:\/\/www.unidroit.org\/fr\/reunions\/assemblee-generale\/81eme-session-rome-15-decembre-2022\/\">&hellip;<\/a><\/p>\n","protected":false},"author":19,"featured_media":0,"parent":4888,"menu_order":0,"comment_status":"closed","ping_status":"closed","template":"","meta":{"ep_exclude_from_search":false,"footnotes":""},"class_list":["post-17812","page","type-page","status-publish","format-standard","hentry","odd"],"_links":{"self":[{"href":"https:\/\/www.unidroit.org\/fr\/wp-json\/wp\/v2\/pages\/17812","targetHints":{"allow":["GET"]}}],"collection":[{"href":"https:\/\/www.unidroit.org\/fr\/wp-json\/wp\/v2\/pages"}],"about":[{"href":"https:\/\/www.unidroit.org\/fr\/wp-json\/wp\/v2\/types\/page"}],"author":[{"embeddable":true,"href":"https:\/\/www.unidroit.org\/fr\/wp-json\/wp\/v2\/users\/19"}],"replies":[{"embeddable":true,"href":"https:\/\/www.unidroit.org\/fr\/wp-json\/wp\/v2\/comments?post=17812"}],"version-history":[{"count":0,"href":"https:\/\/www.unidroit.org\/fr\/wp-json\/wp\/v2\/pages\/17812\/revisions"}],"up":[{"embeddable":true,"href":"https:\/\/www.unidroit.org\/fr\/wp-json\/wp\/v2\/pages\/4888"}],"wp:attachment":[{"href":"https:\/\/www.unidroit.org\/fr\/wp-json\/wp\/v2\/media?parent=17812"}],"curies":[{"name":"wp","href":"https:\/\/api.w.org\/{rel}","templated":true}]}}