{"id":18245,"date":"2022-11-17T14:05:55","date_gmt":"2022-11-17T13:05:55","guid":{"rendered":"https:\/\/www.unidroit.org\/?page_id=18245"},"modified":"2022-11-17T14:05:55","modified_gmt":"2022-11-17T13:05:55","slug":"d-niger-ct","status":"publish","type":"page","link":"https:\/\/www.unidroit.org\/fr\/instruments\/garanties-internationales\/convention-du-cap\/etats-parties\/d-niger-ct\/","title":{"rendered":"D &#8211; Niger ct"},"content":{"rendered":"<div class=\"wpb-content-wrapper\"><p>[vc_row][vc_column css=&#8221;.vc_custom_1490017614850{margin-bottom: 30px !important;}&#8221;][vc_custom_heading text=&#8221;D&#8221; font_container=&#8221;tag:h1|text_align:left&#8221; use_theme_fonts=&#8221;yes&#8221; css=&#8221;.vc_custom_1625938548065{margin-top: 0px !important;margin-bottom: 20px !important;}&#8221;][vc_custom_heading text=&#8221;D\u00c9CLARATION D\u00c9POS\u00c9E PAR LA R\u00c9PUBLIQUE DU NIGER EN VERTU DE LA CONVENTION DU CAP AU MOMENT DU D\u00c9P\u00d4T DE SON INSTRUMENT D\u2019ADH\u00c9SION<br \/>\n&#8221; font_container=&#8221;tag:h4|text_align:left&#8221; use_theme_fonts=&#8221;yes&#8221;][\/vc_column][\/vc_row][vc_row css=&#8221;.vc_custom_1622455036974{background-color: #f2f2f2 !important;}&#8221;][vc_column css=&#8221;.vc_custom_1490017614850{margin-bottom: 30px !important;}&#8221;][vc_column_text]<\/p>\n<p style=\"text-align: center;\">\n<strong>D\u00c9CLARATION<br \/>\nD\u00c9POS\u00c9E PAR LA R\u00c9PUBLIQUE DU NIGER EN VERTU DE LA CONVENTION DU CAP<br \/>\nAU MOMENT DU D\u00c9P\u00d4T DE SON INSTRUMENT D\u2019ADH\u00c9SION<\/strong><\/p>\n<p>&nbsp;<\/p>\n<p>&nbsp;<\/p>\n<p style=\"text-align: justify;\"><em>D\u00e9claration obligatoire en vertu de l\u2019article 54(2)<\/em><\/p>\n<p style=\"text-align: justify;\">\nLa R\u00e9publique du Niger d\u00e9clare que toutes les mesures ouvertes au cr\u00e9ancier en vertu de la Convention et dont la mise en \u0153uvre n\u2019est pas subordonn\u00e9e en vertu de celle-ci \u00e0 une demande \u00e0 un tribunal, peuvent \u00eatre exerc\u00e9es sans action et intervention du tribunal.<\/p>\n<p>[\/vc_column_text][\/vc_column][\/vc_row][vc_row][vc_column][vc_empty_space height=&#8221;10px&#8221;][\/vc_column][\/vc_row]<\/p>\n<\/div>","protected":false},"excerpt":{"rendered":"<p>[vc_row][vc_column css=&#8221;.vc_custom_1490017614850{margin-bottom: 30px !important;}&#8221;][vc_custom_heading text=&#8221;D&#8221; font_container=&#8221;tag:h1|text_align:left&#8221; use_theme_fonts=&#8221;yes&#8221; css=&#8221;.vc_custom_1625938548065{margin-top: 0px !important;margin-bottom: 20px !important;}&#8221;][vc_custom_heading text=&#8221;D\u00c9CLARATION D\u00c9POS\u00c9E PAR LA R\u00c9PUBLIQUE DU NIGER EN VERTU DE LA CONVENTION DU CAP AU MOMENT DU D\u00c9P\u00d4T DE SON INSTRUMENT D\u2019ADH\u00c9SION &#8221; font_container=&#8221;tag:h4|text_align:left&#8221; use_theme_fonts=&#8221;yes&#8221;][\/vc_column][\/vc_row][vc_row css=&#8221;.vc_custom_1622455036974{background-color: #f2f2f2 !important;}&#8221;][vc_column css=&#8221;.vc_custom_1490017614850{margin-bottom: 30px !important;}&#8221;][vc_column_text] D\u00c9CLARATION D\u00c9POS\u00c9E&nbsp;<a href=\"https:\/\/www.unidroit.org\/fr\/instruments\/garanties-internationales\/convention-du-cap\/etats-parties\/d-niger-ct\/\">&hellip;<\/a><\/p>\n","protected":false},"author":19,"featured_media":0,"parent":6564,"menu_order":0,"comment_status":"closed","ping_status":"closed","template":"","meta":{"ep_exclude_from_search":false,"footnotes":""},"class_list":["post-18245","page","type-page","status-publish","format-standard","hentry","odd"],"_links":{"self":[{"href":"https:\/\/www.unidroit.org\/fr\/wp-json\/wp\/v2\/pages\/18245","targetHints":{"allow":["GET"]}}],"collection":[{"href":"https:\/\/www.unidroit.org\/fr\/wp-json\/wp\/v2\/pages"}],"about":[{"href":"https:\/\/www.unidroit.org\/fr\/wp-json\/wp\/v2\/types\/page"}],"author":[{"embeddable":true,"href":"https:\/\/www.unidroit.org\/fr\/wp-json\/wp\/v2\/users\/19"}],"replies":[{"embeddable":true,"href":"https:\/\/www.unidroit.org\/fr\/wp-json\/wp\/v2\/comments?post=18245"}],"version-history":[{"count":0,"href":"https:\/\/www.unidroit.org\/fr\/wp-json\/wp\/v2\/pages\/18245\/revisions"}],"up":[{"embeddable":true,"href":"https:\/\/www.unidroit.org\/fr\/wp-json\/wp\/v2\/pages\/6564"}],"wp:attachment":[{"href":"https:\/\/www.unidroit.org\/fr\/wp-json\/wp\/v2\/media?parent=18245"}],"curies":[{"name":"wp","href":"https:\/\/api.w.org\/{rel}","templated":true}]}}