{"id":18819,"date":"2023-01-10T01:51:57","date_gmt":"2023-01-10T00:51:57","guid":{"rendered":"https:\/\/www.unidroit.org\/travaux-en-cours\/actifs-numeriques\/digital-assets-and-private-law-public-consultation\/"},"modified":"2023-01-12T17:00:10","modified_gmt":"2023-01-12T16:00:10","slug":"actifs-numeriques-et-droit-prive-consultation-publique","status":"publish","type":"page","link":"https:\/\/www.unidroit.org\/fr\/travaux-en-cours\/actifs-numeriques\/actifs-numeriques-et-droit-prive-consultation-publique\/","title":{"rendered":"Actifs num\u00e9riques et droit priv\u00e9 \u2013 Consultation publique"},"content":{"rendered":"<h1 style=\"text-align: center;\">Actifs num\u00e9riques et droit priv\u00e9 \u2013 Consultation publique<\/h1>\n<p><img loading=\"lazy\" decoding=\"async\" class=\"wp-image-18754 size-full aligncenter\" src=\"https:\/\/www.unidroit.org\/wp-content\/uploads\/2023\/01\/cryptocurrency-bitcoin_SOIN20010_1057608236_is_780x440-1.png\" alt=\"\" width=\"851\" height=\"264\" srcset=\"https:\/\/www.unidroit.org\/wp-content\/uploads\/2023\/01\/cryptocurrency-bitcoin_SOIN20010_1057608236_is_780x440-1.png 851w, https:\/\/www.unidroit.org\/wp-content\/uploads\/2023\/01\/cryptocurrency-bitcoin_SOIN20010_1057608236_is_780x440-1-300x93.png 300w\" sizes=\"auto, (max-width: 851px) 100vw, 851px\" \/><\/p>\n<p style=\"text-align: justify;\">L\u2019Institut international pour l\u2019unification du droit priv\u00e9 (UNIDROIT) m\u00e8ne actuellement une consultation publique concernant un ensemble de projets de Principes et de Commentaires sur les actifs num\u00e9riques et le droit priv\u00e9. Ces Principes ont \u00e9t\u00e9 pr\u00e9par\u00e9s par le Groupe de travail sur les actifs num\u00e9riques et le droit priv\u00e9 au cours de sept sessions entre 2020 et 2022. Toutes les informations suppl\u00e9mentaires concernant le Groupe de travail et ses r\u00e9unions sont disponibles ici: <a href=\"https:\/\/www.unidroit.org\/work-in-progress\/digital-assets-and-private-law\/\">https:\/\/www.unidroit.org\/work-in-progress\/digital-assets-and-private-law\/<\/a>.<\/p>\n<p style=\"text-align: justify;\"><strong>Le projet de Principes d\u2019UNIDROIT sur les actifs num\u00e9riques et le droit priv\u00e9 peut \u00eatre <\/strong><a href=\"https:\/\/www.unidroit.org\/wp-content\/uploads\/2023\/01\/Draft-Principles-and-Commentary-Public-Consultation.pdf\"><strong>consult\u00e9 ici<\/strong><\/a><strong> (en anglais)<\/strong>.<\/p>\n<div>\n<p style=\"text-align: justify;\">L\u2019objectif de la consultation est de:<\/p>\n<ul style=\"text-align: justify;\">\n<li>Faire conna\u00eetre l\u2019instrument.<\/li>\n<li>S\u2019assurer que l\u2019instrument est bien adapt\u00e9 \u00e0 une application dans diff\u00e9rents contextes, y compris les juridictions de droit civil et de <em>common law<\/em> ainsi que les \u00e9conomies en d\u00e9veloppement, les march\u00e9s \u00e9mergents et les \u00e9conomies d\u00e9velopp\u00e9es.<\/li>\n<li>Demander aux parties engag\u00e9es dans le secteur des actifs num\u00e9riques si l\u2019instrument aborde suffisamment les questions de droit priv\u00e9 qui se posent dans les transactions li\u00e9es aux actifs num\u00e9riques, et aux entit\u00e9s fournissant des services li\u00e9s aux actifs num\u00e9riques.<\/li>\n<\/ul>\n<p style=\"text-align: justify;\">Toutes les observations doivent \u00eatre fournies <strong>en anglais<\/strong>, en utilisant ce <a href=\"https:\/\/docs.google.com\/forms\/d\/e\/1FAIpQLScnU1OsMUB4btkhcjtY0LnY4JKjlWk3ImSEPT7ARatYLn7-dQ\/viewform\" target=\"_blank\" rel=\"noopener\"><strong>formulaire en ligne<\/strong><\/a>. Le formulaire est divis\u00e9 en diff\u00e9rentes sections conformes au texte des Principes. Toutes les observations doivent \u00eatre ins\u00e9r\u00e9es dans la section correspondante du formulaire. Les r\u00e9pondants peuvent ne soumettre des commentaires que pour certaines sections, bien que l\u2019exhaustivit\u00e9 soit appr\u00e9ci\u00e9e. Les Principes sont divis\u00e9s en sept sections, avec une Introduction au d\u00e9but:<\/p>\n<ul>\n<li>Section I: Champ d\u2019application et d\u00e9finitions<\/li>\n<li>Section II: Droit international priv\u00e9<\/li>\n<li>Section III: Contr\u00f4le<\/li>\n<li>Section IV: Garde<\/li>\n<li>Section V: Op\u00e9rations garanties<\/li>\n<li>Section VI: Droit proc\u00e9dural, y compris les voies d\u2019ex\u00e9cution<\/li>\n<li>Section VII: Insolvabilit\u00e9<\/li>\n<\/ul>\n<p>La date limite pour l\u2019envoi des observations est le <strong>20 f\u00e9vrier 2023<\/strong>. Le Groupe de travail examinera toutes les observations re\u00e7ues lors de sa prochaine session du 8 au\u00a010 mars 2023.<\/p>\n<p>Pour toute information compl\u00e9mentaire, veuillez contacter Hamza Hameed (<a href=\"mailto:h.hameed@unidroit.org\">h.hameed@unidroit.org<\/a>).<\/p>\n<\/div>\n","protected":false},"excerpt":{"rendered":"<p>Actifs num\u00e9riques et droit priv\u00e9 \u2013 Consultation publique L\u2019Institut international pour l\u2019unification du droit priv\u00e9 (UNIDROIT) m\u00e8ne actuellement une consultation publique concernant un ensemble de projets de Principes et de Commentaires sur les actifs num\u00e9riques et le droit priv\u00e9. Ces Principes ont \u00e9t\u00e9 pr\u00e9par\u00e9s par&nbsp;<a href=\"https:\/\/www.unidroit.org\/fr\/travaux-en-cours\/actifs-numeriques\/actifs-numeriques-et-droit-prive-consultation-publique\/\">&hellip;<\/a><\/p>\n","protected":false},"author":20,"featured_media":0,"parent":5122,"menu_order":0,"comment_status":"closed","ping_status":"closed","template":"template-fullwidth.php","meta":{"ep_exclude_from_search":false,"footnotes":""},"class_list":["post-18819","page","type-page","status-publish","format-standard","hentry","odd"],"_links":{"self":[{"href":"https:\/\/www.unidroit.org\/fr\/wp-json\/wp\/v2\/pages\/18819","targetHints":{"allow":["GET"]}}],"collection":[{"href":"https:\/\/www.unidroit.org\/fr\/wp-json\/wp\/v2\/pages"}],"about":[{"href":"https:\/\/www.unidroit.org\/fr\/wp-json\/wp\/v2\/types\/page"}],"author":[{"embeddable":true,"href":"https:\/\/www.unidroit.org\/fr\/wp-json\/wp\/v2\/users\/20"}],"replies":[{"embeddable":true,"href":"https:\/\/www.unidroit.org\/fr\/wp-json\/wp\/v2\/comments?post=18819"}],"version-history":[{"count":0,"href":"https:\/\/www.unidroit.org\/fr\/wp-json\/wp\/v2\/pages\/18819\/revisions"}],"up":[{"embeddable":true,"href":"https:\/\/www.unidroit.org\/fr\/wp-json\/wp\/v2\/pages\/5122"}],"wp:attachment":[{"href":"https:\/\/www.unidroit.org\/fr\/wp-json\/wp\/v2\/media?parent=18819"}],"curies":[{"name":"wp","href":"https:\/\/api.w.org\/{rel}","templated":true}]}}