{"id":18962,"date":"2023-01-25T10:02:32","date_gmt":"2023-01-25T09:02:32","guid":{"rendered":"https:\/\/www.unidroit.org\/?page_id=18962"},"modified":"2023-01-25T13:04:27","modified_gmt":"2023-01-25T12:04:27","slug":"article-xiii","status":"publish","type":"page","link":"https:\/\/www.unidroit.org\/fr\/instruments\/garanties-internationales\/protocole-ferroviaire\/depositaire\/declarations-deposees-en-vertu-du-protocole-de-luxembourg\/article-xiii\/","title":{"rendered":"Article XIII"},"content":{"rendered":"<div class=\"wpb-content-wrapper\"><p>[vc_row][vc_column][vc_custom_heading text=&#8221; D\u00e9clarations d\u00e9pos\u00e9es en vertu du Protocole de Luxembourg \u00e0 la Convention portant sur les questions sp\u00e9cifiques au mat\u00e9riel roulant ferroviaire concernant l\u2019article XXIII&#8221; font_container=&#8221;tag:h2|text_align:center&#8221; use_theme_fonts=&#8221;yes&#8221;][\/vc_column][\/vc_row][vc_row][vc_column][vc_column_text]<\/p>\n<p>&nbsp;<\/p>\n<p style=\"text-align: justify;\"><strong><em>Espagne<\/em><\/strong><\/p>\n<p style=\"text-align: justify;\">Le \u201cRegistro de Bienes Muebles\u201d sera le point d\u2019entr\u00e9e qui autorisera la transmission au Registre international des informations requises pour l\u2019inscription des garanties internationales portant sur du mat\u00e9riel roulant ferroviaire, ainsi que des avis de garanties nationales, \u00e0 l\u2019exception de celles constitu\u00e9s selon les lois d\u2019autres \u00c9tats.<\/p>\n<p>&nbsp;<\/p>\n<p>&nbsp;<\/p>\n<p>[\/vc_column_text][\/vc_column][\/vc_row]<\/p>\n<\/div>","protected":false},"excerpt":{"rendered":"<p>[vc_row][vc_column][vc_custom_heading text=&#8221; D\u00e9clarations d\u00e9pos\u00e9es en vertu du Protocole de Luxembourg \u00e0 la Convention portant sur les questions sp\u00e9cifiques au mat\u00e9riel roulant ferroviaire concernant l\u2019article XXIII&#8221; font_container=&#8221;tag:h2|text_align:center&#8221; use_theme_fonts=&#8221;yes&#8221;][\/vc_column][\/vc_row][vc_row][vc_column][vc_column_text] &nbsp; Espagne Le \u201cRegistro de Bienes Muebles\u201d sera le point d\u2019entr\u00e9e qui autorisera la transmission au Registre international&nbsp;<a href=\"https:\/\/www.unidroit.org\/fr\/instruments\/garanties-internationales\/protocole-ferroviaire\/depositaire\/declarations-deposees-en-vertu-du-protocole-de-luxembourg\/article-xiii\/\">&hellip;<\/a><\/p>\n","protected":false},"author":19,"featured_media":0,"parent":10161,"menu_order":0,"comment_status":"closed","ping_status":"closed","template":"","meta":{"ep_exclude_from_search":false,"footnotes":""},"class_list":["post-18962","page","type-page","status-publish","format-standard","hentry","odd"],"_links":{"self":[{"href":"https:\/\/www.unidroit.org\/fr\/wp-json\/wp\/v2\/pages\/18962","targetHints":{"allow":["GET"]}}],"collection":[{"href":"https:\/\/www.unidroit.org\/fr\/wp-json\/wp\/v2\/pages"}],"about":[{"href":"https:\/\/www.unidroit.org\/fr\/wp-json\/wp\/v2\/types\/page"}],"author":[{"embeddable":true,"href":"https:\/\/www.unidroit.org\/fr\/wp-json\/wp\/v2\/users\/19"}],"replies":[{"embeddable":true,"href":"https:\/\/www.unidroit.org\/fr\/wp-json\/wp\/v2\/comments?post=18962"}],"version-history":[{"count":0,"href":"https:\/\/www.unidroit.org\/fr\/wp-json\/wp\/v2\/pages\/18962\/revisions"}],"up":[{"embeddable":true,"href":"https:\/\/www.unidroit.org\/fr\/wp-json\/wp\/v2\/pages\/10161"}],"wp:attachment":[{"href":"https:\/\/www.unidroit.org\/fr\/wp-json\/wp\/v2\/media?parent=18962"}],"curies":[{"name":"wp","href":"https:\/\/api.w.org\/{rel}","templated":true}]}}