{"id":18984,"date":"2023-01-25T10:16:49","date_gmt":"2023-01-25T09:16:49","guid":{"rendered":"https:\/\/www.unidroit.org\/?page_id=18984"},"modified":"2023-01-25T13:08:13","modified_gmt":"2023-01-25T12:08:13","slug":"article-xxvi","status":"publish","type":"page","link":"https:\/\/www.unidroit.org\/fr\/instruments\/garanties-internationales\/protocole-ferroviaire\/depositaire\/declarations-deposees-en-vertu-du-protocole-de-luxembourg\/article-xxvi\/","title":{"rendered":"Article XXVI"},"content":{"rendered":"<div class=\"wpb-content-wrapper\"><p>[vc_row][vc_column][vc_custom_heading text=&#8221; D\u00e9clarations d\u00e9pos\u00e9es en vertu du Protocole de Luxembourg \u00e0 la Convention portant sur les questions sp\u00e9cifiques au mat\u00e9riel roulant ferroviaire concernant l\u2019article XXVI&#8221; font_container=&#8221;tag:h2|text_align:center&#8221; use_theme_fonts=&#8221;yes&#8221;][\/vc_column][\/vc_row][vc_row][vc_column][vc_column_text]<\/p>\n<p>&nbsp;<\/p>\n<p style=\"text-align: justify;\"><strong><em>Espagne<\/em><\/strong><\/p>\n<p style=\"text-align: justify;\">Le Royaume d\u2019Espagne d\u00e9clare que la Convention s\u2019applique aux droits ou garanties pr\u00e9existants portant sur du mat\u00e9riel roulant ferroviaire, aux fins de d\u00e9terminer la priorit\u00e9, \u00e0 partir du jour suivant le troisi\u00e8me anniversaire de la date \u00e0 laquelle la pr\u00e9sente d\u00e9claration prend effet.<\/p>\n<p>&nbsp;<\/p>\n<p>[\/vc_column_text][\/vc_column][\/vc_row]<\/p>\n<\/div>","protected":false},"excerpt":{"rendered":"<p>[vc_row][vc_column][vc_custom_heading text=&#8221; D\u00e9clarations d\u00e9pos\u00e9es en vertu du Protocole de Luxembourg \u00e0 la Convention portant sur les questions sp\u00e9cifiques au mat\u00e9riel roulant ferroviaire concernant l\u2019article XXVI&#8221; font_container=&#8221;tag:h2|text_align:center&#8221; use_theme_fonts=&#8221;yes&#8221;][\/vc_column][\/vc_row][vc_row][vc_column][vc_column_text] &nbsp; Espagne Le Royaume d\u2019Espagne d\u00e9clare que la Convention s\u2019applique aux droits ou garanties pr\u00e9existants portant sur du&nbsp;<a href=\"https:\/\/www.unidroit.org\/fr\/instruments\/garanties-internationales\/protocole-ferroviaire\/depositaire\/declarations-deposees-en-vertu-du-protocole-de-luxembourg\/article-xxvi\/\">&hellip;<\/a><\/p>\n","protected":false},"author":19,"featured_media":0,"parent":10161,"menu_order":0,"comment_status":"closed","ping_status":"closed","template":"","meta":{"ep_exclude_from_search":false,"footnotes":""},"class_list":["post-18984","page","type-page","status-publish","format-standard","hentry","odd"],"_links":{"self":[{"href":"https:\/\/www.unidroit.org\/fr\/wp-json\/wp\/v2\/pages\/18984","targetHints":{"allow":["GET"]}}],"collection":[{"href":"https:\/\/www.unidroit.org\/fr\/wp-json\/wp\/v2\/pages"}],"about":[{"href":"https:\/\/www.unidroit.org\/fr\/wp-json\/wp\/v2\/types\/page"}],"author":[{"embeddable":true,"href":"https:\/\/www.unidroit.org\/fr\/wp-json\/wp\/v2\/users\/19"}],"replies":[{"embeddable":true,"href":"https:\/\/www.unidroit.org\/fr\/wp-json\/wp\/v2\/comments?post=18984"}],"version-history":[{"count":0,"href":"https:\/\/www.unidroit.org\/fr\/wp-json\/wp\/v2\/pages\/18984\/revisions"}],"up":[{"embeddable":true,"href":"https:\/\/www.unidroit.org\/fr\/wp-json\/wp\/v2\/pages\/10161"}],"wp:attachment":[{"href":"https:\/\/www.unidroit.org\/fr\/wp-json\/wp\/v2\/media?parent=18984"}],"curies":[{"name":"wp","href":"https:\/\/api.w.org\/{rel}","templated":true}]}}