{"id":19283,"date":"2023-02-09T12:46:11","date_gmt":"2023-02-09T11:46:11","guid":{"rendered":"https:\/\/www.unidroit.org\/?page_id=19283"},"modified":"2025-02-28T12:17:10","modified_gmt":"2025-02-28T11:17:10","slug":"droit-et-technologie","status":"publish","type":"page","link":"https:\/\/www.unidroit.org\/fr\/droit-et-technologie\/","title":{"rendered":"Droit et technologie"},"content":{"rendered":"<div class=\"wpb-content-wrapper\"><p>[vc_row][vc_column][vc_single_image image=&#8221;31297&#8243; img_size=&#8221;full&#8221; alignment=&#8221;center&#8221; css=&#8221;&#8221;][\/vc_column][\/vc_row][vc_row][vc_column css=&#8221;.vc_custom_1490017614850{margin-bottom: 30px !important;}&#8221;][vc_custom_heading text=&#8221;DROIT &amp; TECHNOLOGIE&#8221; font_container=&#8221;tag:h1|text_align:left&#8221; use_theme_fonts=&#8221;yes&#8221; css=&#8221;.vc_custom_1675781092569{margin-top: 0px !important;margin-bottom: 20px !important;}&#8221;][vc_custom_heading text=&#8221;TRAVAUX ET INSTRUMENTS D\u2019UNIDROIT DANS LE DOMAINE DU DROIT ET DE LA TECHNOLOGIE&#8221; font_container=&#8221;tag:h4|text_align:left&#8221; use_theme_fonts=&#8221;yes&#8221;][vc_column_text css=&#8221;.vc_custom_1675781152833{padding-top: 35px !important;padding-right: 35px !important;padding-bottom: 35px !important;padding-left: 35px !important;background-color: #f2f2f2 !important;}&#8221;]<\/p>\n<p style=\"text-align: justify;\">De 2015 \u00e0 2018, plusieurs \u00c9tats membres d\u2019UNIDROIT ont envoy\u00e9 des propositions de projets \u00e0 inclure dans le Programme de travail 2020-2022 portant sur l\u2019\u00e9laboration d\u2019une loi type sur plusieurs sujets connexes, allant de l\u2019informatique de gestion \u00e0 la technologie des registres distribu\u00e9s (y compris la blockchain) et au transfert des actifs num\u00e9riques. Une proposition similaire sur les aspects juridiques des contrats intelligents et de l\u2019intelligence artificielle a \u00e9t\u00e9 pr\u00e9sent\u00e9e \u00e0 la CNUDCI et \u00e0 UNIDROIT, qui ont ensuite organis\u00e9 deux ateliers exploratoires conjoints respectivement en mai 2019 et en mars 2020.<\/p>\n<p style=\"text-align: justify;\">Suite \u00e0 l\u2019approbation par l\u2019Assembl\u00e9e G\u00e9n\u00e9rale, lors de sa 78<sup>\u00e8me<\/sup> session, d\u2019inclure un projet portant sur l\u2019intelligence artificielle, les contrats intelligents et la technologie des registres distribu\u00e9s (DLT) dans le Programme de travail triennal 2020-2022 d\u2019UNIDROIT avec un niveau de priorit\u00e9 moyen, le Conseil de Direction d\u2019UNIDROIT a approuv\u00e9, lors de sa 99<sup>\u00e8me<\/sup> session, la constitution d\u2019un Groupe de travail ayant pour but d\u2019\u00e9laborer un instrument juridique qui contiendrait des principes et des orientations l\u00e9gislatives dans le domaine du droit priv\u00e9 et des actifs num\u00e9riques.<\/p>\n<p style=\"text-align: justify;\">De mani\u00e8re g\u00e9n\u00e9rale, le projet entend fournir des orientations l\u00e9gislatives et \u00e9laborer des principes relatifs \u00e0 la nature juridique, au transfert et \u00e0 l\u2019utilisation des actifs num\u00e9riques. Cela comprendrait une taxonomie juridique des actifs num\u00e9riques et une analyse ax\u00e9e sur les droits de propri\u00e9t\u00e9 tout en examinant des questions telles que les op\u00e9rations garanties, la loi applicable dans les op\u00e9rations transfrontali\u00e8res, l\u2019insolvabilit\u00e9 et la position juridique des interm\u00e9diaires. L\u2019approche \u00e0 suivre serait neutre et tiendrait compte de divers types d\u2019actifs et de technologies ainsi que des diverses cultures juridiques. Les principes identifi\u00e9s reprendraient les meilleures pratiques et les normes internationales et permettraient aux juridictions d\u2019adopter une approche commune des questions juridiques d\u00e9coulant du transfert et de l\u2019utilisation des actifs num\u00e9riques.<\/p>\n<p>[\/vc_column_text][\/vc_column][\/vc_row][vc_row][vc_column][vc_empty_space height=&#8221;10px&#8221;][\/vc_column][\/vc_row][vc_row css=&#8221;.vc_custom_1456742899760{margin-bottom: 50px !important;}&#8221;][vc_column css=&#8221;.vc_custom_1491470213593{margin-bottom: 0px !important;}&#8221;][vc_tta_accordion shape=&#8221;square&#8221; color=&#8221;white&#8221; active_section=&#8221;&#8221; collapsible_all=&#8221;true&#8221; el_class=&#8221;wh-accordion&#8221; css=&#8221;.vc_custom_1620737860528{margin-bottom: 0px !important;}&#8221;][vc_tta_section title=&#8221;RELATIONS AVEC D\u2019AUTRES INSTRUMENTS ET PROJETS D\u2019UNIDROIT&#8221; tab_id=&#8221;1456405893720-a55ec26a-b30a&#8221;][vc_column_text]<\/p>\n<p style=\"text-align: justify;\">Les travaux sur les actifs num\u00e9riques et le droit priv\u00e9 visent \u00e9galement \u00e0 cr\u00e9er des synergies avec d\u2019autres instruments existants et projets d\u2019UNIDROIT, ainsi qu\u2019\u00e0 assurer une coordination \u00e9troite avec les travaux de la CNUDCI dans ce domaine, notamment pour l\u2019\u00e9laboration d\u2019une taxonomie des actifs num\u00e9riques.<\/p>\n<p style=\"text-align: justify;\">En ce qui concerne les relations avec les instruments d\u2019UNIDROIT existants, des aspects importants du projet sur les actifs num\u00e9riques et le droit priv\u00e9 concernent, entre autres, l\u2019analyse juridique de la constitution et le transfert d\u2019une garantie portant sur un actif num\u00e9rique, les questions relatives \u00e0 la fourniture de services de garde des actifs num\u00e9riques et les questions relatives \u00e0 l\u2019insolvabilit\u00e9 du d\u00e9positaire d\u2019actifs num\u00e9riques. Ces points sont naturellement li\u00e9s aux travaux d\u2019UNIDROIT sur les march\u00e9s de capitaux et, plus pr\u00e9cis\u00e9ment, dans le domaine des titres interm\u00e9di\u00e9s, en \u00e9tablissant des liens essentiels avec les instruments existants tels que la\u00a0<a href=\"https:\/\/www.unidroit.org\/fr\/instruments\/marches-financiers\/geneva-convention\">Convention d\u2019UNIDROIT sur les r\u00e8gles mat\u00e9rielles relatives aux titres interm\u00e9di\u00e9s (2009)<\/a>\u00a0et le\u00a0<a href=\"https:\/\/www.unidroit.org\/fr\/instruments\/marches-financiers\/guide-legislatif\/\">Guide l\u00e9gislatif d\u2019UNIDROIT sur les titres interm\u00e9di\u00e9s (2017)<\/a>.<\/p>\n<p style=\"text-align: justify;\">En ce qui concerne les synergies avec d\u2019autres projets inscrits au Programme de travail d\u2019UNIDROIT, elles sont naturelles avec le projet \u201cMeilleures pratiques pour des proc\u00e9dures d\u2019ex\u00e9cution efficaces\u201d, dont l\u2019un des principaux objectifs est l\u2019analyse de l\u2019impact des nouvelles technologies sur l\u2019ex\u00e9cution. Cela constitue une occasion d\u2019enrichissement r\u00e9ciproque entre les deux projets et, \u00e0 cette fin, un certain nombre d\u2019experts participant au Groupe de travail exploratoire du projet sur les actifs num\u00e9riques ont d\u00e9j\u00e0 \u00e9t\u00e9 contact\u00e9s pour identifier des exemples concrets d\u2019application des nouvelles technologies dans le contexte de l\u2019ex\u00e9cution. En outre, un atelier organis\u00e9 le 21 septembre 2020 a inclus une session sur l\u2019impact des nouvelles technologies sur l\u2019ex\u00e9cution avec des pr\u00e9sentations sur \u201ctaxonomie des applications technologiques dans les proc\u00e9dures d\u2019ex\u00e9cution\u201d, \u201ccontrats intelligents et l\u2019ex\u00e9cution\u201d et \u201cex\u00e9cution et actifs num\u00e9riques\u201d.<\/p>\n<p style=\"text-align: justify;\">Un autre domaine qui pr\u00e9sente une opportunit\u00e9 \u00e9vidente d\u2019activit\u00e9s transversales est le projet conjoint UNIDROIT-CNUDCI relatif \u00e0 une Loi type sur les r\u00e9c\u00e9piss\u00e9s d\u2019entrep\u00f4t. Il existe une relation directe avec ce projet qui \u00e9tudie l\u2019\u00e9mission et le transfert de r\u00e9c\u00e9piss\u00e9s d\u2019entrep\u00f4t \u00e9lectroniques pour le stockage des marchandises dans les entrep\u00f4ts. \u00c0 cet \u00e9gard, une des cat\u00e9gories d\u2019actifs num\u00e9riques \u00e0 examiner dans le projet sur les actifs num\u00e9riques concerne les jetons num\u00e9riques qui sont li\u00e9s \u00e0 un bien externe, non num\u00e9rique. En favorisant les \u00e9changes entre les deux Groupes de travail, l\u2019analyse juridique entreprise dans le cadre des deux projets est grandement enrichie. En outre, si les travaux du projet visant \u00e0 \u00e9laborer une Loi type sur l\u2019affacturage devaient couvrir les plateformes \u00e9lectroniques, l\u2019enrichissement mutuel entre les deux projets apporterait \u00e9galement un avantage important.<\/p>\n<p style=\"text-align: justify;\">Ce projet pr\u00e9sente en outre \u00a0des synergies avec un projet intitul\u00e9\u00a0<a href=\"https:\/\/unidroitfoundation.org\/e-registry-best-practice\/\" target=\"_blank\" rel=\"noopener\">Best Practices in the Field of Electronic Registry Design and Operation<\/a>\u00a0 qui est dirig\u00e9 par le <a href=\"https:\/\/ctcap.org\/\" target=\"_blank\" rel=\"noopener\">Projet acad\u00e9mique relatif \u00e0 la Convention du Cap<\/a> en partenariat avec la Fondation d\u2019UNIDROIT, Aviareto et le Groupe de travail a\u00e9ronautique. Ce projet \u00e9labore un guide des meilleures pratiques pour les registres \u00e9lectroniques, ax\u00e9 sur les registres de garanties qui peuvent constituer un \u00e9l\u00e9ment important d\u2019un syst\u00e8me d\u2019actifs num\u00e9riques, notamment lorsqu\u2019ils sont utilis\u00e9s comme garanties.<\/p>\n<p>[\/vc_column_text][\/vc_tta_section][\/vc_tta_accordion][\/vc_column][\/vc_row][vc_row css=&#8221;.vc_custom_1622454952589{padding-right: 20px !important;padding-left: 20px !important;background-color: #d1dfdb !important;}&#8221;][vc_column css=&#8221;.vc_custom_1490017614850{margin-bottom: 30px !important;}&#8221;][vc_custom_heading text=&#8221;LATEST NEWS&#8221; font_container=&#8221;tag:h4|text_align:left&#8221; use_theme_fonts=&#8221;yes&#8221;]\t\t<div class=\"linp-post-list  layout_1\">\n\t\t\t\t\t\t\t<div class=\"vc_row\">\n\t\t\t\t\t\t\t\t\t\t\t\t\t\t\t\t\t\t<div class=\"item one third\">\n\t<div class=\"inner-wrap\">\n\t\t\t\t\t<div class=\"img-container\">\n\t\t\t\t<a href=\"https:\/\/www.unidroit.org\/fr\/ceremonie-douverture-du-centenaire-a-laquelle-le-president-mattarella-a-assiste-a-rome\/\" title=\"C\u00e9r\u00e9monie d&#039;ouverture du Centenaire \u00e0 laquelle le Pr\u00e9sident Mattarella a assist\u00e9 \u00e0 Rome\">\n\t\t\t\t   <img loading=\"lazy\" decoding=\"async\" width=\"990\" height=\"500\" src=\"https:\/\/www.unidroit.org\/wp-content\/uploads\/2026\/04\/Opening-ceremony-990x500.jpg\" class=\"post-list-thumb wp-post-image\" alt=\"\" \/>\t\t\t    <\/a>\n\t\t\t<\/div>\n\t\t\t\t<div class=\"data\">\n\t\t\t<div class=\"meta-data\">\n\t\t\t\t<div class=\"date\">\n\t\t\t\t\t<i class=\"icon-edtime3\"><\/i>\n\t\t\t\t\t\t\t\t\t\t\tavril 20, 2026\t\t\t\t\t\t\t\t\t<\/div>\n\t\t\t\t\t\t\t\t\t\t\t<\/div>\n\t\t\t<h3>\n\t\t\t\t<a title=\"C\u00e9r\u00e9monie d&#039;ouverture du Centenaire \u00e0 laquelle le Pr\u00e9sident Mattarella a assist\u00e9 \u00e0 Rome\" href=\"https:\/\/www.unidroit.org\/fr\/ceremonie-douverture-du-centenaire-a-laquelle-le-president-mattarella-a-assiste-a-rome\/\">\n\t\t\t\t\tC\u00e9r\u00e9monie d&#039;ouverture du Centenaire \u00e0 laquelle le Pr\u00e9sident Mattarella a assist\u00e9 \u00e0 Rome\t\t\t\t<\/a>\n\t\t\t<\/h3>\n\t\t\t\t\t\t\t<div class=\"content\">\n\t\t\t\t\t\t\t\t\t\t<p>Aujourd\u2019hui, 20 avril 2026, UNIDROIT, l\u2019Institut international pour l\u2019unification du&hellip;<\/p>\n\t\t\t\t<\/div>\n\t\t\t\t\t\t\t\t\t\t<a class=\"read-more\" href=\"https:\/\/www.unidroit.org\/fr\/ceremonie-douverture-du-centenaire-a-laquelle-le-president-mattarella-a-assiste-a-rome\/\">Read More<\/a>\n\t\t\t\t\t<\/div>\n\t<\/div>\n<\/div>\t\t\t\t\t\t\n\t\t\t\t\t\t\t\t\t\t\t\t\t\t\t\t\t\t<div class=\"item one third\">\n\t<div class=\"inner-wrap\">\n\t\t\t\t\t<div class=\"img-container\">\n\t\t\t\t<a href=\"https:\/\/www.unidroit.org\/fr\/unidroit-participe-a-la-quatrieme-conference-internationale-du-ceril\/\" title=\"UNIDROIT participe \u00e0 la quatri\u00e8me Conf\u00e9rence Internationale du CERIL\">\n\t\t\t\t   <img loading=\"lazy\" decoding=\"async\" width=\"990\" height=\"500\" src=\"https:\/\/www.unidroit.org\/wp-content\/uploads\/2026\/04\/IMG-20260327-WA000111-990x500.jpg\" class=\"post-list-thumb wp-post-image\" alt=\"\" \/>\t\t\t    <\/a>\n\t\t\t<\/div>\n\t\t\t\t<div class=\"data\">\n\t\t\t<div class=\"meta-data\">\n\t\t\t\t<div class=\"date\">\n\t\t\t\t\t<i class=\"icon-edtime3\"><\/i>\n\t\t\t\t\t\t\t\t\t\t\tavril 17, 2026\t\t\t\t\t\t\t\t\t<\/div>\n\t\t\t\t\t\t\t\t\t\t\t<\/div>\n\t\t\t<h3>\n\t\t\t\t<a title=\"UNIDROIT participe \u00e0 la quatri\u00e8me Conf\u00e9rence Internationale du CERIL\" href=\"https:\/\/www.unidroit.org\/fr\/unidroit-participe-a-la-quatrieme-conference-internationale-du-ceril\/\">\n\t\t\t\t\tUNIDROIT participe \u00e0 la quatri\u00e8me Conf\u00e9rence Internationale du CERIL\t\t\t\t<\/a>\n\t\t\t<\/h3>\n\t\t\t\t\t\t\t<div class=\"content\">\n\t\t\t\t\t\t\t\t\t\t<p>Les 26 et 27 mars 2026, UNIDROIT a particip\u00e9 \u00e0&hellip;<\/p>\n\t\t\t\t<\/div>\n\t\t\t\t\t\t\t\t\t\t<a class=\"read-more\" href=\"https:\/\/www.unidroit.org\/fr\/unidroit-participe-a-la-quatrieme-conference-internationale-du-ceril\/\">Read More<\/a>\n\t\t\t\t\t<\/div>\n\t<\/div>\n<\/div>\t\t\t\t\t\t\n\t\t\t\t\t\t\t\t\t\t\t\t\t\t\t\t\t\t<div class=\"item one third\">\n\t<div class=\"inner-wrap\">\n\t\t\t\t\t<div class=\"img-container\">\n\t\t\t\t<a href=\"https:\/\/www.unidroit.org\/fr\/unidroit-renforce-son-engagement-aupres-des-parties-prenantes-australiennes-pour-mener-a-bien-sa-mission-dans-la-region-du-pacifique\/\" title=\"UNIDROIT renforce son engagement aupr\u00e8s des parties prenantes australiennes pour mener \u00e0 bien sa mission dans la r\u00e9gion du Pacifique\">\n\t\t\t\t   <img loading=\"lazy\" decoding=\"async\" width=\"990\" height=\"500\" src=\"https:\/\/www.unidroit.org\/wp-content\/uploads\/2026\/04\/Aus-mission-logos-ppt-slide-990x500.jpg\" class=\"post-list-thumb wp-post-image\" alt=\"\" \/>\t\t\t    <\/a>\n\t\t\t<\/div>\n\t\t\t\t<div class=\"data\">\n\t\t\t<div class=\"meta-data\">\n\t\t\t\t<div class=\"date\">\n\t\t\t\t\t<i class=\"icon-edtime3\"><\/i>\n\t\t\t\t\t\t\t\t\t\t\tavril 16, 2026\t\t\t\t\t\t\t\t\t<\/div>\n\t\t\t\t\t\t\t\t\t\t\t<\/div>\n\t\t\t<h3>\n\t\t\t\t<a title=\"UNIDROIT renforce son engagement aupr\u00e8s des parties prenantes australiennes pour mener \u00e0 bien sa mission dans la r\u00e9gion du Pacifique\" href=\"https:\/\/www.unidroit.org\/fr\/unidroit-renforce-son-engagement-aupres-des-parties-prenantes-australiennes-pour-mener-a-bien-sa-mission-dans-la-region-du-pacifique\/\">\n\t\t\t\t\tUNIDROIT renforce son engagement aupr\u00e8s des parties prenantes australiennes pour mener \u00e0 bien sa mission dans la r\u00e9gion du Pacifique\t\t\t\t<\/a>\n\t\t\t<\/h3>\n\t\t\t\t\t\t\t<div class=\"content\">\n\t\t\t\t\t\t\t\t\t\t<p>Du 16 au 20 mars 2026, une d\u00e9l\u00e9gation de haut&hellip;<\/p>\n\t\t\t\t<\/div>\n\t\t\t\t\t\t\t\t\t\t<a class=\"read-more\" href=\"https:\/\/www.unidroit.org\/fr\/unidroit-renforce-son-engagement-aupres-des-parties-prenantes-australiennes-pour-mener-a-bien-sa-mission-dans-la-region-du-pacifique\/\">Read More<\/a>\n\t\t\t\t\t<\/div>\n\t<\/div>\n<\/div>\t\t\t\t\t\t\n\t\t\t\t\t\t\t\t\t<\/div>\n\t\t\t\t\t\t\t\t<\/div>\n\t\t[\/vc_column][\/vc_row]<\/p>\n<\/div>","protected":false},"excerpt":{"rendered":"<p>[vc_row][vc_column][vc_single_image image=&#8221;31297&#8243; img_size=&#8221;full&#8221; alignment=&#8221;center&#8221; css=&#8221;&#8221;][\/vc_column][\/vc_row][vc_row][vc_column css=&#8221;.vc_custom_1490017614850{margin-bottom: 30px !important;}&#8221;][vc_custom_heading text=&#8221;DROIT &amp; TECHNOLOGIE&#8221; font_container=&#8221;tag:h1|text_align:left&#8221; use_theme_fonts=&#8221;yes&#8221; css=&#8221;.vc_custom_1675781092569{margin-top: 0px !important;margin-bottom: 20px !important;}&#8221;][vc_custom_heading text=&#8221;TRAVAUX ET INSTRUMENTS D\u2019UNIDROIT DANS LE DOMAINE DU DROIT ET DE LA TECHNOLOGIE&#8221; font_container=&#8221;tag:h4|text_align:left&#8221; use_theme_fonts=&#8221;yes&#8221;][vc_column_text css=&#8221;.vc_custom_1675781152833{padding-top: 35px !important;padding-right: 35px !important;padding-bottom: 35px !important;padding-left: 35px !important;background-color: #f2f2f2 !important;}&#8221;] De&nbsp;<a href=\"https:\/\/www.unidroit.org\/fr\/droit-et-technologie\/\">&hellip;<\/a><\/p>\n","protected":false},"author":19,"featured_media":0,"parent":0,"menu_order":0,"comment_status":"closed","ping_status":"closed","template":"","meta":{"ep_exclude_from_search":false,"footnotes":""},"class_list":["post-19283","page","type-page","status-publish","format-standard","hentry","odd"],"_links":{"self":[{"href":"https:\/\/www.unidroit.org\/fr\/wp-json\/wp\/v2\/pages\/19283","targetHints":{"allow":["GET"]}}],"collection":[{"href":"https:\/\/www.unidroit.org\/fr\/wp-json\/wp\/v2\/pages"}],"about":[{"href":"https:\/\/www.unidroit.org\/fr\/wp-json\/wp\/v2\/types\/page"}],"author":[{"embeddable":true,"href":"https:\/\/www.unidroit.org\/fr\/wp-json\/wp\/v2\/users\/19"}],"replies":[{"embeddable":true,"href":"https:\/\/www.unidroit.org\/fr\/wp-json\/wp\/v2\/comments?post=19283"}],"version-history":[{"count":2,"href":"https:\/\/www.unidroit.org\/fr\/wp-json\/wp\/v2\/pages\/19283\/revisions"}],"predecessor-version":[{"id":31390,"href":"https:\/\/www.unidroit.org\/fr\/wp-json\/wp\/v2\/pages\/19283\/revisions\/31390"}],"wp:attachment":[{"href":"https:\/\/www.unidroit.org\/fr\/wp-json\/wp\/v2\/media?parent=19283"}],"curies":[{"name":"wp","href":"https:\/\/api.w.org\/{rel}","templated":true}]}}