{"id":19900,"date":"2021-08-30T13:50:23","date_gmt":"2021-08-30T11:50:23","guid":{"rendered":"https:\/\/www.unidroit.org\/?page_id=19900"},"modified":"2023-08-08T19:39:27","modified_gmt":"2023-08-08T17:39:27","slug":"102eme-session-rome-10-12-mai-2023","status":"publish","type":"page","link":"https:\/\/www.unidroit.org\/fr\/reunions\/conseil-de-direction-3\/102eme-session-rome-10-12-mai-2023\/","title":{"rendered":"102\u00e8me session (Rome, 10-12 mai 2023)"},"content":{"rendered":"<div class=\"wpb-content-wrapper\"><p>[vc_row][vc_column css=&#8221;.vc_custom_1490017614850{margin-bottom: 30px !important;}&#8221;][vc_custom_heading text=&#8221;102<sup>\u00e8me<\/sup> session<br \/>\n(Rome, 10-12 mai 2023)&#8221; font_container=&#8221;tag:h1|text_align:left&#8221; use_theme_fonts=&#8221;yes&#8221; css=&#8221;.vc_custom_1678884064230{margin-top: 0px !important;margin-bottom: 20px !important;}&#8221;][vc_column_text css=&#8221;.vc_custom_1691516362484{padding-top: 35px !important;padding-right: 35px !important;padding-bottom: 35px !important;padding-left: 35px !important;background-color: #f2f2f2 !important;}&#8221;]<\/p>\n<p style=\"text-align: center;\"><strong>Documents<\/strong><\/p>\n<p>&nbsp;<\/p>\n<ul>\n<li>Conclusions sommaires (<a href=\"https:\/\/www.unidroit.org\/wp-content\/uploads\/2023\/06\/C.D.-102-Misc.-2-Conclusions-sommaires.pdf\">C.D. (102) Misc. 2<\/a>)<\/li>\n<li>Rapport (<a href=\"https:\/\/www.unidroit.org\/wp-content\/uploads\/2023\/08\/C.D.-102-25-Rapport-final.pdf\">C.D. (102) 25<\/a>)<\/li>\n<\/ul>\n<p>&nbsp;<\/p>\n<p>Ordre des travaux provisoire (<a href=\"https:\/\/www.unidroit.org\/wp-content\/uploads\/2023\/04\/C.D.-102-Misc.1-rev.-Ordre-des-travaux.pdf\">C.D. (102) Misc. 1 r\u00e9v.<\/a>)<\/p>\n<p>&nbsp;<\/p>\n<p>1. Adoption du projet d\u2019ordre du jour annot\u00e9 (<a href=\"https:\/\/www.unidroit.org\/wp-content\/uploads\/2023\/04\/C.D.-102-1-Projet-dordre-du-jour-annote.pdf\">C.D. (102) 1<\/a>)<\/p>\n<p>&nbsp;<\/p>\n<p>2. Nomination des premier et deuxi\u00e8me Vice-Pr\u00e9sidents du Conseil de Direction (<a href=\"https:\/\/www.unidroit.org\/wp-content\/uploads\/2023\/04\/C.D.-102-1-Projet-dordre-du-jour-annote.pdf\">C.D. (102) 1<\/a>)<\/p>\n<p>&nbsp;<\/p>\n<p>3. Rapports<\/p>\n<p style=\"padding-left: 40px;\">a) Rapport annuel 2022 (<a href=\"https:\/\/www.unidroit.org\/wp-content\/uploads\/2023\/04\/C.D.-102-2-Rapport-annuel-2022.pdf\">C.D. (102) 2<\/a>)<br \/>\nb) Rapport de la Fondation d\u2019UNIDROIT (<a href=\"https:\/\/www.unidroit.org\/wp-content\/uploads\/2023\/04\/C.D.-102-3-Rapport-Fondation-dUNIDROIT.pdf\">C.D. (102) 3<\/a>)<\/p>\n<p>&nbsp;<\/p>\n<p>4. Adoption de projets d\u2019instruments d\u2019UNIDROIT<\/p>\n<p style=\"padding-left: 40px;\">a) Loi type sur les r\u00e9c\u00e9piss\u00e9s d\u2019entrep\u00f4t (<a href=\"https:\/\/www.unidroit.org\/wp-content\/uploads\/2023\/05\/C.D.-102-4-Loi-type-sur-les-recepisses-dentrepot.pdf\">C.D. (102) 4<\/a>)<br \/>\nb) Loi type sur l\u2019affacturage (<a href=\"https:\/\/www.unidroit.org\/wp-content\/uploads\/2023\/05\/C.D.1025-Loi-type-sur-laffacturage.pdf\">C.D. (102) 5<\/a>)<br \/>\nc) Principes sur les actifs num\u00e9riques et le droit priv\u00e9 (<a href=\"https:\/\/www.unidroit.org\/wp-content\/uploads\/2023\/05\/C.D.-102-6-Actifs-numeriques-et-droit-prive.pdf\">C.D. (102) 6<\/a>)<\/p>\n<p>&nbsp;<\/p>\n<p>5. Activit\u00e9s l\u00e9gislatives en cours report\u00e9es du Programme de travail 2020-2022<\/p>\n<p style=\"padding-left: 40px;\">a) Meilleures pratiques pour des proc\u00e9dures d\u2019ex\u00e9cution efficaces (<a href=\"https:\/\/www.unidroit.org\/wp-content\/uploads\/2023\/05\/C.D.-102-7-Meilleures-pratiques-pour-des-procedures-dexecution-efficaces.pdf\">C.D. (102) 7<\/a>)<br \/>\nb) Insolvabilit\u00e9 bancaire (<a href=\"https:\/\/www.unidroit.org\/wp-content\/uploads\/2023\/04\/C.D.-102-8-Insolvabilite-bancaire.pdf\">C.D. (102) 8<\/a>)<br \/>\nc) Structure juridique des entreprises agricoles (<a href=\"https:\/\/www.unidroit.org\/wp-content\/uploads\/2023\/04\/C.D.-102-9-Structure-juridique-des-entreprises-agricoles.pdf\">C.D. (102) 9<\/a>)<br \/>\nd) Collections d\u2019art priv\u00e9es (<a href=\"https:\/\/www.unidroit.org\/wp-content\/uploads\/2023\/04\/C.D.-102-10-Collections-dart-privees.pdf\">C.D. (102) 10<\/a>)<br \/>\ne) Principes relatifs aux contrats de r\u00e9assurance (<a href=\"https:\/\/www.unidroit.org\/wp-content\/uploads\/2023\/04\/C.D.10211-Contrats-de-reassurance.pdf\">C.D. (102) 11<\/a>)<\/p>\n<p>&nbsp;<\/p>\n<p>6. Proposition de projet conjoint: projet HCCH-UNIDROIT sur la loi applicable aux d\u00e9tentions et transferts transfronti\u00e8res d\u2019actifs num\u00e9riques et de jetons (<a href=\"https:\/\/www.unidroit.org\/wp-content\/uploads\/2023\/05\/C.D.-102-12-HCCH-UNIDROIT-loi-applicable-actifs-numeriques-et-jetons.pdf\">C.D. (102) 12<\/a>)<\/p>\n<p>&nbsp;<\/p>\n<p>7. Mise \u00e0 jour concernant certains projets du Programme de travail 2023-2025 ayant une priorit\u00e9 \u00e9lev\u00e9e<\/p>\n<p style=\"padding-left: 40px;\">a) Les Principes d\u2019UNIDROIT relatifs aux contrats du commerce international et les contrats d\u2019investissement (<a href=\"https:\/\/www.unidroit.org\/wp-content\/uploads\/2023\/04\/C.D.-10213a-UPICC-et-contrats-dinvestissement.pdf\">C.D. (102) 13<\/a>)<br \/>\nb) Nature juridique des Cr\u00e9dits Carbone Volontaires (<a href=\"https:\/\/www.unidroit.org\/wp-content\/uploads\/2023\/05\/C.D.-102-14-Nature-juridique-des-Credits-Carbone-Volontaires.pdf\">C.D. (102) 14<\/a>)<\/p>\n<p>&nbsp;<\/p>\n<p>8. Garanties internationales portant sur des mat\u00e9riels d\u2019\u00e9quipement mobiles<\/p>\n<p style=\"padding-left: 40px;\">a) \u00c9tat de mise en \u0153uvre de la Convention du Cap et du Protocole a\u00e9ronautique (pr\u00e9sentation orale)<br \/>\nb) \u00c9tat de mise en \u0153uvre du Protocole ferroviaire de Luxembourg et du Protocole spatial (<a href=\"https:\/\/www.unidroit.org\/wp-content\/uploads\/2023\/04\/C.D.-102-15-Etat-de-mise-en-oeuvre-Protocoles-ferroviaire-et-spatial.pdf\">C.D. (102) 15<\/a>)<br \/>\nc) \u00c9tat de mise en \u0153uvre du Protocole portant sur les questions sp\u00e9cifiques aux mat\u00e9riels d\u2019\u00e9quipement miniers, agricoles et de construction (Protocole MAC) (<a href=\"https:\/\/www.unidroit.org\/wp-content\/uploads\/2023\/04\/C.D.-102-16-Etat-de-mise-en-oeuvre-du-Protocole-MAC.pdf\">C.D. (102) 16<\/a>)<br \/>\nd) Nomination d\u2019une Autorit\u00e9 de surveillance pour le Registre du Protocole MAC (C.D. (<a href=\"https:\/\/www.unidroit.org\/wp-content\/uploads\/2023\/04\/C.D.-102-17-Nomination-Autorite-de-surveillance-Registre-Protocole-MAC.pdf\">102) 17<\/a>)<\/p>\n<p>&nbsp;<\/p>\n<p>9. Protection internationale des biens culturels: \u00e9tat de mise en \u0153uvre de la Convention d\u2019UNIDROIT de 1995 (<a href=\"https:\/\/www.unidroit.org\/wp-content\/uploads\/2023\/05\/C.D.-102-18-Protection-internationale-des-biens-culturels.pdf\">C.D. (102) 18<\/a>)<\/p>\n<p>&nbsp;<\/p>\n<p>10. Strat\u00e9gie de promotion des instruments d\u2019UNIDROIT (<a href=\"https:\/\/www.unidroit.org\/wp-content\/uploads\/2023\/04\/C.D.10219-Promotion-des-instruments-UNIDROIT-.pdf\">C.D. (102) 19<\/a>)<\/p>\n<p>&nbsp;<\/p>\n<p>11. Correspondants d\u2019UNIDROIT (<a href=\"https:\/\/www.unidroit.org\/wp-content\/uploads\/2023\/04\/C.D.-102-20-Correspondants.pdf\">C.D. (102) 20<\/a>)<\/p>\n<p>&nbsp;<\/p>\n<p>12. Acad\u00e9mie d\u2019UNIDROIT (<a href=\"https:\/\/www.unidroit.org\/wp-content\/uploads\/2023\/04\/C.D.-10221-Academie-dUNIDROIT.pdf\">C.D. (102) 21<\/a>)<\/p>\n<p style=\"padding-left: 40px;\">a) Projets acad\u00e9miques d\u2019UNIDROIT<br \/>\nb) Instituts acad\u00e9miques<br \/>\nc) Programme international d\u2019UNIDROIT pour le droit et le d\u00e9veloppement<br \/>\nd) Programmes des Chaires d\u2019UNIDROIT<br \/>\ne) Biblioth\u00e8que d\u2019UNIDROIT et activit\u00e9s de recherche<br \/>\nf) Coop\u00e9ration avec des institutions acad\u00e9miques<br \/>\ng) Publications d\u2019UNIDROIT<\/p>\n<p>&nbsp;<\/p>\n<p>13. Strat\u00e9gie de communication et diffusion sur les r\u00e9seaux sociaux (<a href=\"https:\/\/www.unidroit.org\/wp-content\/uploads\/2023\/04\/C.D.-102-22-Strategie-de-communication-et-diffusion-sur-les-reseaux-sociaux.pdf\">C.D. (102) 22)<\/a><\/p>\n<p>&nbsp;<\/p>\n<p>14. Questions administratives<\/p>\n<p style=\"text-align: left; padding-left: 40px;\">a) Renouvellement du mandat du Secr\u00e9taire G\u00e9n\u00e9ral (<a href=\"https:\/\/www.unidroit.org\/wp-content\/uploads\/2023\/04\/C.D.-102-1-Projet-dordre-du-jour-annote.pdf\">C.D. (102) 1<\/a>)<br \/>\nb) Nomination d\u2019un Comit\u00e9 sp\u00e9cial charg\u00e9 de la mise \u00e0 jour du R\u00e8glement d\u2019UNIDROIT (<a href=\"https:\/\/www.unidroit.org\/wp-content\/uploads\/2023\/04\/C.D.102-23-Nomination-dun-Comite-special-charge-de-la-mise-a-jour-du-Reglement-dUNIDROIT.pdf\">C.D. (102) 23<\/a>)<br \/>\nc) Pr\u00e9paration du projet de Budget pour l\u2019exercice financier 2024 (<a href=\"https:\/\/www.unidroit.org\/wp-content\/uploads\/2023\/04\/C.D.102-24-Projet-de-Bugdet-2024.pdf\">C.D. (102) 24<\/a>)<\/p>\n<p>&nbsp;<\/p>\n<p>15. Date et lieu de la 103<sup>\u00e8me<\/sup> session du Conseil de Direction (<a href=\"https:\/\/www.unidroit.org\/wp-content\/uploads\/2023\/04\/C.D.-102-1-Projet-dordre-du-jour-annote.pdf\">C.D. (102) 1<\/a>)<\/p>\n<p>&nbsp;<\/p>\n<p>16. Divers[\/vc_column_text][\/vc_column][\/vc_row][vc_row][vc_column][vc_column_text]<br \/>\n[\/vc_column_text][\/vc_column][\/vc_row]<\/p>\n<\/div>","protected":false},"excerpt":{"rendered":"<p>[vc_row][vc_column css=&#8221;.vc_custom_1490017614850{margin-bottom: 30px !important;}&#8221;][vc_custom_heading text=&#8221;102\u00e8me session (Rome, 10-12 mai 2023)&#8221; font_container=&#8221;tag:h1|text_align:left&#8221; use_theme_fonts=&#8221;yes&#8221; css=&#8221;.vc_custom_1678884064230{margin-top: 0px !important;margin-bottom: 20px !important;}&#8221;][vc_column_text css=&#8221;.vc_custom_1691516362484{padding-top: 35px !important;padding-right: 35px !important;padding-bottom: 35px !important;padding-left: 35px !important;background-color: #f2f2f2 !important;}&#8221;] Documents &nbsp; Conclusions sommaires (C.D. (102) Misc. 2) Rapport (C.D. (102) 25) &nbsp; Ordre des travaux provisoire&nbsp;<a href=\"https:\/\/www.unidroit.org\/fr\/reunions\/conseil-de-direction-3\/102eme-session-rome-10-12-mai-2023\/\">&hellip;<\/a><\/p>\n","protected":false},"author":19,"featured_media":0,"parent":4954,"menu_order":0,"comment_status":"closed","ping_status":"closed","template":"","meta":{"ep_exclude_from_search":false,"footnotes":""},"class_list":["post-19900","page","type-page","status-publish","format-standard","hentry","odd"],"_links":{"self":[{"href":"https:\/\/www.unidroit.org\/fr\/wp-json\/wp\/v2\/pages\/19900","targetHints":{"allow":["GET"]}}],"collection":[{"href":"https:\/\/www.unidroit.org\/fr\/wp-json\/wp\/v2\/pages"}],"about":[{"href":"https:\/\/www.unidroit.org\/fr\/wp-json\/wp\/v2\/types\/page"}],"author":[{"embeddable":true,"href":"https:\/\/www.unidroit.org\/fr\/wp-json\/wp\/v2\/users\/19"}],"replies":[{"embeddable":true,"href":"https:\/\/www.unidroit.org\/fr\/wp-json\/wp\/v2\/comments?post=19900"}],"version-history":[{"count":0,"href":"https:\/\/www.unidroit.org\/fr\/wp-json\/wp\/v2\/pages\/19900\/revisions"}],"up":[{"embeddable":true,"href":"https:\/\/www.unidroit.org\/fr\/wp-json\/wp\/v2\/pages\/4954"}],"wp:attachment":[{"href":"https:\/\/www.unidroit.org\/fr\/wp-json\/wp\/v2\/media?parent=19900"}],"curies":[{"name":"wp","href":"https:\/\/api.w.org\/{rel}","templated":true}]}}