{"id":19906,"date":"2021-07-27T19:31:20","date_gmt":"2021-07-27T17:31:20","guid":{"rendered":"https:\/\/www.unidroit.org\/?page_id=19906"},"modified":"2023-04-19T11:34:17","modified_gmt":"2023-04-19T09:34:17","slug":"98eme-session-rome-8-10-mai-2019-2","status":"publish","type":"page","link":"https:\/\/www.unidroit.org\/fr\/reunions\/conseil-de-direction-2-2\/98eme-session-rome-8-10-mai-2019-2\/","title":{"rendered":"98\u00c8ME SESSION (ROME, 8-10 MAI 2019)"},"content":{"rendered":"<div class=\"wpb-content-wrapper\"><p>[vc_row][vc_column css=&#8221;.vc_custom_1490017614850{margin-bottom: 30px !important;}&#8221;][vc_custom_heading text=&#8221;98\u00e8me Session<br \/>\n(Rome, 8-10 mai 2019)&#8221; font_container=&#8221;tag:h1|text_align:left&#8221; use_theme_fonts=&#8221;yes&#8221; css=&#8221;.vc_custom_1630679425850{margin-top: 0px !important;margin-bottom: 20px !important;}&#8221;][vc_column_text css=&#8221;.vc_custom_1630679870043{padding-top: 35px !important;padding-right: 35px !important;padding-bottom: 35px !important;padding-left: 35px !important;background-color: #f2f2f2 !important;}&#8221;]<\/p>\n<p style=\"text-align: center;\"><strong>Documents<br \/>\n<\/strong><\/p>\n<ul>\n<li>Conclusions sommaires <a href=\"https:\/\/www.unidroit.org\/french\/governments\/councildocuments\/2019session\/cd-98-misc02-f.pdf\">(C.D. (98) Misc. 2)<\/a><\/li>\n<li>Rapport <a href=\"https:\/\/www.unidroit.org\/french\/governments\/councildocuments\/2019session\/cd-98-17-f.pdf\">(C.D. (98) 17)<\/a><\/li>\n<\/ul>\n<p style=\"text-align: center;\">*\u00a0\u00a0\u00a0\u00a0 *\u00a0\u00a0\u00a0\u00a0 *<\/p>\n<p>&nbsp;<\/p>\n<p>Ordre des travaux provisoire\u00a0<a href=\"https:\/\/www.unidroit.org\/french\/governments\/councildocuments\/2019session\/cd-98-misc01-rev03-f.pdf\">(C.D. (98) Misc. 1 r\u00e9v. 3)<\/a><\/p>\n<p>1. Adoption du projet d\u2019ordre du jour annot\u00e9\u00a0<a href=\"https:\/\/www.unidroit.org\/french\/governments\/councildocuments\/2019session\/cd-98-01-rev02-f.pdf\">(C.D. (98) 1 r\u00e9v. 2)<\/a><\/p>\n<p>2. Nominations\u00a0<a href=\"https:\/\/www.unidroit.org\/french\/governments\/councildocuments\/2019session\/cd-98-01-rev02-f.pdf\">(C.D. (98) 1 r\u00e9v. 2)<\/a><\/p>\n<p style=\"padding-left: 40px;\">a) Premier et deuxi\u00e8me Vice-Pr\u00e9sidents du Conseil de Direction<br \/>\nb) Membres ad honorem du Conseil de Direction<br \/>\nc) Membres du Comit\u00e9 Permanent<\/p>\n<p>3. Rapports<\/p>\n<p style=\"padding-left: 40px;\">a) Rapport annuel 2018\u00a0<a href=\"https:\/\/www.unidroit.org\/french\/governments\/councildocuments\/2019session\/cd-98-02-f.pdf\">(C.D. (98) 2)<\/a><br \/>\nb) Rapport sur la Fondation d\u2019UNIDROIT<\/p>\n<p>4. Garanties internationales portant sur des biens mat\u00e9riels d\u2019\u00e9quipement mobiles<\/p>\n<p style=\"padding-left: 40px;\">a) Etat de mise en oeuvre du Protocole ferroviaire de Luxembourg et du Protocole<br \/>\nspatial\u00a0<a href=\"https:\/\/www.unidroit.org\/french\/governments\/councildocuments\/2019session\/cd-98-03-f.pdf\">(C.D. (98) 3)<\/a><\/p>\n<p>[Documents connexes:<br \/>\n&#8211;\u00a0<a href=\"https:\/\/www.unidroit.org\/french\/governments\/councildocuments\/2018session\/cd-97-02-f.pdf\">UNIDROIT 2018 &#8211; C.D. (97) 2<\/a>;<br \/>\n&#8211;\u00a0<a href=\"https:\/\/www.unidroit.org\/french\/governments\/councildocuments\/2018session\/cd-97-04-f.pdf\">UNIDROIT 2018 &#8211; C.D. (97) 4<\/a>;<br \/>\n&#8211;\u00a0<a href=\"https:\/\/www.unidroit.org\/french\/governments\/councildocuments\/2019session\/cd-98-02-f.pdf\">UNIDROIT 2019 &#8211; C.D. (98) 2<\/a>]<\/p>\n<p style=\"padding-left: 40px;\">b) Projet de Protocole \u00e0 la Convention du Cap portant sur les questions sp\u00e9cifiques<br \/>\naux mat\u00e9riels d\u2019\u00e9quipement miniers, agricoles et de construction\u00a0<a href=\"https:\/\/www.unidroit.org\/french\/governments\/councildocuments\/2019session\/cd-98-04-f.pdf\">(C.D. (98) 4)<\/a><\/p>\n<p>[Document connexe:\u00a0<a href=\"https:\/\/www.unidroit.org\/english\/documents\/2018\/study72k\/1808-final-mac-protocol-ea.pdf\">DCME-MAC \u2013 Doc. 3: Projet de Protocole MAC Evaluation<\/a><br \/>\n<a href=\"https:\/\/www.unidroit.org\/english\/documents\/2018\/study72k\/1808-final-mac-protocol-ea.pdf\">\u00e9conomique du Protocole MAC<\/a>\u00a0(en anglais seulement)]<\/p>\n<p>5. Droit priv\u00e9 et d\u00e9veloppement agricole<\/p>\n<p style=\"padding-left: 40px;\">a) Elaboration d\u2019un document d\u2019orientation international sur les contrats d\u2019investissement<br \/>\nen terres agricoles\u00a0<a href=\"https:\/\/www.unidroit.org\/french\/governments\/councildocuments\/2019session\/cd-98-05a-rev-f.pdf\">C.D. (98) 5(a) r\u00e9v.<\/a><\/p>\n<p>[Documents connexes:<br \/>\n&#8211;\u00a0<a href=\"https:\/\/www.unidroit.org\/french\/governments\/councildocuments\/2018session\/cd-97-19-f.pdf\">UNIDROIT 2018 \u2013 C.D. (97) 19, Point n\u00b0 7b)<\/a>;<br \/>\n&#8211;\u00a0<a href=\"https:\/\/www.unidroit.org\/french\/governments\/councildocuments\/2018session\/cd-97-07b-f.pdf\">UNIDROIT 2018 \u2013 C.D. (97) 7b)<\/a>;<br \/>\n&#8211;\u00a0<a href=\"https:\/\/www.unidroit.org\/french\/governments\/councildocuments\/2017session\/cd-96-06b-f.pdf\">UNIDROIT 2017 &#8211; C.D. (96) 6b)<\/a>;<br \/>\n&#8211;\u00a0<a href=\"https:\/\/www.unidroit.org\/french\/governments\/councildocuments\/2016session\/cd-95-07b-prov-f.pdf\">UNIDROIT 2016 &#8211; C.D. (95) 7b)<\/a>]<\/p>\n<p style=\"padding-left: 40px;\">b) Activit\u00e9s de suivi et promotion du Guide juridique sur l\u2019agriculture contractuelle<br \/>\nUNIDROIT\/FAO\/FIDA\u00a0<a href=\"https:\/\/www.unidroit.org\/french\/governments\/councildocuments\/2019session\/cd-98-05b-f.pdf\">(C.D. (98) 5(b))<\/a><\/p>\n<p>[Document connexe:\u00a0<a href=\"https:\/\/www.unidroit.org\/french\/guides\/2015contractfarming\/cf-guide-2015-f.pdf\">Guide juridique sur l\u2019agriculture contractuelle UNIDROIT\/FAO\/FIDA<\/a>]<\/p>\n<p>6. Proc\u00e9dure civile transnationale<\/p>\n<p style=\"padding-left: 40px;\">a) Formulation de r\u00e8gles r\u00e9gionales ELI-UNIDROIT\u00a0<a href=\"https:\/\/www.unidroit.org\/french\/governments\/councildocuments\/2019session\/cd-98-06a-f.pdf\">(C.D. (98) 6(a))<\/a><\/p>\n<p style=\"padding-left: 40px;\">b) Principes d\u2019ex\u00e9cution effective\u00a0<a href=\"https:\/\/www.unidroit.org\/french\/governments\/councildocuments\/2019session\/cd-98-06b-f.pdf\">(C.D. (98) 6(b))<\/a><\/p>\n<p>[Documents connexes:<br \/>\n&#8211;\u00a0<a href=\"https:\/\/www.unidroit.org\/french\/governments\/councildocuments\/2019session\/cd-98-02-f.pdf\">UNIDROIT 2019 &#8211; C.D. (98) 2<\/a>;<br \/>\n&#8211;\u00a0<a href=\"https:\/\/www.unidroit.org\/french\/governments\/councildocuments\/2019session\/cd-98-14-rev-f.pdf\">UNIDROIT 2019 &#8211; C.D. (98) 14 rev.<\/a>]<\/p>\n<p>7. Contrats du commerce international: formulation de principes en mati\u00e8re de contrats<br \/>\nde r\u00e9assurance\u00a0<a href=\"https:\/\/www.unidroit.org\/french\/governments\/councildocuments\/2019session\/cd-98-07-f.pdf\">(C.D. (98) 7)<\/a><\/p>\n<p>[Documents connexes:<br \/>\n&#8211;\u00a0<a href=\"https:\/\/www.unidroit.org\/french\/governments\/councildocuments\/2019session\/cd-98-02-f.pdf\">UNIDROIT 2019 &#8211; C.D. (98) 2<\/a>;<br \/>\n&#8211;\u00a0<a href=\"https:\/\/www.unidroit.org\/french\/governments\/councildocuments\/2019session\/cd-98-14-rev-f.pdf\">UNIDROIT 2019 &#8211; C.D. (98) 14 r\u00e9v.<\/a>]<\/p>\n<p>8. Droit de la vente internationale: Elaboration d\u2019un document d\u2019orientation sur les textes<br \/>\nexistants dans le domaine du droit de la vente internationale en coop\u00e9ration avec la<br \/>\nCNUDCI et la Conf\u00e9rence de La Haye de droit international priv\u00e9\u00a0<a href=\"https:\/\/www.unidroit.org\/french\/governments\/councildocuments\/2019session\/cd-98-08-f.pdf\">(C.D. (98) 8)<\/a><\/p>\n<p>[Document connexe:\u00a0<a href=\"https:\/\/www.unidroit.org\/french\/governments\/councildocuments\/2019session\/cd-98-02-f.pdf\">UNIDROIT 2019 &#8211; C.D. (98) 2]<\/a><\/p>\n<p>9. Protection internationale des biens culturels\u00a0<a href=\"https:\/\/www.unidroit.org\/french\/governments\/councildocuments\/2019session\/cd-98-09-f.pdf\">(C.D. (98) 9)<\/a><\/p>\n<p style=\"padding-left: 40px;\">a) Activit\u00e9s de suivi et promotion de la Convention d\u2019UNIDROIT sur les biens culturels<br \/>\nvol\u00e9s ou illicitement export\u00e9s et Dispositions mod\u00e8les \u00e9tablissant la propri\u00e9t\u00e9 de l\u2019Etat<br \/>\nsur les biens culturels non d\u00e9couverts<\/p>\n<p style=\"padding-left: 40px;\">b) Collections d\u2019art priv\u00e9es<\/p>\n<p>[Document connexe:\u00a0<a href=\"https:\/\/www.unidroit.org\/french\/governments\/councildocuments\/2019session\/cd-98-02-f.pdf\">Rapport annuel 2018 &#8211; C.D. (98) 2]<\/a><\/p>\n<p>10. Promotion des instruments d\u2019UNIDROIT\u00a0<a href=\"https:\/\/www.unidroit.org\/french\/governments\/councildocuments\/2019session\/cd-98-10-f.pdf\">(C.D. (98) 10)<\/a><\/p>\n<p>[Document connexe:\u00a0<a href=\"https:\/\/www.unidroit.org\/french\/governments\/councildocuments\/2019session\/cd-98-02-f.pdf\">Rapport annuel 2018 &#8211; C.D. (98) 2]<\/a><\/p>\n<p>11. Correspondants\u00a0<a href=\"https:\/\/www.unidroit.org\/french\/governments\/councildocuments\/2019session\/cd-98-11-f.pdf\">(C.D. (98) 11)<\/a><\/p>\n<p>[Document connexe:\u00a0<a href=\"https:\/\/www.unidroit.org\/french\/governments\/councildocuments\/2016session\/cd-95-10-f.pdf\">UNIDROIT 2016 &#8211; C.D.(95) 10<\/a>]<\/p>\n<p>12. Biblioth\u00e8que d\u2019UNIDROIT et activit\u00e9s de recherche\u00a0<a href=\"https:\/\/www.unidroit.org\/french\/governments\/councildocuments\/2019session\/cd-98-12-f.pdf\">(C.D. (98) 12)<\/a><\/p>\n<p>[Documents connexes:<br \/>\n&#8211;\u00a0<a href=\"https:\/\/www.unidroit.org\/french\/governments\/councildocuments\/2019session\/cd-98-02-f.pdf\">UNIDROIT 2019 &#8211; C.D. (98) 2;<\/a><br \/>\n&#8211;\u00a0<a href=\"https:\/\/www.unidroit.org\/english\/documents\/2018\/study65\/s-65-impl29-e.pdf\">UNIDROIT 2018 &#8211; Etude LXV\/Bourse: Impl. 29<\/a>]<\/p>\n<p>13. Ressources et politique d\u2019information d\u2019UNIDROIT\u00a0<a href=\"https:\/\/www.unidroit.org\/french\/governments\/councildocuments\/2019session\/cd-98-13-rev-f.pdf\">(C.D. (98) 13 r\u00e9v.)<\/a><\/p>\n<p>[Documents connexes:<br \/>\n&#8211;\u00a0<a href=\"https:\/\/www.unidroit.org\/french\/governments\/councildocuments\/2019session\/cd-98-02-f.pdf\">Rapport annuel 2018 &#8211; C.D. (98) 2<\/a>;<br \/>\n&#8211;\u00a0<a href=\"https:\/\/www.unidroit.org\/french\/governments\/councildocuments\/2013session\/cd92-12-f.pdf\">C.D.(92)12<\/a>;<br \/>\n&#8211;\u00a0<a href=\"https:\/\/www.unidroit.org\/french\/governments\/councildocuments\/2014session\/cd-93-11-f.pdf\">C.D.(93)11<\/a>;<br \/>\n&#8211;\u00a0<a href=\"https:\/\/www.unidroit.org\/french\/governments\/councildocuments\/2015session\/cd-94-11-f.pdf\">C.D.(94)11<\/a>;<br \/>\n&#8211;\u00a0<a href=\"https:\/\/www.unidroit.org\/french\/governments\/councildocuments\/2016session\/cd-95-12-f.pdf\">C.D.(95)12<\/a>;<br \/>\n&#8211;\u00a0<a href=\"https:\/\/www.unidroit.org\/french\/governments\/councildocuments\/2017session\/cd-96-12-f.pdf\">C.D.(96)12<\/a>;<br \/>\n&#8211;\u00a0<a href=\"https:\/\/www.unidroit.org\/french\/governments\/councildocuments\/2018session\/cd-97-14-f.pdf\">C.D.(97)14<\/a>]<\/p>\n<p>14. Propositions relatives au Programme de travail pour la p\u00e9riode triennale<br \/>\n2020 \u2013 2022 et commentaires parvenus au Secr\u00e9tariat\u00a0<a href=\"https:\/\/www.unidroit.org\/french\/governments\/councildocuments\/2019session\/cd-98-14-rev-f.pdf\">(C.D. (98) 14 r\u00e9v.)<\/a><\/p>\n<p>[Documents connexes<br \/>\n&#8211; Plan strat\u00e9gique\u00a0<a href=\"https:\/\/www.unidroit.org\/french\/governments\/assemblydocuments\/2012-71session\/ag71-inf02-f.pdf\">(UNIDROIT 2012 &#8211; A.G. (71) INF 2)<\/a>;<br \/>\n&#8211; Programme de travail triennal 2017-2019\u00a0<a href=\"https:\/\/www.unidroit.org\/french\/governments\/assemblydocuments\/2016-75session\/ag75-03-f.pdf\">(UNIDROIT 2016 &#8211; A.G. (75) 3 corr.<\/a><br \/>\net\u00a0<a href=\"https:\/\/www.unidroit.org\/french\/governments\/assemblydocuments\/2016-75session\/ag75-08-f.pdf\">UNIDROIT 2016 &#8211; A.G. (75) 8)<\/a>);<br \/>\n&#8211;\u00a0<a href=\"https:\/\/www.unidroit.org\/french\/governments\/councildocuments\/2016session\/cd-95-13rev-f.pdf\">UNIDROIT 2016 &#8211; C.D (95) 13 r\u00e9v.<\/a>\u00a0et Add.<a href=\"https:\/\/www.unidroit.org\/french\/governments\/councildocuments\/2016session\/cd-95-13add-f.pdf\">1<\/a>,\u00a0<a href=\"https:\/\/www.unidroit.org\/french\/governments\/councildocuments\/2016session\/cd-95-13add-02-f.pdf\">2<\/a>,\u00a0<a href=\"https:\/\/www.unidroit.org\/french\/governments\/councildocuments\/2016session\/cd-95-13add-03-f.pdf\">3<\/a>]<\/p>\n<p>15.\u00a0<a href=\"https:\/\/www.unidroit.org\/french\/governments\/councildocuments\/2019session\/goode-wool-ctc-ac-off-comm-4th-2019-pres-f.pdf\">Pr\u00e9sentation du commentaire official de la Convention du Cap et du Protocole<\/a><br \/>\n<a href=\"https:\/\/www.unidroit.org\/french\/governments\/councildocuments\/2019session\/goode-wool-ctc-ac-off-comm-4th-2019-pres-f.pdf\">a\u00e9ronautique \u2013 4\u00e8me \u00e9dition (2019) par le Professeur Sir Roy Goode C.B.E.,<\/a><br \/>\n<a href=\"https:\/\/www.unidroit.org\/french\/governments\/councildocuments\/2019session\/goode-wool-ctc-ac-off-comm-4th-2019-pres-f.pdf\">Q.C. et le Professeur Jeffrey Wool.<\/a><\/p>\n<p>16. Questions administratives<\/p>\n<p style=\"padding-left: 40px;\">a) Pr\u00e9paration du projet de Budget pour l\u2019exercice financier 2020\u00a0<a href=\"https:\/\/www.unidroit.org\/french\/governments\/councildocuments\/2019session\/cd-98-15a-f.pdf\">(C.D. (98) 15(a))<\/a><\/p>\n<p>[Document connexe:<br \/>\n&#8211; Projet de Budget 2020 &#8211; Premi\u00e8res estimations\u00a0<a href=\"https:\/\/www.unidroit.org\/french\/governments\/financecommitteedocuments\/2019-86session\/fc-86-02-f.pdf\">(UNIDROIT 2019 &#8211; F.C. (86) 2)<\/a>]<\/p>\n<p style=\"padding-left: 40px;\">b) Rapport du Secr\u00e9taire G\u00e9n\u00e9ral sur la mise en oeuvre du nouveau syst\u00e8me de<br \/>\nr\u00e9mun\u00e9ration et de s\u00e9curit\u00e9 sociale appliqu\u00e9 au personnel d\u2019UNIDROIT\u00a0<a href=\"https:\/\/www.unidroit.org\/french\/governments\/councildocuments\/2019session\/cd-98-15b-f.pdf\">(C.D. (98) 15(b))<\/a><\/p>\n<p>[Documents connexes:<br \/>\n&#8211;\u00a0<a href=\"https:\/\/www.unidroit.org\/french\/governments\/financecommitteedocuments\/2019-86session\/fc-86-05-f.pdf\">F.C.(86) 5<\/a>;<br \/>\n&#8211;\u00a0<a href=\"https:\/\/www.unidroit.org\/french\/governments\/assemblydocuments\/2018-77session\/ag-77-08-f.pdf\">A.G. (77) 8<\/a>;<br \/>\n&#8211;\u00a0<a href=\"https:\/\/www.unidroit.org\/french\/governments\/councildocuments\/2018session\/cd-97-15b-f.pdf\">C.D.(97) 15 b)<\/a>]<\/p>\n<p>17. Date et lieu de la 99\u00e8me session du Conseil de Direction\u00a0<a href=\"https:\/\/www.unidroit.org\/french\/governments\/councildocuments\/2019session\/cd-98-01-rev02-f.pdf\">(C.D. (98) 1 rev. 2)<\/a><\/p>\n<p>18. Divers<br \/>\nDroit priv\u00e9 et d\u00e9veloppement \u2013 Coop\u00e9ration avec le Forum Mondial sur le droit, la justice et<br \/>\nle d\u00e9veloppement (GFLJD) et travaux \u00e9ventuels futurs dans le cadre du projet &#8216;Mod\u00e8le<br \/>\n\u00e9conomique centr\u00e9 sur l\u2019humain&#8217;\u00a0<a href=\"https:\/\/www.unidroit.org\/french\/governments\/councildocuments\/2019session\/cd-98-16-f.pdf\">(C.D. (98) 16)<\/a><\/p>\n<p>19. Pr\u00e9sentation sur les\u00a0<a href=\"https:\/\/www.unidroit.org\/french\/governments\/councildocuments\/2019session\/principles-reinsurance-contracts-pres-f.pdf\">\u201cPrincipes en mati\u00e8re de droit du contrat de r\u00e9assurance\u201d<\/a>.[\/vc_column_text][\/vc_column][\/vc_row]<\/p>\n<\/div>","protected":false},"excerpt":{"rendered":"<p>[vc_row][vc_column css=&#8221;.vc_custom_1490017614850{margin-bottom: 30px !important;}&#8221;][vc_custom_heading text=&#8221;98\u00e8me Session (Rome, 8-10 mai 2019)&#8221; font_container=&#8221;tag:h1|text_align:left&#8221; use_theme_fonts=&#8221;yes&#8221; css=&#8221;.vc_custom_1630679425850{margin-top: 0px !important;margin-bottom: 20px !important;}&#8221;][vc_column_text css=&#8221;.vc_custom_1630679870043{padding-top: 35px !important;padding-right: 35px !important;padding-bottom: 35px !important;padding-left: 35px !important;background-color: #f2f2f2 !important;}&#8221;] Documents Conclusions sommaires (C.D. (98) Misc. 2) Rapport (C.D. (98) 17) *\u00a0\u00a0\u00a0\u00a0 *\u00a0\u00a0\u00a0\u00a0 * &nbsp; Ordre des&nbsp;<a href=\"https:\/\/www.unidroit.org\/fr\/reunions\/conseil-de-direction-2-2\/98eme-session-rome-8-10-mai-2019-2\/\">&hellip;<\/a><\/p>\n","protected":false},"author":19,"featured_media":0,"parent":4954,"menu_order":0,"comment_status":"closed","ping_status":"closed","template":"","meta":{"ep_exclude_from_search":false,"footnotes":""},"class_list":["post-19906","page","type-page","status-publish","format-standard","hentry","odd"],"_links":{"self":[{"href":"https:\/\/www.unidroit.org\/fr\/wp-json\/wp\/v2\/pages\/19906","targetHints":{"allow":["GET"]}}],"collection":[{"href":"https:\/\/www.unidroit.org\/fr\/wp-json\/wp\/v2\/pages"}],"about":[{"href":"https:\/\/www.unidroit.org\/fr\/wp-json\/wp\/v2\/types\/page"}],"author":[{"embeddable":true,"href":"https:\/\/www.unidroit.org\/fr\/wp-json\/wp\/v2\/users\/19"}],"replies":[{"embeddable":true,"href":"https:\/\/www.unidroit.org\/fr\/wp-json\/wp\/v2\/comments?post=19906"}],"version-history":[{"count":0,"href":"https:\/\/www.unidroit.org\/fr\/wp-json\/wp\/v2\/pages\/19906\/revisions"}],"up":[{"embeddable":true,"href":"https:\/\/www.unidroit.org\/fr\/wp-json\/wp\/v2\/pages\/4954"}],"wp:attachment":[{"href":"https:\/\/www.unidroit.org\/fr\/wp-json\/wp\/v2\/media?parent=19906"}],"curies":[{"name":"wp","href":"https:\/\/api.w.org\/{rel}","templated":true}]}}