{"id":23953,"date":"2023-11-14T08:33:13","date_gmt":"2023-11-14T07:33:13","guid":{"rendered":"https:\/\/www.unidroit.org\/?page_id=23953"},"modified":"2023-12-18T15:59:02","modified_gmt":"2023-12-18T14:59:02","slug":"travaux-preparatoires","status":"publish","type":"page","link":"https:\/\/www.unidroit.org\/fr\/instruments\/affacturage\/loi-type-sur-laffacturage\/travaux-preparatoires\/","title":{"rendered":"Travaux pr\u00e9paratoires"},"content":{"rendered":"<div class=\"wpb-content-wrapper\"><p>[vc_row][vc_column css=&#8221;.vc_custom_1490017614850{margin-bottom: 30px !important;}&#8221;][vc_custom_heading text=&#8221;TRAVAUX PR\u00c9PARATOIRES&#8221; font_container=&#8221;tag:h1|text_align:left&#8221; use_theme_fonts=&#8221;yes&#8221; css=&#8221;.vc_custom_1623493382335{margin-top: 0px !important;margin-bottom: 20px !important;}&#8221;][vc_custom_heading text=&#8221;LOI TYPE SUR L\u2019AFFACTURAGE&#8221; font_container=&#8221;tag:h4|text_align:left&#8221; use_theme_fonts=&#8221;yes&#8221;][\/vc_column][\/vc_row][vc_row css=&#8221;.vc_custom_1622455036974{background-color: #f2f2f2 !important;}&#8221;][vc_column css=&#8221;.vc_custom_1490017614850{margin-bottom: 30px !important;}&#8221;][vc_column_text]<\/p>\n<p>La Loi type a \u00e9t\u00e9 \u00e9labor\u00e9e par le Groupe de travail sur la Loi type sur l\u2019affacturage, pr\u00e9sid\u00e9 par le Professeur Henry Gabriel (membre du Conseil de Direction d\u2019UNIDROIT) et compos\u00e9 de dix experts juridiques internationaux en mati\u00e8re de droit international des op\u00e9rations garanties, de financement des cr\u00e9ances et d\u2019affacturage. Le Groupe de travail comprenait \u00e9galement 24 observateurs institutionnels provenant de 12 organisations internationales, r\u00e9gionales, du secteur industriel et non gouvernementales, et huit observateurs individuels.<\/p>\n<p>&nbsp;<\/p>\n<p><u>Membres du Groupe de travail de la Loi type d\u2019UNIDROIT sur l\u2019affacturage<\/u><\/p>\n<ol>\n<li style=\"list-style-type: none;\">\n<ol>\n<li>Henry GABRIEL \u2014 Professeur de droit, Elon University, \u00c9tats-Unis d\u2019Am\u00e9rique<\/li>\n<li>Giuliano CASTELLANO \u2014 Professeur associ\u00e9,\u00a0<em>Asian Institute of International Finance Law<\/em>\u00a0(AIIFL), Hong Kong<\/li>\n<li>Neil COHEN \u2014 Professeur de droit, Jeffrey D Forchelli, Brooklyn Law School, \u00c9tats-Unis d\u2019Am\u00e9rique<\/li>\n<li>Michel DESCHAMPS \u2014 Universit\u00e9 de Montr\u00e9al, McCarthy Tetrault, Canada<\/li>\n<li>Marek DUBOVEC \u2014 Directeur des programmes de r\u00e9forme du droit, \u00c9tats-Unis d\u2019Am\u00e9rique<\/li>\n<li>Alejandro GARRO \u2014 Professeur adjoint de droit, Colombia Law School, \u00c9tats-Unis d\u2019Am\u00e9rique<\/li>\n<li>Louise GULLIFER \u2014 Professeure de droit anglais Rouse Ball, Universit\u00e9 de Cambridge, Royaume-Uni<\/li>\n<li>Megumi HARA \u2014 Professeure de droit, Universit\u00e9 Chuo, Japon<\/li>\n<li>Catherine WALSH \u2014 Professeure de droit, Universit\u00e9 McGill, Canada<\/li>\n<li>Bruce WHITTAKER \u2014 Senior Fellow, Universit\u00e9 de Melbourne, Australie<\/li>\n<\/ol>\n<\/li>\n<\/ol>\n<p>&nbsp;<\/p>\n<p>En outre, plusieurs organisations internationales, r\u00e9gionales et du secteur priv\u00e9 ayant une expertise dans le domaine de l&#8217;affacturage ont \u00e9t\u00e9 invit\u00e9es \u00e0 observer le Groupe de travail:<\/p>\n<ol>\n<li style=\"list-style-type: none;\">\n<ol>\n<li>le groupe de la Banque mondiale<\/li>\n<li>la Commission des Nations unies pour le droit commercial international (CNUDCI)<\/li>\n<li>le\u00a0<em>Kozolchyk National Law Center<\/em>\u00a0(NatLaw)<\/li>\n<li>la Banque europ\u00e9enne pour la reconstruction et le d\u00e9veloppement (BERD)<\/li>\n<li>l\u2019Organisation des \u00c9tats am\u00e9ricains (OEA)<\/li>\n<li>la Banque africaine d\u2019import-export (AFREXIMBANK)<\/li>\n<li>l\u2019Organisation pour l\u2019harmonisation en Afrique du droit des affaires (OHADA)<\/li>\n<li>Groupes industriels\n<ol>\n<li style=\"list-style-type: none;\">\n<ol style=\"list-style-type: lower-alpha;\">\n<li><em>Factors Chain International<\/em>\u00a0(FCI)<\/li>\n<li>Commission bancaire de la Chambre de commerce internationale (CCI)<\/li>\n<li><em>Secured Finance Network<\/em>\u00a0(SFN)<\/li>\n<li><em>World of Open Account<\/em>\u00a0(WOA)<\/li>\n<\/ol>\n<\/li>\n<\/ol>\n<\/li>\n<\/ol>\n<\/li>\n<\/ol>\n<p>&nbsp;<\/p>\n<p style=\"text-align: justify;\">Le Groupe de travail a n\u00e9goci\u00e9 la Loi type d\u2019UNIDROIT sur l\u2019affacturage au cours de six sessions et de plusieurs dizaines de r\u00e9unions intersessions et de sous-groupes entre f\u00e9vrier 2020 et mars 2023. L\u2019instrument a \u00e9galement fait l\u2019objet d\u2019un processus intensif de consultation publique entre juin et octobre 2022, qui a permis \u00e0 des centaines de parties prenantes \u00e0 travers le monde d\u2019examiner l\u2019instrument et de soumettre des commentaires.<\/p>\n<p style=\"text-align: justify;\">La loi type d\u2019UNIDROIT sur l\u2019affacturage (MLF) a \u00e9t\u00e9 adopt\u00e9e par le Conseil de Direction d\u2019UNIDROIT lors de sa 102<sup>\u00e8me<\/sup>session (Rome, 10-12 mai 2023).<\/p>\n<p>&nbsp;<\/p>\n<p><strong>Premi\u00e8re r\u00e9union du Groupe de travail (1 \u2013 3 juillet 2020)<\/strong><\/p>\n<p>La premi\u00e8re session du Groupe de travail s\u2019est tenue par vid\u00e9oconf\u00e9rence du 1<sup>er<\/sup> au 3 juillet 2020. La premi\u00e8re session a r\u00e9uni 32 participants.<\/p>\n<p>Les documents de la premi\u00e8re r\u00e9union (en anglais seulement) se trouvent ci-dessous:<\/p>\n<ul>\n<li><a href=\"https:\/\/www.unidroit.org\/english\/documents\/2020\/study58a\/wg01\/s-58a-wg-01-01-e.pdf\">Study LVIII A \u2013 W.G.1 \u2013 Doc. 1<\/a>\u00a0\u2013 Annotated Draft Agenda<\/li>\n<li><a href=\"https:\/\/www.unidroit.org\/english\/documents\/2020\/study58a\/wg01\/s-58a-wg-01-02-e.pdf\">Study LVIII A \u2013 W.G.1 \u2013 Doc. 2<\/a>\u00a0\u2013 Issues Paper<\/li>\n<li><a href=\"https:\/\/www.unidroit.org\/english\/documents\/2020\/study58a\/wg01\/s-58a-wg-01-03-rev01-e.pdf\">Study LVIII A \u2013 W.G.1 \u2013 Doc. 3 rev. 1<\/a>\u00a0\u2013 Background research report<\/li>\n<li><a href=\"https:\/\/www.unidroit.org\/english\/documents\/2020\/study58a\/wg01\/s-58a-wg-01-04-rev01-e.pdf\">Study LVIII A \u2013 W.G.1 \u2013 Doc. 4 rev. 1<\/a>\u00a0&#8211; Report<\/li>\n<\/ul>\n<p>&nbsp;<\/p>\n<p><strong>Deuxi\u00e8me r\u00e9union du Groupe de travail (14 \u2013 16 d\u00e9cembre 2020)<\/strong><\/p>\n<p>La deuxi\u00e8me session du Groupe de travail s\u2019est tenue du 14 au 16 d\u00e9cembre 2020. La deuxi\u00e8me session a r\u00e9uni 30 participants.<\/p>\n<p>Les documents de la deuxi\u00e8me session (en anglais seulement) sont disponibles ci-apr\u00e8s:<\/p>\n<ul>\n<li><a href=\"https:\/\/www.unidroit.org\/english\/documents\/2020\/study58a\/wg02\/s-58a-wg-02-01-e.pdf\">Study LVIII A \u2013 W.G.2 \u2013 Doc. 1<\/a>\u00a0&#8211; Annotated Draft Agenda<\/li>\n<li><a href=\"https:\/\/www.unidroit.org\/english\/documents\/2020\/study58a\/wg02\/s-58a-wg-02-02-e.pdf\">Study LVIII A \u2013 W.G.2 \u2013 Doc. 2<\/a>\u00a0&#8211; Issues Paper<\/li>\n<li><a href=\"https:\/\/www.unidroit.org\/english\/documents\/2020\/study58a\/wg02\/s-58a-wg-02-03-e.pdf\">Study LVIII A \u2013 W.G.2 \u2013 Doc. 3<\/a>\u00a0&#8211; Preliminary Draft Model Law<\/li>\n<li><a href=\"https:\/\/www.unidroit.org\/english\/documents\/2021\/study58a\/wg02\/s-58a-wg-02-04-e.pdf\">Study LVIII A \u2013 W.G.2 \u2013 Doc. 4<\/a>\u00a0&#8211; Report<\/li>\n<\/ul>\n<p>&nbsp;<\/p>\n<p><strong>Troisi\u00e8me r\u00e9union du Groupe de travail (26 \u2013 28 mai 2021)<\/strong><\/p>\n<p>La troisi\u00e8me session du Groupe de travail s\u2019est tenue du 26 au 28 mai 2021. La troisi\u00e8me session a r\u00e9uni 32 participants.<\/p>\n<p>Les documents de la troisi\u00e8me session (en anglais seulement) sont disponibles ci-apr\u00e8s:<\/p>\n<ul>\n<li><a href=\"https:\/\/www.unidroit.org\/english\/documents\/2021\/study58a\/wg03\/s-58a-wg-03-01-e.pdf\">Study LVIII A \u2013 W.G.3 \u2013 Doc. 1<\/a>\u00a0&#8211; Annotated Draft Agenda<\/li>\n<li><a href=\"https:\/\/www.unidroit.org\/english\/documents\/2021\/study58a\/wg03\/s-58a-wg-03-02-e.pdf\">Study LVIII A \u2013 W.G.3 \u2013 Doc. 2<\/a>\u00a0&#8211; Issues Paper<\/li>\n<li><a href=\"https:\/\/www.unidroit.org\/english\/documents\/2021\/study58a\/wg03\/s-58a-wg-03-03-e.pdf\">Study LVIII A \u2013 W.G.3 \u2013 Doc. 3<\/a>\u00a0&#8211; Preliminary Draft Model Law<\/li>\n<li><a href=\"https:\/\/www.unidroit.org\/wp-content\/uploads\/2021\/11\/Study-LVIII-A-%E2%80%93-W.G.3-%E2%80%93-Doc.-4-Report.pdf\">Study LVIII A \u2013 W.G.3 \u2013 Doc. 4<\/a> &#8211; Report<\/li>\n<\/ul>\n<p>&nbsp;<\/p>\n<p><strong>Quatri\u00e8me r\u00e9union du Groupe de travail (1 \u2013 3 d\u00e9cembre 2021)<\/strong><\/p>\n<p>La quatri\u00e8me session du Groupe de travail s\u2019est tenue du 1<sup>er<\/sup> au 3 d\u00e9cembre 2021. La quatri\u00e8me session a r\u00e9uni 30 participants.<\/p>\n<p>Les documents de la quatri\u00e8me session (en anglais seulement) sont disponibles ci-apr\u00e8s:<\/p>\n<ul>\n<li><a href=\"https:\/\/www.unidroit.org\/wp-content\/uploads\/2021\/11\/Study-LVIII-A-\u2013-W.G.4-\u2013-Doc.-1-Annotated-draft-Agenda.pdf\">Study LVIII A \u2013 W.G.4 \u2013 Doc. 1<\/a>\u00a0&#8211; Annotated Draft Agenda<\/li>\n<li><a href=\"https:\/\/www.unidroit.org\/wp-content\/uploads\/2021\/11\/Study-LVIII-A-\u2013-W.G.4-\u2013-Doc.-2-Issues-paper.pdf\">Study LVIII A \u2013 W.G.4 \u2013 Doc. 2<\/a>\u00a0&#8211; Issues Paper<\/li>\n<li><a href=\"https:\/\/www.unidroit.org\/wp-content\/uploads\/2021\/11\/Study-LVIII-A-\u2013-W.G.4-\u2013-Doc.-3-Preliminary-Draft-Model-Law_with-comments.pdf\">Study LVIII A \u2013 W.G.4 \u2013 Doc. 3<\/a>\u00a0&#8211; Preliminary Draft Model Law<\/li>\n<li><a href=\"https:\/\/www.unidroit.org\/wp-content\/uploads\/2021\/11\/Study-LVIII-A-\u2013-W.G.4-\u2013-Doc.-4-Draft-Model-Law-comparison-table-final.pdf\">Study LVIII A \u2013 W.G.4 \u2013 Doc. 4<\/a> &#8211; Draft Model Law comparison table<\/li>\n<li><a href=\"https:\/\/www.unidroit.org\/wp-content\/uploads\/2021\/11\/Study-LVIII-A-\u2013-W.G.4-\u2013-Doc.-5-Introduction-to-Transition-Issues-in-MLF.pdf\">Study LVIII A \u2013 W.G.4 \u2013 Doc. 5<\/a> &#8211; Introduction to transition issues in Model Law on Factoring<\/li>\n<li><a href=\"https:\/\/www.unidroit.org\/wp-content\/uploads\/2022\/04\/Study-LVIII-A-\u2013-W.G.4-\u2013-Doc.-6-Report.pdf\">Study LVIII A \u2013 W.G.4 \u2013 Doc. 6<\/a> &#8211; Report<\/li>\n<\/ul>\n<p>&nbsp;<\/p>\n<p><strong>Cinqui\u00e8me r\u00e9union du Groupe de travail (16 \u2013 18 mai 2022)<\/strong><\/p>\n<p>La cinqui\u00e8me session du Groupe de travail s\u2019est tenue du 16 au 18 mai 2022.<\/p>\n<p>Les documents de la cinqui\u00e8me session (en anglais seulement) sont disponibles ci-apr\u00e8s:<\/p>\n<ul>\n<li><a href=\"https:\/\/www.unidroit.org\/wp-content\/uploads\/2022\/05\/Study-LVIII-A-\u2013-W.G.5-\u2013-Doc.-1-Annotated-draft-Agenda.pdf\">Study LVIII A \u2013 W.G.5 \u2013 Doc. 1<\/a>\u00a0&#8211; Annotated Draft Agenda<\/li>\n<li><a href=\"https:\/\/www.unidroit.org\/wp-content\/uploads\/2022\/05\/Study-LVIII-A-\u2013-W.G.5-\u2013-Doc.-2-Issues-paper.pdf\">Study LVIII A \u2013 W.G.5 \u2013 Doc. 2<\/a>\u00a0&#8211; Issues Paper<\/li>\n<li><a href=\"https:\/\/www.unidroit.org\/wp-content\/uploads\/2022\/05\/Study-LVIII-A-\u2013-W.G.5-\u2013-Doc.-3-Draft-Model-Law-on-Factoring.pdf\">Study LVIII A \u2013 W.G.5 \u2013 Doc. 3<\/a> &#8211; Draft Model Law on Factoring<\/li>\n<li><a href=\"https:\/\/www.unidroit.org\/wp-content\/uploads\/2022\/05\/Study-LVIII-A-\u2013-W.G.5-\u2013-Doc.-4-Chapter-V-Priority-rules.pdf\">Study LVIII A \u2013 W.G.5 \u2013 Doc. 4<\/a> &#8211; Proposed Chapter V of the Draft Model Law on Factoring &#8211; Priority of a transfer<\/li>\n<li><a href=\"https:\/\/www.unidroit.org\/wp-content\/uploads\/2022\/08\/Study-LVIII-A-\u2013-W.G.5-\u2013-Doc.-5-Revised-draft-Model-Law-on-Factoring.pdf\">Study LVIII A \u2013 W.G.5 \u2013 Doc. 5<\/a> &#8211; Revised Draft Model Law on Factoring<\/li>\n<li><a href=\"https:\/\/www.unidroit.org\/wp-content\/uploads\/2022\/09\/Study-LVIII-A-\u2013-W.G.5-\u2013-Doc.-6-Report.pdf\">Study LVIII A \u2013 W.G.5 \u2013 Doc. 6<\/a> &#8211; Report<\/li>\n<\/ul>\n<p>&nbsp;<\/p>\n<p><strong>Consultation publique<\/strong><\/p>\n<p style=\"text-align: justify;\">L\u2019objectif de la consultation \u00e9tait de:<\/p>\n<ol style=\"text-align: justify;\">\n<li style=\"list-style-type: none;\">\n<ol>\n<li>Faire conna\u00eetre l\u2019instrument.<\/li>\n<li>S\u2019assurer que l\u2019instrument est bien adapt\u00e9 \u00e0 une application dans diff\u00e9rents contextes, y compris dans les juridictions de droit civil et de <em>common law<\/em> ainsi que dans les \u00e9conomies en d\u00e9veloppement, les march\u00e9s \u00e9mergents et les \u00e9conomies d\u00e9velopp\u00e9es.<\/li>\n<li>Solliciter les commentaires des parties pratiquant l\u2019affacturage pour savoir si l\u2019instrument aborde suffisamment les questions qui se posent dans les cadres juridiques existants et s\u2019il am\u00e9liorera les accords d\u2019affacturage dans les \u00c9tats qui appliquent la Loi type.<\/li>\n<li>Solliciter des commentaires sur la r\u00e9daction de l\u2019instrument lui-m\u00eame.<\/li>\n<\/ol>\n<\/li>\n<\/ol>\n<p style=\"text-align: justify;\">La consultation publique comportait trois aspects:<\/p>\n<ol style=\"text-align: justify;\">\n<li style=\"list-style-type: none;\">\n<ol>\n<li>le lancement d&#8217;une page Internet sur le site d\u2019UNIDROIT permettant aux parties int\u00e9ress\u00e9es d\u2019acc\u00e9der au projet de Loi type sur l\u2019affacturage et facilitant la soumission de commentaires (https:\/\/www.unidroit.org\/instruments\/factoring\/modellaw-onlineconsultation\/);<\/li>\n<li>la diffusion du projet de Loi type sur l\u2019affacturage directement aux parties int\u00e9ress\u00e9es, notamment les parties prenantes d\u2019UNIDROIT, les parties prenantes du projet et les parties prenantes de l\u2019industrie; et;<\/li>\n<li>l\u2019organisation d\u2019\u00e9v\u00e9nements de consultation pour discuter du contenu du projet d\u2019instrument avec les parties prenantes. Le 12 octobre 2022, UNIDROIT a tenu une session virtuelle de questions et r\u00e9ponses sur la LTA. Environ 50 parties prenantes du secteur de l\u2019affacturage, de gouvernements et du monde universitaire ont particip\u00e9 \u00e0 cet \u00e9v\u00e9nement virtuel. L\u2019enregistrement de l\u2019\u00e9v\u00e9nement est disponible sur la cha\u00eene YouTube de l\u2019Institut (<a href=\"https:\/\/www.youtube.com\/watch?v=9uian_qiWig\" target=\"_blank\" rel=\"noopener\">https:\/\/www.youtube.com\/watch?v=9uian_qiWig<\/a>). Le projet de LTA a \u00e9galement \u00e9t\u00e9 examin\u00e9 lors d\u2019une s\u00e9rie d\u2019\u00e9v\u00e9nements organis\u00e9s par la FCI pour les parties prenantes en Afrique, en Europe et en Am\u00e9rique latine.<\/li>\n<\/ol>\n<\/li>\n<\/ol>\n<p style=\"text-align: justify;\">Vingt-huit soumissions ont \u00e9t\u00e9 re\u00e7ues au cours du processus de consultation, comprenant 195 commentaires individuels sur le projet de LTA. Les soumissions ont \u00e9t\u00e9 re\u00e7ues de parties prenantes de vingt pays diff\u00e9rents, dont douze d\u2019Europe, six d\u2019Asie-Pacifique, cinq d\u2019Am\u00e9rique du Sud, quatre d\u2019Am\u00e9rique du Nord et une d\u2019Afrique.<\/p>\n<p style=\"text-align: justify;\">UNIDROIT a re\u00e7u quinze soumissions de parties prenantes du secteur priv\u00e9, huit soumissions d\u2019institutions acad\u00e9miques et cinq soumissions de Gouvernements. La grande majorit\u00e9 des commentaires sur le projet de LTA re\u00e7us de la part des parties prenantes ont une vision positive du projet de LTA. La plupart des parties prenantes ont estim\u00e9 que le projet de LTA fournissait un cadre juridique clair et efficace qui faciliterait les transactions d\u2019affacturage dans leur pays.<\/p>\n<p style=\"text-align: justify;\">La liste compl\u00e8te des soumissions est disponible <a href=\"https:\/\/www.unidroit.org\/wp-content\/uploads\/2023\/02\/Study-LVIII-A-%E2%80%93-W.G.6-%E2%80%93-Doc.-5-rev.-MLF-online-consultation-submissions.pdf\">ici<\/a> (en anglais). Le Secr\u00e9tariat a \u00e9galement pr\u00e9par\u00e9 un r\u00e9sum\u00e9 article par article pour le Groupe de travail. Le Groupe de travail a examin\u00e9 les soumissions re\u00e7ues par les parties prenantes lors de sa sixi\u00e8me session en novembre 2022 et a apport\u00e9 plusieurs r\u00e9visions au projet de LTA.<\/p>\n<p><span style=\"font-size: 12pt;\">Document de consultation sur le projet de Loi type sur l\u2019affacturage (en anglais seulement): <a href=\"https:\/\/www.unidroit.org\/wp-content\/uploads\/2022\/08\/Study-LVIII-A-draft-Model-Law-on-Factoring-consultation-document-29-July-1.pdf\">https:\/\/www.unidroit.org\/wp-content\/uploads\/2022\/08\/Study-LVIII-A-draft-Model-Law-on-Factoring-consultation-document-29-July-1.pdf<\/a><\/span><\/p>\n<p>&nbsp;<\/p>\n<p><strong>Sixi\u00e8me r\u00e9union du Groupe de travail (28 \u2013 30 novembre 2022)<\/strong><\/p>\n<p>La sixi\u00e8me session du Groupe de travail s\u2019est tenue du 28 au 30 novembre 2022.<\/p>\n<p>Les documents de la sixi\u00e8me session (en anglais seulement) sont disponibles ci-apr\u00e8s:<\/p>\n<ul>\n<li><a href=\"https:\/\/www.unidroit.org\/wp-content\/uploads\/2022\/11\/Study-LVIII-A-\u2013-W.G.6-\u2013-Doc.-1-Annotated-draft-Agenda.pdf\">Study LVIII A \u2013 W.G.6 \u2013 Doc. 1<\/a>\u00a0&#8211; Annotated Draft Agenda<\/li>\n<li><a href=\"https:\/\/www.unidroit.org\/wp-content\/uploads\/2022\/11\/Study-LVIII-A-\u2013-W.G.6-\u2013-Doc.-2-Issues-Paper.pdf\">Study LVIII A \u2013 W.G.6 \u2013 Doc. 2<\/a>\u00a0&#8211; Issues Paper<\/li>\n<li><a href=\"https:\/\/www.unidroit.org\/wp-content\/uploads\/2022\/11\/Study-LVIII-A-\u2013-W.G.6-\u2013-Doc.-3-Draft-Model-Law-on-Factoring.pdf\">Study LVIII A \u2013 W.G.6 \u2013 Doc. 3<\/a> &#8211; Draft Model Law on Factoring<\/li>\n<li><a href=\"https:\/\/www.unidroit.org\/wp-content\/uploads\/2022\/11\/Study-LVIII-A-\u2013-W.G.6-\u2013-Doc.-4-Summary-table-of-comments-on-draft-MLF.pdf\">Study LVIII A \u2013 W.G.6 \u2013 Doc. 4<\/a> &#8211; Summary table of comments on draft MLF<\/li>\n<li><a href=\"https:\/\/www.unidroit.org\/wp-content\/uploads\/2023\/02\/Study-LVIII-A-\u2013-W.G.6-\u2013-Doc.-5-rev.-MLF-online-consultation-submissions.pdf\">Study LVIII A \u2013 W.G.6 \u2013 Doc. 5 rev.<\/a> &#8211; MLF online consultation submissions<\/li>\n<li><a href=\"https:\/\/www.unidroit.org\/wp-content\/uploads\/2023\/04\/Study-LVIII-A-\u2013-W.G.6-\u2013-Doc.-6-Revised-draft-Model-Law-on-Factoring.pdf\">Study LVIII A \u2013 W.G.6 \u2013 Doc. 6<\/a> &#8211; Revised draft Model Law on Factoring<\/li>\n<li><a href=\"https:\/\/www.unidroit.org\/wp-content\/uploads\/2023\/04\/Study-LVIII-A-\u2013-W.G.6-\u2013-Doc.-7-Report.pdf\">Study LVIII A \u2013 W.G.6 \u2013 Doc. 7<\/a> &#8211; Report<\/li>\n<\/ul>\n<p>&nbsp;<\/p>\n<p><strong>Documents du Conseil de Direction<\/strong><\/p>\n<p>Le Conseil de Direction d\u2019UNIDROIT a supervis\u00e9 l\u2019\u00e9laboration de la Loi type d\u2019UNIDROIT sur l\u2019affacturage. Les documents pertinents concernant la Loi type sur l\u2019affacturage examin\u00e9s par le Conseil de Direction se trouvent ci-dessous:<\/p>\n<ul>\n<li>2020 &#8211; Conseil de Direction 99<sup>\u00e8me<\/sup> session (B) &#8211; <a href=\"https:\/\/www.unidroit.org\/french\/governments\/councildocuments\/2020session\/cd-99-b\/cd-99-b-08-f.pdf\">C.D. (99) B.8<\/a><\/li>\n<li>2021 &#8211; Conseil de Direction 100<sup>\u00e8me<\/sup> session (B) &#8211; <a href=\"https:\/\/www.unidroit.org\/french\/governments\/councildocuments\/2021session\/cd-100-b\/cd-100-b-06-f.pdf\">C.D. (100) B.6<\/a><\/li>\n<li>2022 &#8211; Conseil de Direction 101<sup>\u00e8me<\/sup> session <a href=\"https:\/\/www.unidroit.org\/wp-content\/uploads\/2022\/05\/C.D.-101-5-Loi-type-sur-laffacturage-site-Internet.pdf\">C.D. (101) 5<\/a><\/li>\n<li>2023 &#8211; Conseil de Direction 102<sup>\u00e8me<\/sup> session <a href=\"https:\/\/www.unidroit.org\/wp-content\/uploads\/2023\/05\/C.D.1025-Loi-type-sur-laffacturage.pdf\">C.D. (102) 5<\/a><\/li>\n<\/ul>\n<p>[\/vc_column_text][\/vc_column][\/vc_row][vc_row][vc_column][vc_empty_space height=&#8221;10px&#8221;][\/vc_column][\/vc_row]<\/p>\n<\/div>","protected":false},"excerpt":{"rendered":"<p>[vc_row][vc_column css=&#8221;.vc_custom_1490017614850{margin-bottom: 30px !important;}&#8221;][vc_custom_heading text=&#8221;TRAVAUX PR\u00c9PARATOIRES&#8221; font_container=&#8221;tag:h1|text_align:left&#8221; use_theme_fonts=&#8221;yes&#8221; css=&#8221;.vc_custom_1623493382335{margin-top: 0px !important;margin-bottom: 20px !important;}&#8221;][vc_custom_heading text=&#8221;LOI TYPE SUR L\u2019AFFACTURAGE&#8221; font_container=&#8221;tag:h4|text_align:left&#8221; use_theme_fonts=&#8221;yes&#8221;][\/vc_column][\/vc_row][vc_row css=&#8221;.vc_custom_1622455036974{background-color: #f2f2f2 !important;}&#8221;][vc_column css=&#8221;.vc_custom_1490017614850{margin-bottom: 30px !important;}&#8221;][vc_column_text] La Loi type a \u00e9t\u00e9 \u00e9labor\u00e9e par le Groupe de travail sur la Loi type sur l\u2019affacturage, pr\u00e9sid\u00e9 par le&nbsp;<a href=\"https:\/\/www.unidroit.org\/fr\/instruments\/affacturage\/loi-type-sur-laffacturage\/travaux-preparatoires\/\">&hellip;<\/a><\/p>\n","protected":false},"author":20,"featured_media":0,"parent":24475,"menu_order":0,"comment_status":"closed","ping_status":"closed","template":"","meta":{"ep_exclude_from_search":false,"footnotes":""},"class_list":["post-23953","page","type-page","status-publish","format-standard","hentry","odd"],"_links":{"self":[{"href":"https:\/\/www.unidroit.org\/fr\/wp-json\/wp\/v2\/pages\/23953","targetHints":{"allow":["GET"]}}],"collection":[{"href":"https:\/\/www.unidroit.org\/fr\/wp-json\/wp\/v2\/pages"}],"about":[{"href":"https:\/\/www.unidroit.org\/fr\/wp-json\/wp\/v2\/types\/page"}],"author":[{"embeddable":true,"href":"https:\/\/www.unidroit.org\/fr\/wp-json\/wp\/v2\/users\/20"}],"replies":[{"embeddable":true,"href":"https:\/\/www.unidroit.org\/fr\/wp-json\/wp\/v2\/comments?post=23953"}],"version-history":[{"count":0,"href":"https:\/\/www.unidroit.org\/fr\/wp-json\/wp\/v2\/pages\/23953\/revisions"}],"up":[{"embeddable":true,"href":"https:\/\/www.unidroit.org\/fr\/wp-json\/wp\/v2\/pages\/24475"}],"wp:attachment":[{"href":"https:\/\/www.unidroit.org\/fr\/wp-json\/wp\/v2\/media?parent=23953"}],"curies":[{"name":"wp","href":"https:\/\/api.w.org\/{rel}","templated":true}]}}