{"id":23962,"date":"2023-11-14T10:14:13","date_gmt":"2023-11-14T09:14:13","guid":{"rendered":"https:\/\/www.unidroit.org\/?page_id=23962"},"modified":"2023-12-17T19:42:18","modified_gmt":"2023-12-17T18:42:18","slug":"affacturage-mise-en-oeuvre","status":"publish","type":"page","link":"https:\/\/www.unidroit.org\/fr\/instruments\/affacturage\/loi-type-sur-laffacturage\/affacturage-mise-en-oeuvre\/","title":{"rendered":"Affacturage &#8211; Mise en \u0153uvre"},"content":{"rendered":"<div class=\"wpb-content-wrapper\"><p>[vc_row][vc_column css=&#8221;.vc_custom_1490017614850{margin-bottom: 30px !important;}&#8221;][vc_custom_heading text=&#8221;MISE EN \u0152UVRE&#8221; font_container=&#8221;tag:h1|text_align:left&#8221; use_theme_fonts=&#8221;yes&#8221; css=&#8221;.vc_custom_1701862042773{margin-top: 0px !important;margin-bottom: 20px !important;}&#8221;][vc_custom_heading text=&#8221;LOI TYPE SUR L\u2019AFFACTURAGE&#8221; font_container=&#8221;tag:h4|text_align:left&#8221; use_theme_fonts=&#8221;yes&#8221;][\/vc_column][\/vc_row][vc_row css=&#8221;.vc_custom_1622455036974{background-color: #f2f2f2 !important;}&#8221;][vc_column css=&#8221;.vc_custom_1490017614850{margin-bottom: 30px !important;}&#8221;][vc_column_text]Suite \u00e0 la publication de la LTA, UNIDROIT a adopt\u00e9 une strat\u00e9gie de mise en \u0153uvre et de promotion en quatre parties.<\/p>\n<ol style=\"text-align: justify;\">\n<li style=\"list-style-type: none;\">\n<ol>\n<li><strong>Positionner la LTA comme un instrument essentiel qui facilite le financement du commerce, l\u2019acc\u00e8s au cr\u00e9dit et le d\u00e9veloppement \u00e9conomique<\/strong>: UNIDROIT travaille avec ses partenaires pour s\u2019assurer que la LTA est reconnue comme l\u2019outil repr\u00e9sentant les meilleures pratiques internationales en mati\u00e8re de financement de cr\u00e9ances.<\/li>\n<li><strong>Sensibiliser \u00e0 la LTA dans les grands forums multilat\u00e9raux pertinents<\/strong>: UNIDROIT travaille avec ses partenaires pour s\u2019assurer que la LTA est pr\u00e9sent\u00e9e lors de grands \u00e9v\u00e9nements internationaux, y compris les forums de parties prenantes priv\u00e9es, de gouvernements et d\u2019ONG.<\/li>\n<li><strong>Soutenir la mise en \u0153uvre nationale de la LTA<\/strong>: UNIDROIT travaille avec des organisations partenaires qui fournissent des programmes d\u2019assistance technique pour aider les \u00c9tats \u00e0 am\u00e9liorer leurs cadres juridiques nationaux en mati\u00e8re d\u2019affacturage, de financement des cr\u00e9ances et de financement du commerce. Ces derni\u00e8res ann\u00e9es, la BERD, la SFI, la BAD, la CNUDCI et l\u2019ILI se sont toutes fortement impliqu\u00e9es dans les r\u00e9formes des op\u00e9rations garanties dans les pays en d\u00e9veloppement et les march\u00e9s \u00e9mergents. UNIDROIT travaille avec ces organisations partenaires (qui ont \u00e9t\u00e9 directement impliqu\u00e9es dans la n\u00e9gociation de la LTA) pour s\u2019assurer que la LTA constitue la base des futurs projets de r\u00e9forme du droit du financement de cr\u00e9ances et de l\u2019affacturage \u00e0 travers le monde.<\/li>\n<li><strong>S\u2019assurer que la LTA est largement accessible<\/strong>: UNIDROIT veille \u00e0 ce que la LTA soit accessible au plus grand nombre en i) diffusant des copies imprim\u00e9es et \u00e9lectroniques de l\u2019instrument \u00e0 toutes les parties prenantes impliqu\u00e9es dans le d\u00e9veloppement de la LTA, et ii) en travaillant avec les parties prenantes partenaires pour faciliter les traductions non officielles dans des langues autres que le fran\u00e7ais et l\u2019anglais.<\/li>\n<\/ol>\n<\/li>\n<\/ol>\n<p>&nbsp;<\/p>\n<p style=\"text-align: justify;\">La LTA a d\u00e9j\u00e0 \u00e9t\u00e9 reconnue comme l\u2019un des trois piliers cl\u00e9s de la \u201cFeuille de route pour l\u2019inclusion financi\u00e8re dans le commerce\u201d (FIT) par le World Trade Board. Lanc\u00e9e en avril 2023, la FIT est un cadre con\u00e7u pour accro\u00eetre la participation des micros, petites et moyennes entreprises (MPME) au commerce international. La feuille de route a \u00e9t\u00e9 \u00e9labor\u00e9e dans le cadre d\u2019un projet de collaboration entre le World Trade Board, la Chambre de commerce internationale (CCI), la Soci\u00e9t\u00e9 financi\u00e8re internationale (SFI), l\u2019Association des banquiers pour la finance et le commerce (BAFT), l\u2019Association internationale du commerce et de la forfaitisation (ITFA) et la FCI. La FIT est disponible sur le site: <a href=\"https:\/\/worldtradesymposium.com\/sites\/wts\/files\/file\/2023-03\/financial-inclusion-in-trade-roadmap-2023.pdf\" target=\"_blank\" rel=\"noopener\">https:\/\/worldtradesymposium.com\/sites\/wts\/files\/file\/2023-03\/financial-inclusion-in-trade-roadmap-2023.pdf<\/a>.<\/p>\n<p>&nbsp;<\/p>\n<p style=\"text-align: justify;\">La LTA a \u00e9galement d\u00e9j\u00e0 \u00e9t\u00e9 reconnue dans le rapport de la BERD <strong><em>New Finance Support<\/em><\/strong> (mai 2023), qui propose une strat\u00e9gie pour r\u00e9soudre les probl\u00e8mes de liquidit\u00e9 et de fonds de roulement qui affectent actuellement les MPME dans le monde entier. Dans le cadre de cette strat\u00e9gie, le rapport reconna\u00eet la LTA comme une nouvelle norme juridique internationale pour le financement des cr\u00e9ances qui peut soutenir l\u2019acc\u00e8s au cr\u00e9dit pour les MPME dans les pays qui mettent en \u0153uvre la Loi type. Le Rapport <em>New Finance<\/em> est disponible ici (en anglais):\u00a0<a href=\"https:\/\/www.ebrd.com\/what-we-do\/sectors\/legal-reform\/access-to-finance.html\" target=\"_blank\" rel=\"noopener\">https:\/\/www.ebrd.com\/what-we-do\/sectors\/legal-reform\/access-to-finance.html<\/a>. Le Rapport <em>New Finance<\/em> est disponible ici (en anglais):\u00a0<a href=\"https:\/\/www.ebrd.com\/what-we-do\/sectors\/legal-reform\/access-to-finance.html\" target=\"_blank\" rel=\"noopener\">https:\/\/www.ebrd.com\/what-we-do\/sectors\/legal-reform\/access-to-finance.html<\/a>.<\/p>\n<p>[\/vc_column_text][\/vc_column][\/vc_row]<\/p>\n<\/div>","protected":false},"excerpt":{"rendered":"<p>[vc_row][vc_column css=&#8221;.vc_custom_1490017614850{margin-bottom: 30px !important;}&#8221;][vc_custom_heading text=&#8221;MISE EN \u0152UVRE&#8221; font_container=&#8221;tag:h1|text_align:left&#8221; use_theme_fonts=&#8221;yes&#8221; css=&#8221;.vc_custom_1701862042773{margin-top: 0px !important;margin-bottom: 20px !important;}&#8221;][vc_custom_heading text=&#8221;LOI TYPE SUR L\u2019AFFACTURAGE&#8221; font_container=&#8221;tag:h4|text_align:left&#8221; use_theme_fonts=&#8221;yes&#8221;][\/vc_column][\/vc_row][vc_row css=&#8221;.vc_custom_1622455036974{background-color: #f2f2f2 !important;}&#8221;][vc_column css=&#8221;.vc_custom_1490017614850{margin-bottom: 30px !important;}&#8221;][vc_column_text]Suite \u00e0 la publication de la LTA, UNIDROIT a adopt\u00e9 une strat\u00e9gie de mise en \u0153uvre et de promotion en&nbsp;<a href=\"https:\/\/www.unidroit.org\/fr\/instruments\/affacturage\/loi-type-sur-laffacturage\/affacturage-mise-en-oeuvre\/\">&hellip;<\/a><\/p>\n","protected":false},"author":20,"featured_media":0,"parent":24475,"menu_order":0,"comment_status":"closed","ping_status":"closed","template":"","meta":{"ep_exclude_from_search":false,"footnotes":""},"class_list":["post-23962","page","type-page","status-publish","format-standard","hentry","odd"],"_links":{"self":[{"href":"https:\/\/www.unidroit.org\/fr\/wp-json\/wp\/v2\/pages\/23962","targetHints":{"allow":["GET"]}}],"collection":[{"href":"https:\/\/www.unidroit.org\/fr\/wp-json\/wp\/v2\/pages"}],"about":[{"href":"https:\/\/www.unidroit.org\/fr\/wp-json\/wp\/v2\/types\/page"}],"author":[{"embeddable":true,"href":"https:\/\/www.unidroit.org\/fr\/wp-json\/wp\/v2\/users\/20"}],"replies":[{"embeddable":true,"href":"https:\/\/www.unidroit.org\/fr\/wp-json\/wp\/v2\/comments?post=23962"}],"version-history":[{"count":0,"href":"https:\/\/www.unidroit.org\/fr\/wp-json\/wp\/v2\/pages\/23962\/revisions"}],"up":[{"embeddable":true,"href":"https:\/\/www.unidroit.org\/fr\/wp-json\/wp\/v2\/pages\/24475"}],"wp:attachment":[{"href":"https:\/\/www.unidroit.org\/fr\/wp-json\/wp\/v2\/media?parent=23962"}],"curies":[{"name":"wp","href":"https:\/\/api.w.org\/{rel}","templated":true}]}}