{"id":24475,"date":"2023-12-12T10:13:54","date_gmt":"2023-12-12T09:13:54","guid":{"rendered":"https:\/\/www.unidroit.org\/?page_id=24475"},"modified":"2024-08-27T11:05:59","modified_gmt":"2024-08-27T09:05:59","slug":"loi-type-sur-laffacturage","status":"publish","type":"page","link":"https:\/\/www.unidroit.org\/fr\/instruments\/affacturage\/loi-type-sur-laffacturage\/","title":{"rendered":"Loi type sur l\u2019affacturage"},"content":{"rendered":"<div class=\"wpb-content-wrapper\"><p>[vc_row][vc_column css=&#8221;.vc_custom_1490017614850{margin-bottom: 30px !important;}&#8221;][vc_custom_heading text=&#8221;LOI TYPE D\u2019UNIDROIT SUR L\u2019AFFACTURAGE&#8221; font_container=&#8221;tag:h1|text_align:left&#8221; use_theme_fonts=&#8221;yes&#8221; css=&#8221;.vc_custom_1724749300550{margin-top: 0px !important;margin-bottom: 20px !important;}&#8221;][vc_custom_heading text=&#8221;LOI TYPE SUR L\u2019AFFACTURAGE&#8221; font_container=&#8221;tag:h4|text_align:left&#8221; use_theme_fonts=&#8221;yes&#8221;][\/vc_column][\/vc_row][vc_row][vc_column][vc_column_text css=&#8221;&#8221;]<\/p>\n<table style=\"width: 100%; border-collapse: collapse; border-style: solid; border-color: #000000; background-color: #e0dcdc;\" border=\"yes\">\n<tbody>\n<tr>\n<td style=\"width: 100%;\">\n<p style=\"text-align: justify;\"><span style=\"font-size: 14pt;\"><strong>Conform\u00e9ment \u00e0 la d\u00e9cision prise par le Conseil de Direction d\u2019UNIDROIT lors de sa 103<sup>\u00e8me <\/sup>session (Rome, mai 2024, <a href=\"https:\/\/www.unidroit.org\/wp-content\/uploads\/2024\/06\/C.D.-103-Misc.-2-Conclusions-sommaires.pdf\">C.D. 103 Misc. 2<\/a>, para 13), une version r\u00e9vis\u00e9e de la Loi type d\u2019UNIDROIT sur l\u2019affacturage (LTA) a \u00e9t\u00e9 publi\u00e9e. La r\u00e9vision de la LTA traite des erreurs techniques identifi\u00e9es dans les r\u00e8gles sur la transition de l\u2019instrument (pour plus d\u2019informations, voir le document <a href=\"https:\/\/www.unidroit.org\/wp-content\/uploads\/2024\/05\/C.D.-103-9.1-bis-Proposition-de-modification-de-la-LTA.pdf\">C.D. (103) 9.1 bis<\/a>).<\/strong><\/span><\/p>\n<\/td>\n<\/tr>\n<\/tbody>\n<\/table>\n<p>[\/vc_column_text][\/vc_column][\/vc_row][vc_row css=&#8221;.vc_custom_1622455036974{background-color: #f2f2f2 !important;}&#8221;][vc_column css=&#8221;.vc_custom_1490017614850{margin-bottom: 30px !important;}&#8221;][vc_column_text css=&#8221;&#8221;]<b><strong>La Loi type d\u2019UNIDROIT sur l\u2019affacturage (LTA) a \u00e9t\u00e9 adopt\u00e9e par le Conseil de Direction d\u2019UNIDROIT lors de sa 102<sup>\u00e8me<\/sup> session (Rome, 10-12 mai 2023).<\/strong><\/b><\/p>\n<p>&nbsp;<\/p>\n<p style=\"text-align: justify;\">La LTA fournit un r\u00e9gime juridique complet et autonome qui facilite les transactions d\u2019affacturage. L\u2019instrument comprend un ensemble de dispositions qui s\u2019adressent principalement aux \u00c9tats qui n\u2019ont pas encore pleinement mis en \u0153uvre un cadre juridique moderne et complet en mati\u00e8re d\u2019op\u00e9rations garanties. Pour les \u00c9tats qui ont d\u00e9j\u00e0 entrepris des r\u00e9formes en mati\u00e8re d\u2019op\u00e9rations garanties, la LTA fournit des r\u00e8gles qui pourraient renforcer leur cadre juridique et encourager l\u2019affacturage, la cession de cr\u00e9ances et le financement du commerce.<\/p>\n<p>&nbsp;<\/p>\n<p style=\"text-align: justify;\">La Loi type d\u2019UNIDROIT sur l\u2019affacturage est disponible en deux langues officielles: l\u2019anglais et le fran\u00e7ais. Plusieurs traductions non officielles de l\u2019instrument sont \u00e9galement en cours d\u2019\u00e9laboration.<\/p>\n<p>&nbsp;<\/p>\n<table style=\"border-collapse: collapse; width: 100%;\">\n<tbody>\n<tr>\n<td style=\"width: 50%;\"><a href=\"https:\/\/www.unidroit.org\/wp-content\/uploads\/2024\/08\/UNIDROIT-Model-Law-on-Factoring-Modification-2024-for-website.pdf\" target=\"_blank\" rel=\"noopener\"><strong><img loading=\"lazy\" decoding=\"async\" class=\"wp-image-23692 aligncenter\" src=\"https:\/\/www.unidroit.org\/wp-content\/uploads\/2023\/10\/Screenshot-2023-10-26-122048-189x300.png\" alt=\"\" width=\"295\" height=\"469\" srcset=\"https:\/\/www.unidroit.org\/wp-content\/uploads\/2023\/10\/Screenshot-2023-10-26-122048-189x300.png 189w, https:\/\/www.unidroit.org\/wp-content\/uploads\/2023\/10\/Screenshot-2023-10-26-122048-644x1024.png 644w, https:\/\/www.unidroit.org\/wp-content\/uploads\/2023\/10\/Screenshot-2023-10-26-122048.png 672w\" sizes=\"auto, (max-width: 295px) 100vw, 295px\" \/><\/strong><\/a><\/p>\n<p style=\"text-align: center;\"><a href=\"https:\/\/www.unidroit.org\/wp-content\/uploads\/2024\/08\/UNIDROIT-Model-Law-on-Factoring-Modification-2024-for-website.pdf\" target=\"_blank\" rel=\"noopener\"><strong>ENGLISH VERSION<\/strong><\/a><\/p>\n<\/td>\n<td style=\"width: 50%; text-align: center;\"><a href=\"https:\/\/www.unidroit.org\/wp-content\/uploads\/2024\/08\/Loi-type-dUNIDROIT-sur-laffacturage-2024-website.pdf\"><strong><img loading=\"lazy\" decoding=\"async\" class=\"aligncenter wp-image-23740\" src=\"https:\/\/www.unidroit.org\/wp-content\/uploads\/2023\/11\/French-cover.jpg\" alt=\"\" width=\"340\" height=\"480\" srcset=\"https:\/\/www.unidroit.org\/wp-content\/uploads\/2023\/11\/French-cover.jpg 643w, https:\/\/www.unidroit.org\/wp-content\/uploads\/2023\/11\/French-cover-213x300.jpg 213w\" sizes=\"auto, (max-width: 340px) 100vw, 340px\" \/><\/strong><\/a><a href=\"https:\/\/www.unidroit.org\/wp-content\/uploads\/2024\/08\/Loi-type-dUNIDROIT-sur-laffacturage-2024-website.pdf\" target=\"_blank\" rel=\"noopener\"><strong>VERSION FRAN<\/strong><\/a><strong><a href=\"https:\/\/www.unidroit.org\/wp-content\/uploads\/2024\/08\/Loi-type-dUNIDROIT-sur-laffacturage-2024-website.pdf\">\u00c7AISE<\/a><\/strong><\/td>\n<\/tr>\n<\/tbody>\n<\/table>\n<p>[\/vc_column_text][\/vc_column][\/vc_row][vc_row][vc_column][vc_empty_space height=&#8221;10px&#8221;][\/vc_column][\/vc_row]<\/p>\n<\/div>","protected":false},"excerpt":{"rendered":"<p>[vc_row][vc_column css=&#8221;.vc_custom_1490017614850{margin-bottom: 30px !important;}&#8221;][vc_custom_heading text=&#8221;LOI TYPE D\u2019UNIDROIT SUR L\u2019AFFACTURAGE&#8221; font_container=&#8221;tag:h1|text_align:left&#8221; use_theme_fonts=&#8221;yes&#8221; css=&#8221;.vc_custom_1724749300550{margin-top: 0px !important;margin-bottom: 20px !important;}&#8221;][vc_custom_heading text=&#8221;LOI TYPE SUR L\u2019AFFACTURAGE&#8221; font_container=&#8221;tag:h4|text_align:left&#8221; use_theme_fonts=&#8221;yes&#8221;][\/vc_column][\/vc_row][vc_row][vc_column][vc_column_text css=&#8221;&#8221;] Conform\u00e9ment \u00e0 la d\u00e9cision prise par le Conseil de Direction d\u2019UNIDROIT lors de sa 103\u00e8me session (Rome, mai 2024, C.D. 103 Misc.&nbsp;<a href=\"https:\/\/www.unidroit.org\/fr\/instruments\/affacturage\/loi-type-sur-laffacturage\/\">&hellip;<\/a><\/p>\n","protected":false},"author":20,"featured_media":0,"parent":23834,"menu_order":0,"comment_status":"closed","ping_status":"closed","template":"","meta":{"ep_exclude_from_search":false,"footnotes":""},"class_list":["post-24475","page","type-page","status-publish","format-standard","hentry","odd"],"_links":{"self":[{"href":"https:\/\/www.unidroit.org\/fr\/wp-json\/wp\/v2\/pages\/24475","targetHints":{"allow":["GET"]}}],"collection":[{"href":"https:\/\/www.unidroit.org\/fr\/wp-json\/wp\/v2\/pages"}],"about":[{"href":"https:\/\/www.unidroit.org\/fr\/wp-json\/wp\/v2\/types\/page"}],"author":[{"embeddable":true,"href":"https:\/\/www.unidroit.org\/fr\/wp-json\/wp\/v2\/users\/20"}],"replies":[{"embeddable":true,"href":"https:\/\/www.unidroit.org\/fr\/wp-json\/wp\/v2\/comments?post=24475"}],"version-history":[{"count":0,"href":"https:\/\/www.unidroit.org\/fr\/wp-json\/wp\/v2\/pages\/24475\/revisions"}],"up":[{"embeddable":true,"href":"https:\/\/www.unidroit.org\/fr\/wp-json\/wp\/v2\/pages\/23834"}],"wp:attachment":[{"href":"https:\/\/www.unidroit.org\/fr\/wp-json\/wp\/v2\/media?parent=24475"}],"curies":[{"name":"wp","href":"https:\/\/api.w.org\/{rel}","templated":true}]}}