{"id":24820,"date":"2023-01-12T15:17:30","date_gmt":"2023-01-12T14:17:30","guid":{"rendered":"https:\/\/www.unidroit.org\/?page_id=24820"},"modified":"2025-02-18T16:36:10","modified_gmt":"2025-02-18T15:36:10","slug":"pidd-page-daccueil","status":"publish","type":"page","link":"https:\/\/www.unidroit.org\/fr\/pidd-page-daccueil\/","title":{"rendered":"PROGRAMME INTERNATIONAL D\u2019UNIDROIT POUR LE DROIT ET LE D\u00c9VELOPPEMENT (PIDD)"},"content":{"rendered":"<p style=\"font-weight: 400; text-align: center;\"><strong><img loading=\"lazy\" decoding=\"async\" class=\"alignnone wp-image-25936\" src=\"https:\/\/www.unidroit.org\/wp-content\/uploads\/2024\/03\/IPLD-LOGO.png\" alt=\"\" width=\"395\" height=\"91\" srcset=\"https:\/\/www.unidroit.org\/wp-content\/uploads\/2024\/03\/IPLD-LOGO.png 1206w, https:\/\/www.unidroit.org\/wp-content\/uploads\/2024\/03\/IPLD-LOGO-300x69.png 300w, https:\/\/www.unidroit.org\/wp-content\/uploads\/2024\/03\/IPLD-LOGO-1024x234.png 1024w\" sizes=\"auto, (max-width: 395px) 100vw, 395px\" \/>\u00a0 \u00a0 \u00a0 \u00a0 \u00a0 \u00a0 \u00a0 \u00a0<img loading=\"lazy\" decoding=\"async\" class=\"alignnone wp-image-25934\" src=\"https:\/\/www.unidroit.org\/wp-content\/uploads\/2024\/03\/Screenshot-2024-01-18-at-12.30.42.png\" alt=\"\" width=\"359\" height=\"91\" srcset=\"https:\/\/www.unidroit.org\/wp-content\/uploads\/2024\/03\/Screenshot-2024-01-18-at-12.30.42.png 1788w, https:\/\/www.unidroit.org\/wp-content\/uploads\/2024\/03\/Screenshot-2024-01-18-at-12.30.42-300x76.png 300w, https:\/\/www.unidroit.org\/wp-content\/uploads\/2024\/03\/Screenshot-2024-01-18-at-12.30.42-1024x259.png 1024w\" sizes=\"auto, (max-width: 359px) 100vw, 359px\" \/><\/strong><\/p>\n<p style=\"font-weight: 400; text-align: center;\"><span style=\"font-size: 36pt;\">Programme International d&#8217;UNIDROIT pour le Droit et le D\u00e9veloppement<\/span><\/p>\n<p>&nbsp;<\/p>\n<p><strong>\u00c0 propos de l\u2019initiative du PIDD<\/strong><\/p>\n<p style=\"font-weight: 400; text-align: justify;\">Le Programme international d\u2019UNIDROIT pour le droit et le d\u00e9veloppement (PIDD) s\u2019inscrit dans le cadre de l\u2019<a href=\"https:\/\/www.unidroit.org\/fr\/academie-dunidroit\/\">Acad\u00e9mie d\u2019UNIDROIT<\/a>.\u00a0Il a pour objectif de promouvoir et de diffuser la connaissance des instruments juridiques internationaux \u00e9labor\u00e9s et approuv\u00e9s sous les auspices de l\u2019Institut.<\/p>\n<p style=\"font-weight: 400; text-align: justify;\">Le PIDD a \u00e9t\u00e9 organis\u00e9 gr\u00e2ce au soutien financier de la <a href=\"https:\/\/www.esteri.it\/en\/ministero\/struttura\/dgcoopsviluppo\/\" target=\"_blank\" rel=\"noopener\">Direction g\u00e9n\u00e9rale de la coop\u00e9ration au d\u00e9veloppement <\/a>du <a href=\"https:\/\/www.esteri.it\/it\/\" target=\"_blank\" rel=\"noopener\">Minist\u00e8re italien des Affaires \u00e9trang\u00e8res et de la Coop\u00e9ration internationale<\/a>.<\/p>\n<p style=\"font-weight: 400; text-align: justify;\">\u00a0 \u00a0\u00a0<img loading=\"lazy\" decoding=\"async\" class=\"alignnone wp-image-25928\" src=\"https:\/\/www.unidroit.org\/wp-content\/uploads\/2024\/03\/Picture-1.png\" alt=\"\" width=\"287\" height=\"189\" srcset=\"https:\/\/www.unidroit.org\/wp-content\/uploads\/2024\/03\/Picture-1.png 941w, https:\/\/www.unidroit.org\/wp-content\/uploads\/2024\/03\/Picture-1-300x198.png 300w\" sizes=\"auto, (max-width: 287px) 100vw, 287px\" \/>\u00a0\u00a0<img loading=\"lazy\" decoding=\"async\" class=\"alignnone wp-image-25932\" src=\"https:\/\/www.unidroit.org\/wp-content\/uploads\/2024\/03\/Picture-3.jpg\" alt=\"\" width=\"252\" height=\"189\" srcset=\"https:\/\/www.unidroit.org\/wp-content\/uploads\/2024\/03\/Picture-3.jpg 456w, https:\/\/www.unidroit.org\/wp-content\/uploads\/2024\/03\/Picture-3-300x225.jpg 300w\" sizes=\"auto, (max-width: 252px) 100vw, 252px\" \/>\u00a0\u00a0<img loading=\"lazy\" decoding=\"async\" class=\"alignnone wp-image-25930\" src=\"https:\/\/www.unidroit.org\/wp-content\/uploads\/2024\/03\/2022-2.jpg\" alt=\"\" width=\"252\" height=\"189\" srcset=\"https:\/\/www.unidroit.org\/wp-content\/uploads\/2024\/03\/2022-2.jpg 464w, https:\/\/www.unidroit.org\/wp-content\/uploads\/2024\/03\/2022-2-300x225.jpg 300w\" sizes=\"auto, (max-width: 252px) 100vw, 252px\" \/><\/p>\n<p style=\"font-weight: 400; text-align: justify;\">Le programme s\u2019adresse aux professions juridiques et judiciaires, en particulier aux juges, aux avocats du secteur public et aux r\u00e9dacteurs l\u00e9gislatifs exp\u00e9riment\u00e9s. Le PIDD vise \u00e0 fournir aux participants une compr\u00e9hension compl\u00e8te des instruments juridiques d\u2019UNIDROIT pour l\u2019unification du droit priv\u00e9. L\u2019objectif ultime est de faciliter l\u2019utilisation nationale de ces outils par les participants tout en favorisant la collaboration et la compr\u00e9hension \u00e0 l\u2019\u00e9chelle mondiale.<\/p>\n<p style=\"font-weight: 400; text-align: justify;\">Le programme a \u00e9t\u00e9 structur\u00e9 en diverses activit\u00e9s, y compris un cours qui comprend une s\u00e9rie de s\u00e9minaires en ligne pendant deux semaines, suivie d\u2019une session en pr\u00e9sentiel pendant trois semaines au si\u00e8ge d\u2019UNIDROIT \u00e0 Rome, Italie. Trois \u00e9ditions ont eu lieu \u00e0 ce jour: la premi\u00e8re en <a href=\"https:\/\/www.unidroit.org\/ipld-2022\/\">2022<\/a>, la seconde en <a href=\"https:\/\/www.unidroit.org\/ipld-2023\/\">2023<\/a>\u00a0et la troisi\u00e8me en 2024.<\/p>\n<p><strong>\u00c9tablir un cadre juridique<\/strong><\/p>\n<p style=\"font-weight: 400; text-align: justify;\">Par ailleurs, le PIDD a l\u2019ambition d\u2019\u00e9tablir un forum <a href=\"https:\/\/www.linkedin.com\/groups\/9585125\/\" target=\"_blank\" rel=\"noopener\">communautaire LinkedIn<\/a> pour nourrir un r\u00e9seau international de juristes qui s\u2019engagent \u00e0 faire progresser le droit et le d\u00e9veloppement en encourageant les participants \u00e0 \u00e9changer des id\u00e9es.<\/p>\n<p style=\"font-weight: 400; text-align: justify;\"><strong>Renseignements: <\/strong>ipld@unidroit.org<\/p>\n<p style=\"font-weight: 400; text-align: justify;\">\n","protected":false},"excerpt":{"rendered":"<p>\u00a0 \u00a0 \u00a0 \u00a0 \u00a0 \u00a0 \u00a0 \u00a0 Programme International d&#8217;UNIDROIT pour le Droit et le D\u00e9veloppement &nbsp; \u00c0 propos de l\u2019initiative du PIDD Le Programme international d\u2019UNIDROIT pour le droit et le d\u00e9veloppement (PIDD) s\u2019inscrit dans le cadre de l\u2019Acad\u00e9mie d\u2019UNIDROIT.\u00a0Il a pour objectif&nbsp;<a href=\"https:\/\/www.unidroit.org\/fr\/pidd-page-daccueil\/\">&hellip;<\/a><\/p>\n","protected":false},"author":20,"featured_media":0,"parent":0,"menu_order":0,"comment_status":"closed","ping_status":"closed","template":"","meta":{"ep_exclude_from_search":false,"footnotes":""},"class_list":["post-24820","page","type-page","status-publish","format-standard","hentry","odd"],"_links":{"self":[{"href":"https:\/\/www.unidroit.org\/fr\/wp-json\/wp\/v2\/pages\/24820","targetHints":{"allow":["GET"]}}],"collection":[{"href":"https:\/\/www.unidroit.org\/fr\/wp-json\/wp\/v2\/pages"}],"about":[{"href":"https:\/\/www.unidroit.org\/fr\/wp-json\/wp\/v2\/types\/page"}],"author":[{"embeddable":true,"href":"https:\/\/www.unidroit.org\/fr\/wp-json\/wp\/v2\/users\/20"}],"replies":[{"embeddable":true,"href":"https:\/\/www.unidroit.org\/fr\/wp-json\/wp\/v2\/comments?post=24820"}],"version-history":[{"count":2,"href":"https:\/\/www.unidroit.org\/fr\/wp-json\/wp\/v2\/pages\/24820\/revisions"}],"predecessor-version":[{"id":31011,"href":"https:\/\/www.unidroit.org\/fr\/wp-json\/wp\/v2\/pages\/24820\/revisions\/31011"}],"wp:attachment":[{"href":"https:\/\/www.unidroit.org\/fr\/wp-json\/wp\/v2\/media?parent=24820"}],"curies":[{"name":"wp","href":"https:\/\/api.w.org\/{rel}","templated":true}]}}