{"id":24926,"date":"2023-01-12T15:17:30","date_gmt":"2023-01-12T14:17:30","guid":{"rendered":"https:\/\/www.unidroit.org\/?page_id=24926"},"modified":"2025-02-18T16:37:00","modified_gmt":"2025-02-18T15:37:00","slug":"pidd-3","status":"publish","type":"page","link":"https:\/\/www.unidroit.org\/fr\/pidd-3\/","title":{"rendered":"PROGRAMME INTERNATIONAL D&#8217;UNIDROIT POUR LE DROIT ET LE DEVELOPPEMENT (PIDD) &#8211; 2022"},"content":{"rendered":"<h1 style=\"text-align: center;\"><span style=\"font-size: 24pt;\"><img loading=\"lazy\" decoding=\"async\" class=\"alignnone wp-image-25600\" src=\"https:\/\/www.unidroit.org\/wp-content\/uploads\/2024\/02\/Screenshot-2024-02-28-at-10.17.14-300x38.png\" alt=\"\" width=\"1074\" height=\"136\" srcset=\"https:\/\/www.unidroit.org\/wp-content\/uploads\/2024\/02\/Screenshot-2024-02-28-at-10.17.14-300x38.png 300w, https:\/\/www.unidroit.org\/wp-content\/uploads\/2024\/02\/Screenshot-2024-02-28-at-10.17.14-1024x131.png 1024w, https:\/\/www.unidroit.org\/wp-content\/uploads\/2024\/02\/Screenshot-2024-02-28-at-10.17.14.png 1236w\" sizes=\"auto, (max-width: 1074px) 100vw, 1074px\" \/><\/span><\/h1>\n<h1 style=\"text-align: center;\"><span style=\"font-size: 24pt;\">UNIVERSIT\u00c9 INTERNATIONALE D\u2019\u00c9T\u00c9 2022<\/span><\/h1>\n<p>&nbsp;<\/p>\n<p style=\"text-align: justify;\"><span style=\"font-weight: 400;\">L\u2019\u00e9dition inaugurale de l\u2019IPLD, anciennement connue sous le nom d\u2019Universit\u00e9 internationale d\u2019\u00e9t\u00e9, s\u2019est d\u00e9roul\u00e9e du 20 juin au 22 juillet 2022, gr\u00e2ce \u00e0 la collaboration de la <\/span><a href=\"https:\/\/unidroitfoundation.org\" target=\"_blank\" rel=\"noopener\"><span style=\"font-weight: 400;\"><span style=\"text-decoration: underline;\">Fondation d\u2019UNIDROIT<\/span><\/span><\/a> <span style=\"font-weight: 400;\">et du<\/span> <a href=\"https:\/\/ili-sace.org\" target=\"_blank\" rel=\"noopener\"><span style=\"text-decoration: underline;\"><span style=\"font-weight: 400;\">ILI-Centre d\u2019Excellence Sud-Africain (ILI-SACE)<\/span><span style=\"font-weight: 400;\">.<\/span><\/span><\/a><\/p>\n<p style=\"text-align: justify;\"><span style=\"font-weight: 400;\">L\u2019initiative a \u00e9t\u00e9 financ\u00e9e par le<\/span> <a href=\"https:\/\/www.esteri.it\/it\/\" target=\"_blank\" rel=\"noopener\"><span style=\"text-decoration: underline;\">Minist\u00e8re italien des Affaires \u00e9trang\u00e8res et de la Coop\u00e9ration internationale,<\/span><\/a> <span style=\"font-weight: 400;\">en particulier par la<\/span> <a href=\"https:\/\/www.esteri.it\/en\/ministero\/struttura\/dgcoopsviluppo\/\" target=\"_blank\" rel=\"noopener\"><span style=\"text-decoration: underline;\">Direction g\u00e9n\u00e9rale de la coop\u00e9ration au d\u00e9veloppement<\/span><\/a>.<\/p>\n<p style=\"text-align: justify;\"><span style=\"font-weight: 400;\">Cette \u00e9dition, qui s\u2019est d\u00e9roul\u00e9e en anglais seulement, consistait en une session en ligne de deux semaines, suivie d\u2019une p\u00e9riode de trois semaines en pr\u00e9sentiel au si\u00e8ge d\u2019UNIDROIT \u00e0 Rome, Italie. <\/span><\/p>\n<p>&nbsp;<\/p>\n<p><span style=\"font-weight: 400;\"> <img loading=\"lazy\" decoding=\"async\" class=\"alignnone wp-image-24930\" src=\"https:\/\/www.unidroit.org\/wp-content\/uploads\/2024\/01\/2022-2-300x225.jpg\" alt=\"\" width=\"215\" height=\"161\" srcset=\"https:\/\/www.unidroit.org\/wp-content\/uploads\/2024\/01\/2022-2-300x225.jpg 300w, https:\/\/www.unidroit.org\/wp-content\/uploads\/2024\/01\/2022-2.jpg 464w\" sizes=\"auto, (max-width: 215px) 100vw, 215px\" \/> <img loading=\"lazy\" decoding=\"async\" class=\"alignnone wp-image-25372\" src=\"https:\/\/www.unidroit.org\/wp-content\/uploads\/2024\/02\/2022amb-300x225.png\" alt=\"\" width=\"213\" height=\"160\" srcset=\"https:\/\/www.unidroit.org\/wp-content\/uploads\/2024\/02\/2022amb-300x225.png 300w, https:\/\/www.unidroit.org\/wp-content\/uploads\/2024\/02\/2022amb.png 378w\" sizes=\"auto, (max-width: 213px) 100vw, 213px\" \/> <img loading=\"lazy\" decoding=\"async\" class=\"alignnone wp-image-25374\" src=\"https:\/\/www.unidroit.org\/wp-content\/uploads\/2024\/02\/2022summ-226x300.png\" alt=\"\" width=\"121\" height=\"161\" srcset=\"https:\/\/www.unidroit.org\/wp-content\/uploads\/2024\/02\/2022summ-226x300.png 226w, https:\/\/www.unidroit.org\/wp-content\/uploads\/2024\/02\/2022summ.png 485w\" sizes=\"auto, (max-width: 121px) 100vw, 121px\" \/> <img loading=\"lazy\" decoding=\"async\" class=\"alignnone wp-image-25370\" src=\"https:\/\/www.unidroit.org\/wp-content\/uploads\/2024\/02\/ipld20222-256x300.png\" alt=\"\" width=\"137\" height=\"161\" srcset=\"https:\/\/www.unidroit.org\/wp-content\/uploads\/2024\/02\/ipld20222-256x300.png 256w, https:\/\/www.unidroit.org\/wp-content\/uploads\/2024\/02\/ipld20222.png 776w\" sizes=\"auto, (max-width: 137px) 100vw, 137px\" \/><\/span><\/p>\n<p>&nbsp;<\/p>\n<p style=\"text-align: justify;\"><span style=\"font-weight: 400;\">The online component witnessed active participation from the 26 admitted candidates. Le volet en ligne a vu la participation active des 26 candidats admis et a \u00e9t\u00e9 inaugur\u00e9 par un discours de S.E. l\u2019Ambassadrice Mme Namira Negm, Directrice de l\u2019Observatoire africain des migrations et ancienne Conseill\u00e8re juridique aupr\u00e8s de l\u2019Union africaine.<\/span><\/p>\n<p style=\"text-align: justify;\"><span style=\"font-weight: 400;\">Le volet en pr\u00e9sentiel du programme, qui s\u2019est tenu au si\u00e8ge d\u2019UNIDROIT \u00e0 Rome, a d\u00e9but\u00e9 par une c\u00e9r\u00e9monie d\u2019ouverture en pr\u00e9sence de nombreux repr\u00e9sentants diplomatiques (Afrique du Sud, Alg\u00e9rie, Allemagne, Belgique, Bulgarie, Cap-Vert, Cameroun, Chili, Chine, \u00c9gypte, Espagne, \u00c9tats-Unis d\u2019Am\u00e9rique, Ghana, Irlande, Kenya, Mauritanie, Nig\u00e9ria, R\u00e9publique d\u00e9mocratique du Congo (RDC), Slov\u00e9nie, Somalie, Suisse, T\u00fcrkiye, Uruguay et Zambie, ainsi que l\u2019\u00c9tat de la Cit\u00e9 du Vatican) avec des messages de Mme Marina Sereni, Vice-Ministre des Affaires \u00e9trang\u00e8res, du ministre Fabio Cassese, Directeur g\u00e9n\u00e9ral de la coop\u00e9ration au d\u00e9veloppement du Minist\u00e8re italien des Affaires \u00e9trang\u00e8res, de S.E. Mme Nosipho Nausca-Jean Jezile, ambassadrice d\u2019Afrique du Sud en Italie, et du Conseiller juridique de la Banque asiatique d\u2019investissement pour les infrastructures, M. Alberto Ninio.<\/span><\/p>\n<p style=\"text-align: justify;\"><span style=\"font-weight: 400;\">Ce volet en pr\u00e9sentiel de trois semaines s\u2019est termin\u00e9 par la remise officielle des certificats de pr\u00e9sence aux 21 magistrats et agents de l\u2019\u00c9tat de 12 pays et d\u2019un organisme international (Afrique du Sud, Alg\u00e9rie, Cameroun, \u00c9gypte, Ghana, Kenya, Malawi, Mauritanie, Maurice, Nig\u00e9ria, Tanzanie et Tunisie, ainsi qu\u2019une repr\u00e9sentante de <\/span><span style=\"font-weight: 400;\">la<\/span> <span style=\"font-weight: 400;\">CEDEAO)<\/span>.<\/p>\n<p style=\"text-align: justify;\"><span style=\"font-weight: 400;\">Toutes les conf\u00e9rences ont \u00e9t\u00e9 dispens\u00e9es par 29 conf\u00e9renciers<\/span> <span style=\"font-weight: 400;\">qui ont couvert les sujets inclus dans le<\/span> <span style=\"text-decoration: underline;\"><a href=\"https:\/\/www.unidroit.org\/ipld-syllabus\/\"><span style=\"font-weight: 400;\">programme<\/span>.<\/a><\/span><span style=\"font-weight: 400;\">. Ils ont \u00e9t\u00e9 soutenus par du mat\u00e9riel en ligne et des publications fournies pendant les cours.<\/span><\/p>\n<p style=\"text-align: justify;\"><span style=\"font-weight: 400;\">Des d\u00e9bats et discussions sur les th\u00e8mes du programme ont eu lieu, facilit\u00e9s par les juristes d\u2019UNIDROIT, permettant aux participants de pr\u00e9senter des situations et\/ou des besoins sp\u00e9cifiques de leurs pays respectifs.<\/span><\/p>\n<p style=\"text-align: justify;\"><span style=\"font-weight: 400;\">Les cours ont \u00e9t\u00e9 caract\u00e9ris\u00e9s par un degr\u00e9 \u00e9lev\u00e9 d\u2019interaction et d\u2019implication des participants, en partie facilit\u00e9 par les \u00e9v\u00e9nements de socialisation organis\u00e9s apr\u00e8s les s\u00e9minaires, y compris des visites guid\u00e9es \u00e0 Rome et des rencontres sociales formelles et informelles.<\/span><\/p>\n<p style=\"text-align: justify;\"><span style=\"font-weight: 400;\">Un remerciement sp\u00e9cial va \u00e0 S.E. Mme Nosipho Nausca-Jean Jezile, Ambassadrice d\u2019Afrique du Sud en Italie, pour sa pr\u00e9cieuse contribution et pour avoir bien voulu accueillir les participants lors d\u2019une r\u00e9ception de cl\u00f4ture du programme le 21 juillet 2022 \u00e0 sa r\u00e9sidence.<\/span><\/p>\n<p>&nbsp;<\/p>\n<h3 style=\"text-align: center;\"><b>T\u00e9moignages<\/b><\/h3>\n<p style=\"text-align: center;\"><span style=\"color: #333333;\"><i><span style=\"font-weight: 400;\">\u00abL\u2019universit\u00e9 internationale d\u2019\u00e9t\u00e9 a \u00e9t\u00e9 enrichissante et avec un impact fort, en particulier en ce qui concerne les nouveaux domaines du droit li\u00e9s aux actifs num\u00e9riques, le Protocole MAC \u00e0 la Convention du Cap, la Convention sur les biens culturels vol\u00e9s ou illicitement export\u00e9s, et les contrats d\u2019investissement dans les terres agricoles, pour n\u2019en nommer que quelques-uns.<\/span><\/i><\/span><\/p>\n<p style=\"text-align: center;\"><span style=\"color: #333333;\"><i><span style=\"font-weight: 400;\">Nous nous engageons \u00e0 transposer les connaissances acquises au cours de ces semaines dans nos pays afin de reproduire les mod\u00e8les et les conventions de droit priv\u00e9 international adopt\u00e9s par UNIDROIT. Nous nous engageons \u00e9galement \u00e0 \u00eatre de bons ambassadeurs d\u2019UNIDROIT dans les diff\u00e9rents domaines de notre profession. Nous sommes convaincus que cette relation entre les \u00e9tudiants de l\u2019Universit\u00e9 d\u2019\u00e9t\u00e9 de juillet 2022 et UNIDROIT portera ses fruits \u00bb<\/span><\/i><\/span><\/p>\n<p style=\"text-align: right;\"><span style=\"font-size: 10pt;\"><i>Participants \u00e0 l\u2019Universit\u00e9<\/i> <i style=\"color: #333333;\">internationale d\u2019\u00e9t\u00e9 2022<\/i><\/span><\/p>\n<p>&nbsp;<\/p>\n<p><iframe loading=\"lazy\" title=\"04.07 Interview - Justice E. D. Wille applauds UNIDROIT principles\" width=\"1200\" height=\"675\" src=\"https:\/\/www.youtube.com\/embed\/i93YoYhDb20?feature=oembed\" frameborder=\"0\" allow=\"accelerometer; autoplay; clipboard-write; encrypted-media; gyroscope; picture-in-picture; web-share\" referrerpolicy=\"strict-origin-when-cross-origin\" allowfullscreen><\/iframe><\/p>\n","protected":false},"excerpt":{"rendered":"<p>UNIVERSIT\u00c9 INTERNATIONALE D\u2019\u00c9T\u00c9 2022 &nbsp; L\u2019\u00e9dition inaugurale de l\u2019IPLD, anciennement connue sous le nom d\u2019Universit\u00e9 internationale d\u2019\u00e9t\u00e9, s\u2019est d\u00e9roul\u00e9e du 20 juin au 22 juillet 2022, gr\u00e2ce \u00e0 la collaboration de la Fondation d\u2019UNIDROIT et du ILI-Centre d\u2019Excellence Sud-Africain (ILI-SACE). L\u2019initiative a \u00e9t\u00e9 financ\u00e9e par&nbsp;<a href=\"https:\/\/www.unidroit.org\/fr\/pidd-3\/\">&hellip;<\/a><\/p>\n","protected":false},"author":20,"featured_media":0,"parent":0,"menu_order":0,"comment_status":"closed","ping_status":"closed","template":"","meta":{"ep_exclude_from_search":false,"footnotes":""},"class_list":["post-24926","page","type-page","status-publish","format-standard","hentry","odd"],"_links":{"self":[{"href":"https:\/\/www.unidroit.org\/fr\/wp-json\/wp\/v2\/pages\/24926","targetHints":{"allow":["GET"]}}],"collection":[{"href":"https:\/\/www.unidroit.org\/fr\/wp-json\/wp\/v2\/pages"}],"about":[{"href":"https:\/\/www.unidroit.org\/fr\/wp-json\/wp\/v2\/types\/page"}],"author":[{"embeddable":true,"href":"https:\/\/www.unidroit.org\/fr\/wp-json\/wp\/v2\/users\/20"}],"replies":[{"embeddable":true,"href":"https:\/\/www.unidroit.org\/fr\/wp-json\/wp\/v2\/comments?post=24926"}],"version-history":[{"count":1,"href":"https:\/\/www.unidroit.org\/fr\/wp-json\/wp\/v2\/pages\/24926\/revisions"}],"predecessor-version":[{"id":31063,"href":"https:\/\/www.unidroit.org\/fr\/wp-json\/wp\/v2\/pages\/24926\/revisions\/31063"}],"wp:attachment":[{"href":"https:\/\/www.unidroit.org\/fr\/wp-json\/wp\/v2\/media?parent=24926"}],"curies":[{"name":"wp","href":"https:\/\/api.w.org\/{rel}","templated":true}]}}