{"id":25419,"date":"2024-02-15T14:07:47","date_gmt":"2024-02-15T13:07:47","guid":{"rendered":"https:\/\/www.unidroit.org\/reunions\/assemblee-generale\/83eme-session-rome-11-mars-2024\/"},"modified":"2025-03-31T12:25:22","modified_gmt":"2025-03-31T10:25:22","slug":"83eme-session-rome-11-mars-2024","status":"publish","type":"page","link":"https:\/\/www.unidroit.org\/fr\/reunions\/assemblee-generale\/83eme-session-rome-11-mars-2024\/","title":{"rendered":"83\u00e8me SESSION (ROME, 11 MARS 2024)"},"content":{"rendered":"<div class=\"wpb-content-wrapper\"><p>[vc_row][vc_column css=&#8221;.vc_custom_1490017614850{margin-bottom: 30px !important;}&#8221;][vc_custom_heading text=&#8221;83\u00e8me SESSION (ROME, 11 MARS 2024)&#8221; font_container=&#8221;tag:h1|text_align:left&#8221; use_theme_fonts=&#8221;yes&#8221; css=&#8221;.vc_custom_1708001909127{margin-top: 0px !important;margin-bottom: 20px !important;}&#8221;][vc_column_text css=&#8221;.vc_custom_1743416767492{padding-top: 35px !important;padding-right: 35px !important;padding-bottom: 35px !important;padding-left: 35px !important;background-color: #f2f2f2 !important;}&#8221;]<\/p>\n<p style=\"text-align: center;\"><strong>Documents<\/strong><\/p>\n<ul>\n<li>Rapport (<a href=\"https:\/\/www.unidroit.org\/wp-content\/uploads\/2024\/04\/A.G.-83-3-Rapport.pdf\" target=\"_blank\" rel=\"noopener\">A.G. (83)3<\/a>)<\/li>\n<\/ul>\n<p>* * *<\/p>\n<table style=\"width: 67.2735%; height: 338px;\">\n<tbody>\n<tr style=\"height: 24px;\">\n<td style=\"height: 24px;\">1.<\/td>\n<td style=\"height: 24px;\">Ouverture de la session par le Secr\u00e9taire G\u00e9n\u00e9ral d\u2019UNIDROIT et par la Pr\u00e9sidente de l\u2019Assembl\u00e9e G\u00e9n\u00e9rale<\/td>\n<\/tr>\n<tr style=\"height: 24px;\">\n<td style=\"height: 24px;\">2.<\/td>\n<td style=\"height: 24px;\">Adoption de l\u2019ordre du jour (<a href=\"https:\/\/www.unidroit.org\/wp-content\/uploads\/2024\/02\/A.G.-83-1-Ordre-du-jour-prov.-annote.pdf\" target=\"_blank\" rel=\"noopener\">A.G. (83) 1<\/a>)<\/td>\n<\/tr>\n<tr style=\"height: 24px;\">\n<td style=\"height: 24px;\">3.<\/td>\n<td style=\"height: 24px;\">Reconduction des membres de la Commission des Finances \u2013 Orientations proc\u00e9durales (A.G.\u00a0(83)\u00a02)<\/td>\n<\/tr>\n<tr style=\"height: 24px;\">\n<td style=\"height: 24px;\">4.<\/td>\n<td style=\"height: 24px;\">Divers<\/td>\n<\/tr>\n<\/tbody>\n<\/table>\n<p>[\/vc_column_text][\/vc_column][\/vc_row]<\/p>\n<\/div>","protected":false},"excerpt":{"rendered":"<p>[vc_row][vc_column css=&#8221;.vc_custom_1490017614850{margin-bottom: 30px !important;}&#8221;][vc_custom_heading text=&#8221;83\u00e8me SESSION (ROME, 11 MARS 2024)&#8221; font_container=&#8221;tag:h1|text_align:left&#8221; use_theme_fonts=&#8221;yes&#8221; css=&#8221;.vc_custom_1708001909127{margin-top: 0px !important;margin-bottom: 20px !important;}&#8221;][vc_column_text css=&#8221;.vc_custom_1743416767492{padding-top: 35px !important;padding-right: 35px !important;padding-bottom: 35px !important;padding-left: 35px !important;background-color: #f2f2f2 !important;}&#8221;] Documents Rapport (A.G. (83)3) * * * 1. Ouverture de la session par le Secr\u00e9taire G\u00e9n\u00e9ral d\u2019UNIDROIT&nbsp;<a href=\"https:\/\/www.unidroit.org\/fr\/reunions\/assemblee-generale\/83eme-session-rome-11-mars-2024\/\">&hellip;<\/a><\/p>\n","protected":false},"author":20,"featured_media":0,"parent":4888,"menu_order":0,"comment_status":"closed","ping_status":"closed","template":"","meta":{"ep_exclude_from_search":false,"footnotes":""},"class_list":["post-25419","page","type-page","status-publish","format-standard","hentry","odd"],"_links":{"self":[{"href":"https:\/\/www.unidroit.org\/fr\/wp-json\/wp\/v2\/pages\/25419","targetHints":{"allow":["GET"]}}],"collection":[{"href":"https:\/\/www.unidroit.org\/fr\/wp-json\/wp\/v2\/pages"}],"about":[{"href":"https:\/\/www.unidroit.org\/fr\/wp-json\/wp\/v2\/types\/page"}],"author":[{"embeddable":true,"href":"https:\/\/www.unidroit.org\/fr\/wp-json\/wp\/v2\/users\/20"}],"replies":[{"embeddable":true,"href":"https:\/\/www.unidroit.org\/fr\/wp-json\/wp\/v2\/comments?post=25419"}],"version-history":[{"count":1,"href":"https:\/\/www.unidroit.org\/fr\/wp-json\/wp\/v2\/pages\/25419\/revisions"}],"predecessor-version":[{"id":32018,"href":"https:\/\/www.unidroit.org\/fr\/wp-json\/wp\/v2\/pages\/25419\/revisions\/32018"}],"up":[{"embeddable":true,"href":"https:\/\/www.unidroit.org\/fr\/wp-json\/wp\/v2\/pages\/4888"}],"wp:attachment":[{"href":"https:\/\/www.unidroit.org\/fr\/wp-json\/wp\/v2\/media?parent=25419"}],"curies":[{"name":"wp","href":"https:\/\/api.w.org\/{rel}","templated":true}]}}