{"id":25951,"date":"2024-03-22T19:32:09","date_gmt":"2024-03-22T18:32:09","guid":{"rendered":"https:\/\/www.unidroit.org\/programme-international-pour-le-droit-et-le-developpement-pidd-communaute-linkedin\/"},"modified":"2025-02-18T16:43:16","modified_gmt":"2025-02-18T15:43:16","slug":"programme-international-pour-le-droit-et-le-developpement-pidd-communaute-linkedin","status":"publish","type":"page","link":"https:\/\/www.unidroit.org\/fr\/programme-international-pour-le-droit-et-le-developpement-pidd-communaute-linkedin\/","title":{"rendered":"Programme International pour le Droit et le D\u00e9veloppement (PIDD) &#8211; Communaut\u00e9 LinkedIn"},"content":{"rendered":"<h1 style=\"text-align: center;\"><img loading=\"lazy\" decoding=\"async\" class=\"alignnone wp-image-25600\" src=\"https:\/\/www.unidroit.org\/wp-content\/uploads\/2024\/02\/Screenshot-2024-02-28-at-10.17.14-300x38.png\" alt=\"\" width=\"1058\" height=\"134\" srcset=\"https:\/\/www.unidroit.org\/wp-content\/uploads\/2024\/02\/Screenshot-2024-02-28-at-10.17.14-300x38.png 300w, https:\/\/www.unidroit.org\/wp-content\/uploads\/2024\/02\/Screenshot-2024-02-28-at-10.17.14-1024x131.png 1024w, https:\/\/www.unidroit.org\/wp-content\/uploads\/2024\/02\/Screenshot-2024-02-28-at-10.17.14.png 1236w\" sizes=\"auto, (max-width: 1058px) 100vw, 1058px\" \/><\/h1>\n<h1 style=\"text-align: center;\">COMMUNAUT\u00c9 PIDD<\/h1>\n<p>&nbsp;<\/p>\n<p dir=\"auto\" style=\"text-align: justify;\" data-pm-slice=\"1 1 []\">Bienvenue sur la <b>communaut\u00e9 LinkedIn du Programme international d\u2019UNIDROIT pour le droit et le d\u00e9veloppement !<\/b> Nous sommes ravis d\u2019offrir une plateforme d\u00e9di\u00e9e \u00e0 un r\u00e9seau mondial de professionnels du droit et de la justice dans le monde entier. Notre communaut\u00e9 vise \u00e0 mettre en relation <span style=\"text-decoration: underline;\">des juges, des avocats du secteur public, des r\u00e9dacteurs l\u00e9gislatifs et de jeunes experts juridiques<\/span> qui partagent un objectif commun: am\u00e9liorer la connectivit\u00e9 et la collaboration \u00e0 travers les instruments juridiques d\u2019UNIDROIT, <span style=\"font-weight: 400;\">favoriser la coop\u00e9ration internationale et renforcer la compr\u00e9hension mutuelle.<\/span><\/p>\n<p dir=\"auto\" style=\"text-align: justify;\">Les anciens et les nouveaux participants sont invit\u00e9s \u00e0 rejoindre notre communaut\u00e9. Nous accueillons \u00e9galement ceux qui sont pr\u00eats \u00e0 s\u2019engager dans des discussions sur l\u2019\u00e9laboration des syst\u00e8mes juridiques et la promotion d\u2019une gouvernance efficace par l\u2019\u00e9change d\u2019id\u00e9es et de points de vue.<\/p>\n<p dir=\"auto\" style=\"text-align: justify;\">Pour rejoindre la communaut\u00e9 du Programme international d\u2019UNIDROIT pour le droit et le d\u00e9veloppement (PIDD), veuillez suivre ces trois \u00e9tapes simples:<\/p>\n<ol>\n<li style=\"list-style-type: none;\">\n<ol>\n<li style=\"font-weight: 400;\" aria-level=\"1\"><span style=\"font-weight: 400;\">Remplissez le formulaire Google en utilisant le lien suivant:<\/span> <span style=\"font-weight: 400;\"><a href=\"https:\/\/forms.gle\/VnMaYDk8DxxdcfGT9\" target=\"_blank\" rel=\"noopener\">https:\/\/forms.gle\/VnMaYDk8DxxdcfGT9<\/a><\/span><\/li>\n<li style=\"font-weight: 400;\" aria-level=\"1\">Apr\u00e8s avoir rempli le formulaire, vous recevrez un e-mail contenant le lien pour rejoindre la communaut\u00e9 LinkedIn du PIDD; S\u00e9lectionnez ce lien.<\/li>\n<li style=\"font-weight: 400;\" aria-level=\"1\"><span style=\"font-weight: 400;\">Lorsque la page LinkedIn s\u2019ouvre, cliquez sur \u201cDemander \u00e0 rejoindre\u201d.<\/span><\/li>\n<\/ol>\n<\/li>\n<\/ol>\n<p>&nbsp;<\/p>\n<p style=\"text-align: justify;\"><img loading=\"lazy\" decoding=\"async\" class=\" wp-image-24995 aligncenter\" src=\"https:\/\/www.unidroit.org\/wp-content\/uploads\/2024\/01\/COmm-300x227.png\" alt=\"\" width=\"294\" height=\"222\" srcset=\"https:\/\/www.unidroit.org\/wp-content\/uploads\/2024\/01\/COmm-300x227.png 300w, https:\/\/www.unidroit.org\/wp-content\/uploads\/2024\/01\/COmm.png 344w\" sizes=\"auto, (max-width: 294px) 100vw, 294px\" \/><\/p>\n","protected":false},"excerpt":{"rendered":"<p>COMMUNAUT\u00c9 PIDD &nbsp; Bienvenue sur la communaut\u00e9 LinkedIn du Programme international d\u2019UNIDROIT pour le droit et le d\u00e9veloppement ! Nous sommes ravis d\u2019offrir une plateforme d\u00e9di\u00e9e \u00e0 un r\u00e9seau mondial de professionnels du droit et de la justice dans le monde entier. Notre communaut\u00e9 vise&nbsp;<a href=\"https:\/\/www.unidroit.org\/fr\/programme-international-pour-le-droit-et-le-developpement-pidd-communaute-linkedin\/\">&hellip;<\/a><\/p>\n","protected":false},"author":20,"featured_media":0,"parent":0,"menu_order":0,"comment_status":"closed","ping_status":"closed","template":"","meta":{"ep_exclude_from_search":false,"footnotes":""},"class_list":["post-25951","page","type-page","status-publish","format-standard","hentry","odd"],"_links":{"self":[{"href":"https:\/\/www.unidroit.org\/fr\/wp-json\/wp\/v2\/pages\/25951","targetHints":{"allow":["GET"]}}],"collection":[{"href":"https:\/\/www.unidroit.org\/fr\/wp-json\/wp\/v2\/pages"}],"about":[{"href":"https:\/\/www.unidroit.org\/fr\/wp-json\/wp\/v2\/types\/page"}],"author":[{"embeddable":true,"href":"https:\/\/www.unidroit.org\/fr\/wp-json\/wp\/v2\/users\/20"}],"replies":[{"embeddable":true,"href":"https:\/\/www.unidroit.org\/fr\/wp-json\/wp\/v2\/comments?post=25951"}],"version-history":[{"count":1,"href":"https:\/\/www.unidroit.org\/fr\/wp-json\/wp\/v2\/pages\/25951\/revisions"}],"predecessor-version":[{"id":31066,"href":"https:\/\/www.unidroit.org\/fr\/wp-json\/wp\/v2\/pages\/25951\/revisions\/31066"}],"wp:attachment":[{"href":"https:\/\/www.unidroit.org\/fr\/wp-json\/wp\/v2\/media?parent=25951"}],"curies":[{"name":"wp","href":"https:\/\/api.w.org\/{rel}","templated":true}]}}