{"id":26063,"date":"2021-10-14T18:36:08","date_gmt":"2021-10-14T16:36:08","guid":{"rendered":"https:\/\/www.unidroit.org\/?page_id=26063"},"modified":"2024-08-07T17:09:37","modified_gmt":"2024-08-07T15:09:37","slug":"commission-des-finances-97eme-session","status":"publish","type":"page","link":"https:\/\/www.unidroit.org\/fr\/reunions\/commission-des-finances\/commission-des-finances-97eme-session\/","title":{"rendered":"Commission des Finances 97\u00e8me session"},"content":{"rendered":"<div class=\"wpb-content-wrapper\"><p>[vc_row][vc_column css=&#8221;.vc_custom_1490017614850{margin-bottom: 30px !important;}&#8221;][vc_custom_heading text=&#8221;97\u00e8me session<br \/>\n(Rome, 24 avril 2024)&#8221; font_container=&#8221;tag:h1|text_align:left&#8221; use_theme_fonts=&#8221;yes&#8221; css=&#8221;.vc_custom_1712302741200{margin-top: 0px !important;margin-bottom: 20px !important;}&#8221;][vc_column_text css=&#8221;.vc_custom_1723043532681{padding-top: 35px !important;padding-right: 35px !important;padding-bottom: 35px !important;padding-left: 35px !important;background-color: #f2f2f2 !important;}&#8221;]<\/p>\n<p style=\"text-align: center;\"><strong>Documents <\/strong><\/p>\n<p>&nbsp;<\/p>\n<ul>\n<li>Rapport (<a href=\"https:\/\/www.unidroit.org\/wp-content\/uploads\/2024\/06\/FC975-Rapport-site-Internet.pdf\">C.F. (97) 5<\/a>)<\/li>\n<\/ul>\n<p style=\"text-align: left;\"><strong>\u00a0<\/strong><\/p>\n<p>1.\u00a0\u00a0 Ouverture de la session<\/p>\n<p>&nbsp;<\/p>\n<p>2.\u00a0\u00a0 Adoption de l\u2019ordre du jour (<a href=\"https:\/\/www.unidroit.org\/wp-content\/uploads\/2024\/04\/CF971-Ordre-du-jour-annote.pdf\">C.F. (97) 1 <\/a>)<\/p>\n<p>&nbsp;<\/p>\n<p>3. Premier examen des Comptes pour l\u2019exercice financier 2023 (<a href=\"https:\/\/www.unidroit.org\/wp-content\/uploads\/2024\/04\/CF972-Comptes-internet-1.pdf\">C.F. (97) 2<\/a>)<\/p>\n<p>&nbsp;<\/p>\n<p>4.\u00a0 \u00a0Projet de Budget 2025 \u2013 Premi\u00e8res estimations (<a href=\"https:\/\/www.unidroit.org\/wp-content\/uploads\/2024\/04\/CF973-Projet-de-Budget-2025.pdf\">C.F. (97) 3<\/a>)<\/p>\n<p>&nbsp;<\/p>\n<p>5.\u00a0 Mise \u00e0 jour sur le syst\u00e8me de s\u00e9curit\u00e9 sociale appliqu\u00e9 au personnel d\u2019UNIDROIT (<a href=\"https:\/\/www.unidroit.org\/wp-content\/uploads\/2024\/04\/CF974-Mise-a-jour-sur-systeme-de-securite-sociale-Internet.pdf\">C.F. (97) 4<\/a>)<\/p>\n<p>&nbsp;<\/p>\n<p>6.\u00a0 Investissement potentiel des actifs du Fonds de roulement<\/p>\n<p>&nbsp;<\/p>\n<p>7.\u00a0 Divers[\/vc_column_text][\/vc_column][\/vc_row]<\/p>\n<\/div>","protected":false},"excerpt":{"rendered":"<p>[vc_row][vc_column css=&#8221;.vc_custom_1490017614850{margin-bottom: 30px !important;}&#8221;][vc_custom_heading text=&#8221;97\u00e8me session (Rome, 24 avril 2024)&#8221; font_container=&#8221;tag:h1|text_align:left&#8221; use_theme_fonts=&#8221;yes&#8221; css=&#8221;.vc_custom_1712302741200{margin-top: 0px !important;margin-bottom: 20px !important;}&#8221;][vc_column_text css=&#8221;.vc_custom_1723043532681{padding-top: 35px !important;padding-right: 35px !important;padding-bottom: 35px !important;padding-left: 35px !important;background-color: #f2f2f2 !important;}&#8221;] Documents &nbsp; Rapport (C.F. (97) 5) \u00a0 1.\u00a0\u00a0 Ouverture de la session &nbsp; 2.\u00a0\u00a0 Adoption de l\u2019ordre&nbsp;<a href=\"https:\/\/www.unidroit.org\/fr\/reunions\/commission-des-finances\/commission-des-finances-97eme-session\/\">&hellip;<\/a><\/p>\n","protected":false},"author":8,"featured_media":0,"parent":5015,"menu_order":0,"comment_status":"closed","ping_status":"closed","template":"","meta":{"ep_exclude_from_search":false,"footnotes":""},"class_list":["post-26063","page","type-page","status-publish","format-standard","hentry","odd"],"_links":{"self":[{"href":"https:\/\/www.unidroit.org\/fr\/wp-json\/wp\/v2\/pages\/26063","targetHints":{"allow":["GET"]}}],"collection":[{"href":"https:\/\/www.unidroit.org\/fr\/wp-json\/wp\/v2\/pages"}],"about":[{"href":"https:\/\/www.unidroit.org\/fr\/wp-json\/wp\/v2\/types\/page"}],"author":[{"embeddable":true,"href":"https:\/\/www.unidroit.org\/fr\/wp-json\/wp\/v2\/users\/8"}],"replies":[{"embeddable":true,"href":"https:\/\/www.unidroit.org\/fr\/wp-json\/wp\/v2\/comments?post=26063"}],"version-history":[{"count":0,"href":"https:\/\/www.unidroit.org\/fr\/wp-json\/wp\/v2\/pages\/26063\/revisions"}],"up":[{"embeddable":true,"href":"https:\/\/www.unidroit.org\/fr\/wp-json\/wp\/v2\/pages\/5015"}],"wp:attachment":[{"href":"https:\/\/www.unidroit.org\/fr\/wp-json\/wp\/v2\/media?parent=26063"}],"curies":[{"name":"wp","href":"https:\/\/api.w.org\/{rel}","templated":true}]}}