{"id":27065,"date":"2023-01-10T01:51:57","date_gmt":"2023-01-10T00:51:57","guid":{"rendered":"https:\/\/www.unidroit.org\/?page_id=27065"},"modified":"2024-09-10T08:36:01","modified_gmt":"2024-09-10T06:36:01","slug":"projet-de-guide-juridique-sur-la-liquidation-bancaire-consultation","status":"publish","type":"page","link":"https:\/\/www.unidroit.org\/fr\/travaux-en-cours\/insolvabilite-bancaire\/projet-de-guide-juridique-sur-la-liquidation-bancaire-consultation\/","title":{"rendered":"Projet de Guide juridique sur la liquidation bancaire &#8211; Consultation"},"content":{"rendered":"<p style=\"text-align: center;\"><strong><span style=\"font-size: 24pt;\">Projet de Guide juridique sur la liquidation bancaire &#8211; Consultation<\/span><\/strong><\/p>\n<p>&nbsp;<\/p>\n<p style=\"text-align: justify;\">L\u2019Institut international pour l\u2019unification du droit priv\u00e9 (UNIDROIT) lance une consultation sur le projet de Guide juridique sur la liquidation bancaire.<\/p>\n<p style=\"text-align: justify;\"><strong>P\u00e9riode de consultation<\/strong><\/p>\n<p style=\"text-align: justify;\">La consultation se d\u00e9roulera pendant 16 semaines du 5 juin 2024 au <del>25 septembre 2024<\/del> <strong><span style=\"color: #ff0000;\">11 octobre 2024<\/span><\/strong> (minuit, heure de Rome).<\/p>\n<p style=\"text-align: justify;\"><strong>Objectif de la consultation<\/strong><\/p>\n<p style=\"text-align: justify;\">Cette consultation a pour objet de:<\/p>\n<ul style=\"text-align: justify;\">\n<li>faire mieux conna\u00eetre l\u2019instrument;<\/li>\n<li>s\u2019assurer que l\u2019instrument est bien adapt\u00e9 pour \u00eatre appliqu\u00e9 dans diff\u00e9rents contextes, notamment dans les pays de droit civils et de common law, ainsi que les \u00e9conomies en d\u00e9veloppement, les march\u00e9s \u00e9mergents et les \u00e9conomies d\u00e9velopp\u00e9es;<\/li>\n<li>solliciter des commentaires sur la question de savoir si l\u2019instrument traite suffisamment les questions de droit priv\u00e9 qui se posent dans les proc\u00e9dures de liquidation bancaire<\/li>\n<\/ul>\n<p style=\"text-align: justify;\"><strong>Public cible<\/strong><\/p>\n<p style=\"text-align: justify;\">Toutes les parties int\u00e9ress\u00e9es sont invit\u00e9es \u00e0 faire part de leur point de vue. En ce qui concerne les aspects plus techniques, les commentaires sont les bienvenus, notamment de la part des personnes et des entit\u00e9s repr\u00e9sentant les:<\/p>\n<ul style=\"text-align: justify;\">\n<li>autorit\u00e9s nationales et supranationales (par exemple, les superviseurs bancaires, les autorit\u00e9s de r\u00e9solution, les assureurs de d\u00e9p\u00f4ts, les r\u00e9gulateurs des march\u00e9s de valeurs mobili\u00e8res et les organisations internationales);<\/li>\n<li>praticiens de l\u2019insolvabilit\u00e9 et les cabinets d\u2019avocats;<\/li>\n<li>banques et les associations bancaires;<\/li>\n<li>universitaires et des groupes de r\u00e9flexion.<\/li>\n<\/ul>\n<p style=\"text-align: justify;\"><strong>\u00c0 propos du projet de Guide juridique<\/strong><\/p>\n<p style=\"text-align: justify;\">Le projet de Guide juridique a \u00e9t\u00e9 pr\u00e9par\u00e9 par le Groupe de travail sur l\u2019insolvabilit\u00e9 bancaire au cours de six sessions entre d\u00e9cembre 2021 et mars 2024. Pour plus d\u2019informations sur le Groupe de travail et ses r\u00e9unions, veuillez consulter la page suivante: <a href=\"https:\/\/www.unidroit.org\/fr\/travaux-en-cours\/insolvabilite-bancaire\/\">https:\/\/www.unidroit.org\/fr\/travaux-en-cours\/insolvabilite-bancaire\/<\/a>.<\/p>\n<p style=\"text-align: justify;\">L\u2019objectif du Guide juridique est d\u2019aider les l\u00e9gislateurs et les d\u00e9cideurs politiques \u00e0 concevoir des syst\u00e8mes de liquidation bancaire efficaces. Le Guide compl\u00e8te les normes internationales existantes et se concentre sur la liquidation ordonn\u00e9e i) des banques qui ne sont pas plac\u00e9es sous une proc\u00e9dure de r\u00e9solution compatible avec les \u201cAttributs cl\u00e9s des r\u00e9gimes de r\u00e9solution efficaces pour les institutions financi\u00e8res\u201d du Conseil de stabilit\u00e9 financi\u00e8re (CSF) et ii) des parties d\u2019une banque \u00e0 la suite ou dans le contexte d\u2019une action de r\u00e9solution.<\/p>\n<p style=\"text-align: justify;\">Le projet de Guide juridique est compos\u00e9 de dix chapitres:<\/p>\n<ul style=\"text-align: justify;\">\n<li>Chapitre 1: Introduction<\/li>\n<li>Chapitre 2: Dispositifs institutionnels<\/li>\n<li>Chapitre 3 : Aspects proc\u00e9duraux et op\u00e9rationnels<\/li>\n<li>Chapitre 4: Pr\u00e9paration et coop\u00e9ration<\/li>\n<li>Chapitre 5: Motifs d\u2019ouverture d\u2019une proc\u00e9dure de liquidation bancaire<\/li>\n<li>Chapitre 6: Outils de liquidation<\/li>\n<li>Chapitre 7: Financement<\/li>\n<li>Chapitre 8: Hi\u00e9rarchie des cr\u00e9anciers<\/li>\n<li>Chapitre 9: Dimension de groupe<\/li>\n<li>Chapitre 10: Aspects transfrontaliers<\/li>\n<\/ul>\n<p style=\"text-align: justify;\">Chaque chapitre pr\u00e9sente un examen des questions cl\u00e9s et une s\u00e9rie de recommandations \u00e0 l\u2019intention des l\u00e9gislateurs et des d\u00e9cideurs politiques. Les recommandations en tant que telles ne constituent pas des dispositions qui pourraient \u00eatre directement promulgu\u00e9es dans le droit interne. Elles donnent plut\u00f4t des indications sur les questions fondamentales \u00e0 traiter dans le cadre d\u2019un dispositif efficace de liquidation bancaire.<\/p>\n<p style=\"text-align: justify;\"><strong>Document de consultation<\/strong><\/p>\n<p style=\"text-align: justify;\">Le projet de Guide juridique sur la liquidation bancaire peut \u00eatre consult\u00e9 <a href=\"https:\/\/www.unidroit.org\/wp-content\/uploads\/2024\/06\/FOR-CONSULTATION_Draft-Legislative-Guide-on-Bank-Liquidation.pdf\">ici<\/a> (en anglais seulement).<\/p>\n<p style=\"text-align: justify;\"><strong>Comment soumettre vos commentaires<\/strong><\/p>\n<p style=\"text-align: justify;\">Les parties int\u00e9ress\u00e9es peuvent fournir des commentaires sur toute partie du projet de Guide juridique. Les commentaires doivent \u00eatre envoy\u00e9s au Secr\u00e9tariat d\u2019UNIDROIT \u00e0 l\u2019adresse suivante: <a href=\"mailto:LGBLconsultation@unidroit.org\">LGBLconsultation@unidroit.org<\/a>.<br \/>\nTous les commentaires doivent \u00eatre inclus dans un <strong>document Word<\/strong> et doivent \u00eatre fournis en anglais ou en fran\u00e7ais. Pour chaque commentaire, veuillez pr\u00e9ciser le <strong>chapitre et le num\u00e9ro de de paragraphe<\/strong> du projet de Guide juridique auxquels il se rapporte.<\/p>\n<p style=\"text-align: justify;\">Les commentaires re\u00e7us au cours de ce processus de consultation seront rendus publics. Le nom des auteurs sera \u00e9galement rendu public, sauf demande expresse contraire.<\/p>\n<p style=\"text-align: justify;\"><strong>Prochaines \u00e9tapes<\/strong><\/p>\n<p style=\"text-align: justify;\">Le Groupe de travail sur l\u2019insolvabilit\u00e9 bancaire examinera les commentaires re\u00e7us lors de sa septi\u00e8me session qui se tiendra du 18 au 20 novembre 2024. Le Guide juridique sur la liquidation bancaire devrait \u00eatre finalis\u00e9 et publi\u00e9 en 2025.<\/p>\n<div>\n<p style=\"text-align: justify;\">\n<\/div>\n","protected":false},"excerpt":{"rendered":"<p>Projet de Guide juridique sur la liquidation bancaire &#8211; Consultation &nbsp; L\u2019Institut international pour l\u2019unification du droit priv\u00e9 (UNIDROIT) lance une consultation sur le projet de Guide juridique sur la liquidation bancaire. P\u00e9riode de consultation La consultation se d\u00e9roulera pendant 16 semaines du 5 juin&nbsp;<a href=\"https:\/\/www.unidroit.org\/fr\/travaux-en-cours\/insolvabilite-bancaire\/projet-de-guide-juridique-sur-la-liquidation-bancaire-consultation\/\">&hellip;<\/a><\/p>\n","protected":false},"author":19,"featured_media":0,"parent":5142,"menu_order":0,"comment_status":"closed","ping_status":"closed","template":"template-fullwidth.php","meta":{"ep_exclude_from_search":false,"footnotes":""},"class_list":["post-27065","page","type-page","status-publish","format-standard","hentry","odd"],"_links":{"self":[{"href":"https:\/\/www.unidroit.org\/fr\/wp-json\/wp\/v2\/pages\/27065","targetHints":{"allow":["GET"]}}],"collection":[{"href":"https:\/\/www.unidroit.org\/fr\/wp-json\/wp\/v2\/pages"}],"about":[{"href":"https:\/\/www.unidroit.org\/fr\/wp-json\/wp\/v2\/types\/page"}],"author":[{"embeddable":true,"href":"https:\/\/www.unidroit.org\/fr\/wp-json\/wp\/v2\/users\/19"}],"replies":[{"embeddable":true,"href":"https:\/\/www.unidroit.org\/fr\/wp-json\/wp\/v2\/comments?post=27065"}],"version-history":[{"count":0,"href":"https:\/\/www.unidroit.org\/fr\/wp-json\/wp\/v2\/pages\/27065\/revisions"}],"up":[{"embeddable":true,"href":"https:\/\/www.unidroit.org\/fr\/wp-json\/wp\/v2\/pages\/5142"}],"wp:attachment":[{"href":"https:\/\/www.unidroit.org\/fr\/wp-json\/wp\/v2\/media?parent=27065"}],"curies":[{"name":"wp","href":"https:\/\/api.w.org\/{rel}","templated":true}]}}