{"id":29439,"date":"2024-11-19T11:38:53","date_gmt":"2024-11-19T10:38:53","guid":{"rendered":"https:\/\/www.unidroit.org\/reunions\/assemblee-generale\/84th-session-rome-12-december-2024\/"},"modified":"2025-03-31T12:22:31","modified_gmt":"2025-03-31T10:22:31","slug":"84eme-session-rome-12-decembre-2024","status":"publish","type":"page","link":"https:\/\/www.unidroit.org\/fr\/reunions\/assemblee-generale\/84eme-session-rome-12-decembre-2024\/","title":{"rendered":"84\u00e8me SESSION (ROME, 12 D\u00c9CEMBRE 2024)"},"content":{"rendered":"<div class=\"wpb-content-wrapper\"><p>[vc_row][vc_column css=&#8221;.vc_custom_1490017614850{margin-bottom: 30px !important;}&#8221;][vc_custom_heading text=&#8221;84\u00e8me SESSION (ROME, 12 D\u00c9CEMBRE 2024)&#8221; font_container=&#8221;tag:h1|text_align:left&#8221; use_theme_fonts=&#8221;yes&#8221; css=&#8221;.vc_custom_1698162223593{margin-top: 0px !important;margin-bottom: 20px !important;}&#8221;][vc_column_text css=&#8221;.vc_custom_1707830530212{padding-top: 35px !important;padding-right: 35px !important;padding-bottom: 35px !important;padding-left: 35px !important;background-color: #f2f2f2 !important;}&#8221;]<\/p>\n<p style=\"text-align: center;\"><span style=\"font-size: 14pt;\"><strong>Documents<\/strong><\/span><\/p>\n<ul>\n<li>Rapport (<a href=\"https:\/\/www.unidroit.org\/wp-content\/uploads\/2025\/02\/A.G.-84-12-Rapport.pdf\" target=\"_blank\" rel=\"noopener\">A.G. (84) 12<\/a>)<\/li>\n<\/ul>\n<p style=\"text-align: center;\">*\u00a0 \u00a0 \u00a0*\u00a0 \u00a0 \u00a0*<\/p>\n<table style=\"border-collapse: collapse; width: 100%; height: 359px;\">\n<tbody>\n<tr style=\"height: 24px;\">\n<td style=\"width: 3.42577%; height: 24px;\">1.<\/td>\n<td style=\"width: 96.5743%; height: 24px;\">Ouverture de la session par le Secr\u00e9taire G\u00e9n\u00e9ral d\u2019Unidroit et par le Pr\u00e9sident de l\u2019Assembl\u00e9e G\u00e9n\u00e9rale pour l\u2019ann\u00e9e 2023-2024<\/td>\n<\/tr>\n<tr style=\"height: 24px;\">\n<td style=\"width: 3.42577%; height: 24px;\">2.<\/td>\n<td style=\"width: 96.5743%; height: 24px;\">Nomination du Pr\u00e9sident de l\u2019Assembl\u00e9e G\u00e9n\u00e9rale pour l\u2019ann\u00e9e 2024-2025<\/td>\n<\/tr>\n<tr style=\"height: 24px;\">\n<td style=\"width: 3.42577%; height: 24px;\">3.<\/td>\n<td style=\"width: 96.5743%; height: 24px;\">Adoption de l\u2019ordre du jour (<a href=\"https:\/\/www.unidroit.org\/wp-content\/uploads\/2024\/11\/A.G.-84-1-rev.-Ordre-du-jour-prov.-annote.pdf\" target=\"_blank\" rel=\"noopener\">A.G. (84) 1 r\u00e9v.<\/a>)<\/td>\n<\/tr>\n<tr style=\"height: 24px;\">\n<td style=\"width: 3.42577%; height: 24px;\">4.<\/td>\n<td style=\"width: 96.5743%; height: 24px;\">Expos\u00e9 sur l\u2019activit\u00e9 de l\u2019Organisation en 2024 (<a href=\"https:\/\/www.unidroit.org\/wp-content\/uploads\/2024\/12\/A.G.-84-2-Activite-de-lOrganisation-en-2024.pdf\" target=\"_blank\" rel=\"noopener\">A.G. (84) 2<\/a>)<\/td>\n<\/tr>\n<tr style=\"height: 24px;\">\n<td style=\"width: 3.42577%; height: 24px;\">5.<\/td>\n<td style=\"width: 96.5743%; height: 24px;\">Rapport du Pr\u00e9sident de la Commission des Finances sur sa 98<sup>\u00e8me<\/sup> session (C.F. (96) 10)<\/td>\n<\/tr>\n<tr style=\"height: 24px;\">\n<td style=\"width: 3.42577%; height: 24px;\">6.<\/td>\n<td style=\"width: 96.5743%; height: 24px;\">Modifications d\u00e9finitives du Budget et approbation des Comptes pour l\u2019exercice financier 2023 (<a href=\"https:\/\/www.unidroit.org\/wp-content\/uploads\/2024\/11\/A.G.-84-3-Modifications-definitives-au-Budget-et-Comptes-2023-Site-Internet.pdf\" target=\"_blank\" rel=\"noopener\">A.G. (84) 3<\/a>)<\/td>\n<\/tr>\n<tr style=\"height: 24px;\">\n<td style=\"width: 3.42577%; height: 24px;\">7.<\/td>\n<td style=\"width: 96.5743%; height: 24px;\">Ajustements au Budget de l\u2019exercice financier 2024 (<a href=\"https:\/\/www.unidroit.org\/wp-content\/uploads\/2024\/11\/A.G.-84-4-Ajustements-au-Budget-de-lexercice-financier-2024.pdf\" target=\"_blank\" rel=\"noopener\">A.G. (84) 4<\/a>)<\/td>\n<\/tr>\n<tr style=\"height: 24px;\">\n<td style=\"width: 3.42577%; height: 24px;\">8.<\/td>\n<td style=\"width: 96.5743%; height: 24px;\">Arri\u00e9r\u00e9s de contributions des \u00c9tats membres (<a href=\"https:\/\/www.unidroit.org\/wp-content\/uploads\/2024\/11\/A.G.-84-5-Arrieres-contributions.pdf\" target=\"_blank\" rel=\"noopener\">A.G. (84) 5<\/a>)<\/td>\n<\/tr>\n<tr style=\"height: 24px;\">\n<td style=\"width: 3.42577%; height: 24px;\">9.<\/td>\n<td style=\"width: 96.5743%; height: 24px;\">Approbation du projet de Budget pour 2025 et observations soumises par les \u00c9tats membres (<a href=\"https:\/\/www.unidroit.org\/wp-content\/uploads\/2024\/11\/A.G.-84-6-Projet-de-Budget-2025-et-observations.pdf\" target=\"_blank\" rel=\"noopener\">A.G. (84) 6<\/a>)<\/td>\n<\/tr>\n<tr style=\"height: 24px;\">\n<td style=\"width: 3.42577%; height: 24px;\">10.<\/td>\n<td style=\"width: 96.5743%; height: 24px;\">Nomination des membres du Tribunal administratif (<a href=\"https:\/\/www.unidroit.org\/wp-content\/uploads\/2024\/11\/A.G.-84-7-Nomination-membres-du-Tribunal-administratif.pdf\" target=\"_blank\" rel=\"noopener\">A.G. (84) 7<\/a>)<\/td>\n<\/tr>\n<tr style=\"height: 24px;\">\n<td style=\"width: 3.42577%; height: 24px;\">11.<\/td>\n<td style=\"width: 96.5743%; height: 24px;\">Reconduction du mandat du Commissaire aux comptes (<a href=\"https:\/\/www.unidroit.org\/wp-content\/uploads\/2024\/11\/A.G.-84-8-Commissaire-aux-comptes-site-Internet.pdf\" target=\"_blank\" rel=\"noopener\">A.G. (84) 8<\/a>)<\/td>\n<\/tr>\n<tr style=\"height: 24px;\">\n<td style=\"width: 3.42577%; height: 24px;\">12.<\/td>\n<td style=\"width: 96.5743%; height: 24px;\">Mise \u00e0 jour sur le syst\u00e8me de s\u00e9curit\u00e9 sociale appliqu\u00e9 au personnel d\u2019UNIDROIT (<a href=\"https:\/\/www.unidroit.org\/wp-content\/uploads\/2024\/11\/A.G.-84-9-MAJ-systeme-de-securite-sociale-site-Internet.pdf\" target=\"_blank\" rel=\"noopener\">A.G. (84) 9<\/a>)<\/td>\n<\/tr>\n<tr style=\"height: 24px;\">\n<td style=\"width: 3.42577%; height: 24px;\">13.<\/td>\n<td style=\"width: 96.5743%; height: 24px;\">Fonds de r\u00e9serve pour les retraites d\u2019UNIDROIT &#8211; Proposition d\u2019investissement sur les march\u00e9s financiers (A.G. (84) 10) (document confidentiel)<\/td>\n<\/tr>\n<tr style=\"height: 24px;\">\n<td style=\"width: 3.42577%; height: 24px;\">14.<\/td>\n<td style=\"width: 96.5743%; height: 24px;\">Contributions sp\u00e9ciales pour le centenaire d\u2019UNIDROIT (<a href=\"https:\/\/www.unidroit.org\/wp-content\/uploads\/2024\/11\/A.G.-84-11-Contributions-speciales-centenaire.pdf\" target=\"_blank\" rel=\"noopener\">A.G. (84) 11<\/a>)<\/td>\n<\/tr>\n<tr style=\"height: 23px;\">\n<td style=\"width: 3.42577%; height: 23px;\">15.<\/td>\n<td style=\"width: 96.5743%; height: 23px;\">Divers.<\/td>\n<\/tr>\n<\/tbody>\n<\/table>\n<p>[\/vc_column_text][\/vc_column][\/vc_row]<\/p>\n<\/div>","protected":false},"excerpt":{"rendered":"<p>[vc_row][vc_column css=&#8221;.vc_custom_1490017614850{margin-bottom: 30px !important;}&#8221;][vc_custom_heading text=&#8221;84\u00e8me SESSION (ROME, 12 D\u00c9CEMBRE 2024)&#8221; font_container=&#8221;tag:h1|text_align:left&#8221; use_theme_fonts=&#8221;yes&#8221; css=&#8221;.vc_custom_1698162223593{margin-top: 0px !important;margin-bottom: 20px !important;}&#8221;][vc_column_text css=&#8221;.vc_custom_1707830530212{padding-top: 35px !important;padding-right: 35px !important;padding-bottom: 35px !important;padding-left: 35px !important;background-color: #f2f2f2 !important;}&#8221;] Documents Rapport (A.G. (84) 12) *\u00a0 \u00a0 \u00a0*\u00a0 \u00a0 \u00a0* 1. Ouverture de la session par le&nbsp;<a href=\"https:\/\/www.unidroit.org\/fr\/reunions\/assemblee-generale\/84eme-session-rome-12-decembre-2024\/\">&hellip;<\/a><\/p>\n","protected":false},"author":15,"featured_media":0,"parent":4888,"menu_order":0,"comment_status":"closed","ping_status":"closed","template":"","meta":{"ep_exclude_from_search":false,"footnotes":""},"class_list":["post-29439","page","type-page","status-publish","format-standard","hentry","odd"],"_links":{"self":[{"href":"https:\/\/www.unidroit.org\/fr\/wp-json\/wp\/v2\/pages\/29439","targetHints":{"allow":["GET"]}}],"collection":[{"href":"https:\/\/www.unidroit.org\/fr\/wp-json\/wp\/v2\/pages"}],"about":[{"href":"https:\/\/www.unidroit.org\/fr\/wp-json\/wp\/v2\/types\/page"}],"author":[{"embeddable":true,"href":"https:\/\/www.unidroit.org\/fr\/wp-json\/wp\/v2\/users\/15"}],"replies":[{"embeddable":true,"href":"https:\/\/www.unidroit.org\/fr\/wp-json\/wp\/v2\/comments?post=29439"}],"version-history":[{"count":9,"href":"https:\/\/www.unidroit.org\/fr\/wp-json\/wp\/v2\/pages\/29439\/revisions"}],"predecessor-version":[{"id":32016,"href":"https:\/\/www.unidroit.org\/fr\/wp-json\/wp\/v2\/pages\/29439\/revisions\/32016"}],"up":[{"embeddable":true,"href":"https:\/\/www.unidroit.org\/fr\/wp-json\/wp\/v2\/pages\/4888"}],"wp:attachment":[{"href":"https:\/\/www.unidroit.org\/fr\/wp-json\/wp\/v2\/media?parent=29439"}],"curies":[{"name":"wp","href":"https:\/\/api.w.org\/{rel}","templated":true}]}}