{"id":29645,"date":"2024-11-25T16:42:33","date_gmt":"2024-11-25T15:42:33","guid":{"rendered":"https:\/\/www.unidroit.org\/instruments\/garanties-internationales\/protocole-mac\/etat\/d-paraguay\/"},"modified":"2024-11-25T16:46:48","modified_gmt":"2024-11-25T15:46:48","slug":"d-paraguay","status":"publish","type":"page","link":"https:\/\/www.unidroit.org\/fr\/instruments\/garanties-internationales\/protocole-mac\/etat\/d-paraguay\/","title":{"rendered":"D-Paraguay"},"content":{"rendered":"<div class=\"wpb-content-wrapper\"><p>[vc_row][vc_column css=&#8221;.vc_custom_1490017614850{margin-bottom: 30px !important;}&#8221;][vc_custom_heading text=&#8221;D&#8221; font_container=&#8221;tag:h1|text_align:left&#8221; use_theme_fonts=&#8221;yes&#8221; css=&#8221;.vc_custom_1625938548065{margin-top: 0px !important;margin-bottom: 20px !important;}&#8221;][vc_custom_heading text=&#8221;D\u00c9CLARATIONS D\u00c9POS\u00c9ES PAR LA R\u00c9PUBLIQUE DU PARAGUAY EN VERTU DU PROTOCOLE MAC AU MOMENT DU D\u00c9P\u00d4T DE SON INSTRUMENT DE RATIFICATION&#8221; font_container=&#8221;tag:h4|text_align:left&#8221; use_theme_fonts=&#8221;yes&#8221;][\/vc_column][\/vc_row][vc_row css=&#8221;.vc_custom_1622455036974{background-color: #f2f2f2 !important;}&#8221;][vc_column css=&#8221;.vc_custom_1490017614850{margin-bottom: 30px !important;}&#8221;][vc_column_text]<\/p>\n<p style=\"text-align: center;\"><strong>D\u00c9CLARATIONS <\/strong><\/p>\n<p style=\"text-align: center;\"><strong>D\u00c9POS\u00c9ES PAR LA R\u00c9PUBLIQUE DU PARAGUAY EN VERTU DU PROTOCOLE MAC AU MOMENT DU D\u00c9P\u00d4T DE SON INSTRUMENT DE RATIFICATION<\/strong><\/p>\n<p>&nbsp;<\/p>\n<p style=\"text-align: justify;\"><strong>D\u00e9claration relative \u00e0 l\u2019article VII(2)<\/strong><\/p>\n<p style=\"text-align: justify;\">La R\u00e9publique du Paraguay d\u00e9clare qu\u2019elle appliquera l\u2019article VII, Variante A, dans son int\u00e9gralit\u00e9 en ce qui concerne les garanties internationales portant sur des mat\u00e9riels d\u2019\u00e9quipement rattach\u00e9s \u00e0 un bien immobilier qui est situ\u00e9 dans la R\u00e9publique du Paraguay.<\/p>\n<p>&nbsp;<\/p>\n<p style=\"text-align: justify;\"><strong>D\u00e9claration relative \u00e0 l\u2019article XXVIII(1) en ce qui concerne l\u2019article VI<\/strong><\/p>\n<p style=\"text-align: justify;\">La R\u00e9publique du Paraguay d\u00e9clare qu\u2019elle appliquera l\u2019article VI.<\/p>\n<p>&nbsp;<\/p>\n<p style=\"text-align: justify;\"><strong>D\u00e9claration relative \u00e0 l\u2019article XXVIII (1) en ce qui concerne l\u2019article XI<\/strong><\/p>\n<p style=\"text-align: justify;\">La R\u00e9publique du Paraguay d\u00e9clare qu\u2019elle appliquera l\u2019article XI.<\/p>\n<p>&nbsp;<\/p>\n<p style=\"text-align: justify;\"><strong>D\u00e9claration relative \u00e0 l\u2019article XXVIII(2), en ce qui concerne l\u2019article IX, qui pr\u00e9voit l\u2019application de l\u2019article IX dans son int\u00e9gralit\u00e9<\/strong><\/p>\n<p style=\"text-align: justify;\">La R\u00e9publique du Paraguay d\u00e9clare qu\u2019elle appliquera l\u2019article IX dans son int\u00e9gralit\u00e9 et que le nombre de jours aux fins des d\u00e9lais pr\u00e9vus au paragraphe 2 de l\u2019article IX sera, en ce qui concerne les mesures judiciaires pr\u00e9vues aux alin\u00e9as a), b), c), d), et e) du paragraphe 1 de l\u2019article 13 de la Convention (conservation du bien et de sa valeur; possession, contr\u00f4le ou garde du bien; immobilisation du bien; la location ou la gestion du bien et de ses produits; la vente et l\u2019affectation des produits de la vente), de dix (10) jours calendaires pour les proc\u00e9dures judiciaires relatives \u00e0 l\u2019exercice des voies de droit en vertu de l\u2019article 13, paragraphe 1, alin\u00e9as a) \u00e0 c) et de trente (30) jours calendaires pour les proc\u00e9dures judiciaires relatives \u00e0 l\u2019exercice des voies de droit en vertu de l\u2019article 13, paragraphe 1, alin\u00e9as d) et e).<\/p>\n<p>&nbsp;<\/p>\n<p style=\"text-align: justify;\"><strong>D\u00e9claration relative \u00e0 l\u2019article XXVIII (3), qui pr\u00e9voit l\u2019application de l\u2019article X dans son int\u00e9gralit\u00e9 \u00e0 tous les types de proc\u00e9dures d\u2019insolvabilit\u00e9<\/strong><\/p>\n<p style=\"text-align: justify;\">La R\u00e9publique du Paraguay d\u00e9clare qu\u2019elle appliquera l\u2019article X dans son int\u00e9gralit\u00e9 \u00e0 tous les types de proc\u00e9dures d\u2019insolvabilit\u00e9 et que le d\u00e9lai d\u2019attente aux fins de l\u2019article X sera de trente (30) jours civils.<\/p>\n<p>[\/vc_column_text][\/vc_column][\/vc_row][vc_row][vc_column][vc_empty_space height=&#8221;10px&#8221;][\/vc_column][\/vc_row]<\/p>\n<\/div>","protected":false},"excerpt":{"rendered":"<p>[vc_row][vc_column css=&#8221;.vc_custom_1490017614850{margin-bottom: 30px !important;}&#8221;][vc_custom_heading text=&#8221;D&#8221; font_container=&#8221;tag:h1|text_align:left&#8221; use_theme_fonts=&#8221;yes&#8221; css=&#8221;.vc_custom_1625938548065{margin-top: 0px !important;margin-bottom: 20px !important;}&#8221;][vc_custom_heading text=&#8221;D\u00c9CLARATIONS D\u00c9POS\u00c9ES PAR LA R\u00c9PUBLIQUE DU PARAGUAY EN VERTU DU PROTOCOLE MAC AU MOMENT DU D\u00c9P\u00d4T DE SON INSTRUMENT DE RATIFICATION&#8221; font_container=&#8221;tag:h4|text_align:left&#8221; use_theme_fonts=&#8221;yes&#8221;][\/vc_column][\/vc_row][vc_row css=&#8221;.vc_custom_1622455036974{background-color: #f2f2f2 !important;}&#8221;][vc_column css=&#8221;.vc_custom_1490017614850{margin-bottom: 30px !important;}&#8221;][vc_column_text] D\u00c9CLARATIONS D\u00c9POS\u00c9ES PAR LA&nbsp;<a href=\"https:\/\/www.unidroit.org\/fr\/instruments\/garanties-internationales\/protocole-mac\/etat\/d-paraguay\/\">&hellip;<\/a><\/p>\n","protected":false},"author":19,"featured_media":0,"parent":8480,"menu_order":0,"comment_status":"closed","ping_status":"closed","template":"","meta":{"ep_exclude_from_search":false,"footnotes":""},"class_list":["post-29645","page","type-page","status-publish","format-standard","hentry","odd"],"_links":{"self":[{"href":"https:\/\/www.unidroit.org\/fr\/wp-json\/wp\/v2\/pages\/29645","targetHints":{"allow":["GET"]}}],"collection":[{"href":"https:\/\/www.unidroit.org\/fr\/wp-json\/wp\/v2\/pages"}],"about":[{"href":"https:\/\/www.unidroit.org\/fr\/wp-json\/wp\/v2\/types\/page"}],"author":[{"embeddable":true,"href":"https:\/\/www.unidroit.org\/fr\/wp-json\/wp\/v2\/users\/19"}],"replies":[{"embeddable":true,"href":"https:\/\/www.unidroit.org\/fr\/wp-json\/wp\/v2\/comments?post=29645"}],"version-history":[{"count":5,"href":"https:\/\/www.unidroit.org\/fr\/wp-json\/wp\/v2\/pages\/29645\/revisions"}],"predecessor-version":[{"id":29650,"href":"https:\/\/www.unidroit.org\/fr\/wp-json\/wp\/v2\/pages\/29645\/revisions\/29650"}],"up":[{"embeddable":true,"href":"https:\/\/www.unidroit.org\/fr\/wp-json\/wp\/v2\/pages\/8480"}],"wp:attachment":[{"href":"https:\/\/www.unidroit.org\/fr\/wp-json\/wp\/v2\/media?parent=29645"}],"curies":[{"name":"wp","href":"https:\/\/api.w.org\/{rel}","templated":true}]}}