{"id":30843,"date":"2021-08-05T12:54:01","date_gmt":"2021-08-05T10:54:01","guid":{"rendered":"https:\/\/www.unidroit.org\/?page_id=30843"},"modified":"2025-02-11T12:33:00","modified_gmt":"2025-02-11T11:33:00","slug":"droit-et-technologie","status":"publish","type":"page","link":"https:\/\/www.unidroit.org\/fr\/etudes\/droit-et-technologie\/","title":{"rendered":"Droit et technologie"},"content":{"rendered":"<div class=\"wpb-content-wrapper\"><p>[vc_row][vc_column css=&#8221;.vc_custom_1490017614850{margin-bottom: 30px !important;}&#8221;][vc_custom_heading text=&#8221;DROIT ET TECHNOLOGIE&#8221; font_container=&#8221;tag:h1|text_align:left&#8221; use_theme_fonts=&#8221;yes&#8221; css=&#8221;.vc_custom_1738927859068{margin-top: 0px !important;margin-bottom: 20px !important;}&#8221;][\/vc_column][\/vc_row][vc_row css=&#8221;.vc_custom_1622455036974{background-color: #f2f2f2 !important;}&#8221;][vc_column css=&#8221;.vc_custom_1490017614850{margin-bottom: 30px !important;}&#8221;][vc_column_text css=&#8221;&#8221;]\u00c9tude LXXXII &#8211; Actifs num\u00e9riques et droit priv\u00e9 (2020 &#8211; 2023)<br \/>\n\u00c9tude LXXXIIA &#8211; Projet HCCH-UNIDROIT sur la loi applicable aux d\u00e9tentions et transferts transfronti\u00e8res d\u2019actifs num\u00e9riques et de jetons (2023)<br \/>\n\u00c9tude LXXXVI &#8211; Nature juridique des cr\u00e9dits carbone v\u00e9rifi\u00e9s (2022 \u2013 )[\/vc_column_text][\/vc_column][\/vc_row][vc_row][vc_column][vc_empty_space height=&#8221;10px&#8221;][\/vc_column][\/vc_row][vc_row css=&#8221;.vc_custom_1456742899760{margin-bottom: 50px !important;}&#8221;][vc_column css=&#8221;.vc_custom_1491470213593{margin-bottom: 0px !important;}&#8221;][vc_tta_accordion shape=&#8221;square&#8221; color=&#8221;white&#8221; active_section=&#8221;&#8221; collapsible_all=&#8221;true&#8221; el_class=&#8221;wh-accordion&#8221; css=&#8221;.vc_custom_1620737860528{margin-bottom: 0px !important;}&#8221;][vc_tta_section title=&#8221;\u00c9TUDE LXXXII &#8211; PROJET SUR LES ACTIFS NUM\u00c9RIQUES ET LE DROIT PRIV\u00c9 (2020 &#8211; 2023)&#8221; tab_id=&#8221;1622928536627-322c50ef-8416&#8243;][vc_column_text css=&#8221;&#8221;]<strong>1<sup>\u00e8re<\/sup>\u00a0r\u00e9union du Groupe de travail<\/strong><\/p>\n<p>La premi\u00e8re r\u00e9union du Groupe de travail hybride a eu lieu du 17 au 19 novembre 2020.<\/p>\n<ul>\n<li><a href=\"https:\/\/www.unidroit.org\/english\/documents\/2020\/study82\/wg01\/s-82-wg01-01-e.pdf\">Study LXXXII \u2013 W.G.1 \u2013 Doc. 1 :<\/a>\u00a0Annotated agenda<\/li>\n<li><a href=\"https:\/\/www.unidroit.org\/english\/documents\/2020\/study82\/wg01\/s-82-wg01-02-e.pdf\">Study LXXXII \u2013 W.G.1 \u2013 Doc. 2 :<\/a>\u00a0Issues Paper<\/li>\n<li><a href=\"https:\/\/www.unidroit.org\/english\/documents\/2021\/study82\/wg01\/s-82-wg01-03-e.pdf\">Study LXXXII \u2013 W.G.1 \u2013 Doc. 3<\/a>\u00a0: Summary Report of the<br \/>\nExploratory Workshop (17 \u2013 18 September 2020)<\/li>\n<li><a href=\"https:\/\/www.unidroit.org\/english\/documents\/2021\/study82\/wg01\/s-82-wg01-04-e.pdf\">Study LXXXII \u2013 W.G.1 \u2013 Doc. 4<\/a>\u00a0: Summary Report of the 1st session<\/li>\n<\/ul>\n<p>&nbsp;<\/p>\n<p><strong>2<sup>\u00e8me<\/sup>\u00a0r\u00e9union du Groupe de travail<\/strong><\/p>\n<p>La deuxi\u00e8me r\u00e9union du Groupe de travail hybride a eu lieu du 16 au 18 mars 2021.<\/p>\n<ul>\n<li><a href=\"https:\/\/www.unidroit.org\/english\/documents\/2021\/study82\/wg02\/s-82-wg02-01-e.pdf\">Study LXXXII \u2013 W.G.2 \u2013 Doc. 1<\/a>: Annotated agenda<\/li>\n<li><a href=\"https:\/\/www.unidroit.org\/english\/documents\/2021\/study82\/wg02\/s-82-wg02-02rev-01-e.pdf\">Study LXXXII \u2013 W.G.2 \u2013 Doc. 2<\/a>: Revised Issues Paper (rev. 1)<\/li>\n<li><a href=\"https:\/\/www.unidroit.org\/english\/documents\/2021\/study82\/wg02\/s-82-wg02-03-e.pdf\">Study LXXXII \u2013 W.G.2 \u2013 Doc. 3:<\/a>\u00a0Summary Report of the 2nd session<\/li>\n<\/ul>\n<p>&nbsp;<\/p>\n<p><strong>3<sup>\u00e8me<\/sup>\u00a0r\u00e9union du Groupe de travail<\/strong><\/p>\n<p>La troisi\u00e8me r\u00e9union du Groupe de travail hybride a eu lieu du 30 juin au 2 juillet 2021.<\/p>\n<ul>\n<li><a href=\"https:\/\/www.unidroit.org\/english\/documents\/2021\/study82\/wg03\/s-82-wg03-01-rev01-e.pdf\">Study LXXXII \u2013 W.G.3 \u2013 Doc. 1<\/a>: Annotated agenda (rev. 1)<\/li>\n<li><a href=\"https:\/\/www.unidroit.org\/english\/documents\/2021\/study82\/wg03\/s-82-wg03-02-rev01-e.pdf\">Study LXXXII \u2013 W.G.3 \u2013 Doc. 2<\/a>: Revised Issues Paper (rev. 1)<\/li>\n<li><a href=\"https:\/\/www.unidroit.org\/english\/documents\/2021\/study82\/wg03\/s-82-wg03-04-e.pdf\">Study LXXXII \u2013 W.G.3 \u2013 Doc. 4<\/a>: Summary Report of the 3<sup>rd<\/sup>\u00a0session<\/li>\n<\/ul>\n<p>&nbsp;<\/p>\n<p><strong>4<sup>\u00e8me<\/sup>\u00a0r\u00e9union du Groupe de travail<\/strong><\/p>\n<p>La quatri\u00e8me r\u00e9union du Groupe de travail hybride a eu lieu du 2 au 4 novembre 2021.<\/p>\n<ul>\n<li><a href=\"https:\/\/www.unidroit.org\/wp-content\/uploads\/2021\/11\/Study-82-WG4-Doc.-1-Draft-Annotated-Agenda-Website.pdf\">Study LXXXII \u2013 W.G.4 \u2013 Doc. 1<\/a>: Annotated agenda<\/li>\n<li><a href=\"https:\/\/www.unidroit.org\/wp-content\/uploads\/2021\/11\/Study-82-WG4-Doc.-2-Revised-Issues-Paper-1.pdf\">Study LXXXII \u2013 W.G.4 \u2013 Doc. 2<\/a>: Revised Issues Paper<\/li>\n<li><a href=\"https:\/\/www.unidroit.org\/wp-content\/uploads\/2022\/12\/Study-82-WG4-Doc.-3-Summary-Report.pdf\">Study LXXXII \u2013 W.G.4 \u2013 Doc. 3<\/a>: Summary Report of the 4<sup>th<\/sup>\u00a0session<\/li>\n<\/ul>\n<p>&nbsp;<\/p>\n<p><strong>5<sup>\u00e8me<\/sup>\u00a0r\u00e9union du Groupe de travail<\/strong><\/p>\n<p>La cinqui\u00e8me r\u00e9union du Groupe de travail hybride s\u2019est tenue du 7 au 9 mars 2022.<\/p>\n<ul>\n<li><a href=\"https:\/\/www.unidroit.org\/wp-content\/uploads\/2022\/03\/W.G.5.-Doc.-1-Annotated-Agenda-Website.pdf\">Study LXXXII \u2013 W.G.5 \u2013 Doc. 1<\/a>: Annotated Agenda<\/li>\n<li><a href=\"https:\/\/www.unidroit.org\/wp-content\/uploads\/2022\/03\/W.G.5.-Doc.-2-Master-Copy-of-the-Black-Letter-Principles-Comparison.pdf\">Study LXXXII \u2013 W.G.5 \u2013 Doc. 2<\/a>: Master Copy of the Black Letter Principles (Comparison)<\/li>\n<li><a href=\"https:\/\/www.unidroit.org\/wp-content\/uploads\/2022\/03\/W.G.5.-Doc.-3-Master-Copy-Principles-plus-Comments-with-Questions.pdf\">Study LXXXII \u2013 W.G.5 \u2013 Doc. 3<\/a>: Master Copy of the Principles plus Commentary (with Questions)<\/li>\n<li><a href=\"https:\/\/www.unidroit.org\/wp-content\/uploads\/2022\/12\/Study-82-WG5-Doc.-4-Summary-Report-of-the-5th-session-Final.pdf\">Study LXXXII \u2013 W.G.5 \u2013 Doc. 4<\/a>: Summary Report of the 5<sup>th<\/sup>\u00a0session<\/li>\n<\/ul>\n<p>&nbsp;<\/p>\n<p><strong>6<sup>\u00e8me<\/sup>\u00a0r\u00e9union du Groupe de travail<br \/>\n<\/strong><\/p>\n<p>La sixi\u00e8me r\u00e9union du Groupe de travail hybride s\u2019est tenue du 31 ao\u00fbt au 2 septembre 2022.<\/p>\n<ul>\n<li><a href=\"https:\/\/www.unidroit.org\/wp-content\/uploads\/2022\/08\/W.G.6.-Doc.-1-Annotated-Agenda-Website-1.pdf\">Study LXXXII \u2013 W.G.6 \u2013 Doc. 1<\/a>: Annotated Agenda<\/li>\n<li><a href=\"https:\/\/www.unidroit.org\/wp-content\/uploads\/2022\/08\/W.G.6-Doc.-2-Master-Copy-of-the-Draft-Principles-and-Comments-clean.pdf\">Study LXXXII \u2013 W.G.6 \u2013 Doc. 2<\/a>: Master Copy of the Draft Principles and Comments<\/li>\n<li><a href=\"https:\/\/www.unidroit.org\/wp-content\/uploads\/2022\/08\/W.G.6-Doc.-3-Tracked-Principles-and-Issues-Paper.pdf\">Study LXXXII \u2013 W.G.6 \u2013 Doc. 3<\/a>: Tracked Principles and Issues Paper<\/li>\n<li><a href=\"https:\/\/www.unidroit.org\/wp-content\/uploads\/2022\/09\/W.G.6-Doc.-3-Compared-Version-with-Issues-Paper-ANNEX.pdf\">Study LXXXII \u2013 W.G.6\u00a0 \u2013\u00a0 Doc. 3 Annex\u00a0<\/a>(Comments received by the Steering Committee)<\/li>\n<li><a href=\"https:\/\/www.unidroit.org\/wp-content\/uploads\/2022\/12\/W.G.6-Doc.-4-Summary-Report-of-the-6th-Session.pdf\">Study LXXXII \u2013 W.G.6 \u2013 Doc. 4<\/a>: Summary Report of the 6<sup>th<\/sup>\u00a0session<\/li>\n<\/ul>\n<p>&nbsp;<\/p>\n<p><strong>7<sup>\u00e8me<\/sup>\u00a0r\u00e9union du Groupe de travail<\/strong><\/p>\n<p>La septi\u00e8me r\u00e9union du Groupe de travail hybride s\u2019est tenue du 19 au 21 d\u00e9cembre 2022.<\/p>\n<ul>\n<li><a href=\"https:\/\/www.unidroit.org\/wp-content\/uploads\/2022\/12\/W.G.7-Doc.-1-Annotated-Agenda.pdf\">Study LXXXII \u2013 W.G.7 \u2013 Doc. 1<\/a>: Annotated Agenda<\/li>\n<li><a href=\"https:\/\/www.unidroit.org\/wp-content\/uploads\/2022\/12\/W.G.7-Doc.-2-Draft-Principles-and-Commentary.pdf\">Study\u00a0LXXXII \u2013 W.G.7 \u2013 Doc. 2<\/a>: Draft Principles and Commentary<\/li>\n<li><a href=\"https:\/\/www.unidroit.org\/wp-content\/uploads\/2022\/12\/W.G.7-Doc.-3-Issues-Paper.pdf\">Study LXXXII<\/a><a href=\"https:\/\/www.unidroit.org\/wp-content\/uploads\/2022\/12\/W.G.7-Doc.-2-Draft-Principles-and-Commentary.pdf\">\u00a0\u2013\u00a0<\/a><a href=\"https:\/\/www.unidroit.org\/wp-content\/uploads\/2022\/12\/W.G.7-Doc.-3-Issues-Paper.pdf\">W.G.7<\/a><a href=\"https:\/\/www.unidroit.org\/wp-content\/uploads\/2022\/12\/W.G.7-Doc.-2-Draft-Principles-and-Commentary.pdf\">\u00a0\u2013\u00a0<\/a><a href=\"https:\/\/www.unidroit.org\/wp-content\/uploads\/2022\/12\/W.G.7-Doc.-3-Issues-Paper.pdf\">Doc. 3<\/a>: Issues Paper<\/li>\n<li><a href=\"https:\/\/www.unidroit.org\/wp-content\/uploads\/2022\/12\/W.G.7-Doc.-4-Section-VI-Enforcement.pdf\">Study LXXXII \u2013\u00a0W.G.7\u00a0\u2013\u00a0Doc. 4<\/a>: Section IV: Enforcement<\/li>\n<li><a href=\"https:\/\/www.unidroit.org\/wp-content\/uploads\/2023\/03\/W.G.7-Doc.-5-Summary-Report-of-the-7th-Session-1.pdf\">Study LXXXII \u2013 W.G.7 \u2013 Doc. 5<\/a>: Summary Report of the 7<sup>th<\/sup>\u00a0session<\/li>\n<\/ul>\n<p>&nbsp;<\/p>\n<p><strong>8<sup>\u00e8me<\/sup>\u00a0r\u00e9union du Groupe de travail<\/strong><\/p>\n<p>La huiti\u00e8me r\u00e9union du Groupe de travail hybride s\u2019est tenue du 8 au 10 mars 2023.<\/p>\n<ul>\n<li><a href=\"https:\/\/www.unidroit.org\/wp-content\/uploads\/2023\/02\/W.G.8-Doc.-1-Annotated-Agenda-web-site.pdf\">Study LXXXII \u2013\u00a0W.G.8 \u2013\u00a0Doc. 1<\/a>: Annotated Agenda<\/li>\n<li><a href=\"https:\/\/www.unidroit.org\/wp-content\/uploads\/2023\/03\/W.G.8-Doc.-2-Draft-Principles-and-Commentary-Clean.pdf\">Study LXXXII \u2013 W.G.8 \u2013 Doc. 2<\/a>: Draft Principles and Commentary (clean)<\/li>\n<li><a href=\"https:\/\/www.unidroit.org\/wp-content\/uploads\/2023\/03\/W.G.8-Doc.-3-Draft-Principles-and-Commentary-Compared.pdf\">Study LXXXII \u2013 W.G.8 \u2013 Doc. 3<\/a>: Draft Principles and Commentary (compared)<\/li>\n<li><a href=\"https:\/\/www.unidroit.org\/wp-content\/uploads\/2023\/03\/W.G.8-Doc.-4-Public-Consultation-Comments-with-Annexes-1.pdf\">Study LXXXII \u2013 W.G.8 \u2013 Doc. 4<\/a>: Public Consultation Comments<\/li>\n<li><a href=\"https:\/\/www.unidroit.org\/wp-content\/uploads\/2023\/03\/W.G.8-Doc.-5-Principle-13-%E2%80%93-Amended-1.pdf\">Study LXXXII \u2013 W.G.8 \u2013 Doc. 5<\/a>: Principle 13 \u2013 Amended<\/li>\n<li><a href=\"https:\/\/www.unidroit.org\/wp-content\/uploads\/2023\/03\/W.G.8-Doc.-6-Tracked-and-Updated-Principle-5.pdf\">Study LXXXII \u2013 W.G.8 \u2013 Doc. 6<\/a>: Tracked and updated Principle 5<\/li>\n<\/ul>\n<p>UNIDROIT a men\u00e9 une consultation publique sur le projet des Principes d\u2019UNIDROIT relatifs aux actifs num\u00e9riques et au droit priv\u00e9. Pour plus d\u2019informations, veuillez voir:\u00a0\u00a0<a href=\"https:\/\/www.unidroit.org\/fr\/travaux-en-cours\/actifs-numeriques\/actifs-numeriques-et-droit-prive-consultation-publique\/\">Actifs num\u00e9riques et droit priv\u00e9<\/a>. Les r\u00e9sultats de la consultation ont \u00e9t\u00e9 discut\u00e9s lors de la 8\u00e8me session du Groupe de travail.[\/vc_column_text][\/vc_tta_section][vc_tta_section title=&#8221;\u00c9TUDE LXXXIIA &#8211; PROJET HCCH-UNIDROIT SUR LA LOI APPLICABLE AUX D\u00c9TENTIONS ET TRANSFERTS TRANSFRONTI\u00c8RES D\u2019ACTIFS NUM\u00c9RIQUES ET DE JETONS (2023)&#8221; tab_id=&#8221;1456405893720-a55ec26a-b30a&#8221;][vc_column_text css=&#8221;&#8221;]<\/p>\n<p style=\"text-align: justify;\">Les travaux exploratoires et pr\u00e9paratoires relatifs au Projet HCCH-UNIDROIT sur la loi applicable aux d\u00e9tentions et transferts transfronti\u00e8res d\u2019actifs num\u00e9riques et de jetons ont \u00e9t\u00e9 formellement approuv\u00e9s par le Conseil sur les affaires g\u00e9n\u00e9rales et la politique (CAGP) de la Conf\u00e9rence de la Haye de droit international priv\u00e9 (HCCH) en mars 2023 et par le Conseil de Direction en mai 2023, sur la base de\u00a0<a href=\"https:\/\/www.unidroit.org\/wp-content\/uploads\/2023\/05\/C.D.-102-12-HCCH-UNIDROIT-loi-applicable-actifs-numeriques-et-jetons.pdf\">la proposition du Projet telle que pr\u00e9sent\u00e9e \u00e0 la 102<sup>\u00e8me<\/sup>\u00a0session du Conseil de Direction d\u2019UNIDROIT<\/a>.<\/p>\n<p style=\"text-align: justify;\">Le projet visait \u00e0 explorer les possibilit\u00e9s de travaux futurs sur les questions de droit international priv\u00e9 li\u00e9es aux actifs num\u00e9riques. Il devait s\u2019appuyer sur le Principe 5 des Principes d\u2019UNIDROIT relatifs aux actifs num\u00e9riques et droit priv\u00e9 (<a href=\"https:\/\/www.unidroit.org\/fr\/instruments\/actifs-numeriques-et-droit-prive\/\">Principes ANDP<\/a>), en compl\u00e9tant les travaux d\u2019UNIDROIT par des orientations suppl\u00e9mentaires et plus d\u00e9taill\u00e9es.<\/p>\n<p style=\"text-align: justify;\">Suite \u00e0 son approbation, les participants d\u00e9sign\u00e9s par les deux Secr\u00e9tariats ont explor\u00e9 la faisabilit\u00e9 de travaux conjoints sur la loi applicable aux d\u00e9tentions et transferts transfronti\u00e8res d\u2019actifs num\u00e9riques et de jetons \u00e0 l\u2019occasion de deux r\u00e9unions pr\u00e9paratoires. La premi\u00e8re r\u00e9union pr\u00e9paratoire a eu lieu le 12 juin 2023 dans les locaux de la HCCH \u00e0 La Haye, tandis que la deuxi\u00e8me r\u00e9union pr\u00e9paratoire s\u2019est tenue du 2 au 4 octobre 2023 au si\u00e8ge d\u2019UNIDROIT \u00e0 Rome.\u00a0 Au cours de ces r\u00e9unions, les experts ont engag\u00e9 des discussions approfondies sur des questions cl\u00e9s de la loi applicable, notamment en ce qui concerne les actifs li\u00e9s, les transferts, les op\u00e9rations garanties et la garde des actifs num\u00e9riques. Ils ont \u00e9galement examin\u00e9 le r\u00f4le de l\u2019autonomie des parties et la pertinence des diff\u00e9rents facteurs de rattachement dans les affaires transfronti\u00e8res. Ces travaux ont \u00e9t\u00e9 con\u00e7us un prolongement naturel des\u00a0Principes ANDP, visant \u00e0 les compl\u00e9ter et \u00e0 renforcer leur port\u00e9e.<\/p>\n<p style=\"text-align: justify;\">Finalement, les travaux exploratoires ont \u00e9t\u00e9 men\u00e9s \u00e0 bien et le projet a \u00e9t\u00e9 abandonn\u00e9. Le Rapport sommaire est disponible <a href=\"https:\/\/www.unidroit.org\/wp-content\/uploads\/2024\/02\/Study-LXXXIIA-P.M.-2-Doc.-3-Summary-Report.pdf\">ici<\/a> (en anglais).<\/p>\n<p>[\/vc_column_text][\/vc_tta_section][vc_tta_section title=&#8221;\u00c9TUDE LXXXVI \u2013 NATURE JURIDIQUE DES CR\u00c9DITS CARBONE V\u00c9RIFI\u00c9S (2022 \u2013 )&#8221; tab_id=&#8221;1488897069871-af7a84cf-bd9a&#8221;][vc_column_text css=&#8221;&#8221;]<\/p>\n<p style=\"text-align: justify;\">Lors de sa 101<sup>\u00e8me<\/sup> session (Rome, 8-10 juin 2022), le Conseil de Direction d\u2019UNIDROIT a recommand\u00e9 \u00e0 l\u2019unanimit\u00e9 l\u2019inclusion d\u2019un projet sur la nature juridique des cr\u00e9dits carbone volontaires dans le Programme de travail 2023-2025 d\u2019UNIDROIT, avec une priorit\u00e9 \u00e9lev\u00e9e (voir paras 50-60, <a href=\"https:\/\/www.unidroit.org\/wp-content\/uploads\/2022\/09\/C.D.-101-4-Propositions-nouveau-Programme-de-travail-2023-2025.pdf\">UNIDROIT 2022 \u2013 C.D. (101) 4<\/a>). La recommandation du Conseil de Direction a \u00e9t\u00e9 approuv\u00e9e \u00e0 l\u2019unanimit\u00e9 par l\u2019Assembl\u00e9e G\u00e9n\u00e9rale d\u2019UNIDROIT lors de sa 81<sup>\u00e8me<\/sup> session (Rome, 15 d\u00e9cembre 2022) (voir paras 75-78, <a href=\"https:\/\/www.unidroit.org\/wp-content\/uploads\/2022\/11\/A.G.-81-3-Adoption-du-Programme-de-travail-2023-2025-FINAL.pdf\">UNIDROIT 2022 \u2013 A.G. (81) 3<\/a>). Lors de sa 102<sup> \u00e8me<\/sup> session en mai 2023, le Conseil de Direction a confirm\u00e9 l\u2019autorisation du Secr\u00e9tariat de constituer un Groupe de travail, en collaboration avec le Groupe de la Banque mondiale, charg\u00e9 d\u2019\u00e9laborer un instrument de droit international pour fournir des orientations sur la nature juridique et d\u2019autres aspects de droit priv\u00e9 des cr\u00e9dits carbone volontaires. Lors de sa 103<sup> \u00e8me<\/sup> session en mai 2024, le Conseil de Direction a approuv\u00e9 le remplacement du terme \u00a0\u201cvolontaire\u201d par \u00a0\u201cv\u00e9rifi\u00e9\u201d dans le titre du projet.<\/p>\n<p style=\"text-align: justify;\">Apr\u00e8s une premi\u00e8re consultation et des travaux exploratoires, un Groupe de travail a \u00e9t\u00e9 constitu\u00e9, compos\u00e9 de membres s\u00e9lectionn\u00e9s pour leur expertise dans les domaines de l\u2019\u00e9change de cr\u00e9dits carbone, du droit de l\u2019environnement, du droit de la propri\u00e9t\u00e9, du droit des contrats, des op\u00e9rations garanties et de la technologie num\u00e9rique. Le Groupe de travail est pr\u00e9sid\u00e9 par le Professeur Hideki Kanda, Professeur \u00e9m\u00e9rite \u00e0 l\u2019Universit\u00e9 de Tokyo et Membre du Conseil de Direction d\u2019UNIDROIT. Les progr\u00e8s du Groupe de travail peuvent \u00eatre suivis sur la page du projet \u201c<a href=\"https:\/\/www.unidroit.org\/fr\/travaux-en-cours\/nature-juridique-des-credits-carbone-verifies\/\">Nature juridique des cr\u00e9dits carbone v\u00e9rifi\u00e9s<\/a>\u201d.<\/p>\n<p>[\/vc_column_text][\/vc_tta_section][\/vc_tta_accordion][\/vc_column][\/vc_row]<\/p>\n<\/div>","protected":false},"excerpt":{"rendered":"<p>[vc_row][vc_column css=&#8221;.vc_custom_1490017614850{margin-bottom: 30px !important;}&#8221;][vc_custom_heading text=&#8221;DROIT ET TECHNOLOGIE&#8221; font_container=&#8221;tag:h1|text_align:left&#8221; use_theme_fonts=&#8221;yes&#8221; css=&#8221;.vc_custom_1738927859068{margin-top: 0px !important;margin-bottom: 20px !important;}&#8221;][\/vc_column][\/vc_row][vc_row css=&#8221;.vc_custom_1622455036974{background-color: #f2f2f2 !important;}&#8221;][vc_column css=&#8221;.vc_custom_1490017614850{margin-bottom: 30px !important;}&#8221;][vc_column_text css=&#8221;&#8221;]\u00c9tude LXXXII &#8211; Actifs num\u00e9riques et droit priv\u00e9 (2020 &#8211; 2023) \u00c9tude LXXXIIA &#8211; Projet HCCH-UNIDROIT sur la loi applicable aux d\u00e9tentions et transferts transfronti\u00e8res&nbsp;<a href=\"https:\/\/www.unidroit.org\/fr\/etudes\/droit-et-technologie\/\">&hellip;<\/a><\/p>\n","protected":false},"author":15,"featured_media":0,"parent":5175,"menu_order":0,"comment_status":"closed","ping_status":"closed","template":"","meta":{"ep_exclude_from_search":false,"footnotes":""},"class_list":["post-30843","page","type-page","status-publish","format-standard","hentry","odd"],"_links":{"self":[{"href":"https:\/\/www.unidroit.org\/fr\/wp-json\/wp\/v2\/pages\/30843","targetHints":{"allow":["GET"]}}],"collection":[{"href":"https:\/\/www.unidroit.org\/fr\/wp-json\/wp\/v2\/pages"}],"about":[{"href":"https:\/\/www.unidroit.org\/fr\/wp-json\/wp\/v2\/types\/page"}],"author":[{"embeddable":true,"href":"https:\/\/www.unidroit.org\/fr\/wp-json\/wp\/v2\/users\/15"}],"replies":[{"embeddable":true,"href":"https:\/\/www.unidroit.org\/fr\/wp-json\/wp\/v2\/comments?post=30843"}],"version-history":[{"count":6,"href":"https:\/\/www.unidroit.org\/fr\/wp-json\/wp\/v2\/pages\/30843\/revisions"}],"predecessor-version":[{"id":30906,"href":"https:\/\/www.unidroit.org\/fr\/wp-json\/wp\/v2\/pages\/30843\/revisions\/30906"}],"up":[{"embeddable":true,"href":"https:\/\/www.unidroit.org\/fr\/wp-json\/wp\/v2\/pages\/5175"}],"wp:attachment":[{"href":"https:\/\/www.unidroit.org\/fr\/wp-json\/wp\/v2\/media?parent=30843"}],"curies":[{"name":"wp","href":"https:\/\/api.w.org\/{rel}","templated":true}]}}