{"id":30965,"date":"2022-04-13T14:09:17","date_gmt":"2022-04-13T12:09:17","guid":{"rendered":"https:\/\/www.unidroit.org\/?page_id=30965"},"modified":"2025-03-05T09:48:30","modified_gmt":"2025-03-05T08:48:30","slug":"developpement-durable","status":"publish","type":"page","link":"https:\/\/www.unidroit.org\/fr\/developpement-durable\/","title":{"rendered":"D\u00e9veloppement durable"},"content":{"rendered":"<div class=\"wpb-content-wrapper\"><p>[vc_row][vc_column][vc_single_image image=&#8221;31408&#8243; img_size=&#8221;full&#8221; css=&#8221;&#8221;][\/vc_column][\/vc_row][vc_row][vc_column css=&#8221;.vc_custom_1490017614850{margin-bottom: 30px !important;}&#8221;][vc_custom_heading text=&#8221;D\u00c9VELOPPEMENT DURABLE&#8221; font_container=&#8221;tag:h1|text_align:left&#8221; use_theme_fonts=&#8221;yes&#8221; css=&#8221;.vc_custom_1739642677913{margin-top: 0px !important;margin-bottom: 20px !important;}&#8221;][vc_custom_heading text=&#8221;TRAVAUX ET INSTRUMENTS D\u2019UNIDROIT DANS LE DOMAINE DU D\u00c9VELOPPEMENT DURABLE&#8221; font_container=&#8221;tag:h4|text_align:left&#8221; use_theme_fonts=&#8221;yes&#8221; css=&#8221;&#8221;][\/vc_column][\/vc_row][vc_row css=&#8221;.vc_custom_1622455036974{background-color: #f2f2f2 !important;}&#8221;][vc_column css=&#8221;.vc_custom_1490017614850{margin-bottom: 30px !important;}&#8221;][vc_column_text css=&#8221;.vc_custom_1739802889540{padding-right: 35px !important;padding-left: 35px !important;background-color: #f2f2f2 !important;}&#8221;]<\/p>\n<p style=\"text-align: justify;\">Dans le cadre de son engagement en faveur du d\u00e9veloppement durable, UNIDROIT a int\u00e9gr\u00e9 \u00e0 son programme de travail 2023-2025 un projet portant sur les cr\u00e9dits carbone v\u00e9rifi\u00e9s (CCV). Sur proposition de l\u2019<em>International Swaps and Derivatives Association<\/em> (ISDA) et avec le soutien du Gouvernement du Paraguay, le Conseil de Direction d\u2019UNIDROIT a recommand\u00e9 son inclusion lors de sa 101\u00e8me session en 2022. Cette recommandation a ensuite \u00e9t\u00e9 adopt\u00e9e par l\u2019Assembl\u00e9e G\u00e9n\u00e9rale lors de sa 81\u00e8me session, le 15 d\u00e9cembre 2022.<\/p>\n<p style=\"text-align: justify;\">Ce projet, auquel un niveau de priorit\u00e9 \u00e9lev\u00e9 a \u00e9t\u00e9 attribu\u00e9, vise \u00e0 analyser les aspects de droit priv\u00e9 et la nature juridique des CCV, compte tenu de leur importance croissante en tant que moyen de canaliser des ressources financi\u00e8res vers des initiatives de lutte contre le changement climatique. Il est men\u00e9 par un Groupe de travail sp\u00e9cialis\u00e9, pr\u00e9sid\u00e9 par le Professeur Hideki Kanda, membre du Conseil de Direction d&#8217;UNIDROIT, et compos\u00e9 d&#8217;experts en mati\u00e8re d&#8217;\u00e9change de cr\u00e9dits carbone, de droit de l&#8217;environnement, de droit de la propri\u00e9t\u00e9, d&#8217;op\u00e9rations garanties et de technologie num\u00e9rique. L&#8217;objectif est de fournir une analyse compl\u00e8te ainsi que des recommandations aux \u00c9tats et aux acteurs du march\u00e9 afin d&#8217;\u00e9tablir un cadre de droit priv\u00e9 clair et de renforcer la s\u00e9curit\u00e9 juridique pour les transactions impliquant ces instruments.<\/p>\n<p>[\/vc_column_text][\/vc_column][\/vc_row][vc_row][vc_column][vc_empty_space height=&#8221;10px&#8221;][\/vc_column][\/vc_row][vc_row css=&#8221;.vc_custom_1456742899760{margin-bottom: 50px !important;}&#8221;][vc_column css=&#8221;.vc_custom_1491470213593{margin-bottom: 0px !important;}&#8221;][vc_tta_accordion shape=&#8221;square&#8221; color=&#8221;white&#8221; active_section=&#8221;&#8221; collapsible_all=&#8221;true&#8221; el_class=&#8221;wh-accordion&#8221; css=&#8221;.vc_custom_1620737860528{margin-bottom: 0px !important;}&#8221;][vc_tta_section title=&#8221;NATURE JURIDIQUE DES CR\u00c9DITS CARBONE V\u00c9RIFI\u00c9S&#8221; tab_id=&#8221;1456405893720-a55ec26a-b30a&#8221;][vc_column_text css=&#8221;&#8221;]<\/p>\n<p style=\"text-align: justify;\">L\u2019objectif principal du projet d\u2019UNIDROIT sur la nature juridique des cr\u00e9dits carbone v\u00e9rifi\u00e9s est de fournir des orientations sur les questions de droit priv\u00e9 afin de renforcer la confiance dans les transactions de CCV et de contribuer au d\u00e9veloppement d\u2019un march\u00e9 efficace.<\/p>\n<p style=\"text-align: justify;\">Malgr\u00e9 leur importance en tant qu\u2019outils de lutte contre le changement climatique et leur pr\u00e9valence croissante \u00e0 l\u2019\u00e9chelle mondiale, la nature juridique des CCV demeure incertaine dans la plupart des juridictions. La certitude quant \u00e0 la classification d\u2019un CCV en droit priv\u00e9 est essentielle pour favoriser la participation des acteurs priv\u00e9s au march\u00e9, notamment les d\u00e9veloppeurs de projets et les investisseurs. Elle influe sur les m\u00e9canismes du march\u00e9, tels que les modalit\u00e9s de transfert par vente ou utilisation en garantie, ainsi que sur le traitement des CCV d\u00e9tenus par une entit\u00e9 en cas d\u2019insolvabilit\u00e9.<\/p>\n<p style=\"text-align: justify;\">Un march\u00e9 du cr\u00e9dit carbone solide pourrait jouer un r\u00f4le central dans la lutte contre le changement climatique, la r\u00e9alisation des objectifs de la Convention-cadre des Nations unies sur les changements climatiques (\u201cCCNUCC\u201d), en particulier l\u2019Accord de Paris, et faciliter la r\u00e9alisation des Objectifs de d\u00e9veloppement durable de l\u2019ONU. \u00c9tant donn\u00e9 qu\u2019une partie importante des projets qui g\u00e9n\u00e8rent des CCV sont situ\u00e9s dans des \u00e9conomies en d\u00e9veloppement, un march\u00e9 des cr\u00e9dits carbone fiable offre \u00e9galement la possibilit\u00e9 d\u2019augmenter les flux de capitaux vers les march\u00e9s \u00e9mergents et de fournir un financement \u00e0 des projets d\u2019att\u00e9nuation du changement climatique.<\/p>\n<p style=\"text-align: justify;\">De plus amples informations sur l&#8217;historique, la port\u00e9e et la composition du Groupe de travail sur le projet CCV sont fournies <a href=\"https:\/\/www.unidroit.org\/fr\/travaux-en-cours\/nature-juridique-des-credits-carbone-verifies\/\">ici<\/a>.<\/p>\n<p>[\/vc_column_text][\/vc_tta_section][vc_tta_section title=&#8221;AGRICULTURE CONTRACTUELLE&#8221; tab_id=&#8221;1739980975382-47677c54-bc12&#8243;][vc_column_text css=&#8221;&#8221;]<\/p>\n<p style=\"text-align: justify;\">Le Guide juridique UNIDROIT\/FAO\/FIDA sur l\u2019agriculture contractuelle vise \u00e0 promouvoir les bonnes pratiques entre les agriculteurs et les acheteurs de produits agricoles pour mieux faire conna\u00eetre et comprendre le r\u00e9gime juridique applicable aux op\u00e9rations d\u2019agriculture contractuelle.<\/p>\n<p style=\"text-align: justify;\">La pratique de la production sous contrat est utilis\u00e9e pour des denr\u00e9es agricoles tr\u00e8s vari\u00e9es dans de nombreux pays du monde et conna\u00eet une croissance significative dans les pays en d\u00e9veloppement. L\u2019agriculture contractuelle ne porte pas atteinte aux droits des agriculteurs sur la terre et, dans des conditions favorables, elle peut apporter des avantages \u00e9conomiques et sociaux substantiels aux parties et \u00e0 la communaut\u00e9.<\/p>\n<p style=\"text-align: justify;\">Un \u00e9l\u00e9ment cl\u00e9 du succ\u00e8s des accords d\u2019agriculture contractuelle repose sur la capacit\u00e9 des parties \u00e0 \u00e9tablir des relations commerciales stables et \u00e9quitables, fond\u00e9es sur des engagements clairs et un contr\u00f4le mutuel, et b\u00e9n\u00e9ficiant d\u2019un cadre juridique favorable.<\/p>\n<p style=\"text-align: justify;\">Le Guide s\u2019est av\u00e9r\u00e9 \u00eatre un outil utile et une r\u00e9f\u00e9rence pour un grand nombre d\u2019utilisateurs qui pratiquent l\u2019agriculture contractuelle, qui sont engag\u00e9s dans la formulation de politiques, la r\u00e9forme juridique et le renforcement des capacit\u00e9s. Il peut contribuer \u00e0 cr\u00e9er un environnement favorable, \u00e9quitable et durable pour l\u2019agriculture contractuelle.<\/p>\n<ul>\n<li><a href=\"https:\/\/www.unidroit.org\/fr\/instruments\/agriculture-contractuelle\/\">Guide juridique UNIDROIT\/FAO\/FIDA sur l\u2019agriculture contractuelle 2015<\/a>\u00a0\u2013 Qu\u2019est-ce que l\u2019agriculture contractuelle \u2013 L\u2019importance du cadre juridique \u2013 Aper\u00e7u du Guide juridique \u2013 Historique du projet et travaux pr\u00e9paratoires<\/li>\n<li><a href=\"https:\/\/www.unidroit.org\/fr\/instruments\/agriculture-contractuelle\/accueil\/\">Forum d\u2019UNIDROIT sur les aspects juridiques de l\u2019agriculture contractuelle \u2013 Ressources juridiques \u2013 Projets<\/a><\/li>\n<\/ul>\n<p>\u2013 Lien utile :\u00a0<a href=\"https:\/\/www.fao.org\/in-action\/contract-farming\/fr\/\" target=\"_blank\" rel=\"noopener\">Centre de ressources sur l\u2019agriculture contractuelle de la FAO<\/a>[\/vc_column_text][\/vc_tta_section][vc_tta_section title=&#8221;CONTRATS D\u2019INVESTISSEMENT EN TERRES AGRICOLES&#8221; tab_id=&#8221;1739981264792-e013bc0f-9d4f&#8221;][vc_column_text css=&#8221;&#8221;]<\/p>\n<p style=\"text-align: justify;\">Poursuivant sa collaboration avec une organisation internationale bas\u00e9e \u00e0 Rome dans le domaine du d\u00e9veloppement agricole, UNIDROIT et le FIDA ont r\u00e9cemment lanc\u00e9, en septembre 2021, instrument international sur les contrats d\u2019investissement en terres agricoles \u00e0 l\u2019usage des conseillers juridiques charg\u00e9s de la location de terres agricoles, que ce soit aupr\u00e8s d\u2019un \u00c9tat, d\u2019une communaut\u00e9 locale ou d\u2019une entit\u00e9 priv\u00e9e. L\u2019instrument d\u00e9velopp\u00e9 par un Groupe de travail compos\u00e9 d\u2019experts renomm\u00e9s, de repr\u00e9sentants d\u2019organisations internationales et de parties prenantes s\u2019appuie sur le Guide juridique UNIDROIT-FAO-FIDA sur l\u2019agriculture contractuelle et les Principes d\u2019UNIDROIT relatifs aux contrats du commerce international. Le Guide juridique CITA ne cautionne pas les acquisitions de terres \u00e0 grande \u00e9chelle et vise \u00e0 mieux faire conna\u00eetre les mod\u00e8les d\u2019investissement alternatifs. N\u00e9anmoins, tout en reconnaissant que les acquisitions de terres se poursuivent, l\u2019instrument vise \u00e0 garantir \u00e0 garantir que les locations de terres agricoles adviennent de mani\u00e8re responsable et que les droits des parties prenantes, y compris ceux des d\u00e9tenteurs l\u00e9gitimes de droits fonciers, soient prot\u00e9g\u00e9s et respect\u00e9s en pleine conformit\u00e9 aux normes et aux principes internationalement accept\u00e9s pour la promotion de la certitude des droits fonciers, de l\u2019acc\u00e8s \u00e9quitable \u00e0 la terre et de l\u2019investissement agricole comme le refl\u00e8tent les Directives volontaires du CSA sur la gouvernance responsable des r\u00e9gimes fonciers, P\u00eaches et For\u00eats dans le contexte de la s\u00e9curit\u00e9 alimentaire nationale (VGGT), les Principes du CSA pour l\u2019investissement responsable dans l\u2019agriculture et les syst\u00e8mes alimentaires (Principes CFS-RAI) et les Les Principes directeurs des Nations Unies relatifs aux entreprises et aux droits de l\u2019homme.<\/p>\n<p style=\"text-align: justify;\">Des informations concernant l\u2019historique du Guide CITA, y compris les r\u00e9sum\u00e9s des r\u00e9unions du Groupe de travail et la documentation, sont fournies <a href=\"https:\/\/www.unidroit.org\/fr\/instruments\/agriculture\/cita\/travaux-preparatoires\/\">ici<\/a>.<\/p>\n<p>[\/vc_column_text][\/vc_tta_section][vc_tta_section title=&#8221;STRUCTURES JURIDIQUES COLLABORATIVES POUR LES ENTREPRISES AGRICOLES&#8221; tab_id=&#8221;1739981495689-eddb931e-7da4&#8243;][vc_column_text css=&#8221;&#8221;]<\/p>\n<p style=\"text-align: justify;\">Le Guide juridique sur les structures juridiques collaboratives pour les entreprises agricoles (SJCAE) est le projet le plus r\u00e9cent du partenariat tripartite entre l\u2019Institut international pour l\u2019unification du droit priv\u00e9 (UNIDROIT), l\u2019Organisation des Nations Unies pour l\u2019alimentation et l\u2019agriculture (FAO) et le Fonds international de d\u00e9veloppement agricole (FIDA).<\/p>\n<p style=\"text-align: justify;\">Cons\u00e9quence naturelle du\u00a0<a href=\"https:\/\/www.unidroit.org\/fr\/instruments\/agriculture-contractuelle\/guide-juridique\">Guide juridique sur l\u2019agriculture contractuelle<\/a>\u00a0(finalis\u00e9 en 2015) et du\u00a0<a href=\"https:\/\/www.unidroit.org\/fr\/current-studies-fr\/contrats-en-terres-agricoles\">Guide juridique sur les contrats d\u2019investissement en terres agricoles<\/a>\u00a0(finalis\u00e9 en 2020 \u2013 en anglais), le projet sur les SJEA \u00e9t\u00e9 choisi par le Conseil de Direction d\u2019UNIDROIT, lors de sa 98<sup>\u00e8me<\/sup>\u00a0session (Rome, 8-10 mai 2019) et approuv\u00e9 par l\u2019Assembl\u00e9e G\u00e9n\u00e9rale lors de sa 78<sup>\u00e8me<\/sup>\u00a0session (Rome, 12 d\u00e9cembre 2019) pour \u00eatre d\u00e9velopp\u00e9 dans le cadre du\u00a0<a href=\"https:\/\/www.unidroit.org\/french\/governments\/councildocuments\/2019session\/cd-98-14-rev-f.pdf\">Programme de travail 2020-2022<\/a>. Le niveau de priorit\u00e9 \u00e9lev\u00e9 du projet SJCEA a \u00e9t\u00e9 maintenu dans le Programme de travail 2023-2025, jusqu\u2019\u00e0 son ach\u00e8vement final.<\/p>\n<p style=\"text-align: justify;\">De plus amples informations sur l\u2019historique, le champ d\u2019application et le Groupe de travail du projet sur les SJCEA (Structures juridiques collaboratives pour les entreprises agricoles) UNIDROIT\/FAO\/FIDA sont disponibles <a href=\"https:\/\/www.unidroit.org\/fr\/travaux-en-cours\/structure-jurid-agro-entreprises\/\">ici<\/a>.<\/p>\n<p>[\/vc_column_text][\/vc_tta_section][vc_tta_section title=&#8221;PROTOCOLE MAC&#8221; tab_id=&#8221;1739981700988-f2b628bb-8ca2&#8243;][vc_column_text css=&#8221;&#8221;]<\/p>\n<p style=\"text-align: justify;\">La Convention du Cap et ses diff\u00e9rents Protocoles sont con\u00e7us pour apporter des avantages \u00e9conomiques importants aux pays de tout niveau de d\u00e9veloppement \u00e9conomique. Dans les pays en d\u00e9veloppement, la Convention du Cap r\u00e9duit le co\u00fbt du financement des mat\u00e9riels d\u2019\u00e9quipement mobiles non disponible jusqu\u2019alors ou uniquement \u00e0 un co\u00fbt relativement \u00e9lev\u00e9.<\/p>\n<p style=\"text-align: justify;\">Dans le domaine de l\u2019agriculture, le Protocole sur les mat\u00e9riels d\u2019\u00e9quipement miniers, agricoles et de construction (MAC) \u00e0 la Convention du Cap facilite le financement et l\u2019acquisition d\u2019\u00e9quipements agricoles de grande valeur. Le Protocole MAC \u00e9tablit un syst\u00e8me juridique international pour la cr\u00e9ation, l\u2019ex\u00e9cution, l\u2019inscription des droits ayant priorit\u00e9 sur ces cat\u00e9gories de mat\u00e9riel.<\/p>\n<p style=\"text-align: justify;\"><a href=\"https:\/\/www.unidroit.org\/fr\/instruments\/garanties-internationales\/protocole-mac\/presentation\/\">Introduction<\/a>\u00a0\u2013\u00a0<a href=\"https:\/\/www.unidroit.org\/french\/conventions\/mobile-equipment\/conference2019-mac\/conferencedocuments\/191122-ctc-mac-conf-docs-list-f.pdf\">Conf\u00e9rence diplomatique<\/a>\u00a0\u2013\u00a0<a href=\"https:\/\/www.unidroit.org\/fr\/instruments\/garanties-internationales\/protocole-mac\/historique\/\">Historique<\/a>\u00a0\u2013\u00a0<a href=\"https:\/\/www.unidroit.org\/fr\/instruments\/garanties-internationales\/protocole-mac\/travaux-preparatoires\/\">Comit\u00e9 d\u2019\u00e9tude<\/a>\u00a0\u2013\u00a0<a href=\"https:\/\/www.unidroit.org\/fr\/instruments\/garanties-internationales\/protocole-mac\/travaux-preparatoires\/\">N\u00e9gociations<\/a>\u00a0\u2013\u00a0<a href=\"https:\/\/www.unidroit.org\/fr\/instruments\/garanties-internationales\/protocole-mac\/travaux-preparatoires\/\">Comit\u00e9 d\u2019experts gouvernementaux<\/a><\/p>\n<p style=\"text-align: justify;\">Dans le domaine de l\u2019agriculture, le Protocole permettra aux entreprises agricoles et fermi\u00e8res d\u2019acqu\u00e9rir des \u00e9quipements (par exemple, des tracteurs, des moissonneuses, des semoirs, des pulv\u00e9risateurs etc.) qui leur seraient autrement inaccessibles et leur permettra ainsi d\u2019optimiser leurs activit\u00e9s. Il permettra \u00e9galement aux producteurs d\u2019\u00e9quipements d\u2019exporter vers des march\u00e9s qui sans ce Protocole leur seraient ferm\u00e9s.<\/p>\n<p style=\"text-align: justify;\">Le Protocole MAC devrait avoir un impact \u00e9conomique mondial annuel de 23 milliards de dollars US dans les pays en d\u00e9veloppement et de 7 milliards de dollars US dans les pays d\u00e9velopp\u00e9s. Une \u00e9valuation \u00e9conomique ind\u00e9pendante de 2018 du Protocole MAC est disponible\u00a0<a href=\"https:\/\/www.unidroit.org\/english\/documents\/2018\/study72k\/1808-final-mac-protocol-ea.pdf\">ici<\/a>\u00a0(en anglais seulement).<\/p>\n<p>[\/vc_column_text][\/vc_tta_section][\/vc_tta_accordion][\/vc_column][\/vc_row][vc_row css=&#8221;.vc_custom_1622454952589{padding-right: 20px !important;padding-left: 20px !important;background-color: #d1dfdb !important;}&#8221;][vc_column css=&#8221;.vc_custom_1490017614850{margin-bottom: 30px !important;}&#8221;][vc_custom_heading text=&#8221;DERNI\u00c8RES ACTUALIT\u00c9S&#8221; font_container=&#8221;tag:h4|text_align:left&#8221; use_theme_fonts=&#8221;yes&#8221;]\t\t<div class=\"linp-post-list  layout_1\">\n\t\t\t\t\t\t\t<div class=\"vc_row\">\n\t\t\t\t\t\t\t\t\t\t\t\t\t\t\t\t\t\t<div class=\"item one third\">\n\t<div class=\"inner-wrap\">\n\t\t\t\t\t<div class=\"img-container\">\n\t\t\t\t<a href=\"https:\/\/www.unidroit.org\/fr\/unidroit-joins-in-celebrating-twenty-years-of-the-sapienza-universitys-master-in-international-business-law\/\" title=\"UNIDROIT se joint aux c\u00e9l\u00e9brations des vingt ans du Master en droit international des affaires de l\u2019Universit\u00e9 Sapienza\">\n\t\t\t\t   <img loading=\"lazy\" decoding=\"async\" width=\"990\" height=\"500\" src=\"https:\/\/www.unidroit.org\/wp-content\/uploads\/2026\/02\/1000154939-990x500.jpg\" class=\"post-list-thumb wp-post-image\" alt=\"\" \/>\t\t\t    <\/a>\n\t\t\t<\/div>\n\t\t\t\t<div class=\"data\">\n\t\t\t<div class=\"meta-data\">\n\t\t\t\t<div class=\"date\">\n\t\t\t\t\t<i class=\"icon-edtime3\"><\/i>\n\t\t\t\t\t\t\t\t\t\t\tf\u00e9vrier 23, 2026\t\t\t\t\t\t\t\t\t<\/div>\n\t\t\t\t\t\t\t\t\t\t\t<\/div>\n\t\t\t<h3>\n\t\t\t\t<a title=\"UNIDROIT se joint aux c\u00e9l\u00e9brations des vingt ans du Master en droit international des affaires de l\u2019Universit\u00e9 Sapienza\" href=\"https:\/\/www.unidroit.org\/fr\/unidroit-joins-in-celebrating-twenty-years-of-the-sapienza-universitys-master-in-international-business-law\/\">\n\t\t\t\t\tUNIDROIT se joint aux c\u00e9l\u00e9brations des vingt ans du Master en droit international des affaires de l\u2019Universit\u00e9 Sapienza\t\t\t\t<\/a>\n\t\t\t<\/h3>\n\t\t\t\t\t\t\t<div class=\"content\">\n\t\t\t\t\t\t\t\t\t\t<p>Le 6 f\u00e9vrier 2026, UNIDROIT a particip\u00e9 \u00e0 la conf\u00e9rence&hellip;<\/p>\n\t\t\t\t<\/div>\n\t\t\t\t\t\t\t\t\t\t<a class=\"read-more\" href=\"https:\/\/www.unidroit.org\/fr\/unidroit-joins-in-celebrating-twenty-years-of-the-sapienza-universitys-master-in-international-business-law\/\">Read More<\/a>\n\t\t\t\t\t<\/div>\n\t<\/div>\n<\/div>\t\t\t\t\t\t\n\t\t\t\t\t\t\t\t\t\t\t\t\t\t\t\t\t\t<div class=\"item one third\">\n\t<div class=\"inner-wrap\">\n\t\t\t\t\t<div class=\"img-container\">\n\t\t\t\t<a href=\"https:\/\/www.unidroit.org\/fr\/le-projet-unidroit-sur-les-credits-carbone-verifies-presente-lors-de-la-septieme-conference-des-chercheurs-en-droit-et-politique-environnementale-de-la-region-mena\/\" title=\"Le projet UNIDROIT sur les cr\u00e9dits carbone v\u00e9rifi\u00e9s pr\u00e9sent\u00e9 lors de la septi\u00e8me Conf\u00e9rence des chercheurs en droit et politique environnementale de la r\u00e9gion MENA\">\n\t\t\t\t   <img loading=\"lazy\" decoding=\"async\" width=\"259\" height=\"194\" src=\"https:\/\/www.unidroit.org\/wp-content\/uploads\/2026\/02\/Tirado-ASSELMU-259x194.jpg\" class=\"post-list-thumb wp-post-image\" alt=\"\" \/>\t\t\t    <\/a>\n\t\t\t<\/div>\n\t\t\t\t<div class=\"data\">\n\t\t\t<div class=\"meta-data\">\n\t\t\t\t<div class=\"date\">\n\t\t\t\t\t<i class=\"icon-edtime3\"><\/i>\n\t\t\t\t\t\t\t\t\t\t\tf\u00e9vrier 16, 2026\t\t\t\t\t\t\t\t\t<\/div>\n\t\t\t\t\t\t\t\t\t\t\t<\/div>\n\t\t\t<h3>\n\t\t\t\t<a title=\"Le projet UNIDROIT sur les cr\u00e9dits carbone v\u00e9rifi\u00e9s pr\u00e9sent\u00e9 lors de la septi\u00e8me Conf\u00e9rence des chercheurs en droit et politique environnementale de la r\u00e9gion MENA\" href=\"https:\/\/www.unidroit.org\/fr\/le-projet-unidroit-sur-les-credits-carbone-verifies-presente-lors-de-la-septieme-conference-des-chercheurs-en-droit-et-politique-environnementale-de-la-region-mena\/\">\n\t\t\t\t\tLe projet UNIDROIT sur les cr\u00e9dits carbone v\u00e9rifi\u00e9s pr\u00e9sent\u00e9 lors de la septi\u00e8me Conf\u00e9rence des chercheurs en droit et politique environnementale de la r\u00e9gion MENA\t\t\t\t<\/a>\n\t\t\t<\/h3>\n\t\t\t\t\t\t\t<div class=\"content\">\n\t\t\t\t\t\t\t\t\t\t<p>Le 10 f\u00e9vrier 2026, le Professeur Ignacio Tirado, Secr\u00e9taire G\u00e9n\u00e9ral,&hellip;<\/p>\n\t\t\t\t<\/div>\n\t\t\t\t\t\t\t\t\t\t<a class=\"read-more\" href=\"https:\/\/www.unidroit.org\/fr\/le-projet-unidroit-sur-les-credits-carbone-verifies-presente-lors-de-la-septieme-conference-des-chercheurs-en-droit-et-politique-environnementale-de-la-region-mena\/\">Read More<\/a>\n\t\t\t\t\t<\/div>\n\t<\/div>\n<\/div>\t\t\t\t\t\t\n\t\t\t\t\t\t\t\t\t\t\t\t\t\t\t\t\t\t<div class=\"item one third\">\n\t<div class=\"inner-wrap\">\n\t\t\t\t<div class=\"data\">\n\t\t\t<div class=\"meta-data\">\n\t\t\t\t<div class=\"date\">\n\t\t\t\t\t<i class=\"icon-edtime3\"><\/i>\n\t\t\t\t\t\t\t\t\t\t\tao\u00fbt 28, 2025\t\t\t\t\t\t\t\t\t<\/div>\n\t\t\t\t\t\t\t\t\t\t\t<\/div>\n\t\t\t<h3>\n\t\t\t\t<a title=\"Mat\u00e9riel roulant ferroviaire: \u201cCape Town Discount\u201d annonc\u00e9 par l\u2019ECIC Afrique du Sud\" href=\"https:\/\/www.unidroit.org\/fr\/materiel-roulant-ferroviaire-cape-town-discount-annonce-par-lecic-afrique-du-sud\/\">\n\t\t\t\t\tMat\u00e9riel roulant ferroviaire: \u201cCape Town Discount\u201d annonc\u00e9 par l\u2019ECIC Afrique du Sud\t\t\t\t<\/a>\n\t\t\t<\/h3>\n\t\t\t\t\t\t\t<div class=\"content\">\n\t\t\t\t\t\t\t\t\t\t<p>L\u2019Export Credit Insurance Corporation of South Africa (ECIC) a officiellement&hellip;<\/p>\n\t\t\t\t<\/div>\n\t\t\t\t\t\t\t\t\t\t<a class=\"read-more\" href=\"https:\/\/www.unidroit.org\/fr\/materiel-roulant-ferroviaire-cape-town-discount-annonce-par-lecic-afrique-du-sud\/\">Read More<\/a>\n\t\t\t\t\t<\/div>\n\t<\/div>\n<\/div>\t\t\t\t\t\t\n\t\t\t\t\t\t\t\t\t<\/div>\n\t\t\t\t\t\t\t\t<\/div>\n\t\t[\/vc_column][\/vc_row][vc_row][vc_column width=&#8221;1\/2&#8243;][vc_column_text][\/vc_column_text][\/vc_column][\/vc_row]<\/p>\n<\/div>","protected":false},"excerpt":{"rendered":"<p>[vc_row][vc_column][vc_single_image image=&#8221;31408&#8243; img_size=&#8221;full&#8221; css=&#8221;&#8221;][\/vc_column][\/vc_row][vc_row][vc_column css=&#8221;.vc_custom_1490017614850{margin-bottom: 30px !important;}&#8221;][vc_custom_heading text=&#8221;D\u00c9VELOPPEMENT DURABLE&#8221; font_container=&#8221;tag:h1|text_align:left&#8221; use_theme_fonts=&#8221;yes&#8221; css=&#8221;.vc_custom_1739642677913{margin-top: 0px !important;margin-bottom: 20px !important;}&#8221;][vc_custom_heading text=&#8221;TRAVAUX ET INSTRUMENTS D\u2019UNIDROIT DANS LE DOMAINE DU D\u00c9VELOPPEMENT DURABLE&#8221; font_container=&#8221;tag:h4|text_align:left&#8221; use_theme_fonts=&#8221;yes&#8221; css=&#8221;&#8221;][\/vc_column][\/vc_row][vc_row css=&#8221;.vc_custom_1622455036974{background-color: #f2f2f2 !important;}&#8221;][vc_column css=&#8221;.vc_custom_1490017614850{margin-bottom: 30px !important;}&#8221;][vc_column_text css=&#8221;.vc_custom_1739802889540{padding-right: 35px !important;padding-left: 35px !important;background-color: #f2f2f2 !important;}&#8221;] Dans le cadre&nbsp;<a href=\"https:\/\/www.unidroit.org\/fr\/developpement-durable\/\">&hellip;<\/a><\/p>\n","protected":false},"author":19,"featured_media":0,"parent":0,"menu_order":0,"comment_status":"closed","ping_status":"closed","template":"","meta":{"ep_exclude_from_search":false,"footnotes":""},"class_list":["post-30965","page","type-page","status-publish","format-standard","hentry","odd"],"_links":{"self":[{"href":"https:\/\/www.unidroit.org\/fr\/wp-json\/wp\/v2\/pages\/30965","targetHints":{"allow":["GET"]}}],"collection":[{"href":"https:\/\/www.unidroit.org\/fr\/wp-json\/wp\/v2\/pages"}],"about":[{"href":"https:\/\/www.unidroit.org\/fr\/wp-json\/wp\/v2\/types\/page"}],"author":[{"embeddable":true,"href":"https:\/\/www.unidroit.org\/fr\/wp-json\/wp\/v2\/users\/19"}],"replies":[{"embeddable":true,"href":"https:\/\/www.unidroit.org\/fr\/wp-json\/wp\/v2\/comments?post=30965"}],"version-history":[{"count":8,"href":"https:\/\/www.unidroit.org\/fr\/wp-json\/wp\/v2\/pages\/30965\/revisions"}],"predecessor-version":[{"id":31444,"href":"https:\/\/www.unidroit.org\/fr\/wp-json\/wp\/v2\/pages\/30965\/revisions\/31444"}],"wp:attachment":[{"href":"https:\/\/www.unidroit.org\/fr\/wp-json\/wp\/v2\/media?parent=30965"}],"curies":[{"name":"wp","href":"https:\/\/api.w.org\/{rel}","templated":true}]}}