{"id":31499,"date":"2021-08-30T13:50:23","date_gmt":"2021-08-30T11:50:23","guid":{"rendered":"https:\/\/www.unidroit.org\/?page_id=31499"},"modified":"2025-04-11T22:10:08","modified_gmt":"2025-04-11T20:10:08","slug":"103eme-session-rome-8-10-mai-2024-2","status":"publish","type":"page","link":"https:\/\/www.unidroit.org\/fr\/reunions\/conseil-de-direction-3\/103eme-session-rome-8-10-mai-2024-2\/","title":{"rendered":"103\u00e8me session (Rome, 8-10 mai 2024)"},"content":{"rendered":"<div class=\"wpb-content-wrapper\"><p>[vc_row][vc_column css=&#8221;.vc_custom_1490017614850{margin-bottom: 30px !important;}&#8221;][vc_custom_heading text=&#8221;103\u00e8me session (Rome, 8-10 mai 2024)&#8221; font_container=&#8221;tag:h1|text_align:left&#8221; use_theme_fonts=&#8221;yes&#8221; css=&#8221;.vc_custom_1712762566915{margin-top: 0px !important;margin-bottom: 20px !important;}&#8221;][vc_column_text css=&#8221;.vc_custom_1714375960787{padding-top: 35px !important;padding-right: 35px !important;padding-bottom: 35px !important;padding-left: 35px !important;background-color: #f2f2f2 !important;}&#8221;]<\/p>\n<p style=\"text-align: center;\"><strong>Documents<\/strong><\/p>\n<p>&nbsp;<\/p>\n<ul>\n<li>Conclusions sommaires (<a href=\"https:\/\/www.unidroit.org\/wp-content\/uploads\/2024\/06\/C.D.-103-Misc.-2-Conclusions-sommaires.pdf\" target=\"_blank\" rel=\"nofollow noopener\">C.D. (103) Misc. 2<\/a>)<\/li>\n<li>Rapport (<a href=\"https:\/\/www.unidroit.org\/wp-content\/uploads\/2024\/08\/C.D.-103-30-Rapport-site-Internet.pdf\" target=\"_blank\" rel=\"nofollow noopener\">C.D. (103) 30<\/a>)<\/li>\n<\/ul>\n<p>&nbsp;<\/p>\n<p>Ordre des travaux provisoire r\u00e9vis\u00e9 (<a href=\"https:\/\/www.unidroit.org\/wp-content\/uploads\/2024\/04\/C.D.-103-Misc.1-rev.-Ordre-des-travaux-provisoire-2-mai.pdf\">C.D. (103) Misc. 1 r\u00e9v.<\/a>)<\/p>\n<p>1. Adoption du projet r\u00e9vis\u00e9 d\u2019ordre du jour annot\u00e9 (<a href=\"https:\/\/www.unidroit.org\/wp-content\/uploads\/2024\/04\/C.D.-103-1-rev.-Projet-revise-dordre-du-jour-annote.pdf\">C.D. (103) 1 r\u00e9v.<\/a>)<\/p>\n<p>2. Nominations (<a href=\"https:\/\/www.unidroit.org\/wp-content\/uploads\/2024\/04\/C.D.-103-1-rev.-Projet-revise-dordre-du-jour-annote.pdf\">C.D. (103) 1 r\u00e9v.<\/a>)<\/p>\n<p style=\"padding-left: 40px;\">a) Premier et deuxi\u00e8me Vice-Pr\u00e9sidents du Conseil de Direction<br \/>\nb) Membres du Conseil de Direction <em>ad honorem<\/em><br \/>\nc) Membres du Comit\u00e9 Permanent<\/p>\n<p>3. Rapports<\/p>\n<p style=\"padding-left: 40px;\">a) Rapport annuel 2023 (<a href=\"https:\/\/www.unidroit.org\/wp-content\/uploads\/2024\/04\/C.D.-103-2-Rapport-Annuel-2023-1.pdf\">C.D. (103) 2<\/a>)<br \/>\nb) Rapport de la Fondation d\u2019UNIDROIT (<a href=\"https:\/\/www.unidroit.org\/wp-content\/uploads\/2024\/04\/C.D.-103-3-Rapport-Fondation-UNIDROIT.pdf\">C.D. (103) 3<\/a>)<\/p>\n<p>4. Activit\u00e9s l\u00e9gislatives en cours report\u00e9es du Programme de travail 2020-2022<\/p>\n<p style=\"padding-left: 40px;\">a) Meilleures pratiques pour des proc\u00e9dures d\u2019ex\u00e9cution efficaces (<a href=\"https:\/\/www.unidroit.org\/wp-content\/uploads\/2024\/05\/C.D.-103-4-Meilleures-pratiques-pour-des-proce\u0301dures-dexe\u0301cution-efficaces-1.pdf\">C.D. (103) 4<\/a>)<br \/>\nb) Insolvabilit\u00e9 bancaire (<a href=\"https:\/\/www.unidroit.org\/wp-content\/uploads\/2024\/04\/C.D.-103-5-Insolvabilite-bancaire-1.pdf\">C.D. (103) 5<\/a> \/ <a href=\"https:\/\/www.unidroit.org\/wp-content\/uploads\/2024\/04\/CONFIDENTIAL_C.D.-103-5-Annexe-I-II-1.pdf\">Annexes<\/a>)<br \/>\nc) Structure juridiques collaboratives pour les entreprises agricoles (<a href=\"https:\/\/www.unidroit.org\/wp-content\/uploads\/2024\/05\/C.D.-103-6-Structures-juridiques-collaboratives-pour-les-entreprises-agricoles.pdf\">C.D. (103) 6<\/a> \/ <a href=\"https:\/\/www.unidroit.org\/wp-content\/uploads\/2024\/04\/C.D.-103-6-LSAE-RESTRICTED-ANNEXE.pdf\">Annexe<\/a>)<br \/>\nd) Collections d\u2019art priv\u00e9es (<a href=\"https:\/\/www.unidroit.org\/wp-content\/uploads\/2024\/05\/C.D.-103-7-Collections-dArt-privees.pdf\">C.D. (103) 7<\/a>)<br \/>\ne)\u00a0 Principes relatifs aux contrats de r\u00e9assurance (<a href=\"https:\/\/www.unidroit.org\/wp-content\/uploads\/2024\/04\/C.D.-103-8-Principes-des-contrats-de-reassurance-PRICL.pdf\">C.D. (103) 8<\/a> \/ <a href=\"https:\/\/www.unidroit.org\/wp-content\/uploads\/2024\/04\/C.D.-103-8-Reinsurance-contracts-PRICL_ANNEXE.pdf\">Annexe<\/a>)<\/p>\n<p>5. Mise \u00e0 jour concernant certains projets du Programme de travail 2023-2025 ayant une priorit\u00e9 \u00e9lev\u00e9e<\/p>\n<p style=\"padding-left: 40px;\">a) Lois types et Guides pour l\u2019incorporation<\/p>\n<p style=\"padding-left: 80px;\">i. Loi type d\u2019UNIDROIT sur l\u2019affacturage et Guide pour l\u2019incorporation (<a href=\"https:\/\/www.unidroit.org\/wp-content\/uploads\/2024\/04\/C.D.-103-9.1-Loi-type-dUNIDROIT-sur-laffacturage-et-Guide-pour-lincorporation.pdf\">C.D. (103) 9.1<\/a>)<br \/>\nii. Proposition de modification de la Loi type sur l\u2019affacturage (<a href=\"https:\/\/www.unidroit.org\/wp-content\/uploads\/2024\/05\/C.D.-103-9.1-bis-Proposition-de-modification-de-la-LTA.pdf\">C.D. (103) 9.1 bis<\/a>)<br \/>\niii. Loi type CNUDCI\/UNIDROIT sur les r\u00e9c\u00e9piss\u00e9s d\u2019entrep\u00f4t et Guide pour l\u2019incorporation (<a href=\"https:\/\/www.unidroit.org\/wp-content\/uploads\/2024\/04\/C.D.-103-9.2-Loi-type-CNUDCI_UNIDROIT-sur-les-recepisses-dentrepot-et-Guide-pour-lincorporation.pdf\">C.D. (103) 9.2<\/a>)<\/p>\n<p style=\"padding-left: 40px;\">b) Principes d\u2019UNIDROIT relatifs aux contrats du commerce international et contrats d\u2019investissement (<a href=\"https:\/\/www.unidroit.org\/wp-content\/uploads\/2024\/04\/C.D.-103-10-Principes-dUNIDROIT-et-contrats-dinvestissement.pdf\">C.D. (103) 10<\/a>)<br \/>\nc) Nature juridique des Cr\u00e9dits Carbone Volontaires (<a href=\"https:\/\/www.unidroit.org\/wp-content\/uploads\/2024\/05\/C.D.-103-11-Nature-juridique-des-Credits-Carbone-Volontaires-wAnnexe-1.pdf\">C.D. (103) 11<\/a>)<\/p>\n<p>6. Mise \u00e0 jour concernant d\u2019autres projets et travaux exploratoires du Programme de travail 2023-2025<\/p>\n<p style=\"padding-left: 40px;\">a) \u00c9laboration d\u2019un document d\u2019orientation sur le devoir de vigilance des entreprises en mati\u00e8re de durabilit\u00e9 dans les cha\u00eenes de valeur mondiales (<a href=\"https:\/\/www.unidroit.org\/wp-content\/uploads\/2024\/04\/C.D.-103-12-Devoir-de-vigilance-des-entreprises-dans-les-chaines-de-valeur-mondiales.pdf\">C.D. (103) 12<\/a>)<br \/>\nb) Proposition de projet de l\u2019Institut europ\u00e9en du droit dans le domaine de la technologie et des cha\u00eenes de valeur mondiales (<a href=\"https:\/\/www.unidroit.org\/wp-content\/uploads\/2024\/04\/C.D.-103-12-bis-Proposition-projet-ELI-technologie-et-chaines-de-valeur-mondiales.pdf\">C.D. (103) 12 bis<\/a>)<br \/>\nc) Conclusions sur les travaux exploratoires men\u00e9s dans le cadre du projet HCCH-UNIDROIT sur la loi applicable aux d\u00e9tentions et transferts transfronti\u00e8res d\u2019actifs num\u00e9riques et de jetons (<a href=\"https:\/\/www.unidroit.org\/wp-content\/uploads\/2024\/04\/C.D.-103-13-Projet-conjoint-HCCH-UNIDROIT-actifs-numeriques-et-jetons.pdf\">C.D. (103) 13 \/ <\/a><a href=\"https:\/\/www.unidroit.org\/wp-content\/uploads\/2024\/04\/CONFIDENTIAL-C.D.-103-13_S82A_1867.pdf\">Annexe<\/a> )<\/p>\n<p>7. Garanties internationales portant sur des mat\u00e9riels d\u2019\u00e9quipement mobiles<\/p>\n<p style=\"padding-left: 40px;\">a) \u00c9tat de mise en \u0153uvre de la Convention du Cap et du Protocole a\u00e9ronautique (pr\u00e9sentation orale)<br \/>\nb) \u00c9tat de mise en \u0153uvre du Protocole ferroviaire de Luxembourg (<a href=\"https:\/\/www.unidroit.org\/wp-content\/uploads\/2024\/04\/C.D.-103-14-Etat-de-mise-en-oeuvre-Protocole-ferroviaire.pdf\">C.D. (103) 14<\/a>)<br \/>\nc) \u00c9tat de mise en \u0153uvre du Protocole spatial (<a href=\"https:\/\/www.unidroit.org\/wp-content\/uploads\/2024\/04\/C.D.-103-15-Etat-de-mise-en-oeuvre-du-Protocole-spatial.pdf\">C.D. (103) 15<\/a>)<br \/>\nd) \u00c9tat de mise en \u0153uvre du Protocole portant sur les questions sp\u00e9cifiques aux mat\u00e9riels d\u2019\u00e9quipement miniers, agricoles et de construction (Protocole MAC) (<a href=\"https:\/\/www.unidroit.org\/wp-content\/uploads\/2024\/04\/C.D.-103-16-Etat-de-mise-en-oeuvre-du-Protocole-MAC.pdf\">C.D. (103) 16<\/a>)<br \/>\ne) D\u00e9signation d\u2019UNIDROIT en tant qu\u2019Autorit\u00e9 de surveillance du Registre du Protocole MAC (<a href=\"https:\/\/www.unidroit.org\/wp-content\/uploads\/2024\/04\/C.D.-103-17-Designation-dUNIDROIT-Autorite-de-Surveillance.pdf\">C.D. (103) 17<\/a>)<\/p>\n<p>8. Protection internationale des biens culturels: \u00e9tat de mise en \u0153uvre de la Convention d\u2019UNIDROIT de 1995 (<a href=\"https:\/\/www.unidroit.org\/wp-content\/uploads\/2024\/05\/C.D.-103-18-Protection-internationale-des-biens-culturels.pdf\">C.D. (103) 18<\/a>)<\/p>\n<p>9. Strat\u00e9gie de promotion de certains instruments d\u2019UNIDROIT (<a href=\"https:\/\/www.unidroit.org\/wp-content\/uploads\/2024\/04\/C.D.-103-19-Stategie-de-promotion-instruments-dUNIDROIT.pdf\">C.D. (103) 19<\/a>)<\/p>\n<p>10. Correspondants d\u2019UNIDROIT (<a href=\"https:\/\/www.unidroit.org\/wp-content\/uploads\/2024\/04\/C.D.-103-20-Correspondants-dUNIDROIT.pdf\">C.D. (103) 20<\/a> \/ <a href=\"https:\/\/www.unidroit.org\/wp-content\/uploads\/2024\/04\/C.D.-103-20-UNIDROIT-Correspondents-Annexe-II-protected.pdf\">Annexe II<\/a>)<\/p>\n<p>11. Acad\u00e9mie d\u2019UNIDROIT (<a href=\"https:\/\/www.unidroit.org\/wp-content\/uploads\/2024\/04\/C.D.-103-21-Academie-dUNIDROIT.pdf\">C.D. (103) 21<\/a>)<\/p>\n<p style=\"padding-left: 40px;\">a) Projets acad\u00e9miques d\u2019UNIDROIT<br \/>\nb) Instituts acad\u00e9miques et Centres de droit<\/p>\n<p style=\"padding-left: 80px;\">i. L\u2019Institut QMUL\/UNIDROIT pour le droit commercial transnational<br \/>\nii. Centre Roma Tre \u2013 UNIDROIT de droit commercial transnational et d\u2019arbitrage international<br \/>\niii. Centre de droit nordique et section sp\u00e9cifique de la Biblioth\u00e8que<br \/>\niv. Centre de droit transnational asiatique d\u2019UNIDROIT<\/p>\n<p style=\"padding-left: 40px;\">c) Programme international d\u2019UNIDROIT pour le droit et le d\u00e9veloppement<br \/>\nd) Programmes de Chaires et de bourses d\u2019UNIDROIT<br \/>\ne) Biblioth\u00e8que d\u2019UNIDROIT<br \/>\nf) Programme de bourses de recherche et de stages d\u2019UNIDROIT<br \/>\ng) Coop\u00e9ration avec des institutions acad\u00e9miques<br \/>\nh) Publications d\u2019UNIDROIT<\/p>\n<p>12. Strat\u00e9gie de communication et diffusion sur les r\u00e9seaux sociaux (<a href=\"https:\/\/www.unidroit.org\/wp-content\/uploads\/2024\/04\/C.D.-103-22-Strategie-de-communication-et-diffusion-sur-les-reseaux-sociaux.pdf\">C.D. (103) 22<\/a>)<\/p>\n<p>13. Strat\u00e9gie de mise en \u0153uvre des instruments d\u2019UNIDROIT r\u00e9cemment adopt\u00e9s<\/p>\n<p style=\"padding-left: 40px;\">a) Loi type sur l\u2019affacturage (<a href=\"https:\/\/www.unidroit.org\/wp-content\/uploads\/2024\/04\/C.D.-103-23-Strategie-de-mise-en-oeuvre-Loi-type-sur-laffacturage.pdf\">C.D. (103) 23<\/a>)<br \/>\nb) Principes d\u2019UNIDROIT relatifs aux actifs num\u00e9riques et droit priv\u00e9 (<a href=\"https:\/\/www.unidroit.org\/wp-content\/uploads\/2024\/04\/C.D.-103-24-Principes-dUNIDROIT-sur-les-actifs-numeriques-et-le-droit-prive.pdf\">C.D. (103) 24<\/a>)<\/p>\n<p>14. Questions institutionnelles et administratives<\/p>\n<p style=\"padding-left: 40px;\">a) Rapport du Comit\u00e9 sp\u00e9cial charg\u00e9 de la mise \u00e0 jour du R\u00e8glement d\u2019UNIDROIT<br \/>\n(<a href=\"https:\/\/www.unidroit.org\/wp-content\/uploads\/2024\/04\/C.D.-103-25-Rapport-du-Comite-special-charge-Reglement-dUNIDROIT-protege.pdf\">C.D. (103) 25<\/a>)<br \/>\nb) Pr\u00e9paration du projet de Budget pour l\u2019exercice financier 2025 (<a href=\"https:\/\/www.unidroit.org\/wp-content\/uploads\/2024\/04\/C.D.-103-26-Projet-de-Bugdet-2025.pdf\">C.D. (103) 26<\/a>)<br \/>\nc) Proc\u00e9dures \u00e0 distance pour le Conseil de Direction (<a href=\"https:\/\/www.unidroit.org\/wp-content\/uploads\/2024\/04\/C.D.-103-27-Procedures-a-distance-pour-le-Conseil-de-Direction-protege.pdf\">C.D. (103) 27<\/a>)<br \/>\nd) Strat\u00e9gie de sensibilisation r\u00e9gionale future et viable d\u2019UNIDROIT (<a href=\"https:\/\/www.unidroit.org\/wp-content\/uploads\/2024\/05\/C.D-103-28-Strate\u0301gie-de-sensibilisation-re\u0301gionale-dUNIDROIT.pdf\">C.D. (103) 28<\/a>)<\/p>\n<p>15. Pr\u00e9paration du centenaire d\u2019UNIDROIT (<a href=\"https:\/\/www.unidroit.org\/wp-content\/uploads\/2024\/05\/C.D.-103-29-Preparation-du-centenaire-protected.pdf\">C.D. (103) 29<\/a>)<\/p>\n<p>16. Date et lieu de la 104\u00e8me session du Conseil de Direction (<a href=\"https:\/\/www.unidroit.org\/wp-content\/uploads\/2024\/04\/C.D.-103-1-rev.-Projet-revise-dordre-du-jour-annote.pdf\">C.D. (103) 1 r\u00e9v.<\/a>)<\/p>\n<p>17. Divers[\/vc_column_text][\/vc_column][\/vc_row][vc_row][vc_column][vc_column_text]<br \/>\n[\/vc_column_text][\/vc_column][\/vc_row]<\/p>\n<\/div>","protected":false},"excerpt":{"rendered":"<p>[vc_row][vc_column css=&#8221;.vc_custom_1490017614850{margin-bottom: 30px !important;}&#8221;][vc_custom_heading text=&#8221;103\u00e8me session (Rome, 8-10 mai 2024)&#8221; font_container=&#8221;tag:h1|text_align:left&#8221; use_theme_fonts=&#8221;yes&#8221; css=&#8221;.vc_custom_1712762566915{margin-top: 0px !important;margin-bottom: 20px !important;}&#8221;][vc_column_text css=&#8221;.vc_custom_1714375960787{padding-top: 35px !important;padding-right: 35px !important;padding-bottom: 35px !important;padding-left: 35px !important;background-color: #f2f2f2 !important;}&#8221;] Documents &nbsp; Conclusions sommaires (C.D. (103) Misc. 2) Rapport (C.D. (103) 30) &nbsp; Ordre des travaux provisoire&nbsp;<a href=\"https:\/\/www.unidroit.org\/fr\/reunions\/conseil-de-direction-3\/103eme-session-rome-8-10-mai-2024-2\/\">&hellip;<\/a><\/p>\n","protected":false},"author":8,"featured_media":0,"parent":4954,"menu_order":0,"comment_status":"closed","ping_status":"closed","template":"","meta":{"ep_exclude_from_search":false,"footnotes":""},"class_list":["post-31499","page","type-page","status-publish","format-standard","hentry","odd"],"_links":{"self":[{"href":"https:\/\/www.unidroit.org\/fr\/wp-json\/wp\/v2\/pages\/31499","targetHints":{"allow":["GET"]}}],"collection":[{"href":"https:\/\/www.unidroit.org\/fr\/wp-json\/wp\/v2\/pages"}],"about":[{"href":"https:\/\/www.unidroit.org\/fr\/wp-json\/wp\/v2\/types\/page"}],"author":[{"embeddable":true,"href":"https:\/\/www.unidroit.org\/fr\/wp-json\/wp\/v2\/users\/8"}],"replies":[{"embeddable":true,"href":"https:\/\/www.unidroit.org\/fr\/wp-json\/wp\/v2\/comments?post=31499"}],"version-history":[{"count":1,"href":"https:\/\/www.unidroit.org\/fr\/wp-json\/wp\/v2\/pages\/31499\/revisions"}],"predecessor-version":[{"id":32350,"href":"https:\/\/www.unidroit.org\/fr\/wp-json\/wp\/v2\/pages\/31499\/revisions\/32350"}],"up":[{"embeddable":true,"href":"https:\/\/www.unidroit.org\/fr\/wp-json\/wp\/v2\/pages\/4954"}],"wp:attachment":[{"href":"https:\/\/www.unidroit.org\/fr\/wp-json\/wp\/v2\/media?parent=31499"}],"curies":[{"name":"wp","href":"https:\/\/api.w.org\/{rel}","templated":true}]}}