{"id":31501,"date":"2021-08-30T13:50:23","date_gmt":"2021-08-30T11:50:23","guid":{"rendered":"https:\/\/www.unidroit.org\/?page_id=31501"},"modified":"2025-11-03T10:23:48","modified_gmt":"2025-11-03T09:23:48","slug":"105-eme-session-rome-20-23-mai-2025","status":"publish","type":"page","link":"https:\/\/www.unidroit.org\/fr\/reunions\/conseil-de-direction-3\/105-eme-session-rome-20-23-mai-2025\/","title":{"rendered":"105\u00e8me session (Rome, 20-23 mai 2025)"},"content":{"rendered":"<div class=\"wpb-content-wrapper\"><p>[vc_row][vc_column css=&#8221;.vc_custom_1490017614850{margin-bottom: 30px !important;}&#8221;][vc_custom_heading text=&#8221;105\u00e8me session<br \/>\n(Rome, 20-23 Mai 2025)&#8221; font_container=&#8221;tag:h1|text_align:left&#8221; use_theme_fonts=&#8221;yes&#8221; css=&#8221;.vc_custom_1741709017365{margin-top: 0px !important;margin-bottom: 20px !important;}&#8221;][vc_column_text css=&#8221;.vc_custom_1762161824250{padding-top: 35px !important;padding-right: 35px !important;padding-bottom: 35px !important;padding-left: 35px !important;background-color: #f2f2f2 !important;}&#8221;]<\/p>\n<p style=\"text-align: center;\"><strong>Documents<\/strong><\/p>\n<p>Conclusions Sommaires <a href=\"https:\/\/www.unidroit.org\/wp-content\/uploads\/2025\/07\/C.D.-105-Misc.-3-Conclusions-sommaires.pdf\" target=\"_blank\" rel=\"noopener\">(C.D. (105) Misc. 3)<\/a><\/p>\n<p>Rapport (<a href=\"https:\/\/www.unidroit.org\/wp-content\/uploads\/2025\/11\/C.D.10532-Rapport-site-Internet.pdf\" target=\"_blank\" rel=\"noopener\">C.D. (105) 32<\/a>)<\/p>\n<p>&nbsp;<\/p>\n<p>Ordre\u00a0 provisoire des travaux <a href=\"https:\/\/www.unidroit.org\/wp-content\/uploads\/2025\/03\/C.D.105Misc.-1-rev.-2-Ordre-provisoire-des-travaux.pdf\" target=\"_blank\" rel=\"noopener\">(<\/a><a href=\"https:\/\/www.unidroit.org\/wp-content\/uploads\/2025\/05\/C.D.105Misc.-1-rev.-3-Ordre-provisoire-des-travaux.pdf\" target=\"_blank\" rel=\"noopener\">C.D. (105) Misc.1 r\u00e9v.3<\/a>)<\/p>\n<p style=\"text-align: left;\">1. Adoption du projet d\u2019ordre du jour annot\u00e9 <a href=\"https:\/\/www.unidroit.org\/wp-content\/uploads\/2025\/03\/C.D.1051-rev.-Projet-dordre-du-jour-annote.pdf\" target=\"_blank\" rel=\"noopener\">(C.D. (105) 1 r\u00e9v.)<\/a><\/p>\n<p style=\"text-align: left;\">2. Nomination des Premier et deuxi\u00e8me Vice-Pr\u00e9sidents du Conseil de Direction <a href=\"https:\/\/www.unidroit.org\/wp-content\/uploads\/2025\/03\/C.D.1051-rev.-Projet-dordre-du-jour-annote.pdf\" target=\"_blank\" rel=\"noopener\">(C.D. (105) 1 r\u00e9v.)<\/a><\/p>\n<p style=\"text-align: left;\">3. Rapports<\/p>\n<p style=\"text-align: left; padding-left: 40px;\">a) Rapport annuel 2024 (<a href=\"https:\/\/www.unidroit.org\/wp-content\/uploads\/2025\/05\/C.D.-105-2-Rapport-annuel-2024.pdf\">C.D. (105) 2<\/a>)<\/p>\n<p style=\"text-align: left; padding-left: 40px;\">b) Rapport de la Fondation d\u2019UNIDROIT <a href=\"https:\/\/www.unidroit.org\/wp-content\/uploads\/2025\/04\/C.D.-105-3-Rapport-Fondation-UNIDROIT.pdf\" target=\"_blank\" rel=\"noopener\">(C.D. (105) 3)<\/a><\/p>\n<p style=\"text-align: left;\">4. Programme de travail pour la p\u00e9riode triennale 2026-2028 (<a href=\"https:\/\/www.unidroit.org\/wp-content\/uploads\/2025\/05\/C.D.1054-Propositions-pour-le-nouveau-Programme-de-travail-2026-2028.pdf\">C.D. (105) 4<\/a>)<\/p>\n<p style=\"text-align: left;\">5. Projets d\u2019instruments<\/p>\n<p style=\"text-align: left; padding-left: 40px;\">a) Insolvabilit\u00e9 bancaire: approbation du projet de Guide l\u00e9gislatif sur la liquidation bancaire <a href=\"https:\/\/www.unidroit.org\/wp-content\/uploads\/2025\/04\/C.D.-105-5-Insolvabilite-bancaire-avec-Annexe.pdf\" target=\"_blank\" rel=\"noopener\">(C.D. (105) 5)<\/a><\/p>\n<p style=\"text-align: left; padding-left: 40px;\">b) Meilleures pratiques pour des proc\u00e9dures d\u2019ex\u00e9cution efficaces: approbation pr\u00e9liminaire de l\u2019instrument (projet de Meilleures pratiques et commentaires) et autorisation de proc\u00e9der \u00e0 la consultation publique (<a href=\"https:\/\/www.unidroit.org\/wp-content\/uploads\/2025\/05\/C.D.-105-6-Meilleures-pratiques-pour-des-procedures-dexecution-efficaces.pdf\">C.D. (105) 6<\/a> \u00a0<a href=\"https:\/\/www.unidroit.org\/wp-content\/uploads\/2025\/04\/C.D.-105-6-Annexe-II-confidential.pdf\">Annexe II<\/a>)<\/p>\n<p style=\"text-align: left; padding-left: 40px;\">c) Loi type d\u2019UNIDROIT sur l\u2019affacturage et Guide pour l\u2019incorporation: approbation pr\u00e9liminaire de l\u2019instrument (<a href=\"https:\/\/www.unidroit.org\/wp-content\/uploads\/2025\/04\/C.D.-105-7-Loi-type-sur-laffacturage-Guide-pour-lincorporation.pdf\">C.D. (105) 7<\/a> <a href=\"https:\/\/www.unidroit.org\/wp-content\/uploads\/2025\/04\/C.D.-105-7-Annexe-II-confidential-1.pdf\">Annexe II<\/a>)<\/p>\n<p style=\"text-align: left; padding-left: 40px;\">d) Principes relatifs aux contrats de r\u00e9assurance: autorisation de proc\u00e9der \u00e0 la publication<a href=\"https:\/\/www.unidroit.org\/wp-content\/uploads\/2025\/04\/C.D.-105-8-Principes-des-contrats-de-reassurance.pdf\" target=\"_blank\" rel=\"noopener\"> (C.D. (105) 8 \u00a0 <\/a><a href=\"https:\/\/www.unidroit.org\/wp-content\/uploads\/2025\/04\/C.D.-105-8-Annexe-I-II-1.pdf\" target=\"_blank\" rel=\"noopener\">Annexes)<\/a><\/p>\n<p style=\"text-align: left;\">6. Activit\u00e9s l\u00e9gislatives en cours report\u00e9es des Programmes de travail pr\u00e9c\u00e9dents<\/p>\n<p style=\"text-align: left; padding-left: 40px;\">a) Structure juridiques collaboratives pour les entreprises agricoles <a href=\"https:\/\/www.unidroit.org\/wp-content\/uploads\/2025\/04\/C.D.-105-9-Structures-juridiques-collaboratives-pour-les-entreprises-agricoles.pdf\" target=\"_blank\" rel=\"noopener\">(C.D. (105) 9)<\/a><\/p>\n<p style=\"text-align: left; padding-left: 40px;\">b) Nature juridique des cr\u00e9dits carbone v\u00e9rifi\u00e9s <a href=\"https:\/\/www.unidroit.org\/wp-content\/uploads\/2025\/04\/C.D.-105-10-Legal-Nature-of-Verified-Carbon-Credits.pdf\" target=\"_blank\" rel=\"noopener\">(<\/a><a href=\"https:\/\/www.unidroit.org\/wp-content\/uploads\/2025\/05\/C.D.105-10-Nature-juridique-des-credits-carbone-verifies.pdf\">C.D. (105) 10<\/a><a href=\"https:\/\/www.unidroit.org\/wp-content\/uploads\/2025\/04\/C.D.-105-10-Legal-Nature-of-Verified-Carbon-Credits.pdf\" target=\"_blank\" rel=\"noopener\">)<\/a><\/p>\n<p style=\"text-align: left; padding-left: 40px;\">c) Principes d\u2019UNIDROIT relatifs aux contrats du commerce international et contrats d\u2019investissement <a href=\"https:\/\/www.unidroit.org\/wp-content\/uploads\/2025\/04\/C.D.-105-11-Principes-dUNIDROIT-et-contrats-dinvestissement.pdf\" target=\"_blank\" rel=\"noopener\">(C.D. (105) 11)<\/a><\/p>\n<p style=\"text-align: left; padding-left: 40px;\">d) Collections d\u2019art priv\u00e9es <a href=\"https:\/\/www.unidroit.org\/wp-content\/uploads\/2025\/04\/C.D.-105-12-Collections-dart-privees.pdf\" target=\"_blank\" rel=\"noopener\">(C.D. (105) 12)<\/a><\/p>\n<p style=\"text-align: left; padding-left: 40px;\">e) \u00c9laboration d\u2019un document d\u2019orientation sur le devoir de vigilance des entreprises en mati\u00e8re de durabilit\u00e9 dans les cha\u00eenes de valeur mondiales (pr\u00e9sentation orale)<\/p>\n<p style=\"text-align: left;\">7. Garanties internationales portant sur des mat\u00e9riels d\u2019\u00e9quipement mobiles<\/p>\n<p style=\"text-align: left; padding-left: 40px;\">a) \u00c9tat de mise en \u0153uvre de la Convention du Cap et du Protocole a\u00e9ronautique<br \/>\n<a href=\"https:\/\/www.unidroit.org\/wp-content\/uploads\/2025\/05\/C.D.10513-Mise-en-oeuvre-Protocole-aeronautique.pdf\" target=\"_blank\" rel=\"noopener\">(C.D. (105) 13)<\/a><\/p>\n<p style=\"text-align: left; padding-left: 40px;\">b) \u00c9tat de mise en \u0153uvre du Protocole ferroviaire de Luxembourg <a href=\"https:\/\/www.unidroit.org\/wp-content\/uploads\/2025\/04\/C.D.-105-14-Etat-de-mise-en-oeuvre-du-Protocole-ferroviaire-de-Luxembourg.pdf\" target=\"_blank\" rel=\"noopener\">(C.D. (105) 14)<\/a><\/p>\n<p style=\"text-align: left; padding-left: 40px;\">c) \u00c9tat de mise en \u0153uvre du Protocole spatial <a href=\"https:\/\/www.unidroit.org\/wp-content\/uploads\/2025\/04\/C.D.-105-15-Etat-de-mise-en-oeuvre-du-Protocole-spatial.pdf\" target=\"_blank\" rel=\"noopener\">(C.D. (105) 15)<\/a><\/p>\n<p style=\"text-align: left; padding-left: 40px;\">d) \u00c9tat de mise en \u0153uvre du Protocole portant sur les questions sp\u00e9cifiques aux mat\u00e9riels d\u2019\u00e9quipement miniers, agricoles et de construction (Protocole MAC) (<a href=\"https:\/\/www.unidroit.org\/wp-content\/uploads\/2025\/04\/C.D.10516-Etat-de-mise-en-oeuvre-du-Protocole-MAC.pdf\">C.D. (105) 16<\/a>)<\/p>\n<p style=\"text-align: left; padding-left: 40px;\">e) Rapport et proposition de r\u00e9partition des fonctions de l\u2019Autorit\u00e9 de surveillance du Registre du Protocole MAC entre les organes directeurs d\u2019UNIDROIT (<a href=\"https:\/\/www.unidroit.org\/wp-content\/uploads\/2025\/05\/C.D.10517-Autorite-de-surveillance-Protocole-MAC.pdf\" target=\"_blank\" rel=\"noopener\">C.D. (105) 17<\/a>)<\/p>\n<p style=\"text-align: left;\">8. Protection internationale des biens culturels: Trente ans de la Convention d\u2019UNIDROIT de 1995 et \u00e9tat de sa mise en \u0153uvre (<a href=\"https:\/\/www.unidroit.org\/wp-content\/uploads\/2025\/05\/C.D.10518-Protection-internationale-des-biens-culturels.pdf\" target=\"_blank\" rel=\"noopener\">C.D. (105) 18<\/a>)<\/p>\n<p style=\"text-align: left;\">9. \u00c9tat de la mise en \u0153uvre et strat\u00e9gie de promotion des instruments d\u2019UNIDROIT<\/p>\n<p style=\"text-align: left; padding-left: 40px;\">a) Principes d\u2019UNIDROIT relatifs aux contrats du commerce international <a href=\"https:\/\/www.unidroit.org\/wp-content\/uploads\/2025\/04\/C.D.-105-19-Mise-en-oeuvre-et-strategie-de-promotion-Principes-dUNIDROIT.pdf\" target=\"_blank\" rel=\"noopener\">(C.D. (105) 19)<\/a><\/p>\n<p style=\"text-align: left; padding-left: 40px;\">b) Loi type d\u2019UNIDROIT sur l\u2019affacturage (<a href=\"https:\/\/www.unidroit.org\/wp-content\/uploads\/2025\/04\/C.D.-105-20-Mise-en-oeuvre-et-strategie-Loi-type-sur-laffacturage.pdf\">C.D. (105) 20)<\/a><\/p>\n<p style=\"text-align: left; padding-left: 40px;\">c) Principes d\u2019UNIDROIT relatifs aux actifs num\u00e9riques et droit priv\u00e9 <a href=\"https:\/\/www.unidroit.org\/wp-content\/uploads\/2025\/04\/C.D.-105-21-Principes-actifs-numeriques-et-droit-prive.pdf\" target=\"_blank\" rel=\"noopener\">(C.D. (105) 21)<\/a><\/p>\n<p style=\"text-align: left; padding-left: 40px;\">d) Loi type CNUDCI-UNIDROIT sur les r\u00e9c\u00e9piss\u00e9s d\u2019entrep\u00f4t et Guide pour l\u2019incorporation <a href=\"https:\/\/www.unidroit.org\/wp-content\/uploads\/2025\/04\/C.D.-105-22-Loi-type-CNUDCI_UNIDROIT-recepisses-dentrepot-et-Guide-pour-lincorporation.pdf\" target=\"_blank\" rel=\"noopener\">(C.D. (105) 22)<\/a><\/p>\n<p style=\"text-align: left;\">10. Pr\u00e9sentation des travaux de restauration de la Villa Aldobrandini<\/p>\n<p style=\"text-align: left;\">11. Coordination avec d\u2019autres organisations <a href=\"https:\/\/www.unidroit.org\/wp-content\/uploads\/2025\/05\/C.D-10523-Coordination-avec-dautres-Organisations-Internet.pdf\" target=\"_blank\" rel=\"noopener\">(C.D. (105) 23)<\/a><\/p>\n<p style=\"text-align: left;\">12. Acad\u00e9mie d\u2019UNIDROIT <a href=\"https:\/\/www.unidroit.org\/wp-content\/uploads\/2025\/04\/C.D.-105-24-Academie-dUNIDROIT.pdf\" target=\"_blank\" rel=\"noopener\">(C.D. (105) 24)<\/a><\/p>\n<p style=\"text-align: left; padding-left: 40px;\">a) Projets acad\u00e9miques d\u2019UNIDROIT<\/p>\n<p style=\"text-align: left; padding-left: 40px;\">b) Instituts acad\u00e9miques et Centres de droit<\/p>\n<p style=\"text-align: left; padding-left: 80px;\">i. Institut QMUL \u2013 UNIDROIT pour le droit commercial transnational<\/p>\n<p style=\"text-align: left; padding-left: 80px;\">ii. Centre Roma Tre \u2013 UNIDROIT de droit commercial transnational et d\u2019arbitrage international<\/p>\n<p style=\"text-align: left; padding-left: 80px;\">iii. Centre d\u2019\u00e9tudes nordiques et de droit priv\u00e9 transnational<\/p>\n<p style=\"text-align: left; padding-left: 80px;\">iv. Centre de droit transnational asiatique d\u2019UNIDROIT<\/p>\n<p style=\"text-align: left; padding-left: 40px;\">c) Programme international d\u2019UNIDROIT pour le droit et le d\u00e9veloppement<\/p>\n<p style=\"text-align: left; padding-left: 40px;\">d) Programmes de Chaires et de bourses d\u2019UNIDROIT<\/p>\n<p style=\"text-align: left; padding-left: 40px;\">e) Biblioth\u00e8que d\u2019UNIDROIT<\/p>\n<p style=\"text-align: left; padding-left: 40px;\">f) Programme de bourses, de stage et de recherche d\u2019UNIDROIT<\/p>\n<p style=\"text-align: left; padding-left: 40px;\">g) Coop\u00e9ration avec des institutions acad\u00e9miques<\/p>\n<p style=\"text-align: left; padding-left: 40px;\">h) Publications d\u2019UNIDROIT<\/p>\n<p style=\"text-align: left;\">13. Questions institutionnelles et administratives<\/p>\n<p style=\"text-align: left; padding-left: 80px;\">a) Pr\u00e9paration du projet de Budget pour l\u2019exercice financier 2026 <a href=\"https:\/\/www.unidroit.org\/wp-content\/uploads\/2025\/04\/C.D.-105-25-Projet-de-Bugdet-2026-site-Internet.pdf\" target=\"_blank\" rel=\"noopener\">(C.D. (105) 25)<\/a><\/p>\n<p style=\"text-align: left; padding-left: 80px;\">b) Rapport du Comit\u00e9 sp\u00e9cial charg\u00e9 de la mise \u00e0 jour du R\u00e8glement d\u2019UNIDROIT<br \/>\n(<a href=\"https:\/\/www.unidroit.org\/wp-content\/uploads\/2025\/05\/C.D.-105-26-Comite-special-charge-de-la-mise-a-jour-du-Reglement-dUNIDROIT-Internet.pdf\" target=\"_blank\" rel=\"noopener\">C.D. (105) 26<\/a> &#8211; <a href=\"https:\/\/www.unidroit.org\/wp-content\/uploads\/2025\/04\/C.D.-105-26-Annexe-Overview-of-Articles-of-the-Regulations-and-the-Statute-PROTECTED.pdf\" target=\"_blank\" rel=\"noopener\">Annexe<\/a>)<\/p>\n<p style=\"text-align: left; padding-left: 80px;\">c) Au-del\u00e0 du centenaire: une discussion sur la strat\u00e9gie de l\u2019organisation (<a href=\"https:\/\/www.unidroit.org\/wp-content\/uploads\/2025\/05\/C.D.10527-Strategie-de-lOrganisation-Internet.pdf\" target=\"_blank\" rel=\"noopener\">C.D. (105) 27<\/a>)<\/p>\n<p style=\"text-align: left; padding-left: 80px;\">d) Proposition de cr\u00e9ation d\u2019un Bureau de liaison \u00e0 Hong Kong SAR (Chine)<br \/>\n<a href=\"https:\/\/www.unidroit.org\/wp-content\/uploads\/2025\/04\/C.D.10528-Proposition-de-creation-dun-Bureau-de-liaison-a-Hong-Kong-SAR-Chine-Internet.pdf\" target=\"_blank\" rel=\"noopener\">(C.D. (105) 28)<\/a><\/p>\n<p style=\"text-align: left; padding-left: 80px;\">e) Correspondants d\u2019UNIDROIT (<a href=\"https:\/\/www.unidroit.org\/wp-content\/uploads\/2025\/05\/C.D.-105-29-Correspondants-dUNIDROIT.pdf\" target=\"_blank\" rel=\"noopener\">C.D. (105) 29<\/a> <a href=\"https:\/\/www.unidroit.org\/wp-content\/uploads\/2025\/05\/Correspondants-ANNEXE-II.pdf\" target=\"_blank\" rel=\"noopener\">Annexe II<\/a>)<\/p>\n<p style=\"text-align: left; padding-left: 80px;\">f) Strat\u00e9gie de communication num\u00e9rique et diffusion sur les r\u00e9seaux sociaux <a href=\"https:\/\/www.unidroit.org\/wp-content\/uploads\/2025\/04\/C.D.105-30-Strategie-de-communication-et-diffusion-sur-les-reseaux-sociaux.pdf\" target=\"_blank\" rel=\"noopener\">(C.D. (105) 30)<\/a><\/p>\n<p style=\"text-align: left;\">14. Pr\u00e9paration du centenaire d\u2019UNIDROIT (<a href=\"https:\/\/www.unidroit.org\/wp-content\/uploads\/2025\/05\/C.D.10531-Centenaire-dUNIDROIT-Internet.pdf\" target=\"_blank\" rel=\"noopener\">C.D. (105) 31<\/a>)<\/p>\n<p style=\"text-align: left;\">15. Date et lieu de la 106\u00e8me session du Conseil de Direction <a href=\"https:\/\/www.unidroit.org\/wp-content\/uploads\/2025\/03\/C.D.1051-rev.-Projet-dordre-du-jour-annote.pdf\" target=\"_blank\" rel=\"noopener\">(C.D. (105) 1 r\u00e9v.)<\/a><\/p>\n<p style=\"text-align: left;\">16. Divers<\/p>\n<p>[\/vc_column_text][\/vc_column][\/vc_row][vc_row][vc_column][vc_column_text]<\/p>\n<p>[\/vc_column_text][\/vc_column][\/vc_row]<\/p>\n<\/div>","protected":false},"excerpt":{"rendered":"<p>[vc_row][vc_column css=&#8221;.vc_custom_1490017614850{margin-bottom: 30px !important;}&#8221;][vc_custom_heading text=&#8221;105\u00e8me session (Rome, 20-23 Mai 2025)&#8221; font_container=&#8221;tag:h1|text_align:left&#8221; use_theme_fonts=&#8221;yes&#8221; css=&#8221;.vc_custom_1741709017365{margin-top: 0px !important;margin-bottom: 20px !important;}&#8221;][vc_column_text css=&#8221;.vc_custom_1762161824250{padding-top: 35px !important;padding-right: 35px !important;padding-bottom: 35px !important;padding-left: 35px !important;background-color: #f2f2f2 !important;}&#8221;] Documents Conclusions Sommaires (C.D. (105) Misc. 3) Rapport (C.D. (105) 32) &nbsp; Ordre\u00a0 provisoire des travaux (C.D.&nbsp;<a href=\"https:\/\/www.unidroit.org\/fr\/reunions\/conseil-de-direction-3\/105-eme-session-rome-20-23-mai-2025\/\">&hellip;<\/a><\/p>\n","protected":false},"author":30,"featured_media":0,"parent":4954,"menu_order":0,"comment_status":"closed","ping_status":"closed","template":"","meta":{"ep_exclude_from_search":false,"footnotes":""},"class_list":["post-31501","page","type-page","status-publish","format-standard","hentry","odd"],"_links":{"self":[{"href":"https:\/\/www.unidroit.org\/fr\/wp-json\/wp\/v2\/pages\/31501","targetHints":{"allow":["GET"]}}],"collection":[{"href":"https:\/\/www.unidroit.org\/fr\/wp-json\/wp\/v2\/pages"}],"about":[{"href":"https:\/\/www.unidroit.org\/fr\/wp-json\/wp\/v2\/types\/page"}],"author":[{"embeddable":true,"href":"https:\/\/www.unidroit.org\/fr\/wp-json\/wp\/v2\/users\/30"}],"replies":[{"embeddable":true,"href":"https:\/\/www.unidroit.org\/fr\/wp-json\/wp\/v2\/comments?post=31501"}],"version-history":[{"count":67,"href":"https:\/\/www.unidroit.org\/fr\/wp-json\/wp\/v2\/pages\/31501\/revisions"}],"predecessor-version":[{"id":36326,"href":"https:\/\/www.unidroit.org\/fr\/wp-json\/wp\/v2\/pages\/31501\/revisions\/36326"}],"up":[{"embeddable":true,"href":"https:\/\/www.unidroit.org\/fr\/wp-json\/wp\/v2\/pages\/4954"}],"wp:attachment":[{"href":"https:\/\/www.unidroit.org\/fr\/wp-json\/wp\/v2\/media?parent=31501"}],"curies":[{"name":"wp","href":"https:\/\/api.w.org\/{rel}","templated":true}]}}