{"id":31548,"date":"2021-08-30T13:50:23","date_gmt":"2021-08-30T11:50:23","guid":{"rendered":"https:\/\/www.unidroit.org\/?page_id=31548"},"modified":"2026-02-03T09:53:34","modified_gmt":"2026-02-03T08:53:34","slug":"104-eme-session-remote-avril-202525","status":"publish","type":"page","link":"https:\/\/www.unidroit.org\/fr\/reunions\/conseil-de-direction-3\/104-eme-session-remote-avril-202525\/","title":{"rendered":"104\u00e8me session (Remote, avril 2025)"},"content":{"rendered":"<div class=\"wpb-content-wrapper\"><p>[vc_row][vc_column css=&#8221;.vc_custom_1490017614850{margin-bottom: 30px !important;}&#8221;][vc_custom_heading text=&#8221;104\u00e8me session<br \/>\n(\u00e0 distance, avril 2025)&#8221; font_container=&#8221;tag:h1|text_align:left&#8221; use_theme_fonts=&#8221;yes&#8221; css=&#8221;.vc_custom_1741946104112{margin-top: 0px !important;margin-bottom: 20px !important;}&#8221;][vc_column_text css=&#8221;.vc_custom_1770108850355{padding-top: 35px !important;padding-right: 35px !important;padding-bottom: 35px !important;padding-left: 35px !important;background-color: #f2f2f2 !important;}&#8221;]<\/p>\n<p style=\"text-align: center;\"><strong>Documents<\/strong><\/p>\n<p style=\"padding-left: 40px;\">Rapport (<a href=\"https:\/\/www.unidroit.org\/wp-content\/uploads\/2026\/02\/C.D.1043-Rapport.pdf\" target=\"_blank\" rel=\"noopener\">C.D. (104) 3<\/a>)<\/p>\n<p><strong>*\u00a0 *\u00a0 *\u00a0<\/strong><\/p>\n<p>1. Adoption du projet d\u2019ordre du jour annot\u00e9 <a href=\"https:\/\/www.unidroit.org\/wp-content\/uploads\/2025\/03\/C.D.1041-Projet-dordre-du-jour-annote.pdf\" target=\"_blank\" rel=\"noopener\">(C.D. (104) 1)<\/a><\/p>\n<p>2. Le Devoir de vigilance des entreprises en mati\u00e8re de durabilit\u00e9 dans les cha\u00eenes de valeur mondiales \u2013 examen en vue du rehaussement du niveau de priorit\u00e9 <a href=\"https:\/\/www.unidroit.org\/wp-content\/uploads\/2025\/03\/C.D.1041-Projet-dordre-du-jour-annote.pdf\" target=\"_blank\" rel=\"noopener\">(<\/a><a href=\"https:\/\/www.unidroit.org\/wp-content\/uploads\/2025\/03\/C.D.1042-Devoir-de-vigilance-des-entreprises-en-matiere-de-durabilite-dans-les-chaines-de-valeur-mondiales.pdf\">C.D. (104) 2<\/a><a href=\"https:\/\/www.unidroit.org\/wp-content\/uploads\/2025\/03\/C.D.1041-Projet-dordre-du-jour-annote.pdf\" target=\"_blank\" rel=\"noopener\">)<\/a><\/p>\n<p>3. Divers[\/vc_column_text][\/vc_column][\/vc_row][vc_row][vc_column][vc_column_text]<\/p>\n<p>[\/vc_column_text][\/vc_column][\/vc_row]<\/p>\n<\/div>","protected":false},"excerpt":{"rendered":"<p>[vc_row][vc_column css=&#8221;.vc_custom_1490017614850{margin-bottom: 30px !important;}&#8221;][vc_custom_heading text=&#8221;104\u00e8me session (\u00e0 distance, avril 2025)&#8221; font_container=&#8221;tag:h1|text_align:left&#8221; use_theme_fonts=&#8221;yes&#8221; css=&#8221;.vc_custom_1741946104112{margin-top: 0px !important;margin-bottom: 20px !important;}&#8221;][vc_column_text css=&#8221;.vc_custom_1770108850355{padding-top: 35px !important;padding-right: 35px !important;padding-bottom: 35px !important;padding-left: 35px !important;background-color: #f2f2f2 !important;}&#8221;] Documents Rapport (C.D. (104) 3) *\u00a0 *\u00a0 *\u00a0 1. Adoption du projet d\u2019ordre du jour annot\u00e9 (C.D.&nbsp;<a href=\"https:\/\/www.unidroit.org\/fr\/reunions\/conseil-de-direction-3\/104-eme-session-remote-avril-202525\/\">&hellip;<\/a><\/p>\n","protected":false},"author":30,"featured_media":0,"parent":4954,"menu_order":0,"comment_status":"closed","ping_status":"closed","template":"","meta":{"ep_exclude_from_search":false,"footnotes":""},"class_list":["post-31548","page","type-page","status-publish","format-standard","hentry","odd"],"_links":{"self":[{"href":"https:\/\/www.unidroit.org\/fr\/wp-json\/wp\/v2\/pages\/31548","targetHints":{"allow":["GET"]}}],"collection":[{"href":"https:\/\/www.unidroit.org\/fr\/wp-json\/wp\/v2\/pages"}],"about":[{"href":"https:\/\/www.unidroit.org\/fr\/wp-json\/wp\/v2\/types\/page"}],"author":[{"embeddable":true,"href":"https:\/\/www.unidroit.org\/fr\/wp-json\/wp\/v2\/users\/30"}],"replies":[{"embeddable":true,"href":"https:\/\/www.unidroit.org\/fr\/wp-json\/wp\/v2\/comments?post=31548"}],"version-history":[{"count":16,"href":"https:\/\/www.unidroit.org\/fr\/wp-json\/wp\/v2\/pages\/31548\/revisions"}],"predecessor-version":[{"id":38059,"href":"https:\/\/www.unidroit.org\/fr\/wp-json\/wp\/v2\/pages\/31548\/revisions\/38059"}],"up":[{"embeddable":true,"href":"https:\/\/www.unidroit.org\/fr\/wp-json\/wp\/v2\/pages\/4954"}],"wp:attachment":[{"href":"https:\/\/www.unidroit.org\/fr\/wp-json\/wp\/v2\/media?parent=31548"}],"curies":[{"name":"wp","href":"https:\/\/api.w.org\/{rel}","templated":true}]}}