{"id":32774,"date":"2025-04-29T14:39:40","date_gmt":"2025-04-29T12:39:40","guid":{"rendered":"https:\/\/www.unidroit.org\/instruments\/garanties-internationales\/convention-du-cap\/etats-parties\/d-cote-divoire-ct\/"},"modified":"2025-04-29T14:43:52","modified_gmt":"2025-04-29T12:43:52","slug":"d-cote-divoire-ct","status":"publish","type":"page","link":"https:\/\/www.unidroit.org\/fr\/instruments\/garanties-internationales\/convention-du-cap\/etats-parties\/d-cote-divoire-ct\/","title":{"rendered":"D &#8211; C\u00f4te d\u2019Ivoire ct"},"content":{"rendered":"<div class=\"wpb-content-wrapper\"><p>[vc_row][vc_column css=&#8221;.vc_custom_1490017614850{margin-bottom: 30px !important;}&#8221;][vc_custom_heading text=&#8221;D&#8221; font_container=&#8221;tag:h1|text_align:left&#8221; use_theme_fonts=&#8221;yes&#8221; css=&#8221;.vc_custom_1625938548065{margin-top: 0px !important;margin-bottom: 20px !important;}&#8221;][vc_custom_heading text=&#8221;D\u00c9CLARATION SUBS\u00c9QUENTE DEPOS\u00c9E PAR LA R\u00c9PUBLIQUE DE C\u00d4TE D\u2019IVOIRE EN VERTU DE LA CONVENTION DU CAP&#8221; font_container=&#8221;tag:h4|text_align:left&#8221; use_theme_fonts=&#8221;yes&#8221;][\/vc_column][\/vc_row][vc_row css=&#8221;.vc_custom_1622455036974{background-color: #f2f2f2 !important;}&#8221;][vc_column css=&#8221;.vc_custom_1490017614850{margin-bottom: 30px !important;}&#8221;][vc_column_text]<\/p>\n<p><strong>D\u00c9CLARATIONS SUBS\u00c9QUENTES <\/strong><strong>D\u00c9POS\u00c9ES PAR<br \/>\nLA R\u00c9PUBLIQUE DE C\u00d4TE D\u2019IVOIRE EN VERTU DE LA CONVENTION DU CAP.<\/strong><\/p>\n<p>&nbsp;<\/p>\n<p>Le 12 juin 2019, le Gouvernement de C\u00f4te d\u2019Ivoire a notifi\u00e9 \u00e0 UNIDROIT, conform\u00e9ment \u00e0 l\u2019article 57(1) de la Convention, les d\u00e9clarations subs\u00e9quentes qui suivent. Conform\u00e9ment \u00e0 l\u2019article 57(2) de la Convention, ces d\u00e9clarations subs\u00e9quentes ont pris effet le 1er janvier 2020.<\/p>\n<p>&nbsp;<\/p>\n<p><strong><em>Formulaire N\u00b0 1 (D\u00e9claration sp\u00e9cifique en vertu de l\u2019article 39(1)(a)) <\/em><\/strong><\/p>\n<p>L\u2019Etat de C\u00f4te d\u2019Ivoire d\u00e9clare que les cat\u00e9gories suivantes de droits ou garanties non conventionnels:<\/p>\n<p>a) les droits de r\u00e9tention au b\u00e9n\u00e9fice des salari\u00e9s en vertu des privil\u00e8ges dont disposent les salaires dus par un employeur au moment de l\u2019inex\u00e9cution de ses obligations aux termes d\u2019un contrat de financement ou de bail portant sur un bien;<\/p>\n<p>b) les droits de r\u00e9tention au b\u00e9n\u00e9fice des r\u00e9parateurs dans la mesure de la valeur des r\u00e9parations faites ou autres services fournis et de la valeur ajout\u00e9e \u00e0 ce bien,<\/p>\n<p>ont priorit\u00e9 en vertu de ses lois sur une garantie portant sur le bien \u00e9quivalente \u00e0 celle du titulaire d\u2019une garantie internationale inscrite et primeront une garantie internationale inscrite, que ce soit ou non dans le cadre d\u2019une proc\u00e9dure d\u2019insolvabilit\u00e9.<\/p>\n<p>&nbsp;<\/p>\n<p><em><strong>Formulaire N\u00b0 6 (D\u00e9claration en vertu de l\u2019article 40) <\/strong><\/em><\/p>\n<p>L\u2019Etat de C\u00f4te d\u2019Ivoire d\u00e9clare que les droits ou garanties non conventionnels suivants:<\/p>\n<p>a) les droits d\u00e9coulant de la saisie du bien a\u00e9ronautique en ex\u00e9cution partielle ou int\u00e9grante d&#8217;un jugement de condamnation<\/p>\n<p>b) les droits au b\u00e9n\u00e9fices d\u2019une entit\u00e9 \u00e9tatique en vertu des privil\u00e8ges fiscaux ou d\u2019autres redevances impay\u00e9es de tout genre (qui ne font pas l\u2019objet de la d\u00e9claration faite en vertu de l\u2019article 39(1)(a) de la Convention); et<\/p>\n<p>c) toute autre cat\u00e9gorie de droits ou de garanties non conventionnelles qui ne fait pas l\u2019objet de la d\u00e9claration faite en vertu de l\u2019article 39(1)(a) de la Convention<\/p>\n<p>seront susceptibles d\u2019inscription au Registre international comme si ces droits ou garanties \u00e9taient des garanties internationales, et seront d\u00e8s lors trait\u00e9s comme telles.<\/p>\n<p>&nbsp;<\/p>\n<p><em><strong>Formulaire N\u00b010 (D\u00e9claration en vertu de l\u2019article 52) <\/strong><\/em><\/p>\n<p>L\u2019Etat de C\u00f4te d\u2019Ivoire d\u00e9clare que la Convention s\u2019applique \u00e0 toutes ses unit\u00e9s territoriales.<\/p>\n<p>&nbsp;<\/p>\n<p><em><strong>Formulaire N\u00b011 (D\u00e9claration en vertu de l\u2019article 53) <\/strong><\/em><\/p>\n<p>L\u2019Etat de C\u00f4te d\u2019Ivoire d\u00e9clare que les juridictions ivoiriennes sont comp\u00e9tentes aux fins de l\u2019application de l\u2019article premier et du Chapitre XII de la Convention.<\/p>\n<p>&nbsp;<\/p>\n<p><em><strong>Formulaire N\u00b0 13 (D\u00e9claration obligatoire en vertu de l\u2019article 54) <\/strong><\/em><\/p>\n<p>L\u2019Etat de C\u00f4te d\u2019Ivoire d\u00e9clare que les mesures ouvertes au cr\u00e9ancier en vertu de la Convention peuvent \u00eatre exerc\u00e9es sans aucune intervention ou toute action du tribunal, sauf dans le cas des mesures o\u00f9 l\u2019intervention du tribunal est express\u00e9ment pr\u00e9vue par les dispositions de ladite Convention.<\/p>\n<p>[Cette d\u00e9claration remplace une d\u00e9claration ant\u00e9rieure faite par le Gouvernement de C\u00f4te d\u2019Ivoire en date du 10 d\u00e9cembre 2015 et qui avait pris effet le 1er juillet 2016 en vertu de l&#8217;article 54(2) de la Convention. Elle a cess\u00e9 de s\u2019appliquer le 1er janvier 2020.<\/p>\n<p>La R\u00e9publique de C\u00f4te d\u2019Ivoire d\u00e9clare que toutes les mesures ouvertes au cr\u00e9ancier en vertu de la Convention et dont la mise en \u0153uvre n\u2019est pas subordonn\u00e9e en vertu de celle-ci \u00e0 une demande \u00e0 un tribunal, ne peuvent \u00eatre exerc\u00e9es qu\u2019avec l\u2019intervention du tribunal.]<\/p>\n<p>&nbsp;<\/p>\n<p>&nbsp;<\/p>\n<p>*<\/p>\n<p>* \u00a0 \u00a0 \u00a0 \u00a0 \u00a0*<\/p>\n<p>&nbsp;<\/p>\n<p style=\"text-align: center;\"><a href=\"https:\/\/www.unidroit.org\/fr\/instruments\/garanties-internationales\/protocole-aeronautique\/etat\/d-cote-divoire\/\">D\u00e9clarations d\u00e9pos\u00e9es par la R\u00e9publique de C\u00f4te d\u2019Ivoire en vertu du Protocole a\u00e9ronautique<\/a><\/p>\n<p>[\/vc_column_text][\/vc_column][\/vc_row][vc_row][vc_column][vc_empty_space height=&#8221;10px&#8221;][\/vc_column][\/vc_row]<\/p>\n<\/div>","protected":false},"excerpt":{"rendered":"<p>[vc_row][vc_column css=&#8221;.vc_custom_1490017614850{margin-bottom: 30px !important;}&#8221;][vc_custom_heading text=&#8221;D&#8221; font_container=&#8221;tag:h1|text_align:left&#8221; use_theme_fonts=&#8221;yes&#8221; css=&#8221;.vc_custom_1625938548065{margin-top: 0px !important;margin-bottom: 20px !important;}&#8221;][vc_custom_heading text=&#8221;D\u00c9CLARATION SUBS\u00c9QUENTE DEPOS\u00c9E PAR LA R\u00c9PUBLIQUE DE C\u00d4TE D\u2019IVOIRE EN VERTU DE LA CONVENTION DU CAP&#8221; font_container=&#8221;tag:h4|text_align:left&#8221; use_theme_fonts=&#8221;yes&#8221;][\/vc_column][\/vc_row][vc_row css=&#8221;.vc_custom_1622455036974{background-color: #f2f2f2 !important;}&#8221;][vc_column css=&#8221;.vc_custom_1490017614850{margin-bottom: 30px !important;}&#8221;][vc_column_text] D\u00c9CLARATIONS SUBS\u00c9QUENTES D\u00c9POS\u00c9ES PAR LA R\u00c9PUBLIQUE DE C\u00d4TE D\u2019IVOIRE&nbsp;<a href=\"https:\/\/www.unidroit.org\/fr\/instruments\/garanties-internationales\/convention-du-cap\/etats-parties\/d-cote-divoire-ct\/\">&hellip;<\/a><\/p>\n","protected":false},"author":20,"featured_media":0,"parent":6564,"menu_order":0,"comment_status":"closed","ping_status":"closed","template":"","meta":{"ep_exclude_from_search":false,"footnotes":""},"class_list":["post-32774","page","type-page","status-publish","format-standard","hentry","odd"],"_links":{"self":[{"href":"https:\/\/www.unidroit.org\/fr\/wp-json\/wp\/v2\/pages\/32774","targetHints":{"allow":["GET"]}}],"collection":[{"href":"https:\/\/www.unidroit.org\/fr\/wp-json\/wp\/v2\/pages"}],"about":[{"href":"https:\/\/www.unidroit.org\/fr\/wp-json\/wp\/v2\/types\/page"}],"author":[{"embeddable":true,"href":"https:\/\/www.unidroit.org\/fr\/wp-json\/wp\/v2\/users\/20"}],"replies":[{"embeddable":true,"href":"https:\/\/www.unidroit.org\/fr\/wp-json\/wp\/v2\/comments?post=32774"}],"version-history":[{"count":10,"href":"https:\/\/www.unidroit.org\/fr\/wp-json\/wp\/v2\/pages\/32774\/revisions"}],"predecessor-version":[{"id":32784,"href":"https:\/\/www.unidroit.org\/fr\/wp-json\/wp\/v2\/pages\/32774\/revisions\/32784"}],"up":[{"embeddable":true,"href":"https:\/\/www.unidroit.org\/fr\/wp-json\/wp\/v2\/pages\/6564"}],"wp:attachment":[{"href":"https:\/\/www.unidroit.org\/fr\/wp-json\/wp\/v2\/media?parent=32774"}],"curies":[{"name":"wp","href":"https:\/\/api.w.org\/{rel}","templated":true}]}}