{"id":33244,"date":"2021-08-05T19:14:37","date_gmt":"2021-08-05T17:14:37","guid":{"rendered":"https:\/\/www.unidroit.org\/?page_id=33244"},"modified":"2026-03-17T10:07:26","modified_gmt":"2026-03-17T09:07:26","slug":"axe-de-travail-sur-les-biens-culturels-2","status":"publish","type":"page","link":"https:\/\/www.unidroit.org\/fr\/centenaire\/axe-de-travail-sur-les-biens-culturels-2\/","title":{"rendered":"Axe de travail &#8220;Biens culturels&#8221;"},"content":{"rendered":"<div class=\"wpb-content-wrapper\"><p>[vc_row css=&#8221;.vc_custom_1773407914298{margin-bottom: 20px !important;}&#8221;][vc_column css=&#8221;.vc_custom_1773406860295{margin-top: 0px !important;margin-bottom: 0px !important;}&#8221;][vc_btn title=&#8221;ESPA\u00d1OL&#8221; style=&#8221;custom&#8221; custom_background=&#8221;#004054&#8243; custom_text=&#8221;#ffffff&#8221; shape=&#8221;square&#8221; align=&#8221;right&#8221; css=&#8221;.vc_custom_1773738550581{margin-top: 0px !important;margin-bottom: 0px !important;border-top-width: 0px !important;border-bottom-width: 0px !important;padding-top: 0px !important;padding-bottom: 0px !important;background-color: #FFFFFF !important;}&#8221; link=&#8221;url:https%3A%2F%2Fwww.unidroit.org%2Fcentenary%2Flinea-de-trabajo-sobre-bienes-culturales-sp%2F&#8221;][\/vc_column][\/vc_row][vc_row][vc_column][vc_custom_heading text=&#8221;AXE DE TRAVAIL &#8220;BIENS CULTURELS&#8220;&#8221; font_container=&#8221;tag:h1|text_align:left&#8221; use_theme_fonts=&#8221;yes&#8221; css=&#8221;.vc_custom_1771611233819{margin-top: 0px !important;margin-bottom: 20px !important;}&#8221;][vc_single_image image=&#8221;31295&#8243; img_size=&#8221;full&#8221; alignment=&#8221;center&#8221; css=&#8221;&#8221;][\/vc_column][\/vc_row][vc_row][vc_column css=&#8221;.vc_custom_1490017614850{margin-bottom: 30px !important;}&#8221;][vc_column_text css=&#8221;.vc_custom_1771849951521{padding-top: 35px !important;padding-right: 35px !important;padding-bottom: 35px !important;padding-left: 35px !important;background-color: #f2f2f2 !important;}&#8221;]<\/p>\n<p style=\"text-align: justify;\">UNIDROIT a \u00e9labor\u00e9 des instruments internationaux contraignants et non contraignants destin\u00e9s \u00e0 renforcer le cadre juridique des \u00c9tats, au moyen de r\u00e8gles uniformes minimales visant \u00e0 faciliter la restitution et le retour des biens culturels vol\u00e9s ou illicitement export\u00e9s. Ces instruments permettent non seulement de lutter efficacement contre les abus commis dans le commerce international des biens culturels, mais aussi de renforcer la s\u00e9curit\u00e9 juridique de leur circulation et de leur commerce \u00e0 l\u2019\u00e9chelle mondiale. Les instruments phares d\u2019UNIDROIT dans ce domaine sont la <a href=\"https:\/\/www.unidroit.org\/fr\/instruments\/biens-culturels\/convention-de-1995\/\">Convention d\u2019UNIDROIT sur les biens culturels vol\u00e9s ou illicitement export\u00e9s (1995)<\/a> et les <a href=\"https:\/\/www.unidroit.org\/fr\/instruments\/biens-culturels\/2012-dispositions-modeles\/\">Dispositions l\u00e9gislatives mod\u00e8les UNESCO-UNIDROIT d\u00e9finissant la propri\u00e9t\u00e9 de l\u2019\u00c9tat sur les biens culturels non d\u00e9couverts (2011)<\/a>. Les travaux dans ce domaine se poursuivent, le projet actuellement en cours \u00e9tant consacr\u00e9 aux <a href=\"https:\/\/www.unidroit.org\/fr\/travaux-en-cours\/les-collections-privees\/\">collections d\u2019art priv\u00e9es \u2013 biens culturels orphelins<\/a>.<\/p>\n<p>[\/vc_column_text][\/vc_column][\/vc_row][vc_row][vc_column][vc_tta_accordion][vc_tta_section title=&#8221;MEMBRES DU COMIT\u00c9&#8221; tab_id=&#8221;1747232733827-1d105fad-be4e&#8221;][vc_column_text css=&#8221;&#8221;]Le Comit\u00e9 est pr\u00e9sid\u00e9 par M. Manlio Frigo (Professeur honoraire \u00e0 l\u2019Universit\u00e9 de Milan et associ\u00e9 du Cabinet Bonelli Erede).<\/p>\n<p>Les membres du Comit\u00e9 sont:<\/p>\n<p>E. M. Angelo Dan (Ambassadeur, Repr\u00e9sentant permanent adjoint, Ambassade du B\u00e9nin en France)<\/p>\n<p>Keun-Gwan Lee (Membre de la Commission du droit international de l\u2019ONU et Professeur \u00e0 la Facult\u00e9 de droit de l\u2019Universit\u00e9 nationale de S\u00e9oul)<\/p>\n<p>Vincenzo Negri (Chercheur HDR \u00e0 l\u2019Institut des sciences sociales du politique (ENS Paris-Saclay))<\/p>\n<p>Marc-Andr\u00e9 Renold (Titulaire de la Chaire UNESCO de droit international pour la protection des biens culturels et Professeur honoraire \u00e0 l\u2019Universit\u00e9 de Gen\u00e8ve, Suisse)<\/p>\n<p>Mme Ana Filipa Vrdoljak (Professeure, Titulaire de la Chaire UNESCO de droit international et de patrimoine culturel, et co-coordinatrice du R\u00e9seau UNESCO-UNITWIN sur la culture en situation d\u2019urgence)<\/p>\n<p>[\/vc_column_text][vc_column_text css=&#8221;&#8221;][\/vc_column_text][\/vc_tta_section][vc_tta_section title=&#8221;R\u00c9UNIONS&#8221; tab_id=&#8221;1747232733835-aecfb1cc-fbc3&#8243;][\/vc_tta_section][\/vc_tta_accordion][\/vc_column][\/vc_row]<\/p>\n<\/div>","protected":false},"excerpt":{"rendered":"<p>[vc_row css=&#8221;.vc_custom_1773407914298{margin-bottom: 20px !important;}&#8221;][vc_column css=&#8221;.vc_custom_1773406860295{margin-top: 0px !important;margin-bottom: 0px !important;}&#8221;][vc_btn title=&#8221;ESPA\u00d1OL&#8221; style=&#8221;custom&#8221; custom_background=&#8221;#004054&#8243; custom_text=&#8221;#ffffff&#8221; shape=&#8221;square&#8221; align=&#8221;right&#8221; css=&#8221;.vc_custom_1773738550581{margin-top: 0px !important;margin-bottom: 0px !important;border-top-width: 0px !important;border-bottom-width: 0px !important;padding-top: 0px !important;padding-bottom: 0px !important;background-color: #FFFFFF !important;}&#8221; link=&#8221;url:https%3A%2F%2Fwww.unidroit.org%2Fcentenary%2Flinea-de-trabajo-sobre-bienes-culturales-sp%2F&#8221;][\/vc_column][\/vc_row][vc_row][vc_column][vc_custom_heading text=&#8221;AXE DE TRAVAIL &#8220;BIENS CULTURELS&#8220;&#8221; font_container=&#8221;tag:h1|text_align:left&#8221; use_theme_fonts=&#8221;yes&#8221; css=&#8221;.vc_custom_1771611233819{margin-top: 0px !important;margin-bottom: 20px !important;}&#8221;][vc_single_image image=&#8221;31295&#8243; img_size=&#8221;full&#8221;&nbsp;<a href=\"https:\/\/www.unidroit.org\/fr\/centenaire\/axe-de-travail-sur-les-biens-culturels-2\/\">&hellip;<\/a><\/p>\n","protected":false},"author":36,"featured_media":0,"parent":33505,"menu_order":0,"comment_status":"closed","ping_status":"closed","template":"","meta":{"ep_exclude_from_search":false,"footnotes":""},"class_list":["post-33244","page","type-page","status-publish","format-standard","hentry","odd"],"_links":{"self":[{"href":"https:\/\/www.unidroit.org\/fr\/wp-json\/wp\/v2\/pages\/33244","targetHints":{"allow":["GET"]}}],"collection":[{"href":"https:\/\/www.unidroit.org\/fr\/wp-json\/wp\/v2\/pages"}],"about":[{"href":"https:\/\/www.unidroit.org\/fr\/wp-json\/wp\/v2\/types\/page"}],"author":[{"embeddable":true,"href":"https:\/\/www.unidroit.org\/fr\/wp-json\/wp\/v2\/users\/36"}],"replies":[{"embeddable":true,"href":"https:\/\/www.unidroit.org\/fr\/wp-json\/wp\/v2\/comments?post=33244"}],"version-history":[{"count":11,"href":"https:\/\/www.unidroit.org\/fr\/wp-json\/wp\/v2\/pages\/33244\/revisions"}],"predecessor-version":[{"id":39283,"href":"https:\/\/www.unidroit.org\/fr\/wp-json\/wp\/v2\/pages\/33244\/revisions\/39283"}],"up":[{"embeddable":true,"href":"https:\/\/www.unidroit.org\/fr\/wp-json\/wp\/v2\/pages\/33505"}],"wp:attachment":[{"href":"https:\/\/www.unidroit.org\/fr\/wp-json\/wp\/v2\/media?parent=33244"}],"curies":[{"name":"wp","href":"https:\/\/api.w.org\/{rel}","templated":true}]}}